{"id":3256,"date":"2024-06-05T16:26:15","date_gmt":"2024-06-05T20:26:15","guid":{"rendered":"https:\/\/amicacenter.org\/fondos-asesorados-por-donantes\/"},"modified":"2024-07-03T14:15:25","modified_gmt":"2024-07-03T18:15:25","slug":"fondos-asesorados-por-donantes","status":"publish","type":"page","link":"https:\/\/amicacenter.org\/es\/fondos-asesorados-por-donantes\/","title":{"rendered":"Fondos designados por el donante"},"content":{"rendered":"<section class=\"section--form grid-half md:min-h-screen bg-image\" \n      style=\"--background-image: url('https:\/\/amicacenter.org\/app\/uploads\/2024\/05\/HeroForm.png;')\"\n    data-background=\"https:\/\/amicacenter.org\/app\/uploads\/2024\/05\/HeroForm.png\"\n    id=\"fondos-designados-por-el-donante\"\n  aria-label=\"Fondos designados por el donante\" \n>\n  <div class=\"form--copy\">\n    <div class=\"self-center\">\n      <div data-repeater=\"false\" class=\"partial-copy flex flex-col flex-1 text-left space-y-inner\">\n  <div class=\"copy--headline break-words space-y-inner\">\n              <p class=\"display display-1 mb-0\" class=\"mb-0\">\n    Fondos designados por el donante\n  <\/p>          <\/div>\n  <div class=\"copy--body space-y-min\">\n          <p class=\"subhead subhead-2 mb-0\" class=\"mb-0\">\n    Aceptamos subvenciones a trav\u00e9s de fondos designados por donantes (donor advised funds, DAF).\n  <\/p>                  <div class=\"partial-copy--lead-copy\">\n                  <div class=\"partial-copy--copy body-1\"><p>Puede recomendar un aporte \u00fanico o recurrente a trav\u00e9s de su DAF. Si su patrocinador es Fidelity, Schwab o BNY Mellon, use el formulario de la derecha para recomendar un aporte \u00fanico o recurrente. De lo contrario, comun\u00edquese con el administrador del fondo para hacer una recomendaci\u00f3n.<\/p>\n<\/div>\n              <\/div>\n      <\/div>\n<\/div>    <\/div>\n  <\/div>\n  <div class=\"form--form\">\n    <div class=\"self-center !h-auto p-half xxl:p-full card\">\n              <script type='text\/javascript' src='https:\/\/static.everyaction.com\/ea-actiontag\/at.js' crossorigin='anonymous'><\/script>\n\n                      <div class=\"daf-container\">\n          <script type=\"text\/javascript\">_dafdirect_settings=\"522141497_2111_8c5b6d6b-7dc3-4f85-b5bb-b2dcf5d89404\"<\/script>\n          <script type=\"text\/javascript\" src=\"https:\/\/www.dafdirect.org\/ddirect\/dafdirect4.js\"><\/script>\n        <\/div>\n                <\/div>\n  <\/div>\n<\/section>\n","protected":false},"excerpt":{"rendered":"","protected":false},"author":10,"featured_media":0,"parent":0,"menu_order":0,"comment_status":"closed","ping_status":"closed","template":"","meta":{"_acf_changed":false,"inline_featured_image":false,"footnotes":""},"class_list":["post-3256","page","type-page","status-publish","hentry","bg-white -mt-px py-full"],"acf":[],"_links":{"self":[{"href":"https:\/\/amicacenter.org\/es\/wp-json\/wp\/v2\/pages\/3256","targetHints":{"allow":["GET"]}}],"collection":[{"href":"https:\/\/amicacenter.org\/es\/wp-json\/wp\/v2\/pages"}],"about":[{"href":"https:\/\/amicacenter.org\/es\/wp-json\/wp\/v2\/types\/page"}],"author":[{"embeddable":true,"href":"https:\/\/amicacenter.org\/es\/wp-json\/wp\/v2\/users\/10"}],"replies":[{"embeddable":true,"href":"https:\/\/amicacenter.org\/es\/wp-json\/wp\/v2\/comments?post=3256"}],"version-history":[{"count":3,"href":"https:\/\/amicacenter.org\/es\/wp-json\/wp\/v2\/pages\/3256\/revisions"}],"predecessor-version":[{"id":3895,"href":"https:\/\/amicacenter.org\/es\/wp-json\/wp\/v2\/pages\/3256\/revisions\/3895"}],"wp:attachment":[{"href":"https:\/\/amicacenter.org\/es\/wp-json\/wp\/v2\/media?parent=3256"}],"curies":[{"name":"wp","href":"https:\/\/api.w.org\/{rel}","templated":true}]}}