{"id":3258,"date":"2024-05-21T22:53:32","date_gmt":"2024-05-22T02:53:32","guid":{"rendered":"https:\/\/amicacenter.org\/eventos\/"},"modified":"2024-07-11T19:05:31","modified_gmt":"2024-07-11T23:05:31","slug":"eventos","status":"publish","type":"page","link":"https:\/\/amicacenter.org\/es\/unete-a-la-lucha\/eventos\/","title":{"rendered":"Eventos"},"content":{"rendered":"<section data-block=\"true\" class=\"section--hero section--hero-folder bg-white p-0\"\n  id=\"eventos\"\n  aria-label=\"Eventos\" \n  >\n       \n      <div \n        class=\"bg-image aspect-hero bg-cover flex justify-end items-end\"\n        style=\"--background-image: url('https:\/\/amicacenter.org\/app\/uploads\/2024\/06\/Hero.webp')\"\n      >\n              <\/div>\n        <div class=\"bg-white self-end\">\n      <aside>\n<div class=\"partial--folder-tab z-higher-content relative !max-w-none text-var-background border-var-background no-border -mt-[var(--tab-height)] !pt-0\" aria-hidden=\"true\">\n  <svg class=\"hidden text-inherit lg:flex -mb-px\" width=\"187\" height=\"25\" viewBox=\"0 0 187 25\" fill=\"none\" xmlns=\"http:\/\/www.w3.org\/2000\/svg\">\n    <path d=\"M174.305 0H0V24.211H186.312L182.003 6.07219C181.158 2.51308 177.972 0 174.305 0Z\" fill=\"currentColor\"\/>\n  <\/svg>\n\n  <svg class=\"hidden text-inherit md:flex lg:hidden -mb-px\" width=\"139\" height=\"21\" viewBox=\"0 0 139 21\" fill=\"none\" xmlns=\"http:\/\/www.w3.org\/2000\/svg\">\n    <path d=\"M126.305 0H0V20.211H138.312L134.003 6.07219C133.158 2.51308 129.972 0 126.305 0Z\" fill=\"currentColor\"\/>\n  <\/svg>\n\n  <svg class=\"flex text-inherit md:hidden -mb-px\" width=\"80\" height=\"15\" viewBox=\"0 0 80 15\" fill=\"none\" xmlns=\"http:\/\/www.w3.org\/2000\/svg\">\n    <path d=\"M75.7219 4.00863C74.8769 1.60689 72.6081 0 70.062 0H0V14.211H79.3115L75.7219 4.00863Z\" fill=\"currentColor\"\/>\n  <\/svg>\n<\/div>\n<\/aside>\n      <div class=\"grid-container\">\n        <div data-repeater=\"false\" class=\"partial-copy flex flex-col flex-1 text-folder space-y-inner py-full grid-narrow-left\">\n  <div class=\"copy--headline break-words space-y-inner\">\n              <h1 class=\"display display-super mb-0\" class=\"mb-0\">\n    Eventos\n  <\/h1>          <\/div>\n  <div class=\"copy--body space-y-min\">\n          <p class=\"subhead subhead-2 mb-0\" class=\"mb-0\">\n    Explora nuestra lista de pr\u00f3ximas actividades y formaciones. RSVP abajo para guardar tu sitio. \u00a1Estamos deseando verte en la pr\u00f3xima!\n  <\/p>              <\/div>\n<\/div>      <\/div>\n    <\/div>\n  <\/section>\n<section class=\"section--image-card-repeater bg-bedrock\"\n  id=\"proximamente\"\n  aria-label=\"Pr\u00f3ximamente\"\n>\n  <div class=\"fluid-container grid-12 col-span-full row-span-full z-content partials--one-column\">\n  <div class=\"col-narrow\">\n    <div data-repeater=\"false\" class=\"partial-copy flex flex-col flex-1 mb-half text-center space-y-inner pb-0\">\n  <div class=\"copy--headline break-words space-y-inner\">\n              <h2 class=\"display display-2 mb-0\" class=\"mb-0\">\n    Pr\u00f3ximamente\n  <\/h2>          <\/div>\n<\/div>  <\/div>\n<\/div>  <div class=\"fluid-container\">\n    <ul class=\"grid list-none ml-0 pt-half gap-wide lg:auto-cols-fr lg:grid-flow-col grid-12\">\n                      <li class=\"col-span-full lg:col-narrow  aspect-8\/5\">\n\n          <div class=\"component--card justify-end\" class=\"justify-end\">\n\n      <a href=\"https:\/\/amicacenter.org\/join-the-fight\/events\/anniversary-bash\/\" target=\"_blank\" aria-label=\"Fiesta del 25 aniversario\"\n      class=\"card group card-image lg:flex-row\"\n    >\n          <div class=\"component--card-image lg:order-2 aspect-64\/37 lg:w-1\/2\">\n                <img loading=\"lazy\" decoding=\"async\" width=\"800\" height=\"800\" src=\"https:\/\/amicacenter.org\/app\/uploads\/2024\/06\/GeneralEvent01.webp\" class=\"w-full h-full object-cover transition duration-[0.420s] lg:group-hover:scale-[1.0420] lg:group-focus:scale-[1.0420]\" alt=\"\" srcset=\"https:\/\/amicacenter.org\/app\/uploads\/2024\/06\/GeneralEvent01.webp 800w, https:\/\/amicacenter.org\/app\/uploads\/2024\/06\/GeneralEvent01-600x600.webp 600w, https:\/\/amicacenter.org\/app\/uploads\/2024\/06\/GeneralEvent01-200x200.webp 200w, https:\/\/amicacenter.org\/app\/uploads\/2024\/06\/GeneralEvent01-768x768.webp 768w\" sizes=\"auto, (max-width: 800px) 100vw, 800px\" \/>      <\/div>\n            <div data-repeater=\"false\" class=\"partial-copy flex flex-col flex-1 text-stretch space-y-inner in-card component--card-copy z-content p-half  lg:order-1 lg:w-1\/2 is-solo\">\n  <div class=\"copy--headline break-words space-y-inner\">\n          <p class=\"eyebrow mb-0\" class=\"mb-0\">\n    26 de septiembre de 2024\n  <\/p>                  <h3 class=\"subhead subhead-1 mb-0\" class=\"mb-0\">\n    Fiesta del 25 aniversario\n  <\/h3>      <\/div>\n  <div class=\"copy--body space-y-min\">\n                  <div class=\"partial-copy--lead-copy\">\n                  <div class=\"partial-copy--copy body-2\"><p>Amica Center celebra 25 a\u00f1os de defensa mutua con una Fiesta de Aniversario el 26 de septiembre.<\/p>\n<\/div>\n              <\/div>\n      <\/div>\n  <p class=\"partial-copy--cta\">\n    <span class=\"button\" href=\"https:\/\/amicacenter.org\/join-the-fight\/events\/anniversary-bash\/\" target=\"\" href=\"https:\/\/amicacenter.org\/join-the-fight\/events\/anniversary-bash\/\" target=\"\">\n    Ver detalles del evento\n  <\/span>  <\/p>\n<\/div>\n\n      <\/a>\n  <\/div>        <\/li>\n          <\/ul>\n  <\/div>\n<\/section>\n<section class=\"section--list-repeater bg-white\"\n  id=\"mas-formas-de-trabajar-juntos\"\n  aria-label=\"M\u00e1s formas de trabajar juntos\"\n>\n  <div data-repeater=\"false\" class=\"partial-copy flex flex-col flex-1 mb-full text-left space-y-inner fluid-container\">\n  <div class=\"copy--headline break-words space-y-inner\">\n              <h2 class=\"display display-1 mb-0\" class=\"mb-0\">\n    M\u00e1s formas de trabajar juntos\n  <\/h2>          <\/div>\n<\/div>  <div class=\"fluid-container\">\n    <ul class=\"list-repeater--list flex flex-col gap-full list-none ml-0\">\n                      <li class=\"grid lg:grid-12 gap-y-inner gap-x-full\">\n          <div class=\"foldertab z-higher-content relative h-min col-span-full lg:col-span-3 border-b-[6px]\n                      text-var-text border-var-text\n          \">\n            <svg class=\"hidden text-inherit lg:flex -mb-px\" width=\"58\" height=\"14\" viewBox=\"0 0 58 14\" fill=\"none\" xmlns=\"http:\/\/www.w3.org\/2000\/svg\">\n              <path d=\"M54.3855 3.96646C53.5281 1.58654 51.2702 0 48.7406 0H0V14H58L54.3855 3.96646Z\" fill=\"currentColor\"\/>\n            <\/svg>\n\n            <svg class=\"hidden text-inherit md:flex lg:hidden -mb-px\" width=\"80\" height=\"14\" viewBox=\"0 0 80 14\"  fill=\"none\" xmlns=\"http:\/\/www.w3.org\/2000\/svg\">\n              <path d=\"M76.3855 3.96646C75.5281 1.58654 73.2702 0 70.7406 0H0V14H80L76.3855 3.96646Z\" fill=\"currentColor\"\/>\n            <\/svg>\n\n            <svg class=\"flex text-inherit md:hidden -mb-px\" width=\"88\" height=\"16\" viewBox=\"0 0 88 16\" fill=\"none\" xmlns=\"http:\/\/www.w3.org\/2000\/svg\">\n              <path d=\"M78.334 0H0V16H88L84.5314 4.01284C83.8509 1.66078 81.2861 0 78.334 0Z\" fill=\"currentColor\"\/>\n            <\/svg>\n          <\/div>\n\n          <div data-repeater=\"false\" class=\"partial-copy flex flex-col flex-1 text-left space-y-inner col-span-full lg:col-span-9\">\n  <div class=\"copy--headline break-words space-y-inner\">\n              <p class=\"display display-3 mb-0\" class=\"mb-0\">\n    Voluntario\n  <\/p>          <\/div>\n  <div class=\"copy--body space-y-min\">\n                  <div class=\"partial-copy--lead-copy\">\n                  <div class=\"partial-copy--copy body-1\"><p>Ayuda a apoyar a los clientes, traduce documentos judiciales importantes, participa en la defensa y mucho m\u00e1s. Hay muchas formas de tener un impacto real como voluntario.<\/p>\n<\/div>\n              <\/div>\n      <\/div>\n  <p class=\"partial-copy--cta\">\n    <a class=\"button-link button-icon\" href=\"https:\/\/amicacenter.org\/es\/unete-a-la-lucha\/voluntario\/\" target=\"\" href=\"https:\/\/amicacenter.org\/es\/unete-a-la-lucha\/voluntario\/\" target=\"\">\n      <span class=\"text\">\n    Ver oportunidades de voluntariado\n          <\/span>\n        <span class=\"img\">\n      <svg width=\"24\" height=\"24\" viewBox=\"0 0 24 24\" fill=\"none\" aria-label=\"right\"\n  xmlns=\"http:\/\/www.w3.org\/2000\/svg\">\n  <path d=\"M16.3152 16.668C15.9247 17.0585 15.9247 17.6917 16.3152 18.0822C16.7058 18.4728 17.3389 18.4728 17.7294 18.0822L22.395 13.4166C23.1761 12.6356 23.1761 11.3692 22.395 10.5882L17.7266 5.91978C17.3361 5.52926 16.7029 5.52926 16.3124 5.91978C15.9219 6.31031 15.9219 6.94347 16.3124 7.334L19.9784 11L1.99997 11C1.44769 11 0.999973 11.4477 0.999973 12C0.999973 12.5523 1.44769 13 1.99997 13L19.9832 13L16.3152 16.668Z\" fill=\"currentColor\"\/>\n<\/svg>    <\/span>\n  <\/a>  <\/p>\n<\/div>        <\/li>\n                      <li class=\"grid lg:grid-12 gap-y-inner gap-x-full\">\n          <div class=\"foldertab z-higher-content relative h-min col-span-full lg:col-span-3 border-b-[6px]\n                      text-var-text border-var-text\n          \">\n            <svg class=\"hidden text-inherit lg:flex -mb-px\" width=\"58\" height=\"14\" viewBox=\"0 0 58 14\" fill=\"none\" xmlns=\"http:\/\/www.w3.org\/2000\/svg\">\n              <path d=\"M54.3855 3.96646C53.5281 1.58654 51.2702 0 48.7406 0H0V14H58L54.3855 3.96646Z\" fill=\"currentColor\"\/>\n            <\/svg>\n\n            <svg class=\"hidden text-inherit md:flex lg:hidden -mb-px\" width=\"80\" height=\"14\" viewBox=\"0 0 80 14\"  fill=\"none\" xmlns=\"http:\/\/www.w3.org\/2000\/svg\">\n              <path d=\"M76.3855 3.96646C75.5281 1.58654 73.2702 0 70.7406 0H0V14H80L76.3855 3.96646Z\" fill=\"currentColor\"\/>\n            <\/svg>\n\n            <svg class=\"flex text-inherit md:hidden -mb-px\" width=\"88\" height=\"16\" viewBox=\"0 0 88 16\" fill=\"none\" xmlns=\"http:\/\/www.w3.org\/2000\/svg\">\n              <path d=\"M78.334 0H0V16H88L84.5314 4.01284C83.8509 1.66078 81.2861 0 78.334 0Z\" fill=\"currentColor\"\/>\n            <\/svg>\n          <\/div>\n\n          <div data-repeater=\"false\" class=\"partial-copy flex flex-col flex-1 text-left space-y-inner col-span-full lg:col-span-9\">\n  <div class=\"copy--headline break-words space-y-inner\">\n              <p class=\"display display-3 mb-0\" class=\"mb-0\">\n    Formas de dar\n  <\/p>          <\/div>\n  <div class=\"copy--body space-y-min\">\n                  <div class=\"partial-copy--lead-copy\">\n                  <div class=\"partial-copy--copy body-1\"><p>Tus aportaciones hacen posible nuestro trabajo. Encuentra el m\u00e9todo de donaci\u00f3n que m\u00e1s te convenga.<\/p>\n<\/div>\n              <\/div>\n      <\/div>\n  <p class=\"partial-copy--cta\">\n    <a class=\"button-link button-icon\" href=\"https:\/\/amicacenter.org\/es\/unete-a-la-lucha\/formas-de-dar\/\" target=\"\" href=\"https:\/\/amicacenter.org\/es\/unete-a-la-lucha\/formas-de-dar\/\" target=\"\">\n      <span class=\"text\">\n    Ver formas de donar\n          <\/span>\n        <span class=\"img\">\n      <svg width=\"24\" height=\"24\" viewBox=\"0 0 24 24\" fill=\"none\" aria-label=\"right\"\n  xmlns=\"http:\/\/www.w3.org\/2000\/svg\">\n  <path d=\"M16.3152 16.668C15.9247 17.0585 15.9247 17.6917 16.3152 18.0822C16.7058 18.4728 17.3389 18.4728 17.7294 18.0822L22.395 13.4166C23.1761 12.6356 23.1761 11.3692 22.395 10.5882L17.7266 5.91978C17.3361 5.52926 16.7029 5.52926 16.3124 5.91978C15.9219 6.31031 15.9219 6.94347 16.3124 7.334L19.9784 11L1.99997 11C1.44769 11 0.999973 11.4477 0.999973 12C0.999973 12.5523 1.44769 13 1.99997 13L19.9832 13L16.3152 16.668Z\" fill=\"currentColor\"\/>\n<\/svg>    <\/span>\n  <\/a>  <\/p>\n<\/div>        <\/li>\n                      <li class=\"grid lg:grid-12 gap-y-inner gap-x-full\">\n          <div class=\"foldertab z-higher-content relative h-min col-span-full lg:col-span-3 border-b-[6px]\n                      text-var-text border-var-text\n          \">\n            <svg class=\"hidden text-inherit lg:flex -mb-px\" width=\"58\" height=\"14\" viewBox=\"0 0 58 14\" fill=\"none\" xmlns=\"http:\/\/www.w3.org\/2000\/svg\">\n              <path d=\"M54.3855 3.96646C53.5281 1.58654 51.2702 0 48.7406 0H0V14H58L54.3855 3.96646Z\" fill=\"currentColor\"\/>\n            <\/svg>\n\n            <svg class=\"hidden text-inherit md:flex lg:hidden -mb-px\" width=\"80\" height=\"14\" viewBox=\"0 0 80 14\"  fill=\"none\" xmlns=\"http:\/\/www.w3.org\/2000\/svg\">\n              <path d=\"M76.3855 3.96646C75.5281 1.58654 73.2702 0 70.7406 0H0V14H80L76.3855 3.96646Z\" fill=\"currentColor\"\/>\n            <\/svg>\n\n            <svg class=\"flex text-inherit md:hidden -mb-px\" width=\"88\" height=\"16\" viewBox=\"0 0 88 16\" fill=\"none\" xmlns=\"http:\/\/www.w3.org\/2000\/svg\">\n              <path d=\"M78.334 0H0V16H88L84.5314 4.01284C83.8509 1.66078 81.2861 0 78.334 0Z\" fill=\"currentColor\"\/>\n            <\/svg>\n          <\/div>\n\n          <div data-repeater=\"false\" class=\"partial-copy flex flex-col flex-1 text-left space-y-inner col-span-full lg:col-span-9\">\n  <div class=\"copy--headline break-words space-y-inner\">\n              <p class=\"display display-3 mb-0\" class=\"mb-0\">\n    Hazte socio pro bono\n  <\/p>          <\/div>\n  <div class=\"copy--body space-y-min\">\n                  <div class=\"partial-copy--lead-copy\">\n                  <div class=\"partial-copy--copy body-1\"><p>\u00danete a bufetes de abogados, departamentos jur\u00eddicos de empresas y cl\u00ednicas de facultades de derecho que prestan servicios jur\u00eddicos gratuitos a personas detenidas y en riesgo de deportaci\u00f3n.<\/p>\n<\/div>\n              <\/div>\n      <\/div>\n  <p class=\"partial-copy--cta\">\n    <a class=\"button-link button-icon\" href=\"https:\/\/amicacenter.org\/es\/unete-a-la-lucha\/hazte-socio-pro-bono\/\" target=\"\" href=\"https:\/\/amicacenter.org\/es\/unete-a-la-lucha\/hazte-socio-pro-bono\/\" target=\"\">\n      <span class=\"text\">\n    Ver programa pro bono\n          <\/span>\n        <span class=\"img\">\n      <svg width=\"24\" height=\"24\" viewBox=\"0 0 24 24\" fill=\"none\" aria-label=\"right\"\n  xmlns=\"http:\/\/www.w3.org\/2000\/svg\">\n  <path d=\"M16.3152 16.668C15.9247 17.0585 15.9247 17.6917 16.3152 18.0822C16.7058 18.4728 17.3389 18.4728 17.7294 18.0822L22.395 13.4166C23.1761 12.6356 23.1761 11.3692 22.395 10.5882L17.7266 5.91978C17.3361 5.52926 16.7029 5.52926 16.3124 5.91978C15.9219 6.31031 15.9219 6.94347 16.3124 7.334L19.9784 11L1.99997 11C1.44769 11 0.999973 11.4477 0.999973 12C0.999973 12.5523 1.44769 13 1.99997 13L19.9832 13L16.3152 16.668Z\" fill=\"currentColor\"\/>\n<\/svg>    <\/span>\n  <\/a>  <\/p>\n<\/div>        <\/li>\n          <\/ul>\n  <\/div>\n<\/section>\n<section class=\"section--form grid-half md:min-h-screen bg-golden\" \n    id=\"unete-a-nuestra-lista-de-correo-electronico\"\n  aria-label=\"\u00danete a nuestra lista de correo electr\u00f3nico\" \n>\n  <div class=\"form--copy\">\n    <div class=\"self-center\">\n      <div data-repeater=\"false\" class=\"partial-copy flex flex-col flex-1 text-left space-y-inner\">\n  <div class=\"copy--headline break-words space-y-inner\">\n              <p class=\"display display-1 mb-0\" class=\"mb-0\">\n    \u00danete a nuestra lista de correo electr\u00f3nico\n  <\/p>          <\/div>\n  <div class=\"copy--body space-y-min\">\n          <p class=\"subhead subhead-2 mb-0\" class=\"mb-0\">\n    Esto es s\u00f3lo el principio.\n  <\/p>                  <div class=\"partial-copy--lead-copy\">\n                  <div class=\"partial-copy--copy body-1\"><p>S\u00e9 el primero en enterarte de las alertas de acci\u00f3n, oportunidades de voluntariado, actualizaciones jur\u00eddicas y mucho m\u00e1s en el movimiento para crear un sistema de inmigraci\u00f3n m\u00e1s humano y justo.<\/p>\n<\/div>\n              <\/div>\n      <\/div>\n<\/div>    <\/div>\n  <\/div>\n  <div class=\"form--form\">\n    <div class=\"self-center !h-auto p-half xxl:p-full card\">\n              <script type='text\/javascript' src='https:\/\/static.everyaction.com\/ea-actiontag\/at.js' crossorigin='anonymous'><\/script>\n\n        <div class=\"ngp-form\" data-form-url=\"https:\/\/secure.everyaction.com\/v1\/Forms\/i2sjsf8j30ClmeOPovhVRA2\"\n    data-fastaction-endpoint=\"https:\/\/fastaction.ngpvan.com\" data-inline-errors=\"true\" data-fastaction-nologin=\"true\"\n    data-databag-endpoint=\"https:\/\/profile.ngpvan.com\" data-databag=\"everybody\" data-mobile-autofocus=\"false\">\n<\/div>\n                <\/div>\n  <\/div>\n<\/section>\n","protected":false},"excerpt":{"rendered":"","protected":false},"author":10,"featured_media":0,"parent":3283,"menu_order":0,"comment_status":"closed","ping_status":"closed","template":"","meta":{"_acf_changed":false,"inline_featured_image":false,"footnotes":""},"class_list":["post-3258","page","type-page","status-publish","hentry","bg-white -mt-px py-full"],"acf":[],"_links":{"self":[{"href":"https:\/\/amicacenter.org\/es\/wp-json\/wp\/v2\/pages\/3258","targetHints":{"allow":["GET"]}}],"collection":[{"href":"https:\/\/amicacenter.org\/es\/wp-json\/wp\/v2\/pages"}],"about":[{"href":"https:\/\/amicacenter.org\/es\/wp-json\/wp\/v2\/types\/page"}],"author":[{"embeddable":true,"href":"https:\/\/amicacenter.org\/es\/wp-json\/wp\/v2\/users\/10"}],"replies":[{"embeddable":true,"href":"https:\/\/amicacenter.org\/es\/wp-json\/wp\/v2\/comments?post=3258"}],"version-history":[{"count":5,"href":"https:\/\/amicacenter.org\/es\/wp-json\/wp\/v2\/pages\/3258\/revisions"}],"predecessor-version":[{"id":4509,"href":"https:\/\/amicacenter.org\/es\/wp-json\/wp\/v2\/pages\/3258\/revisions\/4509"}],"up":[{"embeddable":true,"href":"https:\/\/amicacenter.org\/es\/wp-json\/wp\/v2\/pages\/3283"}],"wp:attachment":[{"href":"https:\/\/amicacenter.org\/es\/wp-json\/wp\/v2\/media?parent=3258"}],"curies":[{"name":"wp","href":"https:\/\/api.w.org\/{rel}","templated":true}]}}