{"id":3283,"date":"2024-05-02T23:22:57","date_gmt":"2024-05-03T03:22:57","guid":{"rendered":"https:\/\/amicacenter.org\/unete-a-la-lucha\/"},"modified":"2024-07-11T19:10:15","modified_gmt":"2024-07-11T23:10:15","slug":"unete-a-la-lucha","status":"publish","type":"page","link":"https:\/\/amicacenter.org\/es\/unete-a-la-lucha\/","title":{"rendered":"\u00danete a la lucha"},"content":{"rendered":"<section data-block=\"true\" class=\"section--hero section--hero-folder bg-white p-0\"\n  id=\"unete-a-la-lucha\"\n  aria-label=\"\u00danete a la lucha\" \n  >\n       \n      <div \n        class=\"bg-image aspect-hero bg-cover flex justify-end items-end\"\n        style=\"--background-image: url('https:\/\/amicacenter.org\/app\/uploads\/2024\/06\/JoinTheFight_Hero.webp')\"\n      >\n              <\/div>\n        <div class=\"bg-white self-end\">\n      <aside>\n<div class=\"partial--folder-tab z-higher-content relative !max-w-none text-var-background border-var-background no-border -mt-[var(--tab-height)] !pt-0\" aria-hidden=\"true\">\n  <svg class=\"hidden text-inherit lg:flex -mb-px\" width=\"187\" height=\"25\" viewBox=\"0 0 187 25\" fill=\"none\" xmlns=\"http:\/\/www.w3.org\/2000\/svg\">\n    <path d=\"M174.305 0H0V24.211H186.312L182.003 6.07219C181.158 2.51308 177.972 0 174.305 0Z\" fill=\"currentColor\"\/>\n  <\/svg>\n\n  <svg class=\"hidden text-inherit md:flex lg:hidden -mb-px\" width=\"139\" height=\"21\" viewBox=\"0 0 139 21\" fill=\"none\" xmlns=\"http:\/\/www.w3.org\/2000\/svg\">\n    <path d=\"M126.305 0H0V20.211H138.312L134.003 6.07219C133.158 2.51308 129.972 0 126.305 0Z\" fill=\"currentColor\"\/>\n  <\/svg>\n\n  <svg class=\"flex text-inherit md:hidden -mb-px\" width=\"80\" height=\"15\" viewBox=\"0 0 80 15\" fill=\"none\" xmlns=\"http:\/\/www.w3.org\/2000\/svg\">\n    <path d=\"M75.7219 4.00863C74.8769 1.60689 72.6081 0 70.062 0H0V14.211H79.3115L75.7219 4.00863Z\" fill=\"currentColor\"\/>\n  <\/svg>\n<\/div>\n<\/aside>\n      <div class=\"grid-container\">\n        <div data-repeater=\"false\" class=\"partial-copy flex flex-col flex-1 text-folder space-y-inner py-full grid-narrow-left\">\n  <div class=\"copy--headline break-words space-y-inner\">\n              <h1 class=\"display display-super mb-0\" class=\"mb-0\">\n    \u00danete a la lucha\n  <\/h1>          <\/div>\n  <div class=\"copy--body space-y-min\">\n          <p class=\"subhead subhead-2 mb-0\" class=\"mb-0\">\n    Explora las formas en que puedes ayudar a que todos los ni\u00f1os y adultos inmigrantes tengan a alguien a su lado.\n  <\/p>              <\/div>\n<\/div>      <\/div>\n    <\/div>\n  <\/section>\n<section class=\"section--two-column grid-half bg-white\"\n  aria-label=\"Hazte socio pro bono\" \n  id=\"hazte-socio-pro-bono\"\n>\n  <div class=\"\">\n                  <div class=\"h-full\">\n          <figure>\n    <img loading=\"lazy\" decoding=\"async\" width=\"800\" height=\"800\" src=\"https:\/\/amicacenter.org\/app\/uploads\/2024\/06\/JoinTheFight_RollUpYourSleeves.jpg\" class=\"w-full rounded-image aspect-square\" alt=\"\" srcset=\"https:\/\/amicacenter.org\/app\/uploads\/2024\/06\/JoinTheFight_RollUpYourSleeves.jpg 800w, https:\/\/amicacenter.org\/app\/uploads\/2024\/06\/JoinTheFight_RollUpYourSleeves-600x600.jpg 600w, https:\/\/amicacenter.org\/app\/uploads\/2024\/06\/JoinTheFight_RollUpYourSleeves-200x200.jpg 200w, https:\/\/amicacenter.org\/app\/uploads\/2024\/06\/JoinTheFight_RollUpYourSleeves-768x768.jpg 768w\" sizes=\"auto, (max-width: 800px) 100vw, 800px\" \/>  <\/figure>        <\/div>\n            <\/div>\n  <div class=\"mobile-first\">\n          <div class=\"self-center\"><div data-repeater=\"false\" class=\"partial-copy flex flex-col flex-1 text-right space-y-inner\">\n  <div class=\"copy--headline break-words space-y-inner\">\n              <h2 class=\"display display-2 mb-0\" class=\"mb-0\">\n    Hazte socio pro bono\n  <\/h2>          <\/div>\n  <div class=\"copy--body space-y-min\">\n          <p class=\"subhead subhead-2 mb-0\" class=\"mb-0\">\n    Defender a los ni\u00f1os y adultos inmigrantes.\n  <\/p>                  <div class=\"partial-copy--lead-copy\">\n                  <div class=\"partial-copy--copy body-1\"><p>\u00danete a bufetes de abogados, departamentos jur\u00eddicos de empresas y cl\u00ednicas de facultades de derecho que prestan servicios jur\u00eddicos gratuitos a personas detenidas y en riesgo de deportaci\u00f3n.<\/p>\n<\/div>\n              <\/div>\n      <\/div>\n  <p class=\"partial-copy--cta\">\n    <a class=\"button\" href=\"https:\/\/amicacenter.org\/es\/unete-a-la-lucha\/hazte-socio-pro-bono\/\" target=\"\" href=\"https:\/\/amicacenter.org\/es\/unete-a-la-lucha\/hazte-socio-pro-bono\/\" target=\"\">\n    Ver programa pro bono\n  <\/a>  <\/p>\n<\/div><\/div>\n      <\/div><\/section>\n<section class=\"section--two-column grid-half bg-white\"\n  aria-label=\"Rem\u00e1ngate\" \n  id=\"remangate\"\n>\n  <div class=\"mobile-first\">\n          <div class=\"self-center\"><div data-repeater=\"false\" class=\"partial-copy flex flex-col flex-1 text-left space-y-inner\">\n  <div class=\"copy--headline break-words space-y-inner\">\n              <h2 class=\"display display-2 mb-0\" class=\"mb-0\">\n    Rem\u00e1ngate\n  <\/h2>          <\/div>\n  <div class=\"copy--body space-y-min\">\n          <p class=\"subhead subhead-2 mb-0\" class=\"mb-0\">\n    \u00bfTe apasionan los derechos de los inmigrantes?\n  <\/p>                  <div class=\"partial-copy--lead-copy\">\n                  <div class=\"partial-copy--copy body-1\"><p>Nuestros voluntarios son vitales para nuestro trabajo, ya que a veces act\u00faan como uno de los primeros puntos de contacto entre el Centro Amica y las personas detenidas. Una vez que te inscribes, te damos la formaci\u00f3n y el apoyo que necesitas para tener un impacto real.  <\/p>\n<\/div>\n              <\/div>\n      <\/div>\n  <p class=\"partial-copy--cta\">\n    <a class=\"button\" href=\"https:\/\/amicacenter.org\/es\/unete-a-la-lucha\/voluntario\/\" target=\"\" href=\"https:\/\/amicacenter.org\/es\/unete-a-la-lucha\/voluntario\/\" target=\"\">\n    Ver oportunidades de voluntariado\n  <\/a>  <\/p>\n<\/div><\/div>\n      <\/div>\n  <div class=\"\">\n                  <div class=\"h-full\">\n          <figure>\n    <img loading=\"lazy\" decoding=\"async\" width=\"800\" height=\"800\" src=\"https:\/\/amicacenter.org\/app\/uploads\/2024\/06\/JoinTheFight_BecomeAProBonoPartner-1.jpg\" class=\"w-full rounded-image aspect-square\" alt=\"\" srcset=\"https:\/\/amicacenter.org\/app\/uploads\/2024\/06\/JoinTheFight_BecomeAProBonoPartner-1.jpg 800w, https:\/\/amicacenter.org\/app\/uploads\/2024\/06\/JoinTheFight_BecomeAProBonoPartner-1-600x600.jpg 600w, https:\/\/amicacenter.org\/app\/uploads\/2024\/06\/JoinTheFight_BecomeAProBonoPartner-1-200x200.jpg 200w, https:\/\/amicacenter.org\/app\/uploads\/2024\/06\/JoinTheFight_BecomeAProBonoPartner-1-768x768.jpg 768w\" sizes=\"auto, (max-width: 800px) 100vw, 800px\" \/>  <\/figure>        <\/div>\n            <\/div><\/section>\n<section class=\"section--list-repeater bg-golden\"\n  id=\"asociacion-medico-legal\"\n  aria-label=\"Asociaci\u00f3n m\u00e9dico-legal  \"\n>\n  <div data-repeater=\"false\" class=\"partial-copy flex flex-col flex-1 mb-full text-left space-y-inner fluid-container\">\n  <div class=\"copy--headline break-words space-y-inner\">\n              <h2 class=\"display display-1 mb-0\" class=\"mb-0\">\n    Asociaci\u00f3n m\u00e9dico-legal\n  <\/h2>          <\/div>\n  <div class=\"copy--body space-y-min\">\n          <p class=\"subhead subhead-2 mb-0\" class=\"mb-0\">\n    \u00bfTienes formaci\u00f3n sanitaria? Tenemos un sitio para ti.\n  <\/p>                  <div class=\"partial-copy--lead-copy\">\n                  <div class=\"partial-copy--copy body-1\"><p>Invitamos a los profesionales sanitarios y a los estudiantes de medicina a unirse a nuestro programa remunerado y a utilizar su experiencia para apoyar la defensa jur\u00eddica de nuestros clientes. \u00c9stas son las \u00faltimas formas en que puedes manifestarte en favor de las personas que se enfrentan a la detenci\u00f3n y la deportaci\u00f3n.<\/p>\n<p>Ponte en contacto con Taylor Rivera-Stone, Directora de Voluntarios, en <a href=\"mailto:taylor@amicacenter.org\">taylor@amicacenter.org<\/a> para obtener m\u00e1s informaci\u00f3n y participar.<\/p>\n<\/div>\n              <\/div>\n      <\/div>\n<\/div>  <div class=\"fluid-container\">\n    <ul class=\"list-repeater--list flex flex-col gap-full list-none ml-0\">\n                      <li class=\"grid lg:grid-12 gap-y-inner gap-x-full\">\n          <div class=\"foldertab z-higher-content relative h-min col-span-full lg:col-span-3 border-b-[6px]\n                      text-var-text border-var-text\n          \">\n            <svg class=\"hidden text-inherit lg:flex -mb-px\" width=\"58\" height=\"14\" viewBox=\"0 0 58 14\" fill=\"none\" xmlns=\"http:\/\/www.w3.org\/2000\/svg\">\n              <path d=\"M54.3855 3.96646C53.5281 1.58654 51.2702 0 48.7406 0H0V14H58L54.3855 3.96646Z\" fill=\"currentColor\"\/>\n            <\/svg>\n\n            <svg class=\"hidden text-inherit md:flex lg:hidden -mb-px\" width=\"80\" height=\"14\" viewBox=\"0 0 80 14\"  fill=\"none\" xmlns=\"http:\/\/www.w3.org\/2000\/svg\">\n              <path d=\"M76.3855 3.96646C75.5281 1.58654 73.2702 0 70.7406 0H0V14H80L76.3855 3.96646Z\" fill=\"currentColor\"\/>\n            <\/svg>\n\n            <svg class=\"flex text-inherit md:hidden -mb-px\" width=\"88\" height=\"16\" viewBox=\"0 0 88 16\" fill=\"none\" xmlns=\"http:\/\/www.w3.org\/2000\/svg\">\n              <path d=\"M78.334 0H0V16H88L84.5314 4.01284C83.8509 1.66078 81.2861 0 78.334 0Z\" fill=\"currentColor\"\/>\n            <\/svg>\n          <\/div>\n\n          <div data-repeater=\"false\" class=\"partial-copy flex flex-col flex-1 text-left space-y-inner col-span-full lg:col-span-9\">\n  <div class=\"copy--headline break-words space-y-inner\">\n              <p class=\"display display-3 mb-0\" class=\"mb-0\">\n    Profesionales de la salud mental\n  <\/p>          <\/div>\n  <div class=\"copy--body space-y-min\">\n                  <div class=\"partial-copy--lead-copy\">\n                  <div class=\"partial-copy--copy body-1\"><p>Nos asociamos con profesionales de la salud mental para proporcionar evaluaciones psicol\u00f3gicas o neuropsicol\u00f3gicas gratuitas o de bajo coste que ayuden a la defensa legal de nuestros clientes.<\/p>\n<\/div>\n              <\/div>\n      <\/div>\n<\/div>        <\/li>\n                      <li class=\"grid lg:grid-12 gap-y-inner gap-x-full\">\n          <div class=\"foldertab z-higher-content relative h-min col-span-full lg:col-span-3 border-b-[6px]\n                      text-var-text border-var-text\n          \">\n            <svg class=\"hidden text-inherit lg:flex -mb-px\" width=\"58\" height=\"14\" viewBox=\"0 0 58 14\" fill=\"none\" xmlns=\"http:\/\/www.w3.org\/2000\/svg\">\n              <path d=\"M54.3855 3.96646C53.5281 1.58654 51.2702 0 48.7406 0H0V14H58L54.3855 3.96646Z\" fill=\"currentColor\"\/>\n            <\/svg>\n\n            <svg class=\"hidden text-inherit md:flex lg:hidden -mb-px\" width=\"80\" height=\"14\" viewBox=\"0 0 80 14\"  fill=\"none\" xmlns=\"http:\/\/www.w3.org\/2000\/svg\">\n              <path d=\"M76.3855 3.96646C75.5281 1.58654 73.2702 0 70.7406 0H0V14H80L76.3855 3.96646Z\" fill=\"currentColor\"\/>\n            <\/svg>\n\n            <svg class=\"flex text-inherit md:hidden -mb-px\" width=\"88\" height=\"16\" viewBox=\"0 0 88 16\" fill=\"none\" xmlns=\"http:\/\/www.w3.org\/2000\/svg\">\n              <path d=\"M78.334 0H0V16H88L84.5314 4.01284C83.8509 1.66078 81.2861 0 78.334 0Z\" fill=\"currentColor\"\/>\n            <\/svg>\n          <\/div>\n\n          <div data-repeater=\"false\" class=\"partial-copy flex flex-col flex-1 text-left space-y-inner col-span-full lg:col-span-9\">\n  <div class=\"copy--headline break-words space-y-inner\">\n              <p class=\"display display-3 mb-0\" class=\"mb-0\">\n    Estudiantes de medicina\n  <\/p>          <\/div>\n  <div class=\"copy--body space-y-min\">\n                  <div class=\"partial-copy--lead-copy\">\n                  <div class=\"partial-copy--copy body-1\"><p>Trabajamos con estudiantes de medicina para realizar revisiones de historiales m\u00e9dicos en apoyo de los casos de nuestros clientes. Los alumnos pueden participar individualmente o a trav\u00e9s de sus cl\u00ednicas escolares.<\/p>\n<\/div>\n              <\/div>\n      <\/div>\n<\/div>        <\/li>\n                      <li class=\"grid lg:grid-12 gap-y-inner gap-x-full\">\n          <div class=\"foldertab z-higher-content relative h-min col-span-full lg:col-span-3 border-b-[6px]\n                      text-var-text border-var-text\n          \">\n            <svg class=\"hidden text-inherit lg:flex -mb-px\" width=\"58\" height=\"14\" viewBox=\"0 0 58 14\" fill=\"none\" xmlns=\"http:\/\/www.w3.org\/2000\/svg\">\n              <path d=\"M54.3855 3.96646C53.5281 1.58654 51.2702 0 48.7406 0H0V14H58L54.3855 3.96646Z\" fill=\"currentColor\"\/>\n            <\/svg>\n\n            <svg class=\"hidden text-inherit md:flex lg:hidden -mb-px\" width=\"80\" height=\"14\" viewBox=\"0 0 80 14\"  fill=\"none\" xmlns=\"http:\/\/www.w3.org\/2000\/svg\">\n              <path d=\"M76.3855 3.96646C75.5281 1.58654 73.2702 0 70.7406 0H0V14H80L76.3855 3.96646Z\" fill=\"currentColor\"\/>\n            <\/svg>\n\n            <svg class=\"flex text-inherit md:hidden -mb-px\" width=\"88\" height=\"16\" viewBox=\"0 0 88 16\" fill=\"none\" xmlns=\"http:\/\/www.w3.org\/2000\/svg\">\n              <path d=\"M78.334 0H0V16H88L84.5314 4.01284C83.8509 1.66078 81.2861 0 78.334 0Z\" fill=\"currentColor\"\/>\n            <\/svg>\n          <\/div>\n\n          <div data-repeater=\"false\" class=\"partial-copy flex flex-col flex-1 text-left space-y-inner col-span-full lg:col-span-9\">\n  <div class=\"copy--headline break-words space-y-inner\">\n              <p class=\"display display-3 mb-0\" class=\"mb-0\">\n    M\u00e9dicos y enfermeras profesionales\n  <\/p>          <\/div>\n  <div class=\"copy--body space-y-min\">\n                  <div class=\"partial-copy--lead-copy\">\n                  <div class=\"partial-copy--copy body-1\"><p>Nos asociamos con proveedores para que realicen evaluaciones f\u00edsicas forenses en apoyo de casos de clientes o para que firmen cartas de defensa m\u00e9dica preparadas por nuestros estudiantes de medicina voluntarios.<\/p>\n<\/div>\n              <\/div>\n      <\/div>\n<\/div>        <\/li>\n          <\/ul>\n  <\/div>\n<\/section>\n<section data-block=\"true\" class=\"section--hero section--hero-folder bg-white p-0\"\n  id=\"lo-que-viene\"\n  aria-label=\"Lo que viene\" \n  >\n       \n      <div \n        class=\"bg-image aspect-hero bg-cover flex justify-end items-end\"\n        style=\"--background-image: url('https:\/\/amicacenter.org\/app\/uploads\/2024\/06\/JoinTheFight_WhatsComingUp-1-1.webp')\"\n      >\n              <\/div>\n        <div class=\"bg-white self-end\">\n      <aside>\n<div class=\"partial--folder-tab z-higher-content relative !max-w-none text-var-background border-var-background no-border -mt-[var(--tab-height)] !pt-0\" aria-hidden=\"true\">\n  <svg class=\"hidden text-inherit lg:flex -mb-px\" width=\"187\" height=\"25\" viewBox=\"0 0 187 25\" fill=\"none\" xmlns=\"http:\/\/www.w3.org\/2000\/svg\">\n    <path d=\"M174.305 0H0V24.211H186.312L182.003 6.07219C181.158 2.51308 177.972 0 174.305 0Z\" fill=\"currentColor\"\/>\n  <\/svg>\n\n  <svg class=\"hidden text-inherit md:flex lg:hidden -mb-px\" width=\"139\" height=\"21\" viewBox=\"0 0 139 21\" fill=\"none\" xmlns=\"http:\/\/www.w3.org\/2000\/svg\">\n    <path d=\"M126.305 0H0V20.211H138.312L134.003 6.07219C133.158 2.51308 129.972 0 126.305 0Z\" fill=\"currentColor\"\/>\n  <\/svg>\n\n  <svg class=\"flex text-inherit md:hidden -mb-px\" width=\"80\" height=\"15\" viewBox=\"0 0 80 15\" fill=\"none\" xmlns=\"http:\/\/www.w3.org\/2000\/svg\">\n    <path d=\"M75.7219 4.00863C74.8769 1.60689 72.6081 0 70.062 0H0V14.211H79.3115L75.7219 4.00863Z\" fill=\"currentColor\"\/>\n  <\/svg>\n<\/div>\n<\/aside>\n      <div class=\"grid-container\">\n        <div data-repeater=\"false\" class=\"partial-copy flex flex-col flex-1 text-folder space-y-inner py-full grid-narrow-left\">\n  <div class=\"copy--headline break-words space-y-inner\">\n              <h1 class=\"display display-super mb-0\" class=\"mb-0\">\n    Lo que viene\n  <\/h1>          <\/div>\n  <div class=\"copy--body space-y-min\">\n          <p class=\"subhead subhead-2 mb-0\" class=\"mb-0\">\n    \u00bfListo para sumergirte?\n  <\/p>                  <div class=\"partial-copy--lead-copy\">\n                  <div class=\"partial-copy--copy body-1\"><p>Celebramos regularmente actos presenciales y virtuales para voluntarios en formaci\u00f3n, simpatizantes veteranos y todos los dem\u00e1s. Echa un vistazo a nuestra agenda de eventos o \u00fanete a nuestra lista de correo electr\u00f3nico para enterarte de lo que est\u00e1 por llegar.<\/p>\n<\/div>\n              <\/div>\n      <\/div>\n  <p class=\"partial-copy--cta\">\n    <a class=\"button\" href=\"https:\/\/amicacenter.org\/es\/unete-a-la-lucha\/eventos\/\" target=\"\" href=\"https:\/\/amicacenter.org\/es\/unete-a-la-lucha\/eventos\/\" target=\"\">\n    Ver todos los eventos\n  <\/a>  <\/p>\n<\/div>      <\/div>\n    <\/div>\n  <\/section>\n<section class=\"section--image-card relative bg-white\"\n  id=\"fiesta-del-25-aniversario\"\n  aria-label=\"Fiesta del 25 aniversario\"\n>\n    <div class=\"fluid-container relative z-content\">\n\n    <div class=\"grid ml-0 gap-wide relative z-content lg:grid-12\">\n      <div class=\"col-span-full lg:col-narrow\">\n          <div class=\"component--card\" >\n\n      <a href=\"https:\/\/secure.everyaction.com\/ukqrS6IJykKCzR9FYbKI4Q2\" target=\"\" aria-label=\"Fiesta del 25 aniversario\"\n      class=\"card group card-image lg:flex-row\"\n    >\n          <div class=\"component--card-image lg:order-2 aspect-64\/37 lg:w-1\/2\">\n                <img loading=\"lazy\" decoding=\"async\" width=\"800\" height=\"500\" src=\"https:\/\/amicacenter.org\/app\/uploads\/2024\/06\/JoinTheFight_WhatsComingUp.webp\" class=\"w-full h-full object-cover transition duration-[0.420s] lg:group-hover:scale-[1.0420] lg:group-focus:scale-[1.0420]\" alt=\"\" srcset=\"https:\/\/amicacenter.org\/app\/uploads\/2024\/06\/JoinTheFight_WhatsComingUp.webp 800w, https:\/\/amicacenter.org\/app\/uploads\/2024\/06\/JoinTheFight_WhatsComingUp-600x375.webp 600w, https:\/\/amicacenter.org\/app\/uploads\/2024\/06\/JoinTheFight_WhatsComingUp-768x480.webp 768w\" sizes=\"auto, (max-width: 800px) 100vw, 800px\" \/>      <\/div>\n            <div data-repeater=\"false\" class=\"partial-copy flex flex-col flex-1 text-stretch space-y-inner in-card component--card-copy z-content p-half  lg:order-1 lg:w-1\/2 is-solo\">\n  <div class=\"copy--headline break-words space-y-inner\">\n          <p class=\"eyebrow mb-0\" class=\"mb-0\">\n    26 de septiembre de 2024\n  <\/p>                  <h3 class=\"subhead subhead-1 mb-0\" class=\"mb-0\">\n    Fiesta del 25 aniversario\n  <\/h3>      <\/div>\n  <div class=\"copy--body space-y-min\">\n                  <div class=\"partial-copy--lead-copy\">\n                  <div class=\"partial-copy--copy body-2\"><p>\u00a1\u00danete a nuestra Fiesta del 25 Aniversario en el Museo Nacional de la Mujer en las Artes para celebrar 25 a\u00f1os defendi\u00e9ndonos unos a otros!<\/p>\n<\/div>\n              <\/div>\n      <\/div>\n  <p class=\"partial-copy--cta\">\n    <span class=\"button\" href=\"https:\/\/secure.everyaction.com\/ukqrS6IJykKCzR9FYbKI4Q2\" target=\"\" href=\"https:\/\/secure.everyaction.com\/ukqrS6IJykKCzR9FYbKI4Q2\" target=\"\">\n    Ver detalles del evento\n  <\/span>  <\/p>\n<\/div>\n\n      <\/a>\n  <\/div>        <\/div>\n\n      <\/div>\n  <\/div>\n  <\/section><section class=\"section--one-column bg-verdant text-center\" \n  id=\"trabajemos-juntos\"\n  aria-label=\"Trabajemos juntos\"\n>\n  <div class=\"fluid-container grid-12 col-span-full row-span-full z-content partials--one-column\">\n  <div class=\"col-narrow\">\n    <div data-repeater=\"false\" class=\"partial-copy flex flex-col flex-1 text-center space-y-inner\">\n  <div class=\"copy--headline break-words space-y-inner\">\n              <h2 class=\"display display-2 mb-0\" class=\"mb-0\">\n    Trabajemos juntos\n  <\/h2>          <\/div>\n  <div class=\"copy--body space-y-min\">\n          <p class=\"subhead subhead-2 mb-0\" class=\"mb-0\">\n    \u00bfQuieres convertir tu pasi\u00f3n por los derechos de los inmigrantes en un trabajo a tiempo completo?\n  <\/p>                  <div class=\"partial-copy--lead-copy\">\n                  <div class=\"partial-copy--copy body-1\"><p>Nos encanta encontrar personas con ideas afines que se comprometan a garantizar que todos los inmigrantes detenidos tengan acceso al debido proceso y a representaci\u00f3n legal directa. Consulta nuestros puestos vacantes para saber d\u00f3nde podr\u00edas encajar en nuestro equipo.<\/p>\n<\/div>\n              <\/div>\n      <\/div>\n  <p class=\"partial-copy--cta\">\n    <a class=\"button\" href=\"https:\/\/amicacenter.org\/es\/unete-a-la-lucha\/carreras-y-practicas\/\" target=\"\" href=\"https:\/\/amicacenter.org\/es\/unete-a-la-lucha\/carreras-y-practicas\/\" target=\"\">\n    Ver ofertas de empleo\n  <\/a>  <\/p>\n<\/div>  <\/div>\n<\/div><\/section>\n<section class=\"section--cta-full text-center min-h-screen bg-white\"\n  id=\"formas-de-dar\"\n  aria-label=\"Formas de dar\"\n>\n  <div class=\"fluid-container\">\n    <div class=\"py-max px-[2rem] md:p-max !rounded-block card\"\n      >\n      <div data-repeater=\"false\" class=\"partial-copy flex flex-col flex-1 text-center space-y-inner\">\n  <div class=\"copy--headline break-words space-y-inner\">\n              <h2 class=\"display display-1 mb-0\" class=\"mb-0\">\n    Formas de dar\n  <\/h2>          <\/div>\n  <div class=\"copy--body space-y-min\">\n          <p class=\"subhead subhead-2 mb-0\" class=\"mb-0\">\n    Tus aportaciones hacen posible nuestro trabajo.\n  <\/p>                  <div class=\"partial-copy--lead-copy\">\n                  <div class=\"partial-copy--copy body-1\"><p>Movemos monta\u00f1as todos los d\u00edas, pero con tu ayuda podemos hacer m\u00e1s. Encuentra el m\u00e9todo de donaci\u00f3n que m\u00e1s te convenga para apoyar una labor pionera en favor de los derechos de los inmigrantes.<\/p>\n<\/div>\n              <\/div>\n      <\/div>\n  <p class=\"partial-copy--cta\">\n    <a class=\"button\" href=\"https:\/\/amicacenter.org\/es\/unete-a-la-lucha\/formas-de-dar\/\" target=\"\" href=\"https:\/\/amicacenter.org\/es\/unete-a-la-lucha\/formas-de-dar\/\" target=\"\">\n    Ver formas de donar\n  <\/a>  <\/p>\n<\/div>    <\/div>\n  <\/div>\n<\/section>\n<section class=\"section--form grid-half md:min-h-screen bg-image\" \n      style=\"--background-image: url('https:\/\/amicacenter.org\/app\/uploads\/2024\/06\/Homepage_EmailList.webp;')\"\n    data-background=\"https:\/\/amicacenter.org\/app\/uploads\/2024\/06\/Homepage_EmailList.webp\"\n    id=\"unete-a-nuestra-lista-de-correo-electronico\"\n  aria-label=\"\u00danete a nuestra lista de correo electr\u00f3nico\" \n>\n  <div class=\"form--copy\">\n    <div class=\"self-center\">\n      <div data-repeater=\"false\" class=\"partial-copy flex flex-col flex-1 text-left space-y-inner\">\n  <div class=\"copy--headline break-words space-y-inner\">\n              <p class=\"display display-1 mb-0\" class=\"mb-0\">\n    \u00danete a nuestra lista de correo electr\u00f3nico\n  <\/p>          <\/div>\n  <div class=\"copy--body space-y-min\">\n          <p class=\"subhead subhead-2 mb-0\" class=\"mb-0\">\n    Esto es s\u00f3lo el principio.\n  <\/p>                  <div class=\"partial-copy--lead-copy\">\n                  <div class=\"partial-copy--copy body-1\"><p>S\u00e9 el primero en enterarte de las alertas de acci\u00f3n, oportunidades de voluntariado, actualizaciones jur\u00eddicas y mucho m\u00e1s en el movimiento para crear un sistema de inmigraci\u00f3n m\u00e1s humano y justo.<\/p>\n<\/div>\n              <\/div>\n      <\/div>\n<\/div>    <\/div>\n  <\/div>\n  <div class=\"form--form\">\n    <div class=\"self-center !h-auto p-half xxl:p-full card\">\n              <script type='text\/javascript' src='https:\/\/static.everyaction.com\/ea-actiontag\/at.js' crossorigin='anonymous'><\/script>\n\n        <div class=\"ngp-form\" data-form-url=\"https:\/\/secure.everyaction.com\/v1\/Forms\/i2sjsf8j30ClmeOPovhVRA2\"\n    data-fastaction-endpoint=\"https:\/\/fastaction.ngpvan.com\" data-inline-errors=\"true\" data-fastaction-nologin=\"true\"\n    data-databag-endpoint=\"https:\/\/profile.ngpvan.com\" data-databag=\"everybody\" data-mobile-autofocus=\"false\">\n<\/div>\n                <\/div>\n  <\/div>\n<\/section>\n","protected":false},"excerpt":{"rendered":"","protected":false},"author":10,"featured_media":0,"parent":0,"menu_order":0,"comment_status":"closed","ping_status":"closed","template":"","meta":{"_acf_changed":false,"inline_featured_image":false,"footnotes":""},"class_list":["post-3283","page","type-page","status-publish","hentry","bg-white -mt-px py-full"],"acf":[],"_links":{"self":[{"href":"https:\/\/amicacenter.org\/es\/wp-json\/wp\/v2\/pages\/3283","targetHints":{"allow":["GET"]}}],"collection":[{"href":"https:\/\/amicacenter.org\/es\/wp-json\/wp\/v2\/pages"}],"about":[{"href":"https:\/\/amicacenter.org\/es\/wp-json\/wp\/v2\/types\/page"}],"author":[{"embeddable":true,"href":"https:\/\/amicacenter.org\/es\/wp-json\/wp\/v2\/users\/10"}],"replies":[{"embeddable":true,"href":"https:\/\/amicacenter.org\/es\/wp-json\/wp\/v2\/comments?post=3283"}],"version-history":[{"count":8,"href":"https:\/\/amicacenter.org\/es\/wp-json\/wp\/v2\/pages\/3283\/revisions"}],"predecessor-version":[{"id":4513,"href":"https:\/\/amicacenter.org\/es\/wp-json\/wp\/v2\/pages\/3283\/revisions\/4513"}],"wp:attachment":[{"href":"https:\/\/amicacenter.org\/es\/wp-json\/wp\/v2\/media?parent=3283"}],"curies":[{"name":"wp","href":"https:\/\/api.w.org\/{rel}","templated":true}]}}