{"id":3299,"date":"2024-05-02T23:23:55","date_gmt":"2024-05-03T03:23:55","guid":{"rendered":"https:\/\/amicacenter.org\/unete-a-la-lucha\/formas-de-dar\/"},"modified":"2024-12-18T10:53:25","modified_gmt":"2024-12-18T15:53:25","slug":"formas-de-dar","status":"publish","type":"page","link":"https:\/\/amicacenter.org\/es\/unete-a-la-lucha\/formas-de-dar\/","title":{"rendered":"Haz un Donativo"},"content":{"rendered":"<section data-block=\"true\" class=\"section--hero section--hero-folder bg-bedrock p-0\"\n  id=\"haz-un-donativo\"\n  aria-label=\"Haz un Donativo\" \n  >\n       \n      <div \n        class=\"bg-image aspect-hero bg-cover flex justify-end items-end\"\n        style=\"--background-image: url('https:\/\/amicacenter.org\/app\/uploads\/2024\/06\/WaysToGive_Hero.webp')\"\n      >\n              <\/div>\n        <div class=\"bg-bedrock self-end\">\n      <aside>\n<div class=\"partial--folder-tab z-higher-content relative !max-w-none text-var-background border-var-background no-border -mt-[var(--tab-height)] !pt-0\" aria-hidden=\"true\">\n  <svg class=\"hidden text-inherit lg:flex -mb-px\" width=\"187\" height=\"25\" viewBox=\"0 0 187 25\" fill=\"none\" xmlns=\"http:\/\/www.w3.org\/2000\/svg\">\n    <path d=\"M174.305 0H0V24.211H186.312L182.003 6.07219C181.158 2.51308 177.972 0 174.305 0Z\" fill=\"currentColor\"\/>\n  <\/svg>\n\n  <svg class=\"hidden text-inherit md:flex lg:hidden -mb-px\" width=\"139\" height=\"21\" viewBox=\"0 0 139 21\" fill=\"none\" xmlns=\"http:\/\/www.w3.org\/2000\/svg\">\n    <path d=\"M126.305 0H0V20.211H138.312L134.003 6.07219C133.158 2.51308 129.972 0 126.305 0Z\" fill=\"currentColor\"\/>\n  <\/svg>\n\n  <svg class=\"flex text-inherit md:hidden -mb-px\" width=\"80\" height=\"15\" viewBox=\"0 0 80 15\" fill=\"none\" xmlns=\"http:\/\/www.w3.org\/2000\/svg\">\n    <path d=\"M75.7219 4.00863C74.8769 1.60689 72.6081 0 70.062 0H0V14.211H79.3115L75.7219 4.00863Z\" fill=\"currentColor\"\/>\n  <\/svg>\n<\/div>\n<\/aside>\n      <div class=\"grid-container\">\n        <div data-repeater=\"false\" class=\"partial-copy flex flex-col flex-1 text-folder space-y-inner py-full grid-narrow-left\">\n  <div class=\"copy--headline break-words space-y-inner\">\n              <h1 class=\"display display-super mb-0\" class=\"mb-0\">\n    Haz un Donativo\n  <\/h1>          <\/div>\n  <div class=\"copy--body space-y-min\">\n          <p class=\"subhead subhead-2 mb-0\" class=\"mb-0\">\n    Tus dones cambian la vida. Desde cubrir el coste de los servicios de traducci\u00f3n hasta ayudar a los abogados a viajar para reunirse con los clientes cara a cara, descubre c\u00f3mo puedes apoyar a los inmigrantes detenidos o en riesgo de deportaci\u00f3n.\n  <\/p>                  <div class=\"partial-copy--lead-copy\">\n                  <div class=\"partial-copy--copy body-1\"><p>Somos una organizaci\u00f3n sin \u00e1nimo de lucro exenta de impuestos 501(c)(3). NIF: 52-2141497. Consulta con tu asesor la deducibilidad de tu aportaci\u00f3n. Si tienes alguna pregunta, ponte en contacto con nosotros en <a href=\"mailto:development@amicacenter.org\">development@amicacenter.org<\/a> o (202) 899-3987.<\/p>\n<\/div>\n              <\/div>\n      <\/div>\n<\/div>      <\/div>\n    <\/div>\n  <\/section>\n<section class=\"section--form grid-half md:min-h-screen bg-white\" \n    id=\"fondos-designados-por-el-donante\"\n  aria-label=\"Fondos designados por el donante\" \n>\n  <div class=\"form--copy\">\n    <div class=\"self-center\">\n      <div data-repeater=\"false\" class=\"partial-copy flex flex-col flex-1 text-left space-y-inner\">\n  <div class=\"copy--headline break-words space-y-inner\">\n              <p class=\"display display-1 mb-0\" class=\"mb-0\">\n    Fondos designados por el donante\n  <\/p>          <\/div>\n  <div class=\"copy--body space-y-min\">\n          <p class=\"subhead subhead-2 mb-0\" class=\"mb-0\">\n    Aceptamos subvenciones a trav\u00e9s de fondos designados por donantes (donor advised funds, DAF).\n  <\/p>                  <div class=\"partial-copy--lead-copy\">\n                  <div class=\"partial-copy--copy body-1\"><p>Puede recomendar un aporte \u00fanico o recurrente a trav\u00e9s de su DAF. Si tu patrocinador es Fidelity, Schwab o BNY Mellon, rellena este formulario para recomendar una aportaci\u00f3n \u00fanica o peri\u00f3dica. De lo contrario, comun\u00edquese con el administrador del fondo para hacer una recomendaci\u00f3n.<\/p>\n<\/div>\n              <\/div>\n      <\/div>\n<\/div>    <\/div>\n  <\/div>\n  <div class=\"form--form\">\n    <div class=\"self-center !h-auto p-half xxl:p-full card\">\n              <script type='text\/javascript' src='https:\/\/static.everyaction.com\/ea-actiontag\/at.js' crossorigin='anonymous'><\/script>\n\n        <div class=\"daf-container\">\n          <script type=\"text\/javascript\">_dafdirect_settings=\"522141497_2111_8c5b6d6b-7dc3-4f85-b5bb-b2dcf5d89404\"<\/script>\n          <script type=\"text\/javascript\" src=\"https:\/\/www.dafdirect.org\/ddirect\/dafdirect4.js\"><\/script>\n        <\/div>\n                <\/div>\n  <\/div>\n<\/section>\n<section class=\"section--two-column grid-half bg-white\"\n  aria-label=\"Ning\u00fan regalo es demasiado peque\u00f1o\" \n  id=\"ningun-regalo-es-demasiado-pequeno\"\n>\n  <div class=\"\">\n                  <div class=\"h-full\">\n          <figure>\n    <img loading=\"lazy\" decoding=\"async\" width=\"800\" height=\"800\" src=\"https:\/\/amicacenter.org\/app\/uploads\/2024\/06\/WaysToGive_TwoColumn_01.webp\" class=\"w-full rounded-image aspect-square\" alt=\"\" srcset=\"https:\/\/amicacenter.org\/app\/uploads\/2024\/06\/WaysToGive_TwoColumn_01.webp 800w, https:\/\/amicacenter.org\/app\/uploads\/2024\/06\/WaysToGive_TwoColumn_01-600x600.webp 600w, https:\/\/amicacenter.org\/app\/uploads\/2024\/06\/WaysToGive_TwoColumn_01-200x200.webp 200w, https:\/\/amicacenter.org\/app\/uploads\/2024\/06\/WaysToGive_TwoColumn_01-768x768.webp 768w\" sizes=\"auto, (max-width: 800px) 100vw, 800px\" \/>  <\/figure>        <\/div>\n            <\/div>\n  <div class=\"mobile-first\">\n          <div class=\"self-center\"><div data-repeater=\"false\" class=\"partial-copy flex flex-col flex-1 text-right space-y-inner\">\n  <div class=\"copy--headline break-words space-y-inner\">\n              <h2 class=\"display display-2 mb-0\" class=\"mb-0\">\n    Ning\u00fan regalo es demasiado peque\u00f1o\n  <\/h2>          <\/div>\n  <div class=\"copy--body space-y-min\">\n          <p class=\"subhead subhead-2 mb-0\" class=\"mb-0\">\n    Haz una donaci\u00f3n segura, \u00fanica o peri\u00f3dica, aqu\u00ed mismo.\n  <\/p>                  <div class=\"partial-copy--lead-copy\">\n                  <div class=\"partial-copy--copy body-1\"><p>S\u00f3lo necesitas unos minutos de tu tiempo para ayudarnos a llegar a m\u00e1s personas que se enfrentan a la detenci\u00f3n y la deportaci\u00f3n.<\/p>\n<\/div>\n              <\/div>\n      <\/div>\n  <p class=\"partial-copy--cta\">\n    <a class=\"button\" href=\"https:\/\/amicacenter.org\/donate\/\" target=\"\" href=\"https:\/\/amicacenter.org\/donate\/\" target=\"\">\n    Ir a donar\n  <\/a>  <\/p>\n<\/div><\/div>\n      <\/div><\/section>\n<section class=\"section--form grid-half md:min-h-screen bg-white\" \n    id=\"aportaciones-del-empleador\"\n  aria-label=\"Aportaciones del empleador\" \n>\n  <div class=\"form--copy\">\n    <div class=\"self-center\">\n      <div data-repeater=\"false\" class=\"partial-copy flex flex-col flex-1 text-left space-y-inner\">\n  <div class=\"copy--headline break-words space-y-inner\">\n              <p class=\"display display-1 mb-0\" class=\"mb-0\">\n    Aportaciones del empleador\n  <\/p>          <\/div>\n  <div class=\"copy--body space-y-min\">\n                  <div class=\"partial-copy--lead-copy\">\n                  <div class=\"partial-copy--copy body-1\"><p>Busque la organizaci\u00f3n para la que trabaja para determinar si su donaci\u00f3n puede ser igualada por su empleador.<\/p>\n<\/div>\n              <\/div>\n      <\/div>\n<\/div>    <\/div>\n  <\/div>\n  <div class=\"form--form\">\n    <div class=\"self-center !h-auto p-half xxl:p-full card\">\n              <script type='text\/javascript' src='https:\/\/static.everyaction.com\/ea-actiontag\/at.js' crossorigin='anonymous'><\/script>\n\n        <script>var DDCONF = { API_KEY: \"QhgUIGjsXwi6Rbys\" };<\/script> <script src=\"https:\/\/doublethedonation.com\/api\/js\/ddplugin.js\"><\/script> <link href=\"https:\/\/doublethedonation.com\/api\/css\/ddplugin.css\" rel=\"stylesheet\"> <div id=\"dd-container\">Informaci\u00f3n sobre <a href=\"https:\/\/doublethedonation.com\/matching-grant-resources\/matching-gift-basics\/\">donativos de contrapartida<\/a> y <a href=\"https:\/\/doublethedonation.com\/matching-grant-resources\/volunteer-grant-basics\/\">subvenciones para voluntarios<\/a> facilitada por  <br><a href=\"https:\/\/doublethedonation.com\"><img decoding=\"async\" alt=\"Impulsado por Double the Donation\" src=\"https:\/\/doublethedonation.com\/api\/img\/powered-by.png\"><\/a><\/div>\n                <\/div>\n  <\/div>\n<\/section>\n<section class=\"section section--sticky-50 grid-half bg-golden\"\n  id=\"mas-formas-de-dar\"\n  aria-label=\"M\u00e1s formas de dar\" \n>\n\n  <div class=\"!justify-start items-start bg-var-background stick-50--copy lg:sticky lg:top-0 h-auto grid-rows-none\">\n          <div class=\"sticky--copy\">\n  <div data-repeater=\"false\" class=\"partial-copy flex flex-col flex-1 text-left space-y-inner\">\n  <div class=\"copy--headline break-words space-y-inner\">\n              <h2 class=\"display display-2 mb-0\" class=\"mb-0\">\n    M\u00e1s formas de dar\n  <\/h2>          <\/div>\n  <div class=\"copy--body space-y-min\">\n          <p class=\"subhead subhead-2 mb-0\" class=\"mb-0\">\n    Encuentra la opci\u00f3n que m\u00e1s te convenga.\n  <\/p>                  <div class=\"partial-copy--lead-copy\">\n                  <div class=\"partial-copy--copy body-1\"><p>Ponte en contacto con nosotros en <a href=\"mailto:development@amicacenter.org\">development@amicacenter.org<\/a> para utilizar uno de los siguientes m\u00e9todos de donaci\u00f3n o para preguntar por opciones alternativas, como donaciones a trav\u00e9s de activos apreciados, fundaciones ben\u00e9ficas y cuentas de jubilaci\u00f3n individuales. Para hacer un donativo por correo, env\u00eda un cheque a nombre de &#8220;Amica Center&#8221; a 1025 Connecticut Ave. NW, Suite 701, Washington, DC 20036.<\/p>\n<\/div>\n              <\/div>\n      <\/div>\n  <p class=\"partial-copy--cta\">\n    <a class=\"button\" href=\"mailto:development@caircoalition.org\" target=\"_blank\" href=\"mailto:development@caircoalition.org\" target=\"_blank\">\n    Pregunta sobre las donaciones\n  <\/a>  <\/p>\n<\/div><\/div>      <\/div>\n  <div class=\"items-start bg-var-background-light stick-50--items h-full\">\n          <ul class=\"sticky--list list-none ml-0 flex flex-col gap-full\">\n                  <li class=\"flex flex-col gap-4\">\n                        <span class=\"eyebrow\" >\n    01\n  <\/span>            <div data-repeater=\"false\" class=\"partial-copy flex flex-col flex-1 text-left space-y-min\">\n  <div class=\"copy--headline break-words space-y-min\">\n                  <h3 class=\"subhead subhead-2 mb-0\" class=\"mb-0\">\n    Donar valores apreciados\n  <\/h3>      <\/div>\n  <div class=\"copy--body space-y-min\">\n                  <div class=\"partial-copy--lead-copy\">\n                  <div class=\"partial-copy--copy body-2\"><p>Evita los impuestos sobre plusval\u00edas al donar valores apreciados a Amica Center. Consulta con tu asesor la deducibilidad de tu aportaci\u00f3n.<\/p>\n<\/div>\n              <\/div>\n      <\/div>\n<\/div>                      <\/li>\n                  <li class=\"flex flex-col gap-4\">\n                        <span class=\"eyebrow\" >\n    02\n  <\/span>            <div data-repeater=\"false\" class=\"partial-copy flex flex-col flex-1 text-left space-y-min\">\n  <div class=\"copy--headline break-words space-y-min\">\n                  <h3 class=\"subhead subhead-2 mb-0\" class=\"mb-0\">\n    Transferencias bancarias o ACH\n  <\/h3>      <\/div>\n  <div class=\"copy--body space-y-min\">\n                  <div class=\"partial-copy--lead-copy\">\n                  <div class=\"partial-copy--copy body-2\"><p>Haz una contribuci\u00f3n electr\u00f3nica r\u00e1pida y segura y ten un impacto inmediato en el movimiento. Ponte en contacto con nuestra Oficina de Desarrollo en <a href=\"mailto:development@amicacenter.org\">development@amicacenter.org<\/a> para obtener instrucciones sobre transferencias.<\/p>\n<\/div>\n              <\/div>\n      <\/div>\n<\/div>                      <\/li>\n                  <li class=\"flex flex-col gap-4\">\n                        <span class=\"eyebrow\" >\n    03\n  <\/span>            <div data-repeater=\"false\" class=\"partial-copy flex flex-col flex-1 text-left space-y-min\">\n  <div class=\"copy--headline break-words space-y-min\">\n                  <h3 class=\"subhead subhead-2 mb-0\" class=\"mb-0\">\n    Crear un legado\n  <\/h3>      <\/div>\n  <div class=\"copy--body space-y-min\">\n                  <div class=\"partial-copy--lead-copy\">\n                  <div class=\"partial-copy--copy body-2\"><p>Incluye a Amica Center en tu testamento para ayudar a asegurar un futuro en el que todos los que navegan por el sistema de inmigraci\u00f3n est\u00e9n seguros, protegidos y sean escuchados.<\/p>\n<\/div>\n              <\/div>\n      <\/div>\n<\/div>                      <\/li>\n              <\/ul>\n          <\/div>\n<\/section>\n<section class=\"section--image-card relative bg-white\"\n  id=\"historias-de-impacto\"\n  aria-label=\"Historias de impacto\"\n>\n    <div class=\"fluid-container relative z-content\">\n\n    <div class=\"grid ml-0 gap-wide relative z-content lg:grid-12\">\n      <div class=\"col-span-full lg:col-narrow\">\n          <div class=\"component--card\" >\n\n      <a href=\"https:\/\/amicacenter.org\/news-and-stories\/stories-of-impact\/\" target=\"\" aria-label=\"Historias de impacto\"\n      class=\"card group card-image lg:flex-row\"\n    >\n          <div class=\"component--card-image lg:order-2 aspect-64\/37 lg:w-1\/2\">\n                <img loading=\"lazy\" decoding=\"async\" width=\"800\" height=\"800\" src=\"https:\/\/amicacenter.org\/app\/uploads\/2024\/06\/WaysToGive_ImpactStories.webp\" class=\"w-full h-full object-cover transition duration-[0.420s] lg:group-hover:scale-[1.0420] lg:group-focus:scale-[1.0420]\" alt=\"\" srcset=\"https:\/\/amicacenter.org\/app\/uploads\/2024\/06\/WaysToGive_ImpactStories.webp 800w, https:\/\/amicacenter.org\/app\/uploads\/2024\/06\/WaysToGive_ImpactStories-600x600.webp 600w, https:\/\/amicacenter.org\/app\/uploads\/2024\/06\/WaysToGive_ImpactStories-200x200.webp 200w, https:\/\/amicacenter.org\/app\/uploads\/2024\/06\/WaysToGive_ImpactStories-768x768.webp 768w\" sizes=\"auto, (max-width: 800px) 100vw, 800px\" \/>      <\/div>\n            <div data-repeater=\"false\" class=\"partial-copy flex flex-col flex-1 text-stretch space-y-inner in-card component--card-copy z-content p-half  lg:order-1 lg:w-1\/2 is-solo\">\n  <div class=\"copy--headline break-words space-y-inner\">\n                  <h3 class=\"subhead subhead-1 mb-0\" class=\"mb-0\">\n    Historias de impacto\n  <\/h3>      <\/div>\n  <div class=\"copy--body space-y-min\">\n                  <div class=\"partial-copy--lead-copy\">\n                  <div class=\"partial-copy--copy body-2\"><p>Tu apoyo ayuda a financiar servicios jur\u00eddicos, servicios sociales y litigios de impacto para personas que navegan por el sistema de inmigraci\u00f3n. Consulta las historias de las personas a las que nos has ayudado a llegar.<\/p>\n<\/div>\n              <\/div>\n      <\/div>\n  <p class=\"partial-copy--cta\">\n    <span class=\"button\" href=\"https:\/\/amicacenter.org\/news-and-stories\/stories-of-impact\/\" target=\"\" href=\"https:\/\/amicacenter.org\/news-and-stories\/stories-of-impact\/\" target=\"\">\n    Ver historias\n  <\/span>  <\/p>\n<\/div>\n\n      <\/a>\n  <\/div>        <\/div>\n\n      <\/div>\n  <\/div>\n  <\/section><section data-block=\"true\" class=\"section--hero section--hero-folder bg-white p-0\"\n  id=\"mas-formas-de-trabajar-juntos\"\n  aria-label=\"M\u00e1s formas de trabajar juntos\" \n  >\n       \n      <div \n        class=\"bg-image aspect-hero bg-cover flex justify-end items-end\"\n        style=\"--background-image: url('https:\/\/amicacenter.org\/app\/uploads\/2024\/06\/WaysToGive_FolderHero.webp')\"\n      >\n              <\/div>\n        <div class=\"bg-white self-end\">\n      <aside>\n<div class=\"partial--folder-tab z-higher-content relative !max-w-none text-var-background border-var-background no-border -mt-[var(--tab-height)] !pt-0\" aria-hidden=\"true\">\n  <svg class=\"hidden text-inherit lg:flex -mb-px\" width=\"187\" height=\"25\" viewBox=\"0 0 187 25\" fill=\"none\" xmlns=\"http:\/\/www.w3.org\/2000\/svg\">\n    <path d=\"M174.305 0H0V24.211H186.312L182.003 6.07219C181.158 2.51308 177.972 0 174.305 0Z\" fill=\"currentColor\"\/>\n  <\/svg>\n\n  <svg class=\"hidden text-inherit md:flex lg:hidden -mb-px\" width=\"139\" height=\"21\" viewBox=\"0 0 139 21\" fill=\"none\" xmlns=\"http:\/\/www.w3.org\/2000\/svg\">\n    <path d=\"M126.305 0H0V20.211H138.312L134.003 6.07219C133.158 2.51308 129.972 0 126.305 0Z\" fill=\"currentColor\"\/>\n  <\/svg>\n\n  <svg class=\"flex text-inherit md:hidden -mb-px\" width=\"80\" height=\"15\" viewBox=\"0 0 80 15\" fill=\"none\" xmlns=\"http:\/\/www.w3.org\/2000\/svg\">\n    <path d=\"M75.7219 4.00863C74.8769 1.60689 72.6081 0 70.062 0H0V14.211H79.3115L75.7219 4.00863Z\" fill=\"currentColor\"\/>\n  <\/svg>\n<\/div>\n<\/aside>\n      <div class=\"grid-container\">\n        <div data-repeater=\"false\" class=\"partial-copy flex flex-col flex-1 text-folder space-y-inner py-full grid-narrow-left\">\n  <div class=\"copy--headline break-words space-y-inner\">\n              <h1 class=\"display display-super mb-0\" class=\"mb-0\">\n    M\u00e1s formas de trabajar juntos\n  <\/h1>          <\/div>\n<\/div>      <\/div>\n    <\/div>\n  <\/section>\n<section class=\"section--multi-column bg-white\"\n  id=\"\"\n  aria-label=\"\"\n>\n  <div class=\"narrow-container flex flex-col gap-full\">\n        <ul class=\"grid lg:auto-cols-fr lg:grid-flow-col list-none ml-0 gap-wide\">\n                        <li class=\"before:border-t-2 before:border-dark before:w-10\/12 before:self-center pt-inner flex flex-col gap-inner\">\n                        <div class=\"copy\">\n              <div data-repeater=\"true\" class=\"partial-copy flex flex-col flex-1 text-center space-y-inner is-repeater\">\n  <div class=\"copy--headline break-words space-y-inner\">\n              <h3 class=\"display display-3 mb-0\" class=\"mb-0\">\n    Voluntario\n  <\/h3>          <\/div>\n  <div class=\"copy--body space-y-min\">\n                  <div class=\"partial-copy--lead-copy\">\n                  <div class=\"partial-copy--copy body-2\"><p>Ayuda a captar nuevos clientes, traduce documentos judiciales importantes, participa en campa\u00f1as de defensa y mucho m\u00e1s. S\u00f3lo tienes que inscribirte y te daremos el apoyo que necesitas para tener un impacto real.<\/p>\n<\/div>\n              <\/div>\n      <\/div>\n  <p class=\"partial-copy--cta\">\n    <a class=\"button-link button-icon\" href=\"https:\/\/amicacenter.org\/join-the-fight\/volunteer\/\" target=\"\" href=\"https:\/\/amicacenter.org\/join-the-fight\/volunteer\/\" target=\"\">\n      <span class=\"text\">\n    Ver oportunidades de voluntariado\n          <\/span>\n        <span class=\"img\">\n      <svg width=\"24\" height=\"24\" viewBox=\"0 0 24 24\" fill=\"none\" aria-label=\"right\"\n  xmlns=\"http:\/\/www.w3.org\/2000\/svg\">\n  <path d=\"M16.3152 16.668C15.9247 17.0585 15.9247 17.6917 16.3152 18.0822C16.7058 18.4728 17.3389 18.4728 17.7294 18.0822L22.395 13.4166C23.1761 12.6356 23.1761 11.3692 22.395 10.5882L17.7266 5.91978C17.3361 5.52926 16.7029 5.52926 16.3124 5.91978C15.9219 6.31031 15.9219 6.94347 16.3124 7.334L19.9784 11L1.99997 11C1.44769 11 0.999973 11.4477 0.999973 12C0.999973 12.5523 1.44769 13 1.99997 13L19.9832 13L16.3152 16.668Z\" fill=\"currentColor\"\/>\n<\/svg>    <\/span>\n  <\/a>  <\/p>\n<\/div>            <\/div>\n          <\/li>\n                  <li class=\"before:border-t-2 before:border-dark before:w-10\/12 before:self-center pt-inner flex flex-col gap-inner\">\n                        <div class=\"copy\">\n              <div data-repeater=\"true\" class=\"partial-copy flex flex-col flex-1 text-center space-y-inner is-repeater\">\n  <div class=\"copy--headline break-words space-y-inner\">\n              <h3 class=\"display display-3 mb-0\" class=\"mb-0\">\n    Hazte socio pro bono\n  <\/h3>          <\/div>\n  <div class=\"copy--body space-y-min\">\n                  <div class=\"partial-copy--lead-copy\">\n                  <div class=\"partial-copy--copy body-2\"><p>\u00danete a bufetes de abogados, departamentos jur\u00eddicos de empresas y cl\u00ednicas de facultades de derecho que prestan servicios jur\u00eddicos gratuitos a personas detenidas y en riesgo de deportaci\u00f3n.<\/p>\n<\/div>\n              <\/div>\n      <\/div>\n  <p class=\"partial-copy--cta\">\n    <a class=\"button-link button-icon\" href=\"https:\/\/amicacenter.org\/join-the-fight\/become-a-pro-bono-partner\/\" target=\"\" href=\"https:\/\/amicacenter.org\/join-the-fight\/become-a-pro-bono-partner\/\" target=\"\">\n      <span class=\"text\">\n    Ver programa pro bono\n          <\/span>\n        <span class=\"img\">\n      <svg width=\"24\" height=\"24\" viewBox=\"0 0 24 24\" fill=\"none\" aria-label=\"right\"\n  xmlns=\"http:\/\/www.w3.org\/2000\/svg\">\n  <path d=\"M16.3152 16.668C15.9247 17.0585 15.9247 17.6917 16.3152 18.0822C16.7058 18.4728 17.3389 18.4728 17.7294 18.0822L22.395 13.4166C23.1761 12.6356 23.1761 11.3692 22.395 10.5882L17.7266 5.91978C17.3361 5.52926 16.7029 5.52926 16.3124 5.91978C15.9219 6.31031 15.9219 6.94347 16.3124 7.334L19.9784 11L1.99997 11C1.44769 11 0.999973 11.4477 0.999973 12C0.999973 12.5523 1.44769 13 1.99997 13L19.9832 13L16.3152 16.668Z\" fill=\"currentColor\"\/>\n<\/svg>    <\/span>\n  <\/a>  <\/p>\n<\/div>            <\/div>\n          <\/li>\n                  <li class=\"before:border-t-2 before:border-dark before:w-10\/12 before:self-center pt-inner flex flex-col gap-inner\">\n                        <div class=\"copy\">\n              <div data-repeater=\"true\" class=\"partial-copy flex flex-col flex-1 text-center space-y-inner is-repeater\">\n  <div class=\"copy--headline break-words space-y-inner\">\n              <h3 class=\"display display-3 mb-0\" class=\"mb-0\">\n    Eventos\n  <\/h3>          <\/div>\n  <div class=\"copy--body space-y-min\">\n                  <div class=\"partial-copy--lead-copy\">\n                  <div class=\"partial-copy--copy body-2\"><p>Consulta los pr\u00f3ximos actos, eventos para recaudar fondos, cursos de formaci\u00f3n, seminarios web y mucho m\u00e1s, tanto presenciales como virtuales.<\/p>\n<\/div>\n              <\/div>\n      <\/div>\n  <p class=\"partial-copy--cta\">\n    <a class=\"button-link button-icon\" href=\"https:\/\/amicacenter.org\/join-the-fight\/events\/\" target=\"\" href=\"https:\/\/amicacenter.org\/join-the-fight\/events\/\" target=\"\">\n      <span class=\"text\">\n    Ver eventos\n          <\/span>\n        <span class=\"img\">\n      <svg width=\"24\" height=\"24\" viewBox=\"0 0 24 24\" fill=\"none\" aria-label=\"right\"\n  xmlns=\"http:\/\/www.w3.org\/2000\/svg\">\n  <path d=\"M16.3152 16.668C15.9247 17.0585 15.9247 17.6917 16.3152 18.0822C16.7058 18.4728 17.3389 18.4728 17.7294 18.0822L22.395 13.4166C23.1761 12.6356 23.1761 11.3692 22.395 10.5882L17.7266 5.91978C17.3361 5.52926 16.7029 5.52926 16.3124 5.91978C15.9219 6.31031 15.9219 6.94347 16.3124 7.334L19.9784 11L1.99997 11C1.44769 11 0.999973 11.4477 0.999973 12C0.999973 12.5523 1.44769 13 1.99997 13L19.9832 13L16.3152 16.668Z\" fill=\"currentColor\"\/>\n<\/svg>    <\/span>\n  <\/a>  <\/p>\n<\/div>            <\/div>\n          <\/li>\n                  <\/ul>\n  <\/div>\n<\/section>\n<section class=\"section--form grid-half md:min-h-screen bg-verdant\" \n    id=\"unase-a-nuestra-lista-de-correo-electronico\"\n  aria-label=\"\u00danase a nuestra lista de correo electr\u00f3nico\" \n>\n  <div class=\"form--copy\">\n    <div class=\"self-center\">\n      <div data-repeater=\"false\" class=\"partial-copy flex flex-col flex-1 text-left space-y-inner\">\n  <div class=\"copy--headline break-words space-y-inner\">\n              <p class=\"display display-1 mb-0\" class=\"mb-0\">\n    \u00danase a nuestra lista de correo electr\u00f3nico\n  <\/p>          <\/div>\n  <div class=\"copy--body space-y-min\">\n          <p class=\"subhead subhead-2 mb-0\" class=\"mb-0\">\n    Este es solo el comienzo.\n  <\/p>                  <div class=\"partial-copy--lead-copy\">\n                  <div class=\"partial-copy--copy body-1\"><p>Sea el primero en enterarse de alertas de acci\u00f3n, oportunidades de voluntariado, actualizaciones legales y m\u00e1s en el movimiento para crear un sistema de inmigraci\u00f3n m\u00e1s humanitario y justo.<\/p>\n<\/div>\n              <\/div>\n      <\/div>\n<\/div>    <\/div>\n  <\/div>\n  <div class=\"form--form\">\n    <div class=\"self-center !h-auto p-half xxl:p-full card\">\n              <script type='text\/javascript' src='https:\/\/static.everyaction.com\/ea-actiontag\/at.js' crossorigin='anonymous'><\/script>\n\n        <div class=\"ngp-form\" data-form-url=\"https:\/\/secure.everyaction.com\/v1\/Forms\/ati5f65XbEa-HNcVIsfxnQ2\" data-fastaction-endpoint=\"https:\/\/fastaction.ngpvan.com\" data-inline-errors=\"true\" data-fastaction-nologin=\"true\" data-databag-endpoint=\"https:\/\/profile.ngpvan.com\" data-databag=\"everybody\" data-mobile-autofocus=\"false\">\n<\/div>\n                <\/div>\n  <\/div>\n<\/section>\n","protected":false},"excerpt":{"rendered":"","protected":false},"author":10,"featured_media":1325,"parent":3283,"menu_order":0,"comment_status":"closed","ping_status":"closed","template":"","meta":{"_acf_changed":false,"inline_featured_image":false,"footnotes":""},"class_list":["post-3299","page","type-page","status-publish","has-post-thumbnail","hentry","bg-white -mt-px py-full"],"acf":[],"_links":{"self":[{"href":"https:\/\/amicacenter.org\/es\/wp-json\/wp\/v2\/pages\/3299","targetHints":{"allow":["GET"]}}],"collection":[{"href":"https:\/\/amicacenter.org\/es\/wp-json\/wp\/v2\/pages"}],"about":[{"href":"https:\/\/amicacenter.org\/es\/wp-json\/wp\/v2\/types\/page"}],"author":[{"embeddable":true,"href":"https:\/\/amicacenter.org\/es\/wp-json\/wp\/v2\/users\/10"}],"replies":[{"embeddable":true,"href":"https:\/\/amicacenter.org\/es\/wp-json\/wp\/v2\/comments?post=3299"}],"version-history":[{"count":9,"href":"https:\/\/amicacenter.org\/es\/wp-json\/wp\/v2\/pages\/3299\/revisions"}],"predecessor-version":[{"id":5361,"href":"https:\/\/amicacenter.org\/es\/wp-json\/wp\/v2\/pages\/3299\/revisions\/5361"}],"up":[{"embeddable":true,"href":"https:\/\/amicacenter.org\/es\/wp-json\/wp\/v2\/pages\/3283"}],"wp:featuredmedia":[{"embeddable":true,"href":"https:\/\/amicacenter.org\/es\/wp-json\/wp\/v2\/media\/1325"}],"wp:attachment":[{"href":"https:\/\/amicacenter.org\/es\/wp-json\/wp\/v2\/media?parent=3299"}],"curies":[{"name":"wp","href":"https:\/\/api.w.org\/{rel}","templated":true}]}}