{"id":3354,"date":"2024-05-02T23:29:24","date_gmt":"2024-05-03T03:29:24","guid":{"rendered":"https:\/\/amicacenter.org\/consejo-de-administracion\/"},"modified":"2025-04-09T18:36:22","modified_gmt":"2025-04-09T22:36:22","slug":"consejo-de-administracion","status":"publish","type":"page","link":"https:\/\/amicacenter.org\/es\/acerca-de-nosotros\/consejo-de-administracion\/","title":{"rendered":"Consejo de Administraci\u00f3n"},"content":{"rendered":"<section data-block=\"true\" class=\"section--hero section--hero-megatext bg-white pt-full pb-max\"\n  id=\"consejo-de-administracion\"\n  aria-label=\"Consejo de Administraci\u00f3n\" \n  >\n      <div class=\"fluid-container\">\n      <div data-repeater=\"false\" class=\"partial-copy flex flex-col flex-1 text-megatext space-y-half pb-full\">\n  <div class=\"copy--headline break-words space-y-half\">\n              <h1 class=\"display display-super mb-0\" class=\"mb-0\">\n    Consejo de Administraci\u00f3n\n  <\/h1>          <\/div>\n  <div class=\"copy--body space-y-min\">\n          <p class=\"subhead subhead-2 mb-0\" class=\"mb-0\">\n    Los miembros de nuestro consejo proporcionan supervisi\u00f3n, orientaci\u00f3n estrat\u00e9gica y ayudan a garantizar que disponemos de los recursos necesarios para alcanzar nuestros objetivos.\n  <\/p>              <\/div>\n<\/div>\n          <aside>\n<div class=\"partial--folder-tab z-higher-content relative !max-w-none color-dark border-dark border-b-[6px] md:border-b-8 lg:border-b-[10px]\" aria-hidden=\"true\">\n  <svg class=\"hidden text-inherit lg:flex -mb-px\" width=\"187\" height=\"25\" viewBox=\"0 0 187 25\" fill=\"none\" xmlns=\"http:\/\/www.w3.org\/2000\/svg\">\n    <path d=\"M174.305 0H0V24.211H186.312L182.003 6.07219C181.158 2.51308 177.972 0 174.305 0Z\" fill=\"currentColor\"\/>\n  <\/svg>\n\n  <svg class=\"hidden text-inherit md:flex lg:hidden -mb-px\" width=\"139\" height=\"21\" viewBox=\"0 0 139 21\" fill=\"none\" xmlns=\"http:\/\/www.w3.org\/2000\/svg\">\n    <path d=\"M126.305 0H0V20.211H138.312L134.003 6.07219C133.158 2.51308 129.972 0 126.305 0Z\" fill=\"currentColor\"\/>\n  <\/svg>\n\n  <svg class=\"flex text-inherit md:hidden -mb-px\" width=\"80\" height=\"15\" viewBox=\"0 0 80 15\" fill=\"none\" xmlns=\"http:\/\/www.w3.org\/2000\/svg\">\n    <path d=\"M75.7219 4.00863C74.8769 1.60689 72.6081 0 70.062 0H0V14.211H79.3115L75.7219 4.00863Z\" fill=\"currentColor\"\/>\n  <\/svg>\n<\/div>\n<\/aside>\n        <\/div>\n  <\/section>\n\n\n<section class=\"section--color-card-repeater bg-white\"\n  id=\"funcionarios-de-la-junta\"\n  aria-label=\"Funcionarios de la Junta\"\n>\n      <div class=\"fluid-container grid-12 col-span-full row-span-full z-content partials--one-column\">\n  <div class=\"col-narrow\">\n    <div data-repeater=\"false\" class=\"partial-copy flex flex-col flex-1 mb-half text-center space-y-inner\">\n  <div class=\"copy--headline break-words space-y-inner\">\n              <h2 class=\"display display-2 mb-0\" class=\"mb-0\">\n    Funcionarios de la Junta\n  <\/h2>          <\/div>\n<\/div>  <\/div>\n<\/div>    <div class=\"fluid-container\">\n    <ul class=\"grid list-none ml-0 pt-half gap-narrow grid-12 lg:grid-cols-none lg:auto-cols-fr lg:grid-flow-col\">\n                      <li class=\"col-span-full md:col-span-6 lg:col-auto\">\n          <div class=\"component--card\" >\n\n      <div\n      class=\"card group card-solid\"\n    >\n            <div data-repeater=\"true\" class=\"partial-copy flex flex-col flex-1 text-stretch space-y-inner is-repeater in-card component--card-copy z-content p-half \">\n  <div class=\"copy--body space-y-min\">\n          <h3 class=\"subhead subhead-2 mb-0\" class=\"mb-0\">\n    Andrew J. Genz\n  <\/h3>                  <div class=\"partial-copy--lead-copy\">\n                  <div class=\"partial-copy--copy body-2\"><p>&nbsp;<\/p>\n<p><strong>Presidente<\/strong><\/p>\n<\/div>\n              <\/div>\n      <\/div>\n<\/div>\n\n      <\/div>\n  <\/div>        <\/li>\n                      <li class=\"col-span-full md:col-span-6 lg:col-auto\">\n          <div class=\"component--card\" >\n\n      <div\n      class=\"card group card-solid\"\n    >\n            <div data-repeater=\"true\" class=\"partial-copy flex flex-col flex-1 text-stretch space-y-inner is-repeater in-card component--card-copy z-content p-half \">\n  <div class=\"copy--body space-y-min\">\n          <h3 class=\"subhead subhead-2 mb-0\" class=\"mb-0\">\n    Sharita Gruberg\n  <\/h3>                  <div class=\"partial-copy--lead-copy\">\n                  <div class=\"partial-copy--copy body-2\"><p>&nbsp;<\/p>\n<p><strong>Vicepresidenta<\/strong><\/p>\n<p>Asociaci\u00f3n Nacional para Mujeres y Familias<\/p>\n<\/div>\n              <\/div>\n      <\/div>\n<\/div>\n\n      <\/div>\n  <\/div>        <\/li>\n                      <li class=\"col-span-full md:col-span-6 lg:col-auto\">\n          <div class=\"component--card\" >\n\n      <div\n      class=\"card group card-solid\"\n    >\n            <div data-repeater=\"true\" class=\"partial-copy flex flex-col flex-1 text-stretch space-y-inner is-repeater in-card component--card-copy z-content p-half \">\n  <div class=\"copy--body space-y-min\">\n          <h3 class=\"subhead subhead-2 mb-0\" class=\"mb-0\">\n    Vincent C. van Panhuys\n  <\/h3>                  <div class=\"partial-copy--lead-copy\">\n                  <div class=\"partial-copy--copy body-2\"><p>&nbsp;<\/p>\n<p><strong>Secretario<\/strong><\/p>\n<p>Caterpillar Inc.<\/p>\n<\/div>\n              <\/div>\n      <\/div>\n<\/div>\n\n      <\/div>\n  <\/div>        <\/li>\n                      <li class=\"col-span-full md:col-span-6 lg:col-auto\">\n          <div class=\"component--card\" >\n\n      <div\n      class=\"card group card-solid\"\n    >\n            <div data-repeater=\"true\" class=\"partial-copy flex flex-col flex-1 text-stretch space-y-inner is-repeater in-card component--card-copy z-content p-half \">\n  <div class=\"copy--body space-y-min\">\n          <h3 class=\"subhead subhead-2 mb-0\" class=\"mb-0\">\n    Sheena Pegarido\n  <\/h3>                  <div class=\"partial-copy--lead-copy\">\n                  <div class=\"partial-copy--copy body-2\"><p>&nbsp;<\/p>\n<p><strong>Tesorero<\/strong><\/p>\n<p>Socios estrat\u00e9gicos de LINK<\/p>\n<\/div>\n              <\/div>\n      <\/div>\n<\/div>\n\n      <\/div>\n  <\/div>        <\/li>\n          <\/ul>\n  <\/div>\n<\/section>\n\n\n<section class=\"bg-white wp-block-people\" style=\"\">\n\n      <div class=\"fluid-container grid-12 col-span-full row-span-full z-content partials--one-column\">\n  <div class=\"col-narrow\">\n    <div data-repeater=\"false\" class=\"partial-copy flex flex-col flex-1 text-center space-y-inner\">\n  <div class=\"copy--headline break-words space-y-inner\">\n              <h2 class=\"display display-2 mb-0\" class=\"mb-0\">\n    Board of Directors\n  <\/h2>          <\/div>\n<\/div>  <\/div>\n<\/div>\n    <div class=\"fluid-container mt-full\">\n    <ul class=\"grid list-none ml-0 gap-y-wide gap-x-narrow md:grid-cols-2 lg:grid-cols-4\">\n                        <li class=\"flex flex-col\">\n            <div class=\"copy flex flex-col gap-y-min\">\n                                                <h3 class=\"subhead subhead-2\" >\n    Sharita Gruberg, Abogada\n  <\/h3>                                                  <div class=\"flex gap-2 flex-col\">\n                     <h3 class=\"subhead subhead-3\" >\n    Vice President\n  <\/h3>                     <p class=\"body body-2\">National Partnership for Women and Families<\/p>                  <\/div>\n                                                          <\/div>\n          <\/li>\n                  <li class=\"flex flex-col\">\n            <div class=\"copy flex flex-col gap-y-min\">\n                                                <h3 class=\"subhead subhead-2\" >\n    Daniela Anello\n  <\/h3>                                                  <div class=\"flex gap-2 flex-col\">\n                                         <p class=\"body body-2\">DC Bilingual Charter School<\/p>                  <\/div>\n                                                          <\/div>\n          <\/li>\n                  <li class=\"flex flex-col\">\n            <div class=\"copy flex flex-col gap-y-min\">\n                                                <h3 class=\"subhead subhead-2\" >\n    Amanda Berman\n  <\/h3>                                                  <div class=\"flex gap-2 flex-col\">\n                                         <p class=\"body body-2\">Crowell &#038; Moring<\/p>                  <\/div>\n                                                          <\/div>\n          <\/li>\n                  <li class=\"flex flex-col\">\n            <div class=\"copy flex flex-col gap-y-min\">\n                                                <h3 class=\"subhead subhead-2\" >\n    Catherine A. Bernard\n  <\/h3>                                                  <div class=\"flex gap-2 flex-col\">\n                                         <p class=\"body body-2\">Mayer Brown LLP<\/p>                  <\/div>\n                                                          <\/div>\n          <\/li>\n                  <li class=\"flex flex-col\">\n            <div class=\"copy flex flex-col gap-y-min\">\n                                                <h3 class=\"subhead subhead-2\" >\n    Daniel S. Blynn\n  <\/h3>                                                  <div class=\"flex gap-2 flex-col\">\n                                         <p class=\"body body-2\">Steptoe &#038; Johnson LLP<\/p>                  <\/div>\n                                                          <\/div>\n          <\/li>\n                  <li class=\"flex flex-col\">\n            <div class=\"copy flex flex-col gap-y-min\">\n                                                <h3 class=\"subhead subhead-2\" >\n    Himedes V. Chicas\n  <\/h3>                                                  <div class=\"flex gap-2 flex-col\">\n                                         <p class=\"body body-2\">Jezic &#038; Moyse, LLC<\/p>                  <\/div>\n                                                          <\/div>\n          <\/li>\n                  <li class=\"flex flex-col\">\n            <div class=\"copy flex flex-col gap-y-min\">\n                                                <h3 class=\"subhead subhead-2\" >\n    Margaret Daum\n  <\/h3>                                                  <div class=\"flex gap-2 flex-col\">\n                                         <p class=\"body body-2\">Ford Motor Company<\/p>                  <\/div>\n                                                          <\/div>\n          <\/li>\n                  <li class=\"flex flex-col\">\n            <div class=\"copy flex flex-col gap-y-min\">\n                                                <h3 class=\"subhead subhead-2\" >\n    Michael Collins\n  <\/h3>                                                  <div class=\"flex gap-2 flex-col\">\n                                         <p class=\"body body-2\">Accenture<\/p>                  <\/div>\n                                                          <\/div>\n          <\/li>\n                  <li class=\"flex flex-col\">\n            <div class=\"copy flex flex-col gap-y-min\">\n                                                <h3 class=\"subhead subhead-2\" >\n    Lynne Cripe\n  <\/h3>                                                  <div class=\"flex gap-2 flex-col\">\n                                         <p class=\"body body-2\">The KonTerra Group<\/p>                  <\/div>\n                                                          <\/div>\n          <\/li>\n                  <li class=\"flex flex-col\">\n            <div class=\"copy flex flex-col gap-y-min\">\n                                                <h3 class=\"subhead subhead-2\" >\n    Lee Neel Davis\n  <\/h3>                                                  <div class=\"flex gap-2 flex-col\">\n                                         <p class=\"body body-2\">AvalonBay Communities, Inc.<\/p>                  <\/div>\n                                                          <\/div>\n          <\/li>\n                  <li class=\"flex flex-col\">\n            <div class=\"copy flex flex-col gap-y-min\">\n                                                <h3 class=\"subhead subhead-2\" >\n    David Friedland\n  <\/h3>                                                  <div class=\"flex gap-2 flex-col\">\n                                         <p class=\"body body-2\">Beveridge &#038; Diamond PC<\/p>                  <\/div>\n                                                          <\/div>\n          <\/li>\n                  <li class=\"flex flex-col\">\n            <div class=\"copy flex flex-col gap-y-min\">\n                                                <h3 class=\"subhead subhead-2\" >\n    Deeona R. Gaskin\n  <\/h3>                                                  <div class=\"flex gap-2 flex-col\">\n                                         <p class=\"body body-2\">Sidley Austin LLP<\/p>                  <\/div>\n                                                          <\/div>\n          <\/li>\n                  <li class=\"flex flex-col\">\n            <div class=\"copy flex flex-col gap-y-min\">\n                                                <h3 class=\"subhead subhead-2\" >\n    Henry Liu\n  <\/h3>                                                                          <\/div>\n          <\/li>\n                  <li class=\"flex flex-col\">\n            <div class=\"copy flex flex-col gap-y-min\">\n                                                <h3 class=\"subhead subhead-2\" >\n    Mattie Hutton\n  <\/h3>                                                  <div class=\"flex gap-2 flex-col\">\n                                         <p class=\"body body-2\">O&#8217;Melveny &#038; Myers LLP<\/p>                  <\/div>\n                                                          <\/div>\n          <\/li>\n                  <li class=\"flex flex-col\">\n            <div class=\"copy flex flex-col gap-y-min\">\n                                                <h3 class=\"subhead subhead-2\" >\n    Bhanu Mathur\n  <\/h3>                                                  <div class=\"flex gap-2 flex-col\">\n                                         <p class=\"body body-2\">Alston &#038; Bird LLP<\/p>                  <\/div>\n                                                          <\/div>\n          <\/li>\n                  <li class=\"flex flex-col\">\n            <div class=\"copy flex flex-col gap-y-min\">\n                                                <h3 class=\"subhead subhead-2\" >\n    Jayesh Rathod\n  <\/h3>                                                  <div class=\"flex gap-2 flex-col\">\n                                         <p class=\"body body-2\">American University Washington College of Law<\/p>                  <\/div>\n                                                          <\/div>\n          <\/li>\n                  <li class=\"flex flex-col\">\n            <div class=\"copy flex flex-col gap-y-min\">\n                                                <h3 class=\"subhead subhead-2\" >\n    William Reynolds\n  <\/h3>                                                  <div class=\"flex gap-2 flex-col\">\n                                         <p class=\"body body-2\">Freddie Mac<\/p>                  <\/div>\n                                                          <\/div>\n          <\/li>\n                  <li class=\"flex flex-col\">\n            <div class=\"copy flex flex-col gap-y-min\">\n                                                <h3 class=\"subhead subhead-2\" >\n    Sheena Pegarido\n  <\/h3>                                                  <div class=\"flex gap-2 flex-col\">\n                     <h3 class=\"subhead subhead-3\" >\n    Treasurer\n  <\/h3>                     <p class=\"body body-2\">LINK Strategic Partners<\/p>                  <\/div>\n                                                          <\/div>\n          <\/li>\n                  <\/ul>\n<\/div>\n      \n<\/section>\n","protected":false},"excerpt":{"rendered":"","protected":false},"author":10,"featured_media":0,"parent":3883,"menu_order":0,"comment_status":"closed","ping_status":"closed","template":"","meta":{"_acf_changed":false,"inline_featured_image":false,"footnotes":""},"class_list":["post-3354","page","type-page","status-publish","hentry","bg-white -mt-px py-full"],"acf":[],"_links":{"self":[{"href":"https:\/\/amicacenter.org\/es\/wp-json\/wp\/v2\/pages\/3354","targetHints":{"allow":["GET"]}}],"collection":[{"href":"https:\/\/amicacenter.org\/es\/wp-json\/wp\/v2\/pages"}],"about":[{"href":"https:\/\/amicacenter.org\/es\/wp-json\/wp\/v2\/types\/page"}],"author":[{"embeddable":true,"href":"https:\/\/amicacenter.org\/es\/wp-json\/wp\/v2\/users\/10"}],"replies":[{"embeddable":true,"href":"https:\/\/amicacenter.org\/es\/wp-json\/wp\/v2\/comments?post=3354"}],"version-history":[{"count":2,"href":"https:\/\/amicacenter.org\/es\/wp-json\/wp\/v2\/pages\/3354\/revisions"}],"predecessor-version":[{"id":5832,"href":"https:\/\/amicacenter.org\/es\/wp-json\/wp\/v2\/pages\/3354\/revisions\/5832"}],"up":[{"embeddable":true,"href":"https:\/\/amicacenter.org\/es\/wp-json\/wp\/v2\/pages\/3883"}],"wp:attachment":[{"href":"https:\/\/amicacenter.org\/es\/wp-json\/wp\/v2\/media?parent=3354"}],"curies":[{"name":"wp","href":"https:\/\/api.w.org\/{rel}","templated":true}]}}