{"id":3356,"date":"2024-05-21T21:25:15","date_gmt":"2024-05-22T01:25:15","guid":{"rendered":"https:\/\/amicacenter.org\/comite-asesor-juridico\/"},"modified":"2024-06-24T20:25:23","modified_gmt":"2024-06-25T00:25:23","slug":"comite-asesor-juridico","status":"publish","type":"page","link":"https:\/\/amicacenter.org\/es\/acerca-de-nosotros\/comite-asesor-juridico\/","title":{"rendered":"Comit\u00e9 Asesor Jur\u00eddico"},"content":{"rendered":"<section data-block=\"true\" class=\"section--hero section--hero-megatext bg-white pt-full pb-max\"\n  id=\"comite-asesor-juridico\"\n  aria-label=\"Comit\u00e9 Asesor Jur\u00eddico\" \n  >\n      <div class=\"fluid-container\">\n      <div data-repeater=\"false\" class=\"partial-copy flex flex-col flex-1 text-megatext space-y-half pb-full\">\n  <div class=\"copy--headline break-words space-y-half\">\n              <h1 class=\"display display-super mb-0\" class=\"mb-0\">\n    Comit\u00e9 Asesor Jur\u00eddico\n  <\/h1>          <\/div>\n  <div class=\"copy--body space-y-min\">\n          <p class=\"subhead subhead-2 mb-0\" class=\"mb-0\">\n    Nuestros miembros de la Asesor\u00eda Jur\u00eddica son nuestros paladines, y nos ayudan a lidiar con cuestiones pol\u00edticas y jur\u00eddicas para que nuestro trabajo siga siendo centrado y eficaz.\n  <\/p>              <\/div>\n<\/div>\n          <aside>\n<div class=\"partial--folder-tab z-higher-content relative !max-w-none color-dark border-dark border-b-[6px] md:border-b-8 lg:border-b-[10px]\" aria-hidden=\"true\">\n  <svg class=\"hidden text-inherit lg:flex -mb-px\" width=\"187\" height=\"25\" viewBox=\"0 0 187 25\" fill=\"none\" xmlns=\"http:\/\/www.w3.org\/2000\/svg\">\n    <path d=\"M174.305 0H0V24.211H186.312L182.003 6.07219C181.158 2.51308 177.972 0 174.305 0Z\" fill=\"currentColor\"\/>\n  <\/svg>\n\n  <svg class=\"hidden text-inherit md:flex lg:hidden -mb-px\" width=\"139\" height=\"21\" viewBox=\"0 0 139 21\" fill=\"none\" xmlns=\"http:\/\/www.w3.org\/2000\/svg\">\n    <path d=\"M126.305 0H0V20.211H138.312L134.003 6.07219C133.158 2.51308 129.972 0 126.305 0Z\" fill=\"currentColor\"\/>\n  <\/svg>\n\n  <svg class=\"flex text-inherit md:hidden -mb-px\" width=\"80\" height=\"15\" viewBox=\"0 0 80 15\" fill=\"none\" xmlns=\"http:\/\/www.w3.org\/2000\/svg\">\n    <path d=\"M75.7219 4.00863C74.8769 1.60689 72.6081 0 70.062 0H0V14.211H79.3115L75.7219 4.00863Z\" fill=\"currentColor\"\/>\n  <\/svg>\n<\/div>\n<\/aside>\n        <\/div>\n  <\/section>\n<section class=\"bg-white wp-block-people\" style=\"\">\n\n      <div class=\"fluid-container grid-12 col-span-full row-span-full z-content partials--one-column\">\n  <div class=\"col-narrow\">\n    <div data-repeater=\"false\" class=\"partial-copy flex flex-col flex-1 text-center space-y-inner\">\n  <div class=\"copy--headline break-words space-y-inner\">\n              <h2 class=\"display display-2 mb-0\" class=\"mb-0\">\n    Legal Advisory Committee\n  <\/h2>          <\/div>\n<\/div>  <\/div>\n<\/div>\n    <div class=\"fluid-container mt-full\">\n    <ul class=\"grid list-none ml-0 gap-y-wide gap-x-narrow md:grid-cols-2 lg:grid-cols-2\">\n                        <li class=\"flex flex-col\">\n            <div class=\"copy flex flex-col gap-y-min\">\n                                                <h3 class=\"subhead subhead-2\" >\n    Ron Schechter\n  <\/h3>                                                  <div class=\"flex gap-2 flex-col\">\n                                         <p class=\"body body-2\">Arnold &#038; Porter<\/p>                  <\/div>\n                                                          <\/div>\n          <\/li>\n                  <li class=\"flex flex-col\">\n            <div class=\"copy flex flex-col gap-y-min\">\n                                                <h3 class=\"subhead subhead-2\" >\n    Lindsay Arrieta\n  <\/h3>                                                  <div class=\"flex gap-2 flex-col\">\n                                         <p class=\"body body-2\">Paul Hastings LLP<\/p>                  <\/div>\n                                                          <\/div>\n          <\/li>\n                  <li class=\"flex flex-col\">\n            <div class=\"copy flex flex-col gap-y-min\">\n                                                <h3 class=\"subhead subhead-2\" >\n    Lawrence A. Schneider\n  <\/h3>                                                  <div class=\"flex gap-2 flex-col\">\n                     <h3 class=\"subhead subhead-3\" >\n    Chair\n  <\/h3>                     <p class=\"body body-2\">Arnold &#038; Porter <\/p>                  <\/div>\n                                                          <\/div>\n          <\/li>\n                  <li class=\"flex flex-col\">\n            <div class=\"copy flex flex-col gap-y-min\">\n                                                <h3 class=\"subhead subhead-2\" >\n    Leigh Barton\n  <\/h3>                                                  <div class=\"flex gap-2 flex-col\">\n                                         <p class=\"body body-2\">Beveridge &#038; Diamond PC<\/p>                  <\/div>\n                                                          <\/div>\n          <\/li>\n                  <li class=\"flex flex-col\">\n            <div class=\"copy flex flex-col gap-y-min\">\n                                                <h3 class=\"subhead subhead-2\" >\n    Rachel Beck\n  <\/h3>                                                  <div class=\"flex gap-2 flex-col\">\n                                         <p class=\"body body-2\">Faegre Drinker Biddle &#038; Reath LLP<\/p>                  <\/div>\n                                                          <\/div>\n          <\/li>\n                  <li class=\"flex flex-col\">\n            <div class=\"copy flex flex-col gap-y-min\">\n                                                <h3 class=\"subhead subhead-2\" >\n    Claire Bergeron\n  <\/h3>                                                  <div class=\"flex gap-2 flex-col\">\n                                         <p class=\"body body-2\">WilmerHale LLP<\/p>                  <\/div>\n                                                          <\/div>\n          <\/li>\n                  <li class=\"flex flex-col\">\n            <div class=\"copy flex flex-col gap-y-min\">\n                                                <h3 class=\"subhead subhead-2\" >\n    Eileen Blessinger\n  <\/h3>                                                  <div class=\"flex gap-2 flex-col\">\n                                         <p class=\"body body-2\">Blessinger Legal PLLC<\/p>                  <\/div>\n                                                          <\/div>\n          <\/li>\n                  <li class=\"flex flex-col\">\n            <div class=\"copy flex flex-col gap-y-min\">\n                                                <h3 class=\"subhead subhead-2\" >\n    Alicia Burns-Wright\n  <\/h3>                                                  <div class=\"flex gap-2 flex-col\">\n                                         <p class=\"body body-2\">TikTok<\/p>                  <\/div>\n                                                          <\/div>\n          <\/li>\n                  <li class=\"flex flex-col\">\n            <div class=\"copy flex flex-col gap-y-min\">\n                                                <h3 class=\"subhead subhead-2\" >\n    Ankur Desai\n  <\/h3>                                                  <div class=\"flex gap-2 flex-col\">\n                                         <p class=\"body body-2\">DLA Piper LLP<\/p>                  <\/div>\n                                                          <\/div>\n          <\/li>\n                  <li class=\"flex flex-col\">\n            <div class=\"copy flex flex-col gap-y-min\">\n                                                <h3 class=\"subhead subhead-2\" >\n    Erin Drenning\n  <\/h3>                                                  <div class=\"flex gap-2 flex-col\">\n                                         <p class=\"body body-2\">Hogan Lovells US LLP<\/p>                  <\/div>\n                                                          <\/div>\n          <\/li>\n                  <li class=\"flex flex-col\">\n            <div class=\"copy flex flex-col gap-y-min\">\n                                                <h3 class=\"subhead subhead-2\" >\n    Kerensa Gimre\n  <\/h3>                                                  <div class=\"flex gap-2 flex-col\">\n                                         <p class=\"body body-2\">Perkins Coie LLP<\/p>                  <\/div>\n                                                          <\/div>\n          <\/li>\n                  <li class=\"flex flex-col\">\n            <div class=\"copy flex flex-col gap-y-min\">\n                                                <h3 class=\"subhead subhead-2\" >\n    John Ingrassia\n  <\/h3>                                                  <div class=\"flex gap-2 flex-col\">\n                                         <p class=\"body body-2\">Proskauer Rose LLP<\/p>                  <\/div>\n                                                          <\/div>\n          <\/li>\n                  <li class=\"flex flex-col\">\n            <div class=\"copy flex flex-col gap-y-min\">\n                                                <h3 class=\"subhead subhead-2\" >\n    Jon B. Jacobs\n  <\/h3>                                                  <div class=\"flex gap-2 flex-col\">\n                                         <p class=\"body body-2\">Perkins Coie LLP<\/p>                  <\/div>\n                                                          <\/div>\n          <\/li>\n                  <li class=\"flex flex-col\">\n            <div class=\"copy flex flex-col gap-y-min\">\n                                                <h3 class=\"subhead subhead-2\" >\n    Clara Kollm\n  <\/h3>                                                  <div class=\"flex gap-2 flex-col\">\n                                         <p class=\"body body-2\">Morgan, Lewis &#038; Bockius LLP<\/p>                  <\/div>\n                                                          <\/div>\n          <\/li>\n                  <li class=\"flex flex-col\">\n            <div class=\"copy flex flex-col gap-y-min\">\n                                                <h3 class=\"subhead subhead-2\" >\n    Shauna Kramer\n  <\/h3>                                                  <div class=\"flex gap-2 flex-col\">\n                                         <p class=\"body body-2\">Williams &#038; Connolly LLP<\/p>                  <\/div>\n                                                          <\/div>\n          <\/li>\n                  <li class=\"flex flex-col\">\n            <div class=\"copy flex flex-col gap-y-min\">\n                                                <h3 class=\"subhead subhead-2\" >\n    Samantha Miller\n  <\/h3>                                                  <div class=\"flex gap-2 flex-col\">\n                                         <p class=\"body body-2\">Zuckerman Spaeder LLP<\/p>                  <\/div>\n                                                          <\/div>\n          <\/li>\n                  <li class=\"flex flex-col\">\n            <div class=\"copy flex flex-col gap-y-min\">\n                                                <h3 class=\"subhead subhead-2\" >\n    Tina Murphy\n  <\/h3>                                                  <div class=\"flex gap-2 flex-col\">\n                                         <p class=\"body body-2\">Fish &#038; Richardson P.C.<\/p>                  <\/div>\n                                                          <\/div>\n          <\/li>\n                  <li class=\"flex flex-col\">\n            <div class=\"copy flex flex-col gap-y-min\">\n                                                <h3 class=\"subhead subhead-2\" >\n    Jeffrey Oliver\n  <\/h3>                                                  <div class=\"flex gap-2 flex-col\">\n                                         <p class=\"body body-2\">Baker Botts LLP<\/p>                  <\/div>\n                                                          <\/div>\n          <\/li>\n                  <li class=\"flex flex-col\">\n            <div class=\"copy flex flex-col gap-y-min\">\n                                                <h3 class=\"subhead subhead-2\" >\n    Brian Quinn\n  <\/h3>                                                  <div class=\"flex gap-2 flex-col\">\n                                         <p class=\"body body-2\">O\u2019Melveny &#038; Myers LLP<\/p>                  <\/div>\n                                                          <\/div>\n          <\/li>\n                  <li class=\"flex flex-col\">\n            <div class=\"copy flex flex-col gap-y-min\">\n                                                <h3 class=\"subhead subhead-2\" >\n    Tiana Rusell\n  <\/h3>                                                  <div class=\"flex gap-2 flex-col\">\n                                         <p class=\"body body-2\">Crowell &#038; Moring LLP<\/p>                  <\/div>\n                                                          <\/div>\n          <\/li>\n                  <li class=\"flex flex-col\">\n            <div class=\"copy flex flex-col gap-y-min\">\n                                                <h3 class=\"subhead subhead-2\" >\n    Anna Schaffner\n  <\/h3>                                                  <div class=\"flex gap-2 flex-col\">\n                                         <p class=\"body body-2\">Wiley Rein<\/p>                  <\/div>\n                                                          <\/div>\n          <\/li>\n                  <li class=\"flex flex-col\">\n            <div class=\"copy flex flex-col gap-y-min\">\n                                                <h3 class=\"subhead subhead-2\" >\n    Penny Shamblin\n  <\/h3>                                                  <div class=\"flex gap-2 flex-col\">\n                                         <p class=\"body body-2\">Hunton &#038; Williams LLP<\/p>                  <\/div>\n                                                          <\/div>\n          <\/li>\n                  <li class=\"flex flex-col\">\n            <div class=\"copy flex flex-col gap-y-min\">\n                                                <h3 class=\"subhead subhead-2\" >\n    Josh Siegel\n  <\/h3>                                                  <div class=\"flex gap-2 flex-col\">\n                                         <p class=\"body body-2\">Cooley LLP<\/p>                  <\/div>\n                                                          <\/div>\n          <\/li>\n                  <li class=\"flex flex-col\">\n            <div class=\"copy flex flex-col gap-y-min\">\n                                                <h3 class=\"subhead subhead-2\" >\n    Joanna Silver\n  <\/h3>                                                  <div class=\"flex gap-2 flex-col\">\n                                         <p class=\"body body-2\">Federal Public Defender\u2019s Office<\/p>                  <\/div>\n                                                          <\/div>\n          <\/li>\n                  <li class=\"flex flex-col\">\n            <div class=\"copy flex flex-col gap-y-min\">\n                                                <h3 class=\"subhead subhead-2\" >\n    Justin Simeone\n  <\/h3>                                                  <div class=\"flex gap-2 flex-col\">\n                                         <p class=\"body body-2\">Freshfields Bruckhaus Deringer<\/p>                  <\/div>\n                                                          <\/div>\n          <\/li>\n                  <li class=\"flex flex-col\">\n            <div class=\"copy flex flex-col gap-y-min\">\n                                                <h3 class=\"subhead subhead-2\" >\n    Meena Sinfelt\n  <\/h3>                                                  <div class=\"flex gap-2 flex-col\">\n                                         <p class=\"body body-2\">Barnes &#038; Thornburg<\/p>                  <\/div>\n                                                          <\/div>\n          <\/li>\n                  <li class=\"flex flex-col\">\n            <div class=\"copy flex flex-col gap-y-min\">\n                                                <h3 class=\"subhead subhead-2\" >\n    Michael Ward\n  <\/h3>                                                  <div class=\"flex gap-2 flex-col\">\n                                         <p class=\"body body-2\">Alston &#038; Bird LLP<\/p>                  <\/div>\n                                                          <\/div>\n          <\/li>\n                  <\/ul>\n<\/div>\n      \n<\/section>\n","protected":false},"excerpt":{"rendered":"","protected":false},"author":10,"featured_media":0,"parent":3883,"menu_order":0,"comment_status":"closed","ping_status":"closed","template":"","meta":{"_acf_changed":false,"inline_featured_image":false,"footnotes":""},"class_list":["post-3356","page","type-page","status-publish","hentry","bg-white -mt-px py-full"],"acf":[],"_links":{"self":[{"href":"https:\/\/amicacenter.org\/es\/wp-json\/wp\/v2\/pages\/3356","targetHints":{"allow":["GET"]}}],"collection":[{"href":"https:\/\/amicacenter.org\/es\/wp-json\/wp\/v2\/pages"}],"about":[{"href":"https:\/\/amicacenter.org\/es\/wp-json\/wp\/v2\/types\/page"}],"author":[{"embeddable":true,"href":"https:\/\/amicacenter.org\/es\/wp-json\/wp\/v2\/users\/10"}],"replies":[{"embeddable":true,"href":"https:\/\/amicacenter.org\/es\/wp-json\/wp\/v2\/comments?post=3356"}],"version-history":[{"count":1,"href":"https:\/\/amicacenter.org\/es\/wp-json\/wp\/v2\/pages\/3356\/revisions"}],"predecessor-version":[{"id":3357,"href":"https:\/\/amicacenter.org\/es\/wp-json\/wp\/v2\/pages\/3356\/revisions\/3357"}],"up":[{"embeddable":true,"href":"https:\/\/amicacenter.org\/es\/wp-json\/wp\/v2\/pages\/3883"}],"wp:attachment":[{"href":"https:\/\/amicacenter.org\/es\/wp-json\/wp\/v2\/media?parent=3356"}],"curies":[{"name":"wp","href":"https:\/\/api.w.org\/{rel}","templated":true}]}}