{"id":3363,"date":"2024-05-22T00:54:04","date_gmt":"2024-05-22T04:54:04","guid":{"rendered":"https:\/\/amicacenter.org\/recursos-juridicos\/"},"modified":"2024-06-24T16:38:51","modified_gmt":"2024-06-24T20:38:51","slug":"recursos-juridicos","status":"publish","type":"page","link":"https:\/\/amicacenter.org\/es\/recursos-juridicos\/","title":{"rendered":"Recursos jur\u00eddicos"},"content":{"rendered":"\n<p><\/p>\n<section data-block=\"true\" class=\"section--hero section--hero-overlay-contained bg-white pt-full pb-max\"\n  id=\"recursos-juridicos\"\n  aria-label=\"  Recursos jur\u00eddicos\" \n  >\n      <div class=\"fluid-container\">\n      <figure>\n    <img loading=\"lazy\" decoding=\"async\" width=\"1200\" height=\"375\" src=\"https:\/\/amicacenter.org\/app\/uploads\/2024\/06\/LegalResources_Hero-1200x375.webp\" class=\"grid-narrow-center rounded-image aspect-hero w-full object-cover\" alt=\"\" srcset=\"https:\/\/amicacenter.org\/app\/uploads\/2024\/06\/LegalResources_Hero-1200x375.webp 1200w, https:\/\/amicacenter.org\/app\/uploads\/2024\/06\/LegalResources_Hero-600x188.webp 600w, https:\/\/amicacenter.org\/app\/uploads\/2024\/06\/LegalResources_Hero-768x240.webp 768w, https:\/\/amicacenter.org\/app\/uploads\/2024\/06\/LegalResources_Hero.webp 1440w\" sizes=\"auto, (max-width: 1200px) 100vw, 1200px\" \/>  <\/figure>      <div data-repeater=\"false\" class=\"partial-copy flex flex-col flex-1 text-overlay-contained space-y-half grid-narrow-center text-center mt-overlay-mega\">\n  <div class=\"copy--headline break-words space-y-half\">\n              <h1\n       class=\"display display-mega mb-0\" class=\"mb-0\">\n    Recursos jur\u00eddicos\n  <\/h1\n      >          <\/div>\n  <div class=\"copy--body space-y-min\">\n                  <div class=\"partial-copy--lead-copy\">\n                  <div class=\"partial-copy--copy body-secondary-1 lg:narrow-container\"><p>Aqu\u00ed encontrar\u00e1s una colecci\u00f3n de recursos relevantes y actualizados dise\u00f1ados para ayudar a apoyar a nuestros socios pro bono y a nuestros compa\u00f1eros defensores de la inmigraci\u00f3n mientras luchamos juntos por un sistema de inmigraci\u00f3n m\u00e1s humano y justo.<\/p>\n<\/div>\n              <\/div>\n      <\/div>\n<\/div>      <div class=\"grid-narrow-center\">\n              <\/div>\n    <\/div>\n   \n  <\/section>\n<section class=\"section--two-column grid-half bg-white\"\n  aria-label=\"Recursos y gu\u00edas\" \n  id=\"recursos-y-guias\"\n>\n  <div class=\"\">\n                  <div class=\"h-full\">\n          <figure>\n    <img loading=\"lazy\" decoding=\"async\" width=\"800\" height=\"800\" src=\"https:\/\/amicacenter.org\/app\/uploads\/2024\/06\/LegalResources_ToolsGuides.webp\" class=\"w-full rounded-image aspect-square\" alt=\"\" srcset=\"https:\/\/amicacenter.org\/app\/uploads\/2024\/06\/LegalResources_ToolsGuides.webp 800w, https:\/\/amicacenter.org\/app\/uploads\/2024\/06\/LegalResources_ToolsGuides-600x600.webp 600w, https:\/\/amicacenter.org\/app\/uploads\/2024\/06\/LegalResources_ToolsGuides-200x200.webp 200w, https:\/\/amicacenter.org\/app\/uploads\/2024\/06\/LegalResources_ToolsGuides-768x768.webp 768w\" sizes=\"auto, (max-width: 800px) 100vw, 800px\" \/>  <\/figure>        <\/div>\n            <\/div>\n  <div class=\"mobile-first\">\n          <div class=\"self-center\"><div data-repeater=\"false\" class=\"partial-copy flex flex-col flex-1 text-right space-y-inner\">\n  <div class=\"copy--headline break-words space-y-inner\">\n              <h2 class=\"display display-2 mb-0\" class=\"mb-0\">\n    Recursos y gu\u00edas\n  <\/h2>          <\/div>\n  <div class=\"copy--body space-y-min\">\n          <p class=\"subhead subhead-2 mb-0\" class=\"mb-0\">\n    Aprovecha nuestro directorio de recursos.\n  <\/p>                  <div class=\"partial-copy--lead-copy\">\n                  <div class=\"partial-copy--copy body-1\"><p>Sum\u00e9rgete en nuestro directorio de consejos pr\u00e1cticos, manuales legales y mucho m\u00e1s para tener ventaja en tu pr\u00f3ximo caso de inmigraci\u00f3n. Tanto si eres nuevo en la ley de inmigraci\u00f3n como si ya la conoces, aqu\u00ed hay algo para ti.<\/p>\n<\/div>\n              <\/div>\n      <\/div>\n  <p class=\"partial-copy--cta\">\n    <a class=\"button\" href=\"\/legal-resources\/tools-guides\" target=\"\" href=\"\/legal-resources\/tools-guides\" target=\"\">\n    Ver recursos y gu\u00edas\n  <\/a>  <\/p>\n<\/div><\/div>\n      <\/div><\/section>\n<section class=\"section--two-column grid-half bg-white\"\n  aria-label=\"Directorio de casos\" \n  id=\"directorio-de-casos\"\n>\n  <div class=\"mobile-first\">\n          <div class=\"self-center\"><div data-repeater=\"false\" class=\"partial-copy flex flex-col flex-1 text-left space-y-inner\">\n  <div class=\"copy--headline break-words space-y-inner\">\n              <h2 class=\"display display-2 mb-0\" class=\"mb-0\">\n    Directorio de casos\n  <\/h2>          <\/div>\n  <div class=\"copy--body space-y-min\">\n          <p class=\"subhead subhead-2 mb-0\" class=\"mb-0\">\n    \u00bfQuieres entender mejor el panorama de la inmigraci\u00f3n en el Cuarto Circuito? Consulta nuestro directorio de casos.\n  <\/p>                  <div class=\"partial-copy--lead-copy\">\n                  <div class=\"partial-copy--copy body-1\"><p>Aqu\u00ed puedes filtrar y buscar casos anteriores para hacerte una idea de lo que puedes esperar de determinados jueces, comprender mejor los precedentes legales actuales y desarrollar una estrategia para tu propia pr\u00e1ctica.<\/p>\n<p>\u00a1Pronto!<\/p>\n<\/div>\n              <\/div>\n      <\/div>\n<\/div><\/div>\n      <\/div>\n  <div class=\"\">\n                  <div class=\"h-full\">\n          <figure>\n    <img loading=\"lazy\" decoding=\"async\" width=\"800\" height=\"800\" src=\"https:\/\/amicacenter.org\/app\/uploads\/2024\/06\/LegalResources_CaseArchive.webp\" class=\"w-full rounded-image aspect-square\" alt=\"\" srcset=\"https:\/\/amicacenter.org\/app\/uploads\/2024\/06\/LegalResources_CaseArchive.webp 800w, https:\/\/amicacenter.org\/app\/uploads\/2024\/06\/LegalResources_CaseArchive-600x600.webp 600w, https:\/\/amicacenter.org\/app\/uploads\/2024\/06\/LegalResources_CaseArchive-200x200.webp 200w, https:\/\/amicacenter.org\/app\/uploads\/2024\/06\/LegalResources_CaseArchive-768x768.webp 768w\" sizes=\"auto, (max-width: 800px) 100vw, 800px\" \/>  <\/figure>        <\/div>\n            <\/div><\/section>\n","protected":false},"excerpt":{"rendered":"","protected":false},"author":10,"featured_media":0,"parent":0,"menu_order":0,"comment_status":"closed","ping_status":"closed","template":"","meta":{"_acf_changed":false,"inline_featured_image":false,"footnotes":""},"class_list":["post-3363","page","type-page","status-publish","hentry","bg-white -mt-px py-full"],"acf":[],"_links":{"self":[{"href":"https:\/\/amicacenter.org\/es\/wp-json\/wp\/v2\/pages\/3363","targetHints":{"allow":["GET"]}}],"collection":[{"href":"https:\/\/amicacenter.org\/es\/wp-json\/wp\/v2\/pages"}],"about":[{"href":"https:\/\/amicacenter.org\/es\/wp-json\/wp\/v2\/types\/page"}],"author":[{"embeddable":true,"href":"https:\/\/amicacenter.org\/es\/wp-json\/wp\/v2\/users\/10"}],"replies":[{"embeddable":true,"href":"https:\/\/amicacenter.org\/es\/wp-json\/wp\/v2\/comments?post=3363"}],"version-history":[{"count":3,"href":"https:\/\/amicacenter.org\/es\/wp-json\/wp\/v2\/pages\/3363\/revisions"}],"predecessor-version":[{"id":3372,"href":"https:\/\/amicacenter.org\/es\/wp-json\/wp\/v2\/pages\/3363\/revisions\/3372"}],"wp:attachment":[{"href":"https:\/\/amicacenter.org\/es\/wp-json\/wp\/v2\/media?parent=3363"}],"curies":[{"name":"wp","href":"https:\/\/api.w.org\/{rel}","templated":true}]}}