{"id":3373,"date":"2024-05-02T23:30:32","date_gmt":"2024-05-03T03:30:32","guid":{"rendered":"https:\/\/amicacenter.org\/recursos-juridicos\/herramientas-y-guias\/"},"modified":"2024-06-24T16:39:05","modified_gmt":"2024-06-24T20:39:05","slug":"herramientas-y-guias","status":"publish","type":"page","link":"https:\/\/amicacenter.org\/es\/recursos-juridicos\/herramientas-y-guias\/","title":{"rendered":"Herramientas y gu\u00edas"},"content":{"rendered":"<section data-block=\"true\" class=\"section--hero section--hero-megatext bg-white pt-full pb-max\"\n  id=\"herramientas-y-guias\"\n  aria-label=\"Herramientas y gu\u00edas\" \n  >\n      <div class=\"fluid-container\">\n      <div data-repeater=\"false\" class=\"partial-copy flex flex-col flex-1 text-megatext space-y-half pb-full\">\n  <div class=\"copy--headline break-words space-y-half\">\n              <h1 class=\"display display-super mb-0\" class=\"mb-0\">\n    Herramientas y gu\u00edas\n  <\/h1>          <\/div>\n  <div class=\"copy--body space-y-min\">\n          <p class=\"subhead subhead-2 mb-0\" class=\"mb-0\">\n    Aprovecha nuestro directorio de recursos.\n  <\/p>                  <div class=\"partial-copy--lead-copy\">\n                  <div class=\"partial-copy--copy body-1\"><p>  Estos recursos est\u00e1n dise\u00f1ados para ayudar a los abogados de inmigraci\u00f3n y a los abogados penalistas que representan a acusados no ciudadanos dentro del sistema jur\u00eddico penal de Virginia y m\u00e1s all\u00e1. Es importante reconocer que, aunque estos materiales aportan ideas valiosas, no sustituyen a la responsabilidad de los abogados de llevar a cabo un an\u00e1lisis y una investigaci\u00f3n minuciosos y adaptados a las circunstancias \u00fanicas del caso de cada cliente.<\/p>\n<\/div>\n              <\/div>\n      <\/div>\n<\/div>\n          <aside>\n<div class=\"partial--folder-tab z-higher-content relative !max-w-none color-dark border-dark border-b-[6px] md:border-b-8 lg:border-b-[10px]\" aria-hidden=\"true\">\n  <svg class=\"hidden text-inherit lg:flex -mb-px\" width=\"187\" height=\"25\" viewBox=\"0 0 187 25\" fill=\"none\" xmlns=\"http:\/\/www.w3.org\/2000\/svg\">\n    <path d=\"M174.305 0H0V24.211H186.312L182.003 6.07219C181.158 2.51308 177.972 0 174.305 0Z\" fill=\"currentColor\"\/>\n  <\/svg>\n\n  <svg class=\"hidden text-inherit md:flex lg:hidden -mb-px\" width=\"139\" height=\"21\" viewBox=\"0 0 139 21\" fill=\"none\" xmlns=\"http:\/\/www.w3.org\/2000\/svg\">\n    <path d=\"M126.305 0H0V20.211H138.312L134.003 6.07219C133.158 2.51308 129.972 0 126.305 0Z\" fill=\"currentColor\"\/>\n  <\/svg>\n\n  <svg class=\"flex text-inherit md:hidden -mb-px\" width=\"80\" height=\"15\" viewBox=\"0 0 80 15\" fill=\"none\" xmlns=\"http:\/\/www.w3.org\/2000\/svg\">\n    <path d=\"M75.7219 4.00863C74.8769 1.60689 72.6081 0 70.062 0H0V14.211H79.3115L75.7219 4.00863Z\" fill=\"currentColor\"\/>\n  <\/svg>\n<\/div>\n<\/aside>\n        <\/div>\n  <\/section>\n<section class=\"section--color-card-repeater bg-white\"\n  id=\"selecciona-una-categoria\"\n  aria-label=\"Selecciona una categor\u00eda\"\n>\n      <div class=\"fluid-container grid-12 col-span-full row-span-full z-content partials--one-column\">\n  <div class=\"col-narrow\">\n    <div data-repeater=\"false\" class=\"partial-copy flex flex-col flex-1 mb-half text-center space-y-inner\">\n  <div class=\"copy--headline break-words space-y-inner\">\n              <h2 class=\"display display-2 mb-0\" class=\"mb-0\">\n    Selecciona una categor\u00eda\n  <\/h2>          <\/div>\n<\/div>  <\/div>\n<\/div>    <div class=\"fluid-container\">\n    <ul class=\"grid list-none ml-0 pt-half gap-narrow grid-12\">\n                      <li class=\"col-span-full md:col-span-6 lg:col-span-3\">\n          <div class=\"component--card\" >\n\n      <a href=\"https:\/\/amicacenter.org\/legal-resources\/tools-guides\/pro-bono-resources\/\" target=\"\" aria-label=\"\"\n      class=\"card group card-solid\"\n    >\n            <div data-repeater=\"true\" class=\"partial-copy flex flex-col flex-1 text-stretch space-y-inner is-repeater in-card component--card-copy z-content p-half \">\n  <div class=\"copy--body space-y-min\">\n          <h3 class=\"subhead subhead-2 mb-0\" class=\"mb-0\">\n    Recursos pro bono\n  <\/h3>                  <div class=\"partial-copy--lead-copy\">\n                  <div class=\"partial-copy--copy body-2\"><p>Encuentra casos disponibles, preguntas frecuentes, gu\u00edas informativas y mucho m\u00e1s.<\/p>\n<\/div>\n              <\/div>\n      <\/div>\n  <p class=\"partial-copy--cta\">\n    <span class=\"button\" href=\"https:\/\/amicacenter.org\/legal-resources\/tools-guides\/pro-bono-resources\/\" target=\"\" href=\"https:\/\/amicacenter.org\/legal-resources\/tools-guides\/pro-bono-resources\/\" target=\"\">\n    Ver recursos pro bono\n  <\/span>  <\/p>\n<\/div>\n\n      <\/a>\n  <\/div>        <\/li>\n                      <li class=\"col-span-full md:col-span-6 lg:col-span-3\">\n          <div class=\"component--card\" >\n\n      <a href=\"https:\/\/amicacenter.org\/legal-resources\/tools-guides\/practice-advisories\/\" target=\"\" aria-label=\"\"\n      class=\"card group card-solid\"\n    >\n            <div data-repeater=\"true\" class=\"partial-copy flex flex-col flex-1 text-stretch space-y-inner is-repeater in-card component--card-copy z-content p-half \">\n  <div class=\"copy--body space-y-min\">\n          <h3 class=\"subhead subhead-2 mb-0\" class=\"mb-0\">\n    Consejos pr\u00e1cticos\n  <\/h3>                  <div class=\"partial-copy--lead-copy\">\n                  <div class=\"partial-copy--copy body-2\"><p>Encuentra res\u00famenes jur\u00eddicos, an\u00e1lisis y orientaciones relacionados con las principales sentencias judiciales de los \u00faltimos a\u00f1os.<\/p>\n<\/div>\n              <\/div>\n      <\/div>\n  <p class=\"partial-copy--cta\">\n    <span class=\"button\" href=\"https:\/\/amicacenter.org\/legal-resources\/tools-guides\/practice-advisories\/\" target=\"\" href=\"https:\/\/amicacenter.org\/legal-resources\/tools-guides\/practice-advisories\/\" target=\"\">\n    Ver consejos pr\u00e1cticos\n  <\/span>  <\/p>\n<\/div>\n\n      <\/a>\n  <\/div>        <\/li>\n                      <li class=\"col-span-full md:col-span-6 lg:col-span-3\">\n          <div class=\"component--card\" >\n\n      <a href=\"https:\/\/amicacenter.org\/legal-resources\/tools-guides\/foia-results\/\" target=\"\" aria-label=\"\"\n      class=\"card group card-solid\"\n    >\n            <div data-repeater=\"true\" class=\"partial-copy flex flex-col flex-1 text-stretch space-y-inner is-repeater in-card component--card-copy z-content p-half \">\n  <div class=\"copy--body space-y-min\">\n          <h3 class=\"subhead subhead-2 mb-0\" class=\"mb-0\">\n    Resultados FOIA\n  <\/h3>                  <div class=\"partial-copy--lead-copy\">\n                  <div class=\"partial-copy--copy body-2\"><p>Encuentra recursos selectos adquiridos a trav\u00e9s de solicitudes de la Ley de Libertad de Informaci\u00f3n.<\/p>\n<\/div>\n              <\/div>\n      <\/div>\n  <p class=\"partial-copy--cta\">\n    <span class=\"button\" href=\"https:\/\/amicacenter.org\/legal-resources\/tools-guides\/foia-results\/\" target=\"\" href=\"https:\/\/amicacenter.org\/legal-resources\/tools-guides\/foia-results\/\" target=\"\">\n    Ver resultados FOIA\n  <\/span>  <\/p>\n<\/div>\n\n      <\/a>\n  <\/div>        <\/li>\n                      <li class=\"col-span-full md:col-span-6 lg:col-span-3\">\n          <div class=\"component--card\" >\n\n      <a href=\"https:\/\/amicacenter.org\/legal-resources\/tools-guides\/foia-results\/crimm-imm-resources\/\" target=\"\" aria-label=\"\"\n      class=\"card group card-solid\"\n    >\n            <div data-repeater=\"true\" class=\"partial-copy flex flex-col flex-1 text-stretch space-y-inner is-repeater in-card component--card-copy z-content p-half \">\n  <div class=\"copy--body space-y-min\">\n          <h3 class=\"subhead subhead-2 mb-0\" class=\"mb-0\">\n    Recursos penal-inmigraci\u00f3n\n  <\/h3>                  <div class=\"partial-copy--lead-copy\">\n                  <div class=\"partial-copy--copy body-2\"><p>Encuentra tablas informativas, cartillas y solicita consultas sobre casos.<\/p>\n<\/div>\n              <\/div>\n      <\/div>\n  <p class=\"partial-copy--cta\">\n    <span class=\"button\" href=\"https:\/\/amicacenter.org\/legal-resources\/tools-guides\/foia-results\/crimm-imm-resources\/\" target=\"\" href=\"https:\/\/amicacenter.org\/legal-resources\/tools-guides\/foia-results\/crimm-imm-resources\/\" target=\"\">\n    Ver recursos crim-imm\n  <\/span>  <\/p>\n<\/div>\n\n      <\/a>\n  <\/div>        <\/li>\n                      <li class=\"col-span-full md:col-span-6 lg:col-span-full\">\n          <div class=\"component--card\" >\n\n      <a href=\"https:\/\/amicacenter.org\/legal-resources\/tools-guides\/caselaw-charts-and-compilations\/\" target=\"\" aria-label=\"\"\n      class=\"card group card-solid\"\n    >\n            <div data-repeater=\"true\" class=\"partial-copy flex flex-col flex-1 text-stretch space-y-inner is-repeater in-card component--card-copy z-content p-half \">\n  <div class=\"copy--body space-y-min\">\n          <h3 class=\"subhead subhead-2 mb-0\" class=\"mb-0\">\n    Cuadros y recopilaciones de jurisprudencia\n  <\/h3>                  <div class=\"partial-copy--lead-copy\">\n                  <div class=\"partial-copy--copy body-2\"><p>Encuentra tablas comparativas de tribunales de circuito de derecho de extranjer\u00eda para varios tribunales de circuito, incluidos los Circuitos Tercero, Cuarto, Sexto y Und\u00e9cimo.<\/p>\n<\/div>\n              <\/div>\n      <\/div>\n  <p class=\"partial-copy--cta\">\n    <span class=\"button\" href=\"https:\/\/amicacenter.org\/legal-resources\/tools-guides\/caselaw-charts-and-compilations\/\" target=\"\" href=\"https:\/\/amicacenter.org\/legal-resources\/tools-guides\/caselaw-charts-and-compilations\/\" target=\"\">\n    Ver gr\u00e1ficos y recopilaciones\n  <\/span>  <\/p>\n<\/div>\n\n      <\/a>\n  <\/div>        <\/li>\n          <\/ul>\n  <\/div>\n<\/section>\n<section class=\"section--one-column bg-white text-center\" \n  id=\"\"\n  aria-label=\"\"\n>\n  <div class=\"fluid-container grid-12 col-span-full row-span-full z-content partials--one-column\">\n  <div class=\"col-narrow\">\n    <div data-repeater=\"false\" class=\"partial-copy flex flex-col flex-1 text-center space-y-inner\">\n  <div class=\"copy--headline break-words space-y-inner\">\n          <p class=\"eyebrow mb-0\" class=\"mb-0\">\n    Ten en cuenta\n  <\/p>              <\/div>\n  <div class=\"copy--body space-y-min\">\n          <p class=\"subhead subhead-2 mb-0\" class=\"mb-0\">\n    Estos materiales est\u00e1n pensados para complementar tu trabajo, no para sustituirlo.\n  <\/p>                  <div class=\"partial-copy--lead-copy\">\n                  <div class=\"partial-copy--copy body-1\"><p><span style=\"font-weight: 300;\">Los recursos de estas p\u00e1ginas est\u00e1n pensados como referencias para los abogados de inmigraci\u00f3n. No sustituyen a la obligaci\u00f3n del abogado de realizar an\u00e1lisis e investigaciones independientes sobre las circunstancias espec\u00edficas del caso de cada cliente.<\/span><\/p>\n<\/div>\n              <\/div>\n      <\/div>\n<\/div>  <\/div>\n<\/div><\/section>\n","protected":false},"excerpt":{"rendered":"","protected":false},"author":10,"featured_media":0,"parent":3363,"menu_order":0,"comment_status":"closed","ping_status":"closed","template":"","meta":{"_acf_changed":false,"inline_featured_image":false,"footnotes":""},"class_list":["post-3373","page","type-page","status-publish","hentry","bg-white -mt-px py-full"],"acf":[],"_links":{"self":[{"href":"https:\/\/amicacenter.org\/es\/wp-json\/wp\/v2\/pages\/3373","targetHints":{"allow":["GET"]}}],"collection":[{"href":"https:\/\/amicacenter.org\/es\/wp-json\/wp\/v2\/pages"}],"about":[{"href":"https:\/\/amicacenter.org\/es\/wp-json\/wp\/v2\/types\/page"}],"author":[{"embeddable":true,"href":"https:\/\/amicacenter.org\/es\/wp-json\/wp\/v2\/users\/10"}],"replies":[{"embeddable":true,"href":"https:\/\/amicacenter.org\/es\/wp-json\/wp\/v2\/comments?post=3373"}],"version-history":[{"count":1,"href":"https:\/\/amicacenter.org\/es\/wp-json\/wp\/v2\/pages\/3373\/revisions"}],"predecessor-version":[{"id":3374,"href":"https:\/\/amicacenter.org\/es\/wp-json\/wp\/v2\/pages\/3373\/revisions\/3374"}],"up":[{"embeddable":true,"href":"https:\/\/amicacenter.org\/es\/wp-json\/wp\/v2\/pages\/3363"}],"wp:attachment":[{"href":"https:\/\/amicacenter.org\/es\/wp-json\/wp\/v2\/media?parent=3373"}],"curies":[{"name":"wp","href":"https:\/\/api.w.org\/{rel}","templated":true}]}}