{"id":3660,"date":"2023-08-16T00:46:41","date_gmt":"2023-08-16T04:46:41","guid":{"rendered":"https:\/\/amicacenter.org\/noticias-e-historias\/"},"modified":"2024-07-11T18:48:26","modified_gmt":"2024-07-11T22:48:26","slug":"noticias-e-historias","status":"publish","type":"page","link":"https:\/\/amicacenter.org\/es\/noticias-e-historias\/","title":{"rendered":"Noticias e historias"},"content":{"rendered":"<section data-block=\"true\" class=\"section--hero section--hero-overlay-contained bg-white pt-full pb-max\"\n  id=\"noticias-e-historias\"\n  aria-label=\"Noticias e historias\" \n  >\n      <div class=\"fluid-container\">\n      <figure>\n    <img loading=\"lazy\" decoding=\"async\" width=\"1200\" height=\"375\" src=\"https:\/\/amicacenter.org\/app\/uploads\/2024\/06\/Hero1-1-1200x375.webp\" class=\"grid-narrow-center rounded-image aspect-hero w-full object-cover\" alt=\"\" srcset=\"https:\/\/amicacenter.org\/app\/uploads\/2024\/06\/Hero1-1-1200x375.webp 1200w, https:\/\/amicacenter.org\/app\/uploads\/2024\/06\/Hero1-1-600x188.webp 600w, https:\/\/amicacenter.org\/app\/uploads\/2024\/06\/Hero1-1-768x240.webp 768w, https:\/\/amicacenter.org\/app\/uploads\/2024\/06\/Hero1-1.webp 1440w\" sizes=\"auto, (max-width: 1200px) 100vw, 1200px\" \/>  <\/figure>      <div data-repeater=\"false\" class=\"partial-copy flex flex-col flex-1 text-overlay-contained space-y-half grid-narrow-center text-center mt-overlay-mega pb-full\">\n  <div class=\"copy--headline break-words space-y-half\">\n              <h1\n       class=\"display display-mega mb-0\" class=\"mb-0\">\n    Noticias e historias\n  <\/h1\n      >          <\/div>\n  <div class=\"copy--body space-y-min\">\n                  <div class=\"partial-copy--lead-copy\">\n                  <div class=\"partial-copy--copy body-secondary-1 lg:narrow-container\"><p>Desde comunicados de prensa hasta historias de nuestro equipo, si quieres profundizar en nuestro trabajo, has venido al lugar adecuado.<\/p>\n<\/div>\n              <\/div>\n      <\/div>\n<\/div>      <div class=\"grid-narrow-center\">\n                  <aside>\n<div class=\"partial--folder-tab z-higher-content relative !max-w-none color-dark border-dark border-b-[6px] md:border-b-8 lg:border-b-[10px]\" aria-hidden=\"true\">\n  <svg class=\"hidden text-inherit lg:flex -mb-px\" width=\"187\" height=\"25\" viewBox=\"0 0 187 25\" fill=\"none\" xmlns=\"http:\/\/www.w3.org\/2000\/svg\">\n    <path d=\"M174.305 0H0V24.211H186.312L182.003 6.07219C181.158 2.51308 177.972 0 174.305 0Z\" fill=\"currentColor\"\/>\n  <\/svg>\n\n  <svg class=\"hidden text-inherit md:flex lg:hidden -mb-px\" width=\"139\" height=\"21\" viewBox=\"0 0 139 21\" fill=\"none\" xmlns=\"http:\/\/www.w3.org\/2000\/svg\">\n    <path d=\"M126.305 0H0V20.211H138.312L134.003 6.07219C133.158 2.51308 129.972 0 126.305 0Z\" fill=\"currentColor\"\/>\n  <\/svg>\n\n  <svg class=\"flex text-inherit md:hidden -mb-px\" width=\"80\" height=\"15\" viewBox=\"0 0 80 15\" fill=\"none\" xmlns=\"http:\/\/www.w3.org\/2000\/svg\">\n    <path d=\"M75.7219 4.00863C74.8769 1.60689 72.6081 0 70.062 0H0V14.211H79.3115L75.7219 4.00863Z\" fill=\"currentColor\"\/>\n  <\/svg>\n<\/div>\n<\/aside>\n              <\/div>\n    <\/div>\n   \n  <\/section>\n<section class=\"section--two-column grid-half bg-white\"\n  aria-label=\"Noticias\" \n  id=\"noticias\"\n>\n  <div class=\"\">\n                  <div class=\"h-full\">\n          <figure>\n    <img loading=\"lazy\" decoding=\"async\" width=\"800\" height=\"800\" src=\"https:\/\/amicacenter.org\/app\/uploads\/2024\/06\/News.webp\" class=\"w-full rounded-image aspect-square\" alt=\"\" srcset=\"https:\/\/amicacenter.org\/app\/uploads\/2024\/06\/News.webp 800w, https:\/\/amicacenter.org\/app\/uploads\/2024\/06\/News-600x600.webp 600w, https:\/\/amicacenter.org\/app\/uploads\/2024\/06\/News-200x200.webp 200w, https:\/\/amicacenter.org\/app\/uploads\/2024\/06\/News-768x768.webp 768w\" sizes=\"auto, (max-width: 800px) 100vw, 800px\" \/>  <\/figure>        <\/div>\n            <\/div>\n  <div class=\"mobile-first\">\n          <div class=\"self-center\"><div data-repeater=\"false\" class=\"partial-copy flex flex-col flex-1 text-right space-y-inner\">\n  <div class=\"copy--headline break-words space-y-inner\">\n              <h2 class=\"display display-2 mb-0\" class=\"mb-0\">\n    Noticias\n  <\/h2>          <\/div>\n  <div class=\"copy--body space-y-min\">\n          <p class=\"subhead subhead-2 mb-0\" class=\"mb-0\">\n    El lugar confiable para un an\u00e1lisis experto sobre lo \u00faltimo en inmigraci\u00f3n.\n  <\/p>                  <div class=\"partial-copy--lead-copy\">\n                  <div class=\"partial-copy--copy body-1\"><p>Consulte los res\u00famenes de pol\u00edticas, los comunicados de prensa y las valiosas perspectivas directamente de nuestro equipo. Este centro es tu \u00fanico destino para informarte sobre nuestro trabajo reciente y mantenerte informado sobre cuestiones cr\u00edticas relativas a ni\u00f1os y adultos detenidos.<\/p>\n<\/div>\n              <\/div>\n      <\/div>\n  <p class=\"partial-copy--cta\">\n    <a class=\"button\" href=\"https:\/\/amicacenter.org\/news-and-stories\/news\/\" target=\"\" href=\"https:\/\/amicacenter.org\/news-and-stories\/news\/\" target=\"\">\n    Ver noticias\n  <\/a>  <\/p>\n<\/div><\/div>\n      <\/div><\/section>\n<section class=\"section--two-column grid-half bg-white\"\n  aria-label=\"Historias de impacto\" \n  id=\"historias-de-impacto\"\n>\n  <div class=\"mobile-first\">\n          <div class=\"self-center\"><div data-repeater=\"false\" class=\"partial-copy flex flex-col flex-1 text-left space-y-inner\">\n  <div class=\"copy--headline break-words space-y-inner\">\n              <h2 class=\"display display-2 mb-0\" class=\"mb-0\">\n    Historias de impacto\n  <\/h2>          <\/div>\n  <div class=\"copy--body space-y-min\">\n          <p class=\"subhead subhead-2 mb-0\" class=\"mb-0\">\n    Experiencias reales de nuestros clientes, abogados y voluntarios.\n  <\/p>                  <div class=\"partial-copy--lead-copy\">\n                  <div class=\"partial-copy--copy body-1\"><p>Hemos tenido el privilegio de trabajar con voluntarios y abogados para apoyar a innumerables inmigrantes y lograr algunas victorias realmente emocionantes a lo largo de los a\u00f1os. Pero no te f\u00edes de nuestra palabra. Deja que te lo cuenten.<\/p>\n<\/div>\n              <\/div>\n      <\/div>\n  <p class=\"partial-copy--cta\">\n    <a class=\"button\" href=\"https:\/\/amicacenter.org\/es\/noticias-e-historias\/historias-de-impacto\/\" target=\"\" href=\"https:\/\/amicacenter.org\/es\/noticias-e-historias\/historias-de-impacto\/\" target=\"\">\n    Ver historias\n  <\/a>  <\/p>\n<\/div><\/div>\n      <\/div>\n  <div class=\"\">\n                  <div class=\"h-full\">\n          <figure>\n    <img loading=\"lazy\" decoding=\"async\" width=\"800\" height=\"800\" src=\"https:\/\/amicacenter.org\/app\/uploads\/2024\/06\/StoriesOfImpact-1.webp\" class=\"w-full rounded-image aspect-square\" alt=\"\" srcset=\"https:\/\/amicacenter.org\/app\/uploads\/2024\/06\/StoriesOfImpact-1.webp 800w, https:\/\/amicacenter.org\/app\/uploads\/2024\/06\/StoriesOfImpact-1-600x600.webp 600w, https:\/\/amicacenter.org\/app\/uploads\/2024\/06\/StoriesOfImpact-1-200x200.webp 200w, https:\/\/amicacenter.org\/app\/uploads\/2024\/06\/StoriesOfImpact-1-768x768.webp 768w\" sizes=\"auto, (max-width: 800px) 100vw, 800px\" \/>  <\/figure>        <\/div>\n            <\/div><\/section>\n<section class=\"section--one-column-embed bg-white\" \n  id=\"consulta-nuestras-redes-sociales\"\n  aria-label=\"Consulta nuestras redes sociales\"\n>\n      <div data-repeater=\"false\" class=\"partial-copy flex flex-col flex-1 text-center space-y-inner mb-half\">\n  <div class=\"copy--headline break-words space-y-inner\">\n              <h2 class=\"display display-2 mb-0\" class=\"mb-0\">\n    Consulta nuestras redes sociales\n  <\/h2>          <\/div>\n<\/div>    <div class=\"fluid-container grid-12 col-span-full mt-0\">\n    <div class=\"col-narrow\">\n              <script type='text\/javascript' src='https:\/\/static.everyaction.com\/ea-actiontag\/at.js' crossorigin='anonymous'><\/script>\n          <!-- Place <div> tag where you want the feed to appear -->\r\n<div id=\"curator-feed-default-feed-layout\"><a href=\"https:\/\/curator.io\" target=\"_blank\" class=\"crt-logo crt-tag\">Powered by Curator.io<\/a><\/div>\r\n\r\n<!-- The Javascript can be moved to the end of the html page before the <\/body> tag -->\r\n<script type=\"text\/javascript\">\r\n\/* curator-feed-default-feed-layout *\/\r\n(function(){\r\nvar i,e,d=document,s=\"script\";i=d.createElement(\"script\");i.async=1;i.charset=\"UTF-8\";\r\ni.src=\"https:\/\/cdn.curator.io\/published\/38d7abd5-0b69-46f0-abf4-a9102f5fd7ae.js\";\r\ne=d.getElementsByTagName(s)[0];e.parentNode.insertBefore(i, e);\r\n})();\r\n<\/script>\n                <\/div>\n  <\/div>\n<\/section><section class=\"section--form grid-half md:min-h-screen bg-golden\" \n    id=\"unete-a-nuestra-lista-de-correo-electronico\"\n  aria-label=\"\u00danete a nuestra lista de correo electr\u00f3nico \" \n>\n  <div class=\"form--copy\">\n    <div class=\"self-center\">\n      <div data-repeater=\"false\" class=\"partial-copy flex flex-col flex-1 text-left space-y-inner\">\n  <div class=\"copy--headline break-words space-y-inner\">\n              <p class=\"display display-1 mb-0\" class=\"mb-0\">\n    \u00danete a nuestra lista de correo electr\u00f3nico\n  <\/p>          <\/div>\n  <div class=\"copy--body space-y-min\">\n          <p class=\"subhead subhead-2 mb-0\" class=\"mb-0\">\n    Este es solo el comienzo.\n  <\/p>                  <div class=\"partial-copy--lead-copy\">\n                  <div class=\"partial-copy--copy body-1\"><p>S\u00e9 el primero en enterarte de las alertas de acci\u00f3n, oportunidades de voluntariado, actualizaciones jur\u00eddicas y mucho m\u00e1s en el movimiento para crear un sistema de inmigraci\u00f3n m\u00e1s humano y justo.<\/p>\n<\/div>\n              <\/div>\n      <\/div>\n<\/div>    <\/div>\n  <\/div>\n  <div class=\"form--form\">\n    <div class=\"self-center !h-auto p-half xxl:p-full card\">\n                    <div data-repeater=\"false\" class=\"partial-copy flex flex-col flex-1 mb-inner text-center space-y-inner\">\n  <div class=\"copy--body space-y-min\">\n          <p class=\"subhead subhead-2 mb-0\" class=\"mb-0\">\n    Inscr\u00edbete para seguir participando\n  <\/p>                  <div class=\"partial-copy--lead-copy\">\n                  <div class=\"partial-copy--copy body-1\"><p>Amica Center no comparte tu informaci\u00f3n personal con terceras empresas.<\/p>\n<\/div>\n              <\/div>\n      <\/div>\n<\/div>        \n          <\/div>\n  <\/div>\n<\/section>\n","protected":false},"excerpt":{"rendered":"","protected":false},"author":10,"featured_media":0,"parent":0,"menu_order":0,"comment_status":"closed","ping_status":"closed","template":"","meta":{"_acf_changed":false,"inline_featured_image":false,"footnotes":""},"class_list":["post-3660","page","type-page","status-publish","hentry","bg-white -mt-px py-full"],"acf":[],"_links":{"self":[{"href":"https:\/\/amicacenter.org\/es\/wp-json\/wp\/v2\/pages\/3660","targetHints":{"allow":["GET"]}}],"collection":[{"href":"https:\/\/amicacenter.org\/es\/wp-json\/wp\/v2\/pages"}],"about":[{"href":"https:\/\/amicacenter.org\/es\/wp-json\/wp\/v2\/types\/page"}],"author":[{"embeddable":true,"href":"https:\/\/amicacenter.org\/es\/wp-json\/wp\/v2\/users\/10"}],"replies":[{"embeddable":true,"href":"https:\/\/amicacenter.org\/es\/wp-json\/wp\/v2\/comments?post=3660"}],"version-history":[{"count":4,"href":"https:\/\/amicacenter.org\/es\/wp-json\/wp\/v2\/pages\/3660\/revisions"}],"predecessor-version":[{"id":4473,"href":"https:\/\/amicacenter.org\/es\/wp-json\/wp\/v2\/pages\/3660\/revisions\/4473"}],"wp:attachment":[{"href":"https:\/\/amicacenter.org\/es\/wp-json\/wp\/v2\/media?parent=3660"}],"curies":[{"name":"wp","href":"https:\/\/api.w.org\/{rel}","templated":true}]}}