{"id":3675,"date":"2024-05-22T01:22:32","date_gmt":"2024-05-22T05:22:32","guid":{"rendered":"https:\/\/amicacenter.org\/casos-pro-bono-disponibles\/"},"modified":"2024-12-20T11:31:04","modified_gmt":"2024-12-20T16:31:04","slug":"casos-pro-bono-disponibles","status":"publish","type":"page","link":"https:\/\/amicacenter.org\/es\/recursos-juridicos\/herramientas-y-guias\/recursos-pro-bono\/casos-pro-bono-disponibles\/","title":{"rendered":"Casos pro bono disponibles"},"content":{"rendered":"<section data-block=\"true\" class=\"section--hero section--hero-megatext bg-white pt-full pb-max\"\n  id=\"casos-pro-bono-disponibles\"\n  aria-label=\"Casos pro bono disponibles\" \n  >\n      <div class=\"fluid-container\">\n      <div data-repeater=\"false\" class=\"partial-copy flex flex-col flex-1 text-megatext space-y-half\">\n  <div class=\"copy--headline break-words space-y-half\">\n              <h1 class=\"display display-super mb-0\" class=\"mb-0\">\n    Casos pro bono disponibles\n  <\/h1>          <\/div>\n  <div class=\"copy--body space-y-min\">\n          <p class=\"subhead subhead-2 mb-0\" class=\"mb-0\">\n    Lee nuestras \u00faltimas oportunidades pro bono y encuentra un caso que te interese.\n  <\/p>                  <div class=\"partial-copy--lead-copy\">\n                  <div class=\"partial-copy--copy body-1\"><p>Ponte en contacto con Jennifer Grishkin, Abogada Directora de Coordinaci\u00f3n Pro Bono, en <a href=\"mailto:jennifer@amicacenter.org\">jennifer@amicacenter.org<\/a> para hacernos saber que est\u00e1s interesado en aceptar un caso o convertirte en socio pro bono.<\/p>\n<\/div>\n              <\/div>\n      <\/div>\n  <p class=\"partial-copy--cta\">\n    <a class=\"button\" href=\"mailto:jennifer@amicacenter.org\" target=\"\" href=\"mailto:jennifer@amicacenter.org\" target=\"\">\n    Mensaje Jennifer\n  <\/a>  <\/p>\n<\/div>\n        <\/div>\n  <\/section>\n\n\n<section class=\"section--color-card-repeater bg-white\"\n  id=\"casos-actuales\"\n  aria-label=\"Casos actuales\"\n>\n      <div class=\"fluid-container grid-12 col-span-full row-span-full z-content partials--one-column\">\n  <div class=\"col-narrow\">\n    <div data-repeater=\"false\" class=\"partial-copy flex flex-col flex-1 mb-half text-center space-y-inner\">\n  <div class=\"copy--headline break-words space-y-inner\">\n              <h2 class=\"display display-2 mb-0\" class=\"mb-0\">\n    Casos actuales\n  <\/h2>          <\/div>\n  <div class=\"copy--body space-y-min\">\n          <p class=\"subhead subhead-2 mb-0\" class=\"mb-0\">\n    Ten en cuenta que utilizamos seud\u00f3nimos para proteger la intimidad de los clientes.\n  <\/p>              <\/div>\n<\/div>  <\/div>\n<\/div>    <div class=\"fluid-container\">\n    <ul class=\"grid list-none ml-0 pt-half gap-narrow grid-12 lg:grid-cols-none lg:auto-cols-fr lg:grid-flow-col\">\n                      <li class=\"col-span-full md:col-span-6 lg:col-auto\">\n          <div class=\"component--card\" >\n\n      <a href=\"https:\/\/amicacenter.org\/es\/recursos-juridicos\/herramientas-y-guias\/recursos-pro-bono\/casos-pro-bono-disponibles\/caso-disponible-biniam\/\" target=\"\" aria-label=\"\"\n      class=\"card group card-solid\"\n    >\n            <div data-repeater=\"true\" class=\"partial-copy flex flex-col flex-1 text-stretch space-y-inner is-repeater in-card component--card-copy z-content p-half \">\n  <div class=\"copy--body space-y-min\">\n          <h3 class=\"subhead subhead-2 mb-0\" class=\"mb-0\">\n    Biniam\n  <\/h3>                  <div class=\"partial-copy--lead-copy\">\n                  <div class=\"partial-copy--copy body-2\"><p>Un hombre et\u00edope que se identifica como bisexual y no binario y es tambi\u00e9n miembro de grupos \u00e9tnicos perseguidos teme ser torturado<\/p>\n<\/div>\n              <\/div>\n      <\/div>\n  <p class=\"partial-copy--cta\">\n    <span class=\"button\" href=\"https:\/\/amicacenter.org\/es\/recursos-juridicos\/herramientas-y-guias\/recursos-pro-bono\/casos-pro-bono-disponibles\/caso-disponible-biniam\/\" target=\"\" href=\"https:\/\/amicacenter.org\/es\/recursos-juridicos\/herramientas-y-guias\/recursos-pro-bono\/casos-pro-bono-disponibles\/caso-disponible-biniam\/\" target=\"\">\n    Ver el caso de Biniam\n  <\/span>  <\/p>\n<\/div>\n\n      <\/a>\n  <\/div>        <\/li>\n                      <li class=\"col-span-full md:col-span-6 lg:col-auto\">\n          <div class=\"component--card\" >\n\n      <a href=\"https:\/\/amicacenter.org\/es\/recursos-juridicos\/herramientas-y-guias\/recursos-pro-bono\/casos-pro-bono-disponibles\/caso-disponible-javi\/\" target=\"\" aria-label=\"\"\n      class=\"card group card-solid\"\n    >\n            <div data-repeater=\"true\" class=\"partial-copy flex flex-col flex-1 text-stretch space-y-inner is-repeater in-card component--card-copy z-content p-half \">\n  <div class=\"copy--body space-y-min\">\n          <h3 class=\"subhead subhead-2 mb-0\" class=\"mb-0\">\n    Javi\n  <\/h3>                  <div class=\"partial-copy--lead-copy\">\n                  <div class=\"partial-copy--copy body-2\"><p>Un joven de El Salvador que lleva 16 meses detenido necesita ayuda para volver a solicitar y defender su tarjeta verde<\/p>\n<\/div>\n              <\/div>\n      <\/div>\n  <p class=\"partial-copy--cta\">\n    <span class=\"button\" href=\"https:\/\/amicacenter.org\/es\/recursos-juridicos\/herramientas-y-guias\/recursos-pro-bono\/casos-pro-bono-disponibles\/caso-disponible-javi\/\" target=\"\" href=\"https:\/\/amicacenter.org\/es\/recursos-juridicos\/herramientas-y-guias\/recursos-pro-bono\/casos-pro-bono-disponibles\/caso-disponible-javi\/\" target=\"\">\n    Ver el caso de Javi\n  <\/span>  <\/p>\n<\/div>\n\n      <\/a>\n  <\/div>        <\/li>\n                      <li class=\"col-span-full md:col-span-6 lg:col-auto\">\n          <div class=\"component--card\" >\n\n      <a href=\"https:\/\/amicacenter.org\/es\/recursos-juridicos\/herramientas-y-guias\/recursos-pro-bono\/casos-pro-bono-disponibles\/caja-disponible-arzu\/\" target=\"\" aria-label=\"\"\n      class=\"card group card-solid\"\n    >\n            <div data-repeater=\"true\" class=\"partial-copy flex flex-col flex-1 text-stretch space-y-inner is-repeater in-card component--card-copy z-content p-half \">\n  <div class=\"copy--body space-y-min\">\n          <h3 class=\"subhead subhead-2 mb-0\" class=\"mb-0\">\n    Arzu\n  <\/h3>                  <div class=\"partial-copy--lead-copy\">\n                  <div class=\"partial-copy--copy body-2\"><p>Un uigur de China cuyos padres fueron enviados a campos de concentraci\u00f3n teme la persecuci\u00f3n pol\u00edtica y religiosa<\/p>\n<\/div>\n              <\/div>\n      <\/div>\n  <p class=\"partial-copy--cta\">\n    <span class=\"button\" href=\"https:\/\/amicacenter.org\/es\/recursos-juridicos\/herramientas-y-guias\/recursos-pro-bono\/casos-pro-bono-disponibles\/caja-disponible-arzu\/\" target=\"\" href=\"https:\/\/amicacenter.org\/es\/recursos-juridicos\/herramientas-y-guias\/recursos-pro-bono\/casos-pro-bono-disponibles\/caja-disponible-arzu\/\" target=\"\">\n    Ver el caso de Arzu\n  <\/span>  <\/p>\n<\/div>\n\n      <\/a>\n  <\/div>        <\/li>\n          <\/ul>\n  <\/div>\n<\/section>\n\n\n<section class=\"section--one-column bg-white text-left\" \n  id=\"asociaciones-pro-bono\"\n  aria-label=\"Asociaciones pro bono\"\n>\n  <div class=\"fluid-container grid-12 col-span-full row-span-full z-content partials--one-column\">\n  <div class=\"col-narrow\">\n    <div data-repeater=\"false\" class=\"partial-copy flex flex-col flex-1 text-left space-y-inner\">\n  <div class=\"copy--headline break-words space-y-inner\">\n              <h2 class=\"display display-2 mb-0\" class=\"mb-0\">\n    Asociaciones pro bono\n  <\/h2>          <\/div>\n  <div class=\"copy--body space-y-min\">\n          <p class=\"subhead subhead-2 mb-0\" class=\"mb-0\">\n    Descubre lo que significa ser socio pro bono con nosotros.\n  <\/p>                  <div class=\"partial-copy--lead-copy\">\n                  <div class=\"partial-copy--copy body-1\"><p>Trabajamos con bufetes de abogados, departamentos jur\u00eddicos de empresas y cl\u00ednicas de facultades de derecho para prestar servicios jur\u00eddicos gratuitos a personas detenidas y en riesgo de deportaci\u00f3n.<\/p>\n<\/div>\n              <\/div>\n      <\/div>\n  <p class=\"partial-copy--cta\">\n    <a class=\"button\" href=\"https:\/\/amicacenter.org\/es\/unete-a-la-lucha\/hazte-socio-pro-bono\/\" target=\"\" href=\"https:\/\/amicacenter.org\/es\/unete-a-la-lucha\/hazte-socio-pro-bono\/\" target=\"\">\n    Conoce nuestro programa pro bono\n  <\/a>  <\/p>\n<\/div>  <\/div>\n<\/div><\/section>\n","protected":false},"excerpt":{"rendered":"","protected":false},"author":10,"featured_media":0,"parent":3730,"menu_order":0,"comment_status":"closed","ping_status":"closed","template":"","meta":{"_acf_changed":false,"inline_featured_image":false,"footnotes":""},"class_list":["post-3675","page","type-page","status-publish","hentry","bg-white -mt-px py-full"],"acf":[],"_links":{"self":[{"href":"https:\/\/amicacenter.org\/es\/wp-json\/wp\/v2\/pages\/3675","targetHints":{"allow":["GET"]}}],"collection":[{"href":"https:\/\/amicacenter.org\/es\/wp-json\/wp\/v2\/pages"}],"about":[{"href":"https:\/\/amicacenter.org\/es\/wp-json\/wp\/v2\/types\/page"}],"author":[{"embeddable":true,"href":"https:\/\/amicacenter.org\/es\/wp-json\/wp\/v2\/users\/10"}],"replies":[{"embeddable":true,"href":"https:\/\/amicacenter.org\/es\/wp-json\/wp\/v2\/comments?post=3675"}],"version-history":[{"count":3,"href":"https:\/\/amicacenter.org\/es\/wp-json\/wp\/v2\/pages\/3675\/revisions"}],"predecessor-version":[{"id":5415,"href":"https:\/\/amicacenter.org\/es\/wp-json\/wp\/v2\/pages\/3675\/revisions\/5415"}],"up":[{"embeddable":true,"href":"https:\/\/amicacenter.org\/es\/wp-json\/wp\/v2\/pages\/3730"}],"wp:attachment":[{"href":"https:\/\/amicacenter.org\/es\/wp-json\/wp\/v2\/media?parent=3675"}],"curies":[{"name":"wp","href":"https:\/\/api.w.org\/{rel}","templated":true}]}}