{"id":3678,"date":"2024-05-22T19:15:03","date_gmt":"2024-05-22T23:15:03","guid":{"rendered":"https:\/\/amicacenter.org\/presentacion-del-centro-amica-para-los-derechos-de-los-inmigrantes\/"},"modified":"2024-12-18T10:23:50","modified_gmt":"2024-12-18T15:23:50","slug":"presentacion-del-centro-amica-para-los-derechos-de-los-inmigrantes","status":"publish","type":"page","link":"https:\/\/amicacenter.org\/es\/acerca-de-nosotros\/presentacion-del-centro-amica-para-los-derechos-de-los-inmigrantes\/","title":{"rendered":"Presentaci\u00f3n del Centro Amica para los Derechos de los Inmigrantes"},"content":{"rendered":"<section data-block=\"true\" class=\"section--hero section--hero-folder bg-white p-0\"\n  id=\"presentacion-del-centro-amica-para-los-derechos-de-los-inmigrantes\"\n  aria-label=\"Presentaci\u00f3n del Centro Amica para los Derechos de los Inmigrantes\" \n  >\n       \n      <div \n        class=\"bg-image aspect-hero bg-cover flex justify-end items-end\"\n        style=\"--background-image: url('https:\/\/amicacenter.org\/app\/uploads\/2024\/06\/Hero.svg')\"\n      >\n              <\/div>\n        <div class=\"bg-white self-end\">\n      <aside>\n<div class=\"partial--folder-tab z-higher-content relative !max-w-none text-var-background border-var-background no-border -mt-[var(--tab-height)] !pt-0\" aria-hidden=\"true\">\n  <svg class=\"hidden text-inherit lg:flex -mb-px\" width=\"187\" height=\"25\" viewBox=\"0 0 187 25\" fill=\"none\" xmlns=\"http:\/\/www.w3.org\/2000\/svg\">\n    <path d=\"M174.305 0H0V24.211H186.312L182.003 6.07219C181.158 2.51308 177.972 0 174.305 0Z\" fill=\"currentColor\"\/>\n  <\/svg>\n\n  <svg class=\"hidden text-inherit md:flex lg:hidden -mb-px\" width=\"139\" height=\"21\" viewBox=\"0 0 139 21\" fill=\"none\" xmlns=\"http:\/\/www.w3.org\/2000\/svg\">\n    <path d=\"M126.305 0H0V20.211H138.312L134.003 6.07219C133.158 2.51308 129.972 0 126.305 0Z\" fill=\"currentColor\"\/>\n  <\/svg>\n\n  <svg class=\"flex text-inherit md:hidden -mb-px\" width=\"80\" height=\"15\" viewBox=\"0 0 80 15\" fill=\"none\" xmlns=\"http:\/\/www.w3.org\/2000\/svg\">\n    <path d=\"M75.7219 4.00863C74.8769 1.60689 72.6081 0 70.062 0H0V14.211H79.3115L75.7219 4.00863Z\" fill=\"currentColor\"\/>\n  <\/svg>\n<\/div>\n<\/aside>\n      <div class=\"grid-container\">\n        <div data-repeater=\"false\" class=\"partial-copy flex flex-col flex-1 text-folder space-y-inner py-full grid-narrow-left\">\n  <div class=\"copy--headline break-words space-y-inner\">\n              <h1 class=\"display display-super mb-0\" class=\"mb-0\">\n    Presentaci\u00f3n del Centro Amica para los Derechos de los Inmigrantes\n  <\/h1>          <\/div>\n  <div class=\"copy--body space-y-min\">\n          <p class=\"subhead subhead-2 mb-0\" class=\"mb-0\">\n    La Coalici\u00f3n por los Derechos de los Inmigrantes del \u00c1rea Capital (CAIR) cambia de nombre.\n  <\/p>              <\/div>\n<\/div>      <\/div>\n    <\/div>\n  <\/section>\n<section class=\"section--list-repeater bg-white\"\n  id=\"\"\n  aria-label=\"\"\n>\n  <div data-repeater=\"false\" class=\"partial-copy flex flex-col flex-1 mb-full text-left space-y-inner fluid-container\">\n<\/div>  <div class=\"fluid-container\">\n    <ul class=\"list-repeater--list flex flex-col gap-full list-none ml-0\">\n                      <li class=\"grid lg:grid-12 gap-y-inner gap-x-full\">\n          <div class=\"foldertab z-higher-content relative h-min col-span-full lg:col-span-3 border-b-[6px]\n                      text-var-text border-var-text\n          \">\n            <svg class=\"hidden text-inherit lg:flex -mb-px\" width=\"58\" height=\"14\" viewBox=\"0 0 58 14\" fill=\"none\" xmlns=\"http:\/\/www.w3.org\/2000\/svg\">\n              <path d=\"M54.3855 3.96646C53.5281 1.58654 51.2702 0 48.7406 0H0V14H58L54.3855 3.96646Z\" fill=\"currentColor\"\/>\n            <\/svg>\n\n            <svg class=\"hidden text-inherit md:flex lg:hidden -mb-px\" width=\"80\" height=\"14\" viewBox=\"0 0 80 14\"  fill=\"none\" xmlns=\"http:\/\/www.w3.org\/2000\/svg\">\n              <path d=\"M76.3855 3.96646C75.5281 1.58654 73.2702 0 70.7406 0H0V14H80L76.3855 3.96646Z\" fill=\"currentColor\"\/>\n            <\/svg>\n\n            <svg class=\"flex text-inherit md:hidden -mb-px\" width=\"88\" height=\"16\" viewBox=\"0 0 88 16\" fill=\"none\" xmlns=\"http:\/\/www.w3.org\/2000\/svg\">\n              <path d=\"M78.334 0H0V16H88L84.5314 4.01284C83.8509 1.66078 81.2861 0 78.334 0Z\" fill=\"currentColor\"\/>\n            <\/svg>\n          <\/div>\n\n          <div data-repeater=\"false\" class=\"partial-copy flex flex-col flex-1 text-left space-y-inner col-span-full lg:col-span-9\">\n  <div class=\"copy--headline break-words space-y-inner\">\n              <p class=\"display display-3 mb-0\" class=\"mb-0\">\n    Perm\u00edtenos volver a presentarnos.\n  <\/p>          <\/div>\n  <div class=\"copy--body space-y-min\">\n                  <div class=\"partial-copy--lead-copy\">\n                  <div class=\"partial-copy--copy body-1\"><p>La Coalici\u00f3n CAIR es ahora el Centro Amica para los Derechos de los Inmigrantes.<\/p>\n<p>&#8220;Amica&#8221; es la palabra latina para &#8220;amigo&#8221;, y eso se hace eco de la forma en que enfocamos lo que hacemos. Al igual que los amigos se apoyan unos a otros, Amica Center se apoya en nuestros clientes para luchar por la seguridad, la estabilidad y las oportunidades que todos merecemos.<\/p>\n<\/div>\n              <\/div>\n      <\/div>\n<\/div>        <\/li>\n                      <li class=\"grid lg:grid-12 gap-y-inner gap-x-full\">\n          <div class=\"foldertab z-higher-content relative h-min col-span-full lg:col-span-3 border-b-[6px]\n                      text-var-text border-var-text\n          \">\n            <svg class=\"hidden text-inherit lg:flex -mb-px\" width=\"58\" height=\"14\" viewBox=\"0 0 58 14\" fill=\"none\" xmlns=\"http:\/\/www.w3.org\/2000\/svg\">\n              <path d=\"M54.3855 3.96646C53.5281 1.58654 51.2702 0 48.7406 0H0V14H58L54.3855 3.96646Z\" fill=\"currentColor\"\/>\n            <\/svg>\n\n            <svg class=\"hidden text-inherit md:flex lg:hidden -mb-px\" width=\"80\" height=\"14\" viewBox=\"0 0 80 14\"  fill=\"none\" xmlns=\"http:\/\/www.w3.org\/2000\/svg\">\n              <path d=\"M76.3855 3.96646C75.5281 1.58654 73.2702 0 70.7406 0H0V14H80L76.3855 3.96646Z\" fill=\"currentColor\"\/>\n            <\/svg>\n\n            <svg class=\"flex text-inherit md:hidden -mb-px\" width=\"88\" height=\"16\" viewBox=\"0 0 88 16\" fill=\"none\" xmlns=\"http:\/\/www.w3.org\/2000\/svg\">\n              <path d=\"M78.334 0H0V16H88L84.5314 4.01284C83.8509 1.66078 81.2861 0 78.334 0Z\" fill=\"currentColor\"\/>\n            <\/svg>\n          <\/div>\n\n          <div data-repeater=\"false\" class=\"partial-copy flex flex-col flex-1 text-left space-y-inner col-span-full lg:col-span-9\">\n  <div class=\"copy--headline break-words space-y-inner\">\n              <p class=\"display display-3 mb-0\" class=\"mb-0\">\n    Nuestro nuevo nombre tambi\u00e9n refleja nuestro nuevo alcance como organizaci\u00f3n.\n  <\/p>          <\/div>\n  <div class=\"copy--body space-y-min\">\n                  <div class=\"partial-copy--lead-copy\">\n                  <div class=\"partial-copy--copy body-1\"><p>Aunque Amica Center sigue operando dentro del \u00e1rea de DC-Maryland-Virginia, hemos crecido para apoyar a nuestros clientes en todo el pa\u00eds. Los representamos en los tribunales locales de inmigraci\u00f3n y trabajamos con ellos cuando sus casos se apelan, ya sea ante la Junta de Apelaciones de Inmigraci\u00f3n o ante los Tribunales del 3\u00ba, 4\u00ba y 11\u00ba Circuito de EE.UU. Amica Center defiende a nuestros clientes y sienta precedentes jur\u00eddicos en beneficio de amplios grupos de inmigrantes.<\/p>\n<\/div>\n              <\/div>\n      <\/div>\n<\/div>        <\/li>\n                      <li class=\"grid lg:grid-12 gap-y-inner gap-x-full\">\n          <div class=\"foldertab z-higher-content relative h-min col-span-full lg:col-span-3 border-b-[6px]\n                      text-var-text border-var-text\n          \">\n            <svg class=\"hidden text-inherit lg:flex -mb-px\" width=\"58\" height=\"14\" viewBox=\"0 0 58 14\" fill=\"none\" xmlns=\"http:\/\/www.w3.org\/2000\/svg\">\n              <path d=\"M54.3855 3.96646C53.5281 1.58654 51.2702 0 48.7406 0H0V14H58L54.3855 3.96646Z\" fill=\"currentColor\"\/>\n            <\/svg>\n\n            <svg class=\"hidden text-inherit md:flex lg:hidden -mb-px\" width=\"80\" height=\"14\" viewBox=\"0 0 80 14\"  fill=\"none\" xmlns=\"http:\/\/www.w3.org\/2000\/svg\">\n              <path d=\"M76.3855 3.96646C75.5281 1.58654 73.2702 0 70.7406 0H0V14H80L76.3855 3.96646Z\" fill=\"currentColor\"\/>\n            <\/svg>\n\n            <svg class=\"flex text-inherit md:hidden -mb-px\" width=\"88\" height=\"16\" viewBox=\"0 0 88 16\" fill=\"none\" xmlns=\"http:\/\/www.w3.org\/2000\/svg\">\n              <path d=\"M78.334 0H0V16H88L84.5314 4.01284C83.8509 1.66078 81.2861 0 78.334 0Z\" fill=\"currentColor\"\/>\n            <\/svg>\n          <\/div>\n\n          <div data-repeater=\"false\" class=\"partial-copy flex flex-col flex-1 text-left space-y-inner col-span-full lg:col-span-9\">\n  <div class=\"copy--headline break-words space-y-inner\">\n              <p class=\"display display-3 mb-0\" class=\"mb-0\">\n    Nuevo nombre, misi\u00f3n y prop\u00f3sito actualizados, mismos valores.\n  <\/p>          <\/div>\n  <div class=\"copy--body space-y-min\">\n                  <div class=\"partial-copy--lead-copy\">\n                  <div class=\"partial-copy--copy body-1\"><p>En el Centro Amica para los Derechos de los Inmigrantes creemos que todo el mundo tiene derecho a ser libre, estar seguro y recibir apoyo, incluidos los inmigrantes que buscan seguridad y una familia. Pero el sistema legal de inmigraci\u00f3n est\u00e1 lleno de minas terrestres. Es dif\u00edcil navegar sin un gu\u00eda y deja a muchas personas luchando por permanecer con sus familias y comunidades. Ah\u00ed es donde entra Amica Center.<\/p>\n<p>Mediante la representaci\u00f3n legal directa y los litigios de impacto, Amica Center trabaja para construir un sistema de inmigraci\u00f3n humano y justo que ofrezca a todos el debido proceso, proteja a todas las personas que buscan seguridad y mantenga unidas a las comunidades. Nos dedicamos a la defensa legal inquebrantable y al litigio estrat\u00e9gico de los inmigrantes que se enfrentan a la detenci\u00f3n o la deportaci\u00f3n, independientemente de su origen, porque todo el mundo tiene derecho a vivir con seguridad, libertad y oportunidades.<\/p>\n<p><strong>Como Coalici\u00f3n CAIR, hemos tenido el honor de compartir nuestro nombre y, en ocasiones, clientes con el Consejo de Relaciones Isl\u00e1mico-Estadounidenses (CAIR), una organizaci\u00f3n de defensa y derechos civiles de los musulmanes, sin \u00e1nimo de lucro y de base. Para saber m\u00e1s sobre la incre\u00edble labor del CAIR para promover una imagen positiva del Islam y los musulmanes en Estados Unidos, <a href=\"https:\/\/www.cair.com\/\" target=\"_blank\" rel=\"noopener\">haz clic aqu\u00ed<\/a>.<\/strong><\/p>\n<p>Amica Center agradece a todos los que participaron en el proceso de cambio de marca, nombre y redise\u00f1o del sitio web. Desde nuestro personal a los voluntarios, pasando por los financiadores y los socios institucionales, te agradecemos tu tiempo, tus comentarios y tu paciencia.<\/p>\n<p>Amica Center tambi\u00e9n desea agradecer a la Fundaci\u00f3n Meyer su generoso apoyo para ayudar a financiar el proyecto de redise\u00f1o del sitio web.<\/p>\n<\/div>\n              <\/div>\n      <\/div>\n<\/div>        <\/li>\n          <\/ul>\n  <\/div>\n<\/section>\n<section class=\"section--cta-full text-center min-h-screen bg-bedrock\"\n  id=\"participa\"\n  aria-label=\"Participa\"\n>\n  <div class=\"fluid-container\">\n    <div class=\"py-max px-[2rem] md:p-max !rounded-block card\"\n      >\n      <div data-repeater=\"false\" class=\"partial-copy flex flex-col flex-1 text-center space-y-inner\">\n  <div class=\"copy--headline break-words space-y-inner\">\n              <h2 class=\"display display-1 mb-0\" class=\"mb-0\">\n    Participa\n  <\/h2>          <\/div>\n  <div class=\"copy--body space-y-min\">\n                  <div class=\"partial-copy--lead-copy\">\n                  <div class=\"partial-copy--copy body-1\"><p>Desde nuestra fundaci\u00f3n en 1999, el Centro Amica para los Derechos de los Inmigrantes ha llegado a m\u00e1s de 50.000 personas que buscan hacer de Estados Unidos su hogar. Hemos pasado de una plantilla de nueve personas a m\u00e1s de cien, con socios pro bono y un equipo de voluntarios entregados. Necesitamos tu ayuda en este pr\u00f3ximo cap\u00edtulo.<\/p>\n<p>El 26 de septiembre de 2024 celebramos nuestra fiesta de aniversario &#8220;25 a\u00f1os defendi\u00e9ndonos mutuamente&#8221; con simpatizantes y amigos en el Museo Nacional de la Mujer en las Artes.<\/p>\n<\/div>\n              <\/div>\n      <\/div>\n  <p class=\"partial-copy--cta\">\n    <a class=\"button\" href=\"\/join-the-fight\/events\/anniversary-bash\/\" target=\"\" href=\"\/join-the-fight\/events\/anniversary-bash\/\" target=\"\">\n    Vea el resumen del evento\n  <\/a>  <\/p>\n<\/div>    <\/div>\n  <\/div>\n<\/section>\n","protected":false},"excerpt":{"rendered":"","protected":false},"author":10,"featured_media":0,"parent":3883,"menu_order":0,"comment_status":"closed","ping_status":"closed","template":"","meta":{"_acf_changed":false,"inline_featured_image":false,"footnotes":""},"class_list":["post-3678","page","type-page","status-publish","hentry","bg-white -mt-px py-full"],"acf":[],"_links":{"self":[{"href":"https:\/\/amicacenter.org\/es\/wp-json\/wp\/v2\/pages\/3678","targetHints":{"allow":["GET"]}}],"collection":[{"href":"https:\/\/amicacenter.org\/es\/wp-json\/wp\/v2\/pages"}],"about":[{"href":"https:\/\/amicacenter.org\/es\/wp-json\/wp\/v2\/types\/page"}],"author":[{"embeddable":true,"href":"https:\/\/amicacenter.org\/es\/wp-json\/wp\/v2\/users\/10"}],"replies":[{"embeddable":true,"href":"https:\/\/amicacenter.org\/es\/wp-json\/wp\/v2\/comments?post=3678"}],"version-history":[{"count":2,"href":"https:\/\/amicacenter.org\/es\/wp-json\/wp\/v2\/pages\/3678\/revisions"}],"predecessor-version":[{"id":5352,"href":"https:\/\/amicacenter.org\/es\/wp-json\/wp\/v2\/pages\/3678\/revisions\/5352"}],"up":[{"embeddable":true,"href":"https:\/\/amicacenter.org\/es\/wp-json\/wp\/v2\/pages\/3883"}],"wp:attachment":[{"href":"https:\/\/amicacenter.org\/es\/wp-json\/wp\/v2\/media?parent=3678"}],"curies":[{"name":"wp","href":"https:\/\/api.w.org\/{rel}","templated":true}]}}