{"id":3699,"date":"2024-05-28T12:21:41","date_gmt":"2024-05-28T16:21:41","guid":{"rendered":"https:\/\/amicacenter.org\/consultas-de-casos\/"},"modified":"2024-06-24T17:12:29","modified_gmt":"2024-06-24T21:12:29","slug":"consultas-de-casos","status":"publish","type":"page","link":"https:\/\/amicacenter.org\/es\/recursos-juridicos\/herramientas-y-guias\/recursos-crimm-imm\/consultas-de-casos\/","title":{"rendered":"Consultas de casos"},"content":{"rendered":"<section data-block=\"true\" class=\"section--hero section--hero-megatext bg-white pt-full pb-max\"\n  id=\"consultas-de-casos\"\n  aria-label=\"Consultas de casos\" \n  >\n      <div class=\"fluid-container\">\n      <div data-repeater=\"false\" class=\"partial-copy flex flex-col flex-1 text-megatext space-y-half\">\n  <div class=\"copy--headline break-words space-y-half\">\n              <h1 class=\"display display-super mb-0\" class=\"mb-0\">\n    Consultas de casos\n  <\/h1>          <\/div>\n  <div class=\"copy--body space-y-min\">\n          <p class=\"subhead subhead-2 mb-0\" class=\"mb-0\">\n    Ofrecemos consultas individualizadas gratuitas sobre el caso a abogados penalistas de oficio certificados por la Comisi\u00f3n de Defensa del Indigente.\n  <\/p>                  <div class=\"partial-copy--lead-copy\">\n                  <div class=\"partial-copy--copy body-1\"><p>Estas consultas incluyen una evaluaci\u00f3n en profundidad de las consecuencias para la inmigraci\u00f3n de los cargos pendientes y sugerencias sobre posibles disposiciones para tu cliente no ciudadano.<\/p>\n<\/div>\n              <\/div>\n      <\/div>\n<\/div>\n        <\/div>\n  <\/section>\n<section class=\"section--form grid-half md:min-h-screen bg-white\" \n    id=\"solicitar-una-consulta\"\n  aria-label=\"Solicitar una consulta\" \n>\n  <div class=\"form--copy\">\n    <div class=\"self-center\">\n      <div data-repeater=\"false\" class=\"partial-copy flex flex-col flex-1 text-left space-y-inner\">\n  <div class=\"copy--headline break-words space-y-inner\">\n              <p class=\"display display-1 mb-0\" class=\"mb-0\">\n    Solicitar una consulta\n  <\/p>          <\/div>\n  <div class=\"copy--body space-y-min\">\n          <p class=\"subhead subhead-2 mb-0\" class=\"mb-0\">\n    Env\u00eda un correo electr\u00f3nico <a href=\"mailto:%20vjpconsultations@caircoalition.org\"> a vjpconsultations@caircoalition.org<\/a> para una consulta gratuita de tu caso.\n  <\/p>                  <div class=\"partial-copy--lead-copy\">\n                  <div class=\"partial-copy--copy body-1\"><p>Para que podamos ofrecer la consulta m\u00e1s completa y exhaustiva sobre c\u00f3mo mitigar las consecuencias de los cargos penales de un cliente, recomendamos que los abogados penalistas rellenen primero este <a href=\"https:\/\/amicacenter.org\/app\/uploads\/2024\/05\/Model-Intake-Form.pdf\"> Formulario de Admisi\u00f3n Modelo<\/a> con detalles sobre los antecedentes penales y de inmigraci\u00f3n del cliente, y lo env\u00eden con su solicitud de consulta por correo electr\u00f3nico.<\/p>\n<p><strong>Para los abogados de defensa penal y de inmigraci\u00f3n que representan a clientes de forma contratada, ofrecemos consultas por una tarifa m\u00ednima de 650 $<\/strong> para apoyar nuestro enfoque y compromiso continuos de ayudar a los clientes indigentes.<\/p>\n<\/div>\n              <\/div>\n      <\/div>\n<\/div>    <\/div>\n  <\/div>\n  <div class=\"form--form\">\n    <div class=\"self-center !h-auto p-half xxl:p-full card\">\n              <script type='text\/javascript' src='https:\/\/static.everyaction.com\/ea-actiontag\/at.js' crossorigin='anonymous'><\/script>\n\n        <div class=\"ngp-form\" data-form-url=\"https:\/\/secure.everyaction.com\/v1\/Forms\/hl4ONJJpcUSqcbYZcLieQw2\" data-custom-css=\"https:\/\/nvlupin.blob.core.windows.net\/designs\/CustomStylesheet_59b9b6652237f4d3f99e4a4fd4ff8226a80b0c8492a2499f229bb760a7026c18.css\" data-fastaction-endpoint=\"https:\/\/fastaction.ngpvan.com\" data-inline-errors=\"true\" data-fastaction-nologin=\"true\" data-databag-endpoint=\"https:\/\/profile.ngpvan.com\" data-databag=\"everybody\" data-mobile-autofocus=\"false\">\n<\/div>\n                <\/div>\n  <\/div>\n<\/section>\n","protected":false},"excerpt":{"rendered":"","protected":false},"author":10,"featured_media":0,"parent":3747,"menu_order":0,"comment_status":"closed","ping_status":"closed","template":"","meta":{"_acf_changed":false,"inline_featured_image":false,"footnotes":""},"class_list":["post-3699","page","type-page","status-publish","hentry","bg-white -mt-px py-full"],"acf":[],"_links":{"self":[{"href":"https:\/\/amicacenter.org\/es\/wp-json\/wp\/v2\/pages\/3699","targetHints":{"allow":["GET"]}}],"collection":[{"href":"https:\/\/amicacenter.org\/es\/wp-json\/wp\/v2\/pages"}],"about":[{"href":"https:\/\/amicacenter.org\/es\/wp-json\/wp\/v2\/types\/page"}],"author":[{"embeddable":true,"href":"https:\/\/amicacenter.org\/es\/wp-json\/wp\/v2\/users\/10"}],"replies":[{"embeddable":true,"href":"https:\/\/amicacenter.org\/es\/wp-json\/wp\/v2\/comments?post=3699"}],"version-history":[{"count":1,"href":"https:\/\/amicacenter.org\/es\/wp-json\/wp\/v2\/pages\/3699\/revisions"}],"predecessor-version":[{"id":3700,"href":"https:\/\/amicacenter.org\/es\/wp-json\/wp\/v2\/pages\/3699\/revisions\/3700"}],"up":[{"embeddable":true,"href":"https:\/\/amicacenter.org\/es\/wp-json\/wp\/v2\/pages\/3747"}],"wp:attachment":[{"href":"https:\/\/amicacenter.org\/es\/wp-json\/wp\/v2\/media?parent=3699"}],"curies":[{"name":"wp","href":"https:\/\/api.w.org\/{rel}","templated":true}]}}