{"id":3702,"date":"2024-05-21T21:43:17","date_gmt":"2024-05-22T01:43:17","guid":{"rendered":"https:\/\/amicacenter.org\/directorio-de-personal\/biografia-de-michael-lukens\/"},"modified":"2024-06-24T17:11:39","modified_gmt":"2024-06-24T21:11:39","slug":"biografia-de-michael-lukens","status":"publish","type":"page","link":"https:\/\/amicacenter.org\/es\/acerca-de-nosotros\/directorio-de-personal\/biografia-de-michael-lukens\/","title":{"rendered":"Biograf\u00eda de Michael Lukens"},"content":{"rendered":"<section data-block=\"true\" class=\"section--hero section--hero-left bg-white grid-half py-0\"\n  id=\"michael-lukens\"\n  aria-label=\"Michael Lukens\" \n  >\n      <div class=\"mobile-first\">\n          <div class=\"self-center\"><div data-repeater=\"false\" class=\"partial-copy flex flex-col flex-1 text-left space-y-inner\">\n  <div class=\"copy--headline break-words space-y-inner\">\n              <h1 class=\"display display-1 mb-0\" class=\"mb-0\">\n    Michael Lukens\n  <\/h1>          <\/div>\n  <div class=\"copy--body space-y-min\">\n          <p class=\"subhead subhead-2 mb-0\" class=\"mb-0\">\n    Director Ejecutivo\n  <\/p>              <\/div>\n<\/div><\/div>\n      <\/div>\n  <div class=\"\">\n                  <div class=\"h-full\">\n          <figure>\n    <img loading=\"lazy\" decoding=\"async\" width=\"800\" height=\"800\" src=\"https:\/\/amicacenter.org\/app\/uploads\/2024\/06\/StaffDirectory_Michael1_1.webp\" class=\"w-full rounded-image aspect-square\" alt=\"\" srcset=\"https:\/\/amicacenter.org\/app\/uploads\/2024\/06\/StaffDirectory_Michael1_1.webp 800w, https:\/\/amicacenter.org\/app\/uploads\/2024\/06\/StaffDirectory_Michael1_1-600x600.webp 600w, https:\/\/amicacenter.org\/app\/uploads\/2024\/06\/StaffDirectory_Michael1_1-200x200.webp 200w, https:\/\/amicacenter.org\/app\/uploads\/2024\/06\/StaffDirectory_Michael1_1-768x768.webp 768w\" sizes=\"auto, (max-width: 800px) 100vw, 800px\" \/>  <\/figure>        <\/div>\n            <\/div>  <\/section>\n<section class=\"section--one-column bg-white text-left\" \n  id=\"\"\n  aria-label=\"\"\n>\n  <div class=\"fluid-container grid-12 col-span-full row-span-full z-content partials--one-column\">\n  <div class=\"col-narrow\">\n    <div data-repeater=\"false\" class=\"partial-copy flex flex-col flex-1 text-left space-y-inner\">\n  <div class=\"copy--body space-y-min\">\n          <p class=\"subhead subhead-2 mb-0\" class=\"mb-0\">\n    Michael Lukens se incorpor\u00f3 al Centro Amica para los Derechos de los Inmigrantes en 2014.\n  <\/p>                  <div class=\"partial-copy--lead-copy\">\n                  <div class=\"partial-copy--copy body-1\"><p>Supervisa los programas jur\u00eddicos y operativos, incluidos todos los servicios de cara al cliente, los programas de voluntariado y pro bono, y el Equipo de Personas y Operaciones.<\/p>\n<p>Antes de incorporarse a Amica Center, Michael fue abogado en Paul Hastings. Obtuvo un M\u00e1ster en Gesti\u00f3n P\u00fablica por la Universidad de Maryland, con especializaci\u00f3n en gesti\u00f3n de organizaciones sin \u00e1nimo de lucro, y una licenciatura en Derecho por la Facultad de Derecho de Hofstra. Es Tesorero del Consejo de Abogados de Washington.<\/p>\n<\/div>\n              <\/div>\n      <\/div>\n  <p class=\"partial-copy--cta\">\n    <a class=\"button\" href=\"mailto:michael@amicacenter.org\" target=\"_blank\" href=\"mailto:michael@amicacenter.org\" target=\"_blank\">\n    Mensaje Michael\n  <\/a>  <\/p>\n<\/div>  <\/div>\n<\/div><\/section>\n","protected":false},"excerpt":{"rendered":"","protected":false},"author":10,"featured_media":0,"parent":3342,"menu_order":0,"comment_status":"closed","ping_status":"closed","template":"","meta":{"_acf_changed":false,"inline_featured_image":false,"footnotes":""},"class_list":["post-3702","page","type-page","status-publish","hentry","bg-white -mt-px py-full"],"acf":[],"_links":{"self":[{"href":"https:\/\/amicacenter.org\/es\/wp-json\/wp\/v2\/pages\/3702","targetHints":{"allow":["GET"]}}],"collection":[{"href":"https:\/\/amicacenter.org\/es\/wp-json\/wp\/v2\/pages"}],"about":[{"href":"https:\/\/amicacenter.org\/es\/wp-json\/wp\/v2\/types\/page"}],"author":[{"embeddable":true,"href":"https:\/\/amicacenter.org\/es\/wp-json\/wp\/v2\/users\/10"}],"replies":[{"embeddable":true,"href":"https:\/\/amicacenter.org\/es\/wp-json\/wp\/v2\/comments?post=3702"}],"version-history":[{"count":1,"href":"https:\/\/amicacenter.org\/es\/wp-json\/wp\/v2\/pages\/3702\/revisions"}],"predecessor-version":[{"id":3705,"href":"https:\/\/amicacenter.org\/es\/wp-json\/wp\/v2\/pages\/3702\/revisions\/3705"}],"up":[{"embeddable":true,"href":"https:\/\/amicacenter.org\/es\/wp-json\/wp\/v2\/pages\/3342"}],"wp:attachment":[{"href":"https:\/\/amicacenter.org\/es\/wp-json\/wp\/v2\/media?parent=3702"}],"curies":[{"name":"wp","href":"https:\/\/api.w.org\/{rel}","templated":true}]}}