{"id":3706,"date":"2024-05-21T21:49:11","date_gmt":"2024-05-22T01:49:11","guid":{"rendered":"https:\/\/amicacenter.org\/directorio-de-personal\/biografia-de-kathryn-m-doan\/"},"modified":"2024-06-24T17:11:39","modified_gmt":"2024-06-24T21:11:39","slug":"biografia-de-kathryn-m-doan","status":"publish","type":"page","link":"https:\/\/amicacenter.org\/es\/acerca-de-nosotros\/directorio-de-personal\/biografia-de-kathryn-m-doan\/","title":{"rendered":"Biograf\u00eda de Kathryn M. Doan"},"content":{"rendered":"<section data-block=\"true\" class=\"section--hero section--hero-left bg-white grid-half py-0\"\n  id=\"kathryn-m-doan\"\n  aria-label=\"Kathryn M. Doan\" \n  >\n      <div class=\"mobile-first\">\n          <div class=\"self-center\"><div data-repeater=\"false\" class=\"partial-copy flex flex-col flex-1 text-left space-y-inner\">\n  <div class=\"copy--headline break-words space-y-inner\">\n              <h1 class=\"display display-1 mb-0\" class=\"mb-0\">\n    Kathryn M. Doan\n  <\/h1>          <\/div>\n  <div class=\"copy--body space-y-min\">\n          <p class=\"subhead subhead-2 mb-0\" class=\"mb-0\">\n    Consejero Delegado\n  <\/p>              <\/div>\n<\/div><\/div>\n      <\/div>\n  <div class=\"\">\n                  <div class=\"h-full\">\n          <figure>\n    <img loading=\"lazy\" decoding=\"async\" width=\"800\" height=\"800\" src=\"https:\/\/amicacenter.org\/app\/uploads\/2024\/06\/StaffDirectory_Kathy1_1.webp\" class=\"w-full rounded-image aspect-square\" alt=\"\" srcset=\"https:\/\/amicacenter.org\/app\/uploads\/2024\/06\/StaffDirectory_Kathy1_1.webp 800w, https:\/\/amicacenter.org\/app\/uploads\/2024\/06\/StaffDirectory_Kathy1_1-600x600.webp 600w, https:\/\/amicacenter.org\/app\/uploads\/2024\/06\/StaffDirectory_Kathy1_1-200x200.webp 200w, https:\/\/amicacenter.org\/app\/uploads\/2024\/06\/StaffDirectory_Kathy1_1-768x768.webp 768w\" sizes=\"auto, (max-width: 800px) 100vw, 800px\" \/>  <\/figure>        <\/div>\n            <\/div>  <\/section>\n<section class=\"section--one-column bg-white text-left\" \n  id=\"\"\n  aria-label=\"\"\n>\n  <div class=\"fluid-container grid-12 col-span-full row-span-full z-content partials--one-column\">\n  <div class=\"col-narrow\">\n    <div data-repeater=\"false\" class=\"partial-copy flex flex-col flex-1 text-left space-y-inner\">\n  <div class=\"copy--body space-y-min\">\n          <p class=\"subhead subhead-2 mb-0\" class=\"mb-0\">\n    Kathryn Doan se incorpor\u00f3 al Centro Amica para los Derechos de los Inmigrantes en 2008.\n  <\/p>                  <div class=\"partial-copy--lead-copy\">\n                  <div class=\"partial-copy--copy body-1\"><p>Durante su mandato, la organizaci\u00f3n pas\u00f3 de una plantilla de seis personas a una de m\u00e1s de 100. Antes de incorporarse a Amica Center, fue Directora Adjunta del Centro de Recursos Centroamericanos en Washington, DC, donde tambi\u00e9n dirigi\u00f3 los programas de Servicios Jur\u00eddicos de Inmigraci\u00f3n y Servicios de Apoyo Comunitario de la agencia.<\/p>\n<p>Kathy ha recibido varios galardones, entre ellos el Premio Jerrold Scoutt de la Fundaci\u00f3n del Colegio de Abogados de Washington, el Premio de los Presidentes del Consejo de Abogados de Washington al Servicio P\u00fablico y el Premio CORO (Community, Outreach, Recognition and Opportunity) de los Tribunales de Washington. Es licenciada por la Universidad de Cornell y por la Facultad de Derecho Columbus de la Universidad Cat\u00f3lica. Fuera del trabajo, le gusta pasar tiempo con su familia, leer, la jardiner\u00eda y jugar con sus tres gatos.<\/p>\n<\/div>\n              <\/div>\n      <\/div>\n  <p class=\"partial-copy--cta\">\n    <a class=\"button\" href=\"mailto:kathy.doan@amicacenter.org\" target=\"_blank\" href=\"mailto:kathy.doan@amicacenter.org\" target=\"_blank\">\n    Mensaje Kathryn\n  <\/a>  <\/p>\n<\/div>  <\/div>\n<\/div><\/section>\n","protected":false},"excerpt":{"rendered":"","protected":false},"author":10,"featured_media":0,"parent":3342,"menu_order":0,"comment_status":"closed","ping_status":"closed","template":"","meta":{"_acf_changed":false,"inline_featured_image":false,"footnotes":""},"class_list":["post-3706","page","type-page","status-publish","hentry","bg-white -mt-px py-full"],"acf":[],"_links":{"self":[{"href":"https:\/\/amicacenter.org\/es\/wp-json\/wp\/v2\/pages\/3706","targetHints":{"allow":["GET"]}}],"collection":[{"href":"https:\/\/amicacenter.org\/es\/wp-json\/wp\/v2\/pages"}],"about":[{"href":"https:\/\/amicacenter.org\/es\/wp-json\/wp\/v2\/types\/page"}],"author":[{"embeddable":true,"href":"https:\/\/amicacenter.org\/es\/wp-json\/wp\/v2\/users\/10"}],"replies":[{"embeddable":true,"href":"https:\/\/amicacenter.org\/es\/wp-json\/wp\/v2\/comments?post=3706"}],"version-history":[{"count":1,"href":"https:\/\/amicacenter.org\/es\/wp-json\/wp\/v2\/pages\/3706\/revisions"}],"predecessor-version":[{"id":3709,"href":"https:\/\/amicacenter.org\/es\/wp-json\/wp\/v2\/pages\/3706\/revisions\/3709"}],"up":[{"embeddable":true,"href":"https:\/\/amicacenter.org\/es\/wp-json\/wp\/v2\/pages\/3342"}],"wp:attachment":[{"href":"https:\/\/amicacenter.org\/es\/wp-json\/wp\/v2\/media?parent=3706"}],"curies":[{"name":"wp","href":"https:\/\/api.w.org\/{rel}","templated":true}]}}