{"id":3711,"date":"2024-05-22T16:50:06","date_gmt":"2024-05-22T20:50:06","guid":{"rendered":"https:\/\/amicacenter.org\/en-apoyo-del-fin-de-la-detencion\/"},"modified":"2024-06-24T17:11:39","modified_gmt":"2024-06-24T21:11:39","slug":"en-apoyo-del-fin-de-la-detencion","status":"publish","type":"page","link":"https:\/\/amicacenter.org\/es\/en-apoyo-del-fin-de-la-detencion\/","title":{"rendered":"En apoyo del fin de la detenci\u00f3n"},"content":{"rendered":"<section data-block=\"true\" class=\"section--hero section--hero-overlay-full bg-white pt-0 pb-max\"\n  id=\"en-apoyo-del-fin-de-la-detencion\"\n  aria-label=\"En apoyo del fin de la detenci\u00f3n\" \n   style=\"--background-image: url('https:\/\/amicacenter.org\/app\/uploads\/2024\/06\/Hero1.webp')\">\n       \n      <div \n        class=\"bg-image aspect-hero bg-cover flex justify-end items-end\"\n        style=\"--background-image: url('https:\/\/amicacenter.org\/app\/uploads\/2024\/06\/Hero1.webp')\"\n      >\n              <\/div>\n        <div class=\"grid-container bg-white self-end -mb-px\">\n      <div data-repeater=\"false\" class=\"partial-copy flex flex-col flex-1 text-overlay-full space-y-inner grid-narrow-left mt-overlay-super\">\n  <div class=\"copy--headline break-words space-y-inner\">\n              <h1 class=\"display display-super mb-0\" class=\"mb-0\">\n    En apoyo del fin de la detenci\u00f3n\n  <\/h1>          <\/div>\n  <div class=\"copy--body space-y-min\">\n          <p class=\"subhead subhead-2 mb-0\" class=\"mb-0\">\n    En el Centro Amica para los Derechos de los Inmigrantes (&#8220;Centro Amica&#8221;), creemos que nadie debe ser encarcelado por su condici\u00f3n de inmigrante.\n  <\/p>                  <div class=\"partial-copy--lead-copy\">\n                  <div class=\"partial-copy--copy body-1\"><p>\u00daltima actualizaci\u00f3n 22 de mayo de 2024<\/p>\n<\/div>\n              <\/div>\n      <\/div>\n<\/div>    <\/div>\n  <\/section>\n<section class=\"section--one-column bg-white text-left\" \n  id=\"la-detencion-por-el-servicio-de-inmigracion-y-control-de-aduanas-de-estados-unidos-ice-no-debe-existir\"\n  aria-label=\"La detenci\u00f3n por el Servicio de Inmigraci\u00f3n y Control de Aduanas de Estados Unidos (ICE) NO DEBE EXISTIR.\"\n>\n  <div class=\"fluid-container grid-12 col-span-full row-span-full z-content partials--one-column\">\n  <div class=\"col-narrow\">\n    <div data-repeater=\"false\" class=\"partial-copy flex flex-col flex-1 text-left space-y-inner\">\n  <div class=\"copy--headline break-words space-y-inner\">\n              <h2 class=\"display display-2 mb-0\" class=\"mb-0\">\n    La detenci\u00f3n por el Servicio de Inmigraci\u00f3n y Control de Aduanas de Estados Unidos (ICE) NO DEBE EXISTIR.\n  <\/h2>          <\/div>\n  <div class=\"copy--body space-y-min\">\n          <p class=\"subhead subhead-2 mb-0\" class=\"mb-0\">\n    La detenci\u00f3n es deshumanizante.\n  <\/p>                  <div class=\"partial-copy--lead-copy\">\n                  <div class=\"partial-copy--copy body-1\"><p>Separa a las personas de sus familias y sistemas de apoyo durante uno de los momentos m\u00e1s dif\u00edciles de sus vidas.<\/p>\n<p>Tambi\u00e9n es un error que el ICE detenga a inmigrantes porque tienen condenas penales. Hay que desenmara\u00f1ar el sistema jur\u00eddico penal y el sistema jur\u00eddico de inmigraci\u00f3n.<\/p>\n<h4 id=\"pero-mientras-exista-la-detencion-toda-persona-detenida-debe-tener-acceso-a-un-abogado-independientemente-de-su-capacidad-para-pagarselo\"><strong>Pero mientras exista la detenci\u00f3n, toda persona detenida debe tener acceso a un abogado, independientemente de su capacidad para pag\u00e1rselo.<\/strong><\/h4>\n<p>&nbsp;<\/p>\n<p>Las personas que se enfrentan a la deportaci\u00f3n no tienen derecho a un abogado de oficio en el tribunal de inmigraci\u00f3n que les ayude a defender su caso. Como consecuencia, la mayor\u00eda de los adultos y ni\u00f1os que comparecen ante los tribunales de inmigraci\u00f3n de todo el pa\u00eds se enfrentan solos a los jueces de inmigraci\u00f3n, especialmente los detenidos.<\/p>\n<p>Tener un abogado marca la diferencia. Los que est\u00e1n detenidos y tienen acceso a abogados tienen 10,5 veces m\u00e1s probabilidades de ganar sus casos en comparaci\u00f3n con los que no est\u00e1n representados.<\/p>\n<p>Por eso Amica Center se compromete a hacer todo lo posible para ampliar el acceso a la asistencia letrada a nuestros vecinos inmigrantes detenidos.<\/p>\n<h4 id=\"a-medida-que-el-ice-detiene-y-traslada-cada-vez-mas-personas-de-nuestra-region-capital-a-lugares-remotos-de-todo-el-pais-amica-center-se-compromete-a-buscar-todas-las-opciones-para-apoyarles\">A medida que el ICE detiene y traslada cada vez m\u00e1s personas de nuestra regi\u00f3n Capital a lugares remotos de todo el pa\u00eds, Amica Center se compromete a buscar todas las opciones para apoyarles.<\/h4>\n<p>&nbsp;<\/p>\n<p>En la mayor\u00eda de los estados, cuando cierran los centros de detenci\u00f3n, el ICE no deja de detener a la gente. En lugar de eso, trasladan a los inmigrantes a c\u00e1rceles lejanas, en zonas remotas del pa\u00eds, donde el acceso a abogados es casi imposible, y donde no cuentan con el apoyo de su familia ni de su comunidad.<\/p>\n<h4 id=\"no-importa-lo-lejos-que-el-ice-traslade-a-alguien-merece-apoyo-y-acceso-a-un-abogado\">No importa lo lejos que el ICE traslade a alguien, merece apoyo y acceso a un abogado.<\/h4>\n<p>&nbsp;<\/p>\n<p>Nadie deber\u00eda tener que pasar solo por el injusto sistema de inmigraci\u00f3n de Estados Unidos. Hasta que finalice la detenci\u00f3n, Amica Center se compromete a reducir el da\u00f1o causado por la detenci\u00f3n de inmigrantes, en particular el impacto dispar sobre las comunidades de color. Es decir:<\/p>\n<ul>\n<li>Reducir el n\u00famero de personas que entran en la v\u00eda penal-detenci\u00f3n-deportaci\u00f3n<\/li>\n<li>Proporcionar representaci\u00f3n legal gratuita y educaci\u00f3n a las personas que se enfrentan a la detenci\u00f3n y deportaci\u00f3n<\/li>\n<li>Luchar contra las duras e injustas leyes y pr\u00e1cticas de inmigraci\u00f3n que pueden significar la diferencia entre la vida y la muerte para nuestros clientes.<\/li>\n<li>Liderar la defensa y los litigios de impacto centrados en el cliente para transformar nuestro sistema de inmigraci\u00f3n en uno que sea humano y justo, que ofrezca a todos el debido proceso, que proteja a todas las personas que buscan seguridad y que mantenga unidas a las comunidades.<\/li>\n<\/ul>\n<\/div>\n              <\/div>\n      <\/div>\n<\/div>  <\/div>\n<\/div><\/section>\n<section class=\"section--form grid-half md:min-h-screen bg-bedrock\" \n    id=\"unete-a-nuestra-lista-de-correo-electronico\"\n  aria-label=\"\u00danete a nuestra lista de correo electr\u00f3nico\" \n>\n  <div class=\"form--copy\">\n    <div class=\"self-center\">\n      <div data-repeater=\"false\" class=\"partial-copy flex flex-col flex-1 text-left space-y-inner\">\n  <div class=\"copy--headline break-words space-y-inner\">\n              <p class=\"display display-1 mb-0\" class=\"mb-0\">\n    \u00danete a nuestra lista de correo electr\u00f3nico\n  <\/p>          <\/div>\n  <div class=\"copy--body space-y-min\">\n          <p class=\"subhead subhead-2 mb-0\" class=\"mb-0\">\n    Esto es s\u00f3lo el principio.\n  <\/p>                  <div class=\"partial-copy--lead-copy\">\n                  <div class=\"partial-copy--copy body-1\"><p>S\u00e9 el primero en enterarte de las alertas de acci\u00f3n, oportunidades de voluntariado, actualizaciones jur\u00eddicas y mucho m\u00e1s en el movimiento para crear un sistema de inmigraci\u00f3n m\u00e1s humano y justo.<\/p>\n<\/div>\n              <\/div>\n      <\/div>\n<\/div>    <\/div>\n  <\/div>\n  <div class=\"form--form\">\n    <div class=\"self-center !h-auto p-half xxl:p-full card\">\n              <script type='text\/javascript' src='https:\/\/static.everyaction.com\/ea-actiontag\/at.js' crossorigin='anonymous'><\/script>\n\n        <div class=\"ngp-form\" data-form-url=\"https:\/\/actions.everyaction.com\/v1\/Forms\/YvsR8dfdpECOKjLUMCOKcg2\" data-labels=\"inline\" data-fastaction-endpoint=\"https:\/\/fastaction.ngpvan.com\" data-inline-errors=\"true\" data-fastaction-nologin=\"true\" data-databag-endpoint=\"https:\/\/profile.ngpvan.com\" data-databag=\"everybody\" data-mobile-autofocus=\"false\">\n        <\/div>\n                <\/div>\n  <\/div>\n<\/section>\n","protected":false},"excerpt":{"rendered":"","protected":false},"author":10,"featured_media":0,"parent":0,"menu_order":0,"comment_status":"closed","ping_status":"closed","template":"","meta":{"_acf_changed":false,"inline_featured_image":false,"footnotes":""},"class_list":["post-3711","page","type-page","status-publish","hentry","bg-white -mt-px py-full"],"acf":[],"_links":{"self":[{"href":"https:\/\/amicacenter.org\/es\/wp-json\/wp\/v2\/pages\/3711","targetHints":{"allow":["GET"]}}],"collection":[{"href":"https:\/\/amicacenter.org\/es\/wp-json\/wp\/v2\/pages"}],"about":[{"href":"https:\/\/amicacenter.org\/es\/wp-json\/wp\/v2\/types\/page"}],"author":[{"embeddable":true,"href":"https:\/\/amicacenter.org\/es\/wp-json\/wp\/v2\/users\/10"}],"replies":[{"embeddable":true,"href":"https:\/\/amicacenter.org\/es\/wp-json\/wp\/v2\/comments?post=3711"}],"version-history":[{"count":1,"href":"https:\/\/amicacenter.org\/es\/wp-json\/wp\/v2\/pages\/3711\/revisions"}],"predecessor-version":[{"id":3715,"href":"https:\/\/amicacenter.org\/es\/wp-json\/wp\/v2\/pages\/3711\/revisions\/3715"}],"wp:attachment":[{"href":"https:\/\/amicacenter.org\/es\/wp-json\/wp\/v2\/media?parent=3711"}],"curies":[{"name":"wp","href":"https:\/\/api.w.org\/{rel}","templated":true}]}}