{"id":3721,"date":"2024-05-22T18:01:58","date_gmt":"2024-05-22T22:01:58","guid":{"rendered":"https:\/\/amicacenter.org\/casos-pro-bono-disponibles\/caso-disponible-lucas\/"},"modified":"2024-06-24T17:11:39","modified_gmt":"2024-06-24T21:11:39","slug":"caso-disponible-lucas","status":"publish","type":"page","link":"https:\/\/amicacenter.org\/es\/recursos-juridicos\/herramientas-y-guias\/recursos-pro-bono\/casos-pro-bono-disponibles\/caso-disponible-lucas\/","title":{"rendered":"Caso disponible: Lucas"},"content":{"rendered":"<section class=\"section--one-column bg-white text-left\" \n  id=\"caja-disponible\"\n  aria-label=\"Caja disponible\"\n>\n  <div class=\"fluid-container grid-12 col-span-full row-span-full z-content partials--one-column\">\n  <div class=\"col-narrow\">\n    <div data-repeater=\"false\" class=\"partial-copy flex flex-col flex-1 text-left space-y-inner\">\n  <div class=\"copy--headline break-words space-y-inner\">\n              <h2 class=\"display display-2 mb-0\" class=\"mb-0\">\n    Caja disponible\n  <\/h2>          <\/div>\n  <div class=\"copy--body space-y-min\">\n          <p class=\"subhead subhead-2 mb-0\" class=\"mb-0\">\n    *Lucas &#8211; Guatemala\n  <\/p>                  <div class=\"partial-copy--lead-copy\">\n                  <div class=\"partial-copy--copy body-1\"><p>Tras abandonar la familia, su padre no ha contribuido econ\u00f3micamente, ni ha hecho ning\u00fan esfuerzo por mantener el contacto con Lucas. Ni Lucas ni su madre saben d\u00f3nde est\u00e1 su padre ni c\u00f3mo ponerse en contacto con \u00e9l.<\/p>\n<p>En Guatemala, Lucas decidi\u00f3 empezar a trabajar a tiempo completo despu\u00e9s del 6\u00ba curso para compensar la p\u00e9rdida de la ayuda de su padre. Quer\u00eda seguir yendo a la escuela, pero si no trabajaba su familia no tendr\u00eda dinero suficiente para comprar comida y otras necesidades. Ahora en Estados Unidos y viviendo con su madre en DC, Lucas contin\u00faa su educaci\u00f3n y planea graduarse.<\/p>\n<p>Como consecuencia del abandono de su padre, Lucas puede optar al Estatus Especial de Inmigrante Juvenil (SIJS).<\/p>\n<p>El SIJS est\u00e1 disponible para los menores inmigrantes no acompa\u00f1ados que no pueden reunificarse con uno o ambos progenitores debido a malos tratos, negligencia o abandono. El SIJS requiere tres aprobaciones, una de un tribunal de familia estatal y dos del USCIS. Como se requiere una orden del tribunal de familia del estado, el abogado que represente a Jairo tendr\u00e1 que estar impedido en DC u obtener permiso del tribunal para comparecer pro hac vice.<\/p>\n<p>Todos los asuntos del Centro Amica asignados a un equipo pro bono est\u00e1n s\u00f3lidamente tutelados por un abogado del Centro Amica. Nuestro programa de tutor\u00eda incluye una reuni\u00f3n inicial para debatir el alcance y el proceso del asunto, suministro de muestras, orientaci\u00f3n sobre la ley, revisi\u00f3n de borradores de expedientes, ayuda con el contacto con el cliente y orientaci\u00f3n sobre la preparaci\u00f3n de entrevistas y vistas.<\/p>\n<\/div>\n              <\/div>\n      <\/div>\n<\/div>  <\/div>\n<\/div><\/section>\n<section class=\"section--one-column bg-white text-center\" \n  id=\"\"\n  aria-label=\"\"\n>\n  <div class=\"fluid-container grid-12 col-span-full row-span-full z-content partials--one-column\">\n  <div class=\"col-narrow\">\n    <div data-repeater=\"false\" class=\"partial-copy flex flex-col flex-1 text-center space-y-inner\">\n  <div class=\"copy--body space-y-min\">\n          <p class=\"subhead subhead-2 mb-0\" class=\"mb-0\">\n    Consideraci\u00f3n especial\n  <\/p>                  <div class=\"partial-copy--lead-copy\">\n                  <div class=\"partial-copy--copy body-1\"><p>Se tratar\u00e1 de un caso de custodia de un tercero, que tiene unos requisitos ligeramente distintos, pero el mentor podr\u00e1 guiar al abogado de forma experta a trav\u00e9s de este proceso.<\/p>\n<\/div>\n              <\/div>\n      <\/div>\n<\/div>  <\/div>\n<\/div><\/section>\n<section class=\"section--multi-column bg-white\"\n  id=\"\"\n  aria-label=\"\"\n>\n  <div class=\"narrow-container flex flex-col gap-full\">\n          <div class=\"copy\">\n        <div class=\"fluid-container grid-12 col-span-full row-span-full z-content partials--one-column\">\n  <div class=\"col-narrow\">\n    <div data-repeater=\"false\" class=\"partial-copy flex flex-col flex-1 text-center space-y-inner\">\n  <div class=\"copy--body space-y-min\">\n          <p class=\"subhead subhead-2 mb-0\" class=\"mb-0\">\n    Informaci\u00f3n adicional\n  <\/p>              <\/div>\n<\/div>  <\/div>\n<\/div>      <\/div>\n        <ul class=\"grid lg:auto-cols-fr lg:grid-flow-col list-none ml-0 gap-wide\">\n                        <li class=\"flex flex-col gap-inner\">\n                        <div class=\"copy\">\n              <div data-repeater=\"true\" class=\"partial-copy flex flex-col flex-1 text-left space-y-inner is-repeater\">\n  <div class=\"copy--body space-y-min\">\n              <p class=\"subhead subhead-3 mb-0\" class=\"mb-0\">\n    Ubicaci\u00f3n\n  <\/p>              <div class=\"partial-copy--lead-copy\">\n                  <div class=\"partial-copy--copy body-2\"><p>Washington DC-no detenido, vive con su madre<\/p>\n<\/div>\n              <\/div>\n      <\/div>\n<\/div>            <\/div>\n          <\/li>\n                  <li class=\"flex flex-col gap-inner\">\n                        <div class=\"copy\">\n              <div data-repeater=\"true\" class=\"partial-copy flex flex-col flex-1 text-left space-y-inner is-repeater\">\n  <div class=\"copy--body space-y-min\">\n              <p class=\"subhead subhead-3 mb-0\" class=\"mb-0\">\n    Lengua\n  <\/p>              <div class=\"partial-copy--lead-copy\">\n                  <div class=\"partial-copy--copy body-2\"><p>Espa\u00f1ol: se necesitar\u00e1 un miembro del equipo pro bono que hable espa\u00f1ol con fluidez o un int\u00e9rprete\/traductor externo.<\/p>\n<\/div>\n              <\/div>\n      <\/div>\n<\/div>            <\/div>\n          <\/li>\n                  <\/ul>\n  <\/div>\n<\/section>\n<section class=\"section--one-column bg-white text-center\" \n  id=\"\"\n  aria-label=\"\"\n>\n  <div class=\"fluid-container grid-12 col-span-full row-span-full z-content partials--one-column\">\n  <div class=\"col-narrow\">\n    <div data-repeater=\"false\" class=\"partial-copy flex flex-col flex-1 text-center space-y-inner\">\n  <div class=\"copy--body space-y-min\">\n          <p class=\"subhead subhead-2 mb-0\" class=\"mb-0\">\n    Ponte en contacto con nuestra Abogada Directora de Coordinaci\u00f3n Pro Bono, Jennifer Grishkin, en <a href=\"mailto:jennifer@amicacenter.org\">jennifer@amicacenter.org<\/a> o en el (202) 866-9287 si est\u00e1s interesado en llevar este caso.\n  <\/p>                  <div class=\"partial-copy--lead-copy\">\n                  <div class=\"partial-copy--copy body-1\"><p>*Se utilizan seud\u00f3nimos para proteger la intimidad.<\/p>\n<\/div>\n              <\/div>\n      <\/div>\n  <p class=\"partial-copy--cta\">\n    <a class=\"button\" href=\"mailto:jennifer@amicacenter.org?subject=Request El caso de Lucas\" target=\"\" href=\"mailto:jennifer@amicacenter.org?subject=Request El caso de Lucas\" target=\"\">\n    Solicitar el caso de Lucas\n  <\/a>  <\/p>\n<\/div>  <\/div>\n<\/div><\/section>\n","protected":false},"excerpt":{"rendered":"","protected":false},"author":10,"featured_media":0,"parent":3675,"menu_order":0,"comment_status":"closed","ping_status":"closed","template":"","meta":{"_acf_changed":false,"inline_featured_image":false,"footnotes":""},"class_list":["post-3721","page","type-page","status-publish","hentry","bg-white -mt-px py-full"],"acf":[],"_links":{"self":[{"href":"https:\/\/amicacenter.org\/es\/wp-json\/wp\/v2\/pages\/3721","targetHints":{"allow":["GET"]}}],"collection":[{"href":"https:\/\/amicacenter.org\/es\/wp-json\/wp\/v2\/pages"}],"about":[{"href":"https:\/\/amicacenter.org\/es\/wp-json\/wp\/v2\/types\/page"}],"author":[{"embeddable":true,"href":"https:\/\/amicacenter.org\/es\/wp-json\/wp\/v2\/users\/10"}],"replies":[{"embeddable":true,"href":"https:\/\/amicacenter.org\/es\/wp-json\/wp\/v2\/comments?post=3721"}],"version-history":[{"count":1,"href":"https:\/\/amicacenter.org\/es\/wp-json\/wp\/v2\/pages\/3721\/revisions"}],"predecessor-version":[{"id":3722,"href":"https:\/\/amicacenter.org\/es\/wp-json\/wp\/v2\/pages\/3721\/revisions\/3722"}],"up":[{"embeddable":true,"href":"https:\/\/amicacenter.org\/es\/wp-json\/wp\/v2\/pages\/3675"}],"wp:attachment":[{"href":"https:\/\/amicacenter.org\/es\/wp-json\/wp\/v2\/media?parent=3721"}],"curies":[{"name":"wp","href":"https:\/\/api.w.org\/{rel}","templated":true}]}}