{"id":3725,"date":"2024-05-24T02:24:20","date_gmt":"2024-05-24T06:24:20","guid":{"rendered":"https:\/\/amicacenter.org\/grafico-de-delitos-en-va\/"},"modified":"2024-06-24T17:12:29","modified_gmt":"2024-06-24T21:12:29","slug":"grafico-de-delitos-en-va","status":"publish","type":"page","link":"https:\/\/amicacenter.org\/es\/recursos-juridicos\/herramientas-y-guias\/recursos-crimm-imm\/grafico-de-delitos-en-va\/","title":{"rendered":"Gr\u00e1fico de delitos en VA"},"content":{"rendered":"<section data-block=\"true\" class=\"section--hero section--hero-megatext bg-white pt-full pb-max\"\n  id=\"tabla-de-delitos-de-virginia\"\n  aria-label=\"Tabla de delitos de Virginia\" \n  >\n      <div class=\"fluid-container\">\n      <div data-repeater=\"false\" class=\"partial-copy flex flex-col flex-1 text-megatext space-y-half\">\n  <div class=\"copy--headline break-words space-y-half\">\n              <h1 class=\"display display-super mb-0\" class=\"mb-0\">\n    Tabla de delitos de Virginia\n  <\/h1>          <\/div>\n  <div class=\"copy--body space-y-min\">\n          <p class=\"subhead subhead-2 mb-0\" class=\"mb-0\">\n    Obt\u00e9n m\u00e1s informaci\u00f3n sobre el impacto de las condenas penales de Virginia en la situaci\u00f3n de inmigraci\u00f3n de tu cliente.\n  <\/p>                  <div class=\"partial-copy--lead-copy\">\n                  <div class=\"partial-copy--copy body-1\"><p>Antes de utilizar cualquiera de las secciones del gr\u00e1fico enlazadas a continuaci\u00f3n, lee el breve memor\u00e1ndum de portada que precede al \u00edndice. Esto explica el alcance de la tabla, el hecho de que el an\u00e1lisis se basa en la ley dentro de la jurisdicci\u00f3n del Tribunal de Apelaci\u00f3n de EE.UU. para el Cuarto Circuito, y la necesidad de un an\u00e1lisis adicional basado en los hechos y circunstancias del caso de un cliente.  <\/p>\n<\/div>\n              <\/div>\n      <\/div>\n<\/div>\n        <\/div>\n  <\/section>\n<section class=\"section--color-card-repeater bg-white\"\n  id=\"el-grafico\"\n  aria-label=\"El gr\u00e1fico\"\n>\n      <div class=\"fluid-container grid-12 col-span-full row-span-full z-content partials--one-column\">\n  <div class=\"col-narrow\">\n    <div data-repeater=\"false\" class=\"partial-copy flex flex-col flex-1 mb-half text-center space-y-inner\">\n  <div class=\"copy--headline break-words space-y-inner\">\n              <h2 class=\"display display-2 mb-0\" class=\"mb-0\">\n    El gr\u00e1fico\n  <\/h2>          <\/div>\n  <div class=\"copy--body space-y-min\">\n          <p class=\"subhead subhead-2 mb-0\" class=\"mb-0\">\n    Las secciones de gr\u00e1ficos se actualizan con frecuencia. Consulta esta p\u00e1gina con regularidad para asegurarte de que est\u00e1s consultando la informaci\u00f3n m\u00e1s actualizada.\n  <\/p>                  <div class=\"partial-copy--lead-copy\">\n                  <div class=\"partial-copy--copy body-1\"><p>Descargo de responsabilidad: no sustituyen a la investigaci\u00f3n propia de un abogado. La fecha no refleja una actualizaci\u00f3n de todos los estatutos de una secci\u00f3n, s\u00f3lo las ediciones m\u00e1s recientes.<\/p>\n<\/div>\n              <\/div>\n      <\/div>\n<\/div>  <\/div>\n<\/div>    <div class=\"fluid-container\">\n    <ul class=\"grid list-none ml-0 pt-half gap-narrow grid-12\">\n                      <li class=\"col-span-full md:col-span-6 lg:col-span-3\">\n          <div class=\"component--card\" >\n\n      <a href=\"https:\/\/amicacenter.org\/app\/uploads\/2024\/05\/VA-Crimes-Chart-Cover-Memo-Index-2020-04-21.pdf\" target=\"\" aria-label=\"\"\n      class=\"card group card-solid\"\n    >\n            <div data-repeater=\"true\" class=\"partial-copy flex flex-col flex-1 text-stretch space-y-inner is-repeater in-card component--card-copy z-content p-half \">\n  <div class=\"copy--body space-y-min\">\n          <h3 class=\"subhead subhead-2 mb-0\" class=\"mb-0\">\n    Portada Memor\u00e1ndum e \u00cdndice\n  <\/h3>                  <div class=\"partial-copy--lead-copy\">\n                  <div class=\"partial-copy--copy body-2\"><p>Un breve memor\u00e1ndum de portada y un \u00edndice consultable para el gr\u00e1fico.<\/p>\n<\/div>\n              <\/div>\n      <\/div>\n  <p class=\"partial-copy--cta\">\n    <span class=\"button\" href=\"https:\/\/amicacenter.org\/app\/uploads\/2024\/05\/VA-Crimes-Chart-Cover-Memo-Index-2020-04-21.pdf\" target=\"\" href=\"https:\/\/amicacenter.org\/app\/uploads\/2024\/05\/VA-Crimes-Chart-Cover-Memo-Index-2020-04-21.pdf\" target=\"\">\n    Ver nota e \u00edndice\n  <\/span>  <\/p>\n<\/div>\n\n      <\/a>\n  <\/div>        <\/li>\n                      <li class=\"col-span-full md:col-span-6 lg:col-span-3\">\n          <div class=\"component--card\" >\n\n      <a href=\"https:\/\/amicacenter.org\/app\/uploads\/2024\/05\/VA-Crimes-Chart-Section-I-Inchoate-Offenses.pdf\" target=\"_blank\" aria-label=\"\"\n      class=\"card group card-solid\"\n    >\n            <div data-repeater=\"true\" class=\"partial-copy flex flex-col flex-1 text-stretch space-y-inner is-repeater in-card component--card-copy z-content p-half \">\n  <div class=\"copy--headline break-words space-y-inner\">\n          <p class=\"eyebrow mb-0\" class=\"mb-0\">\n    Actualizado el 1 de marzo de 2023\n  <\/p>              <\/div>\n  <div class=\"copy--body space-y-min\">\n          <h3 class=\"subhead subhead-2 mb-0\" class=\"mb-0\">\n    Secci\u00f3n I\n  <\/h3>                  <div class=\"partial-copy--lead-copy\">\n                  <div class=\"partial-copy--copy body-2\"><p>Delitos Incoados<\/p>\n<\/div>\n              <\/div>\n      <\/div>\n  <p class=\"partial-copy--cta\">\n    <span class=\"button\" href=\"https:\/\/amicacenter.org\/app\/uploads\/2024\/05\/VA-Crimes-Chart-Section-I-Inchoate-Offenses.pdf\" target=\"\" href=\"https:\/\/amicacenter.org\/app\/uploads\/2024\/05\/VA-Crimes-Chart-Section-I-Inchoate-Offenses.pdf\" target=\"\">\n    Ver Secci\u00f3n I\n  <\/span>  <\/p>\n<\/div>\n\n      <\/a>\n  <\/div>        <\/li>\n                      <li class=\"col-span-full md:col-span-6 lg:col-span-3\">\n          <div class=\"component--card\" >\n\n      <a href=\"https:\/\/amicacenter.org\/app\/uploads\/2024\/05\/VA-Crimes-Chart-Section-II-Crimes-Against-Persons-2023-03-01.pdf\" target=\"_blank\" aria-label=\"\"\n      class=\"card group card-solid\"\n    >\n            <div data-repeater=\"true\" class=\"partial-copy flex flex-col flex-1 text-stretch space-y-inner is-repeater in-card component--card-copy z-content p-half \">\n  <div class=\"copy--headline break-words space-y-inner\">\n          <p class=\"eyebrow mb-0\" class=\"mb-0\">\n    Actualizado el 1 de marzo de 2023\n  <\/p>              <\/div>\n  <div class=\"copy--body space-y-min\">\n          <h3 class=\"subhead subhead-2 mb-0\" class=\"mb-0\">\n    Secci\u00f3n II\n  <\/h3>                  <div class=\"partial-copy--lead-copy\">\n                  <div class=\"partial-copy--copy body-2\"><p>Delitos contra las personas<\/p>\n<\/div>\n              <\/div>\n      <\/div>\n  <p class=\"partial-copy--cta\">\n    <span class=\"button\" href=\"https:\/\/amicacenter.org\/app\/uploads\/2024\/05\/VA-Crimes-Chart-Section-II-Crimes-Against-Persons-2023-03-01.pdf\" target=\"\" href=\"https:\/\/amicacenter.org\/app\/uploads\/2024\/05\/VA-Crimes-Chart-Section-II-Crimes-Against-Persons-2023-03-01.pdf\" target=\"\">\n    Ver Secci\u00f3n II\n  <\/span>  <\/p>\n<\/div>\n\n      <\/a>\n  <\/div>        <\/li>\n                      <li class=\"col-span-full md:col-span-6 lg:col-span-3\">\n          <div class=\"component--card\" >\n\n      <a href=\"https:\/\/amicacenter.org\/app\/uploads\/2024\/05\/VA-Crimes-Chart-Section-III-Property-Offenses.pdf\" target=\"_blank\" aria-label=\"\"\n      class=\"card group card-solid\"\n    >\n            <div data-repeater=\"true\" class=\"partial-copy flex flex-col flex-1 text-stretch space-y-inner is-repeater in-card component--card-copy z-content p-half \">\n  <div class=\"copy--headline break-words space-y-inner\">\n          <p class=\"eyebrow mb-0\" class=\"mb-0\">\n    Actualizado el 16 de mayo de 2022\n  <\/p>              <\/div>\n  <div class=\"copy--body space-y-min\">\n          <h3 class=\"subhead subhead-2 mb-0\" class=\"mb-0\">\n    Secci\u00f3n III\n  <\/h3>                  <div class=\"partial-copy--lead-copy\">\n                  <div class=\"partial-copy--copy body-2\"><p>Delitos contra la propiedad<\/p>\n<\/div>\n              <\/div>\n      <\/div>\n  <p class=\"partial-copy--cta\">\n    <span class=\"button\" href=\"https:\/\/amicacenter.org\/app\/uploads\/2024\/05\/VA-Crimes-Chart-Section-III-Property-Offenses.pdf\" target=\"\" href=\"https:\/\/amicacenter.org\/app\/uploads\/2024\/05\/VA-Crimes-Chart-Section-III-Property-Offenses.pdf\" target=\"\">\n    Ver Secci\u00f3n III\n  <\/span>  <\/p>\n<\/div>\n\n      <\/a>\n  <\/div>        <\/li>\n                      <li class=\"col-span-full md:col-span-6 lg:col-span-3\">\n          <div class=\"component--card\" >\n\n      <a href=\"https:\/\/amicacenter.org\/app\/uploads\/2024\/05\/VA-Crimes-Chart-Section-IV-Controlled-Substance-Offenses.pdf\" target=\"_blank\" aria-label=\"\"\n      class=\"card group card-solid\"\n    >\n            <div data-repeater=\"true\" class=\"partial-copy flex flex-col flex-1 text-stretch space-y-inner is-repeater in-card component--card-copy z-content p-half \">\n  <div class=\"copy--headline break-words space-y-inner\">\n          <p class=\"eyebrow mb-0\" class=\"mb-0\">\n    Actualizado el 1 de marzo de 2023\n  <\/p>              <\/div>\n  <div class=\"copy--body space-y-min\">\n          <h3 class=\"subhead subhead-2 mb-0\" class=\"mb-0\">\n    Secci\u00f3n IV\n  <\/h3>                  <div class=\"partial-copy--lead-copy\">\n                  <div class=\"partial-copy--copy body-2\"><p>Delitos relacionados con sustancias controladas<\/p>\n<\/div>\n              <\/div>\n      <\/div>\n  <p class=\"partial-copy--cta\">\n    <span class=\"button\" href=\"https:\/\/amicacenter.org\/app\/uploads\/2024\/05\/VA-Crimes-Chart-Section-IV-Controlled-Substance-Offenses.pdf\" target=\"\" href=\"https:\/\/amicacenter.org\/app\/uploads\/2024\/05\/VA-Crimes-Chart-Section-IV-Controlled-Substance-Offenses.pdf\" target=\"\">\n    Secci\u00f3n IV\n  <\/span>  <\/p>\n<\/div>\n\n      <\/a>\n  <\/div>        <\/li>\n                      <li class=\"col-span-full md:col-span-6 lg:col-span-3\">\n          <div class=\"component--card\" >\n\n      <a href=\"https:\/\/amicacenter.org\/app\/uploads\/2024\/05\/VA-Crimes-Chart-Section-V-Firearms-Offenses.pdf\" target=\"_blank\" aria-label=\"\"\n      class=\"card group card-solid\"\n    >\n            <div data-repeater=\"true\" class=\"partial-copy flex flex-col flex-1 text-stretch space-y-inner is-repeater in-card component--card-copy z-content p-half \">\n  <div class=\"copy--headline break-words space-y-inner\">\n          <p class=\"eyebrow mb-0\" class=\"mb-0\">\n    Actualizado el 1 de marzo de 2023\n  <\/p>              <\/div>\n  <div class=\"copy--body space-y-min\">\n          <h3 class=\"subhead subhead-2 mb-0\" class=\"mb-0\">\n    Secci\u00f3n V\n  <\/h3>                  <div class=\"partial-copy--lead-copy\">\n                  <div class=\"partial-copy--copy body-2\"><p>Delitos con armas de fuego<\/p>\n<\/div>\n              <\/div>\n      <\/div>\n  <p class=\"partial-copy--cta\">\n    <span class=\"button\" href=\"https:\/\/amicacenter.org\/app\/uploads\/2024\/05\/VA-Crimes-Chart-Section-V-Firearms-Offenses.pdf\" target=\"\" href=\"https:\/\/amicacenter.org\/app\/uploads\/2024\/05\/VA-Crimes-Chart-Section-V-Firearms-Offenses.pdf\" target=\"\">\n    Ver Secci\u00f3n V\n  <\/span>  <\/p>\n<\/div>\n\n      <\/a>\n  <\/div>        <\/li>\n                      <li class=\"col-span-full md:col-span-6 lg:col-span-3\">\n          <div class=\"component--card\" >\n\n      <a href=\"https:\/\/amicacenter.org\/app\/uploads\/2024\/05\/VA-Crimes-Chart-Section-VI-Traffic-Offenses.pdf\" target=\"_blank\" aria-label=\"\"\n      class=\"card group card-solid\"\n    >\n            <div data-repeater=\"true\" class=\"partial-copy flex flex-col flex-1 text-stretch space-y-inner is-repeater in-card component--card-copy z-content p-half \">\n  <div class=\"copy--headline break-words space-y-inner\">\n          <p class=\"eyebrow mb-0\" class=\"mb-0\">\n    Actualizado el 1 de marzo de 2023\n  <\/p>              <\/div>\n  <div class=\"copy--body space-y-min\">\n          <h3 class=\"subhead subhead-2 mb-0\" class=\"mb-0\">\n    Secci\u00f3n VI\n  <\/h3>                  <div class=\"partial-copy--lead-copy\">\n                  <div class=\"partial-copy--copy body-2\"><p>Infracciones de tr\u00e1fico<\/p>\n<\/div>\n              <\/div>\n      <\/div>\n  <p class=\"partial-copy--cta\">\n    <span class=\"button\" href=\"https:\/\/amicacenter.org\/app\/uploads\/2024\/05\/VA-Crimes-Chart-Section-VI-Traffic-Offenses.pdf\" target=\"\" href=\"https:\/\/amicacenter.org\/app\/uploads\/2024\/05\/VA-Crimes-Chart-Section-VI-Traffic-Offenses.pdf\" target=\"\">\n    Ver Secci\u00f3n VI\n  <\/span>  <\/p>\n<\/div>\n\n      <\/a>\n  <\/div>        <\/li>\n                      <li class=\"col-span-full md:col-span-6 lg:col-span-3\">\n          <div class=\"component--card\" >\n\n      <a href=\"https:\/\/amicacenter.org\/app\/uploads\/2024\/05\/VA-Crimes-Chart-Section-VII-Fraud-Offenses.pdf\" target=\"_blank\" aria-label=\"\"\n      class=\"card group card-solid\"\n    >\n            <div data-repeater=\"true\" class=\"partial-copy flex flex-col flex-1 text-stretch space-y-inner is-repeater in-card component--card-copy z-content p-half \">\n  <div class=\"copy--headline break-words space-y-inner\">\n          <p class=\"eyebrow mb-0\" class=\"mb-0\">\n    Actualizado el 6 de julio de 2023\n  <\/p>              <\/div>\n  <div class=\"copy--body space-y-min\">\n          <h3 class=\"subhead subhead-2 mb-0\" class=\"mb-0\">\n    Secci\u00f3n VII\n  <\/h3>                  <div class=\"partial-copy--lead-copy\">\n                  <div class=\"partial-copy--copy body-2\"><p>Delitos de fraude<\/p>\n<\/div>\n              <\/div>\n      <\/div>\n  <p class=\"partial-copy--cta\">\n    <span class=\"button\" href=\"https:\/\/amicacenter.org\/app\/uploads\/2024\/05\/VA-Crimes-Chart-Section-VII-Fraud-Offenses.pdf\" target=\"\" href=\"https:\/\/amicacenter.org\/app\/uploads\/2024\/05\/VA-Crimes-Chart-Section-VII-Fraud-Offenses.pdf\" target=\"\">\n    Ver Secci\u00f3n VII\n  <\/span>  <\/p>\n<\/div>\n\n      <\/a>\n  <\/div>        <\/li>\n                      <li class=\"col-span-full md:col-span-6\">\n          <div class=\"component--card\" >\n\n      <a href=\"https:\/\/amicacenter.org\/app\/uploads\/2024\/05\/VA-Crimes-Chart-Section-VIII-Crimes-Involving-Morals-and-Decency.pdf\" target=\"_blank\" aria-label=\"\"\n      class=\"card group card-solid\"\n    >\n            <div data-repeater=\"true\" class=\"partial-copy flex flex-col flex-1 text-stretch space-y-inner is-repeater in-card component--card-copy z-content p-half \">\n  <div class=\"copy--headline break-words space-y-inner\">\n          <p class=\"eyebrow mb-0\" class=\"mb-0\">\n    Actualizado el 1 de julio de 2023\n  <\/p>              <\/div>\n  <div class=\"copy--body space-y-min\">\n          <h3 class=\"subhead subhead-2 mb-0\" class=\"mb-0\">\n    Secci\u00f3n VIII\n  <\/h3>                  <div class=\"partial-copy--lead-copy\">\n                  <div class=\"partial-copy--copy body-2\"><p>Delitos contra la moral y las buenas costumbres<\/p>\n<\/div>\n              <\/div>\n      <\/div>\n  <p class=\"partial-copy--cta\">\n    <span class=\"button\" href=\"https:\/\/amicacenter.org\/app\/uploads\/2024\/05\/VA-Crimes-Chart-Section-VIII-Crimes-Involving-Morals-and-Decency.pdf\" target=\"\" href=\"https:\/\/amicacenter.org\/app\/uploads\/2024\/05\/VA-Crimes-Chart-Section-VIII-Crimes-Involving-Morals-and-Decency.pdf\" target=\"\">\n    Ver Secci\u00f3n VIII\n  <\/span>  <\/p>\n<\/div>\n\n      <\/a>\n  <\/div>        <\/li>\n                      <li class=\"col-span-full md:col-span-6\">\n          <div class=\"component--card\" >\n\n      <a href=\"https:\/\/amicacenter.org\/app\/uploads\/2024\/05\/VA-Crimes-Chart-Section-IX-Other-Commonly-Charged-Offenses.pdf\" target=\"_blank\" aria-label=\"\"\n      class=\"card group card-solid\"\n    >\n            <div data-repeater=\"true\" class=\"partial-copy flex flex-col flex-1 text-stretch space-y-inner is-repeater in-card component--card-copy z-content p-half \">\n  <div class=\"copy--headline break-words space-y-inner\">\n          <p class=\"eyebrow mb-0\" class=\"mb-0\">\n    Actualizado el 1 de marzo de 2023\n  <\/p>              <\/div>\n  <div class=\"copy--body space-y-min\">\n          <h3 class=\"subhead subhead-2 mb-0\" class=\"mb-0\">\n    Secci\u00f3n IX\n  <\/h3>                  <div class=\"partial-copy--lead-copy\">\n                  <div class=\"partial-copy--copy body-2\"><p>Otros delitos com\u00fanmente imputados: incluye delitos seleccionados contra la paz y el orden y la administraci\u00f3n de justicia y delitos procesales relativos a la detenci\u00f3n y comparecencia.<\/p>\n<\/div>\n              <\/div>\n      <\/div>\n  <p class=\"partial-copy--cta\">\n    <span class=\"button\" href=\"https:\/\/amicacenter.org\/app\/uploads\/2024\/05\/VA-Crimes-Chart-Section-IX-Other-Commonly-Charged-Offenses.pdf\" target=\"\" href=\"https:\/\/amicacenter.org\/app\/uploads\/2024\/05\/VA-Crimes-Chart-Section-IX-Other-Commonly-Charged-Offenses.pdf\" target=\"\">\n    Ver Secci\u00f3n IX\n  <\/span>  <\/p>\n<\/div>\n\n      <\/a>\n  <\/div>        <\/li>\n          <\/ul>\n  <\/div>\n<\/section>\n<section class=\"section--cta-full text-center min-h-screen bg-golden\"\n  id=\"buscas-algo\"\n  aria-label=\"\u00bfBuscas algo?\"\n>\n  <div class=\"fluid-container\">\n    <div class=\"py-max px-[2rem] md:p-max !rounded-block card\"\n      >\n      <div data-repeater=\"false\" class=\"partial-copy flex flex-col flex-1 text-center space-y-inner\">\n  <div class=\"copy--headline break-words space-y-inner\">\n              <h2 class=\"display display-1 mb-0\" class=\"mb-0\">\n    \u00bfBuscas algo?\n  <\/h2>          <\/div>\n  <div class=\"copy--body space-y-min\">\n          <p class=\"subhead subhead-2 mb-0\" class=\"mb-0\">\n    Siempre estamos trabajando para mejorar nuestros recursos.\n  <\/p>                  <div class=\"partial-copy--lead-copy\">\n                  <div class=\"partial-copy--copy body-1\"><p>Si has observado alg\u00fan error o que falta alg\u00fan delito com\u00fanmente imputado en la tabla, env\u00eda un correo electr\u00f3nico a Monica Mananzan, abogada gestora, a <a href=\"mailto:monica@amicacenter.org\">monica@amicacenter.org.<\/a><\/p>\n<\/div>\n              <\/div>\n      <\/div>\n  <p class=\"partial-copy--cta\">\n    <a class=\"button\" href=\"mailto:monica@amicacenter.org\" target=\"\" href=\"mailto:monica@amicacenter.org\" target=\"\">\n    Env\u00eda tus pensamientos\n  <\/a>  <\/p>\n<\/div>    <\/div>\n  <\/div>\n<\/section>\n","protected":false},"excerpt":{"rendered":"","protected":false},"author":10,"featured_media":0,"parent":3747,"menu_order":0,"comment_status":"closed","ping_status":"closed","template":"","meta":{"_acf_changed":false,"inline_featured_image":false,"footnotes":""},"class_list":["post-3725","page","type-page","status-publish","hentry","bg-white -mt-px py-full"],"acf":[],"_links":{"self":[{"href":"https:\/\/amicacenter.org\/es\/wp-json\/wp\/v2\/pages\/3725","targetHints":{"allow":["GET"]}}],"collection":[{"href":"https:\/\/amicacenter.org\/es\/wp-json\/wp\/v2\/pages"}],"about":[{"href":"https:\/\/amicacenter.org\/es\/wp-json\/wp\/v2\/types\/page"}],"author":[{"embeddable":true,"href":"https:\/\/amicacenter.org\/es\/wp-json\/wp\/v2\/users\/10"}],"replies":[{"embeddable":true,"href":"https:\/\/amicacenter.org\/es\/wp-json\/wp\/v2\/comments?post=3725"}],"version-history":[{"count":1,"href":"https:\/\/amicacenter.org\/es\/wp-json\/wp\/v2\/pages\/3725\/revisions"}],"predecessor-version":[{"id":3726,"href":"https:\/\/amicacenter.org\/es\/wp-json\/wp\/v2\/pages\/3725\/revisions\/3726"}],"up":[{"embeddable":true,"href":"https:\/\/amicacenter.org\/es\/wp-json\/wp\/v2\/pages\/3747"}],"wp:attachment":[{"href":"https:\/\/amicacenter.org\/es\/wp-json\/wp\/v2\/media?parent=3725"}],"curies":[{"name":"wp","href":"https:\/\/api.w.org\/{rel}","templated":true}]}}