{"id":3730,"date":"2024-05-02T23:31:02","date_gmt":"2024-05-03T03:31:02","guid":{"rendered":"https:\/\/amicacenter.org\/recursos-juridicos\/herramientas-y-guias\/recursos-pro-bono\/"},"modified":"2024-07-15T10:40:25","modified_gmt":"2024-07-15T14:40:25","slug":"recursos-pro-bono","status":"publish","type":"page","link":"https:\/\/amicacenter.org\/es\/recursos-juridicos\/herramientas-y-guias\/recursos-pro-bono\/","title":{"rendered":"Recursos pro bono"},"content":{"rendered":"<section data-block=\"true\" class=\"section--hero section--hero-megatext bg-golden pt-full pb-max\"\n  id=\"recursos-pro-bono\"\n  aria-label=\"Recursos pro bono\" \n  >\n      <div class=\"fluid-container\">\n      <div data-repeater=\"false\" class=\"partial-copy flex flex-col flex-1 text-megatext space-y-half\">\n  <div class=\"copy--headline break-words space-y-half\">\n              <h1 class=\"display display-super mb-0\" class=\"mb-0\">\n    Recursos pro bono\n  <\/h1>          <\/div>\n  <div class=\"copy--body space-y-min\">\n          <p class=\"subhead subhead-2 mb-0\" class=\"mb-0\">\n    Encuentra casos disponibles, preguntas frecuentes, gu\u00edas informativas y mucho m\u00e1s.\n  <\/p>                  <div class=\"partial-copy--lead-copy\">\n                  <div class=\"partial-copy--copy body-1\"><p>La base de nuestro trabajo es el principio de que un abogado pro bono bien apoyado tiene m\u00e1s probabilidades de \u00e9xito para su cliente. Explora estos recursos creados por y para abogados para ponerte manos a la obra en tu pr\u00f3ximo caso.<\/p>\n<\/div>\n              <\/div>\n      <\/div>\n<\/div>\n        <\/div>\n  <\/section>\n<aside>\n<div class=\"partial--folder-tab z-higher-content relative !max-w-none color-white border-white no-border -mt-[var(--tab-height)] !pt-0 !pl-0\" aria-hidden=\"true\">\n  <svg class=\"hidden text-inherit lg:flex -mb-px\" width=\"187\" height=\"25\" viewBox=\"0 0 187 25\" fill=\"none\" xmlns=\"http:\/\/www.w3.org\/2000\/svg\">\n    <path d=\"M174.305 0H0V24.211H186.312L182.003 6.07219C181.158 2.51308 177.972 0 174.305 0Z\" fill=\"currentColor\"\/>\n  <\/svg>\n\n  <svg class=\"hidden text-inherit md:flex lg:hidden -mb-px\" width=\"139\" height=\"21\" viewBox=\"0 0 139 21\" fill=\"none\" xmlns=\"http:\/\/www.w3.org\/2000\/svg\">\n    <path d=\"M126.305 0H0V20.211H138.312L134.003 6.07219C133.158 2.51308 129.972 0 126.305 0Z\" fill=\"currentColor\"\/>\n  <\/svg>\n\n  <svg class=\"flex text-inherit md:hidden -mb-px\" width=\"80\" height=\"15\" viewBox=\"0 0 80 15\" fill=\"none\" xmlns=\"http:\/\/www.w3.org\/2000\/svg\">\n    <path d=\"M75.7219 4.00863C74.8769 1.60689 72.6081 0 70.062 0H0V14.211H79.3115L75.7219 4.00863Z\" fill=\"currentColor\"\/>\n  <\/svg>\n<\/div>\n<\/aside>\n\n<section class=\"section--color-card-repeater bg-white has-tab\"\n  id=\"de-uso-comun\"\n  aria-label=\"De uso com\u00fan\"\n>\n      <div class=\"fluid-container grid-12 col-span-full row-span-full z-content partials--one-column\">\n  <div class=\"col-narrow\">\n    <div data-repeater=\"false\" class=\"partial-copy flex flex-col flex-1 mb-half text-center space-y-inner\">\n  <div class=\"copy--headline break-words space-y-inner\">\n              <h2 class=\"display display-2 mb-0\" class=\"mb-0\">\n    De uso com\u00fan\n  <\/h2>          <\/div>\n  <div class=\"copy--body space-y-min\">\n          <p class=\"subhead subhead-2 mb-0\" class=\"mb-0\">\n    Echa un vistazo a nuestros principales recursos pro bono para encontrar exactamente lo que necesitas.\n  <\/p>              <\/div>\n<\/div>  <\/div>\n<\/div>    <div class=\"fluid-container\">\n    <ul class=\"grid list-none ml-0 pt-half gap-wide grid-12 lg:grid-cols-none lg:auto-cols-fr lg:grid-flow-col\">\n                      <li class=\"col-span-full md:col-span-6 lg:col-auto\">\n          <div class=\"component--card\" >\n\n      <a href=\"https:\/\/amicacenter.org\/es\/recursos-juridicos\/herramientas-y-guias\/recursos-pro-bono\/preguntas-frecuentes-pro-bono\/\" target=\"\" aria-label=\"\"\n      class=\"card group card-solid\"\n    >\n            <div data-repeater=\"true\" class=\"partial-copy flex flex-col flex-1 text-stretch space-y-inner is-repeater in-card component--card-copy z-content p-half \">\n  <div class=\"copy--body space-y-min\">\n          <h3 class=\"subhead subhead-2 mb-0\" class=\"mb-0\">\n    Preguntas frecuentes\n  <\/h3>                  <div class=\"partial-copy--lead-copy\">\n                  <div class=\"partial-copy--copy body-2\"><p>Empieza con estas preguntas frecuentes para ver si nuestro programa es adecuado para ti.<\/p>\n<\/div>\n              <\/div>\n      <\/div>\n  <p class=\"partial-copy--cta\">\n    <span class=\"button\" href=\"https:\/\/amicacenter.org\/es\/recursos-juridicos\/herramientas-y-guias\/recursos-pro-bono\/preguntas-frecuentes-pro-bono\/\" target=\"\" href=\"https:\/\/amicacenter.org\/es\/recursos-juridicos\/herramientas-y-guias\/recursos-pro-bono\/preguntas-frecuentes-pro-bono\/\" target=\"\">\n    Ver preguntas frecuentes pro bono\n  <\/span>  <\/p>\n<\/div>\n\n      <\/a>\n  <\/div>        <\/li>\n                      <li class=\"col-span-full md:col-span-6 lg:col-auto\">\n          <div class=\"component--card\" >\n\n      <a href=\"https:\/\/amicacenter.org\/es\/recursos-juridicos\/herramientas-y-guias\/recursos-pro-bono\/casos-pro-bono-disponibles\/\" target=\"\" aria-label=\"\"\n      class=\"card group card-solid\"\n    >\n            <div data-repeater=\"true\" class=\"partial-copy flex flex-col flex-1 text-stretch space-y-inner is-repeater in-card component--card-copy z-content p-half \">\n  <div class=\"copy--body space-y-min\">\n          <h3 class=\"subhead subhead-2 mb-0\" class=\"mb-0\">\n    Casos disponibles\n  <\/h3>                  <div class=\"partial-copy--lead-copy\">\n                  <div class=\"partial-copy--copy body-2\"><p>Consulta nuestros casos disponibles para hacerte una idea de nuestro trabajo y encontrar a tu pr\u00f3ximo cliente.<\/p>\n<\/div>\n              <\/div>\n      <\/div>\n  <p class=\"partial-copy--cta\">\n    <span class=\"button\" href=\"https:\/\/amicacenter.org\/es\/recursos-juridicos\/herramientas-y-guias\/recursos-pro-bono\/casos-pro-bono-disponibles\/\" target=\"\" href=\"https:\/\/amicacenter.org\/es\/recursos-juridicos\/herramientas-y-guias\/recursos-pro-bono\/casos-pro-bono-disponibles\/\" target=\"\">\n    Ver casos disponibles\n  <\/span>  <\/p>\n<\/div>\n\n      <\/a>\n  <\/div>        <\/li>\n          <\/ul>\n  <\/div>\n<\/section>\n<section class=\"section section--sticky-50 grid-half bg-golden\"\n  id=\"recursos-generales\"\n  aria-label=\"Recursos generales\" \n>\n\n  <div class=\"!justify-start items-start bg-var-background stick-50--copy lg:sticky lg:top-0 h-auto grid-rows-none\">\n          <div class=\"sticky--copy\">\n  <div data-repeater=\"false\" class=\"partial-copy flex flex-col flex-1 text-left space-y-inner\">\n  <div class=\"copy--headline break-words space-y-inner\">\n              <h2 class=\"display display-2 mb-0\" class=\"mb-0\">\n    Recursos generales\n  <\/h2>          <\/div>\n<\/div><\/div>      <\/div>\n  <div class=\"items-start bg-var-background-light stick-50--items h-full\">\n          <ul class=\"sticky--list list-none ml-0 flex flex-col gap-full\">\n                  <li class=\"flex flex-col gap-4\">\n                        <span class=\"eyebrow\" >\n    01\n  <\/span>            <div data-repeater=\"false\" class=\"partial-copy flex flex-col flex-1 text-left space-y-min\">\n  <div class=\"copy--headline break-words space-y-min\">\n                  <h3 class=\"subhead subhead-2 mb-0\" class=\"mb-0\">\n    Recurso en l\u00ednea del Tribunal de Inmigraci\u00f3n\n  <\/h3>      <\/div>\n  <div class=\"copy--body space-y-min\">\n                  <div class=\"partial-copy--lead-copy\">\n                  <div class=\"partial-copy--copy body-2\"><p>Encuentra informaci\u00f3n y recursos sobre los procedimientos de inmigraci\u00f3n ante la Oficina Ejecutiva de Revisi\u00f3n de Inmigraci\u00f3n (EOIR).<\/p>\n<\/div>\n              <\/div>\n      <\/div>\n<\/div>                          <p class=\"sticky--copy-cta\">\n                <a class=\"button-link button-icon\" href=\"https:\/\/icor.eoir.justice.gov\/en\/\" target=\"_blank\" href=\"https:\/\/icor.eoir.justice.gov\/en\/\" target=\"_blank\">\n      <span class=\"text\">\n    Ver recurso en l\u00ednea del Tribunal de Inmigraci\u00f3n\n          <\/span>\n        <span class=\"img\">\n      <svg width=\"24\" height=\"24\" viewBox=\"0 0 24 24\" fill=\"none\" aria-label=\"right\"\n  xmlns=\"http:\/\/www.w3.org\/2000\/svg\">\n  <path d=\"M16.3152 16.668C15.9247 17.0585 15.9247 17.6917 16.3152 18.0822C16.7058 18.4728 17.3389 18.4728 17.7294 18.0822L22.395 13.4166C23.1761 12.6356 23.1761 11.3692 22.395 10.5882L17.7266 5.91978C17.3361 5.52926 16.7029 5.52926 16.3124 5.91978C15.9219 6.31031 15.9219 6.94347 16.3124 7.334L19.9784 11L1.99997 11C1.44769 11 0.999973 11.4477 0.999973 12C0.999973 12.5523 1.44769 13 1.99997 13L19.9832 13L16.3152 16.668Z\" fill=\"currentColor\"\/>\n<\/svg>    <\/span>\n  <\/a>              <\/p>\n                      <\/li>\n                  <li class=\"flex flex-col gap-4\">\n                        <span class=\"eyebrow\" >\n    02\n  <\/span>            <div data-repeater=\"false\" class=\"partial-copy flex flex-col flex-1 text-left space-y-min\">\n  <div class=\"copy--headline break-words space-y-min\">\n                  <h3 class=\"subhead subhead-2 mb-0\" class=\"mb-0\">\n    Comprueba el estado del caso\n  <\/h3>      <\/div>\n  <div class=\"copy--body space-y-min\">\n                  <div class=\"partial-copy--lead-copy\">\n                  <div class=\"partial-copy--copy body-2\"><p>Consigue actualizaciones para ti y tus clientes sobre tus casos principales.<\/p>\n<\/div>\n              <\/div>\n      <\/div>\n<\/div>                          <p class=\"sticky--copy-cta\">\n                <a class=\"button-link button-icon\" href=\"https:\/\/acis.eoir.justice.gov\/en\/\" target=\"_blank\" href=\"https:\/\/acis.eoir.justice.gov\/en\/\" target=\"_blank\">\n      <span class=\"text\">\n    Ver actualizaciones de casos\n          <\/span>\n        <span class=\"img\">\n      <svg width=\"24\" height=\"24\" viewBox=\"0 0 24 24\" fill=\"none\" aria-label=\"right\"\n  xmlns=\"http:\/\/www.w3.org\/2000\/svg\">\n  <path d=\"M16.3152 16.668C15.9247 17.0585 15.9247 17.6917 16.3152 18.0822C16.7058 18.4728 17.3389 18.4728 17.7294 18.0822L22.395 13.4166C23.1761 12.6356 23.1761 11.3692 22.395 10.5882L17.7266 5.91978C17.3361 5.52926 16.7029 5.52926 16.3124 5.91978C15.9219 6.31031 15.9219 6.94347 16.3124 7.334L19.9784 11L1.99997 11C1.44769 11 0.999973 11.4477 0.999973 12C0.999973 12.5523 1.44769 13 1.99997 13L19.9832 13L16.3152 16.668Z\" fill=\"currentColor\"\/>\n<\/svg>    <\/span>\n  <\/a>              <\/p>\n                      <\/li>\n                  <li class=\"flex flex-col gap-4\">\n                        <span class=\"eyebrow\" >\n    03\n  <\/span>            <div data-repeater=\"false\" class=\"partial-copy flex flex-col flex-1 text-left space-y-min\">\n  <div class=\"copy--headline break-words space-y-min\">\n                  <h3 class=\"subhead subhead-2 mb-0\" class=\"mb-0\">\n    Inscribirse en el EOIR\n  <\/h3>      <\/div>\n  <div class=\"copy--body space-y-min\">\n                  <div class=\"partial-copy--lead-copy\">\n                  <div class=\"partial-copy--copy body-2\"><p>Los abogados y representantes acreditados deben inscribirse en la EOIR para representar a no ciudadanos ante los tribunales de inmigraci\u00f3n y la Junta de Apelaciones de Inmigraci\u00f3n. Empieza aqu\u00ed.<\/p>\n<\/div>\n              <\/div>\n      <\/div>\n<\/div>                          <p class=\"sticky--copy-cta\">\n                <a class=\"button-link button-icon\" href=\"https:\/\/ereg.eoir.justice.gov\/#maincontent\" target=\"_blank\" href=\"https:\/\/ereg.eoir.justice.gov\/#maincontent\" target=\"_blank\">\n      <span class=\"text\">\n    Iniciar la inscripci\u00f3n en el EOIR\n          <\/span>\n        <span class=\"img\">\n      <svg width=\"24\" height=\"24\" viewBox=\"0 0 24 24\" fill=\"none\" aria-label=\"right\"\n  xmlns=\"http:\/\/www.w3.org\/2000\/svg\">\n  <path d=\"M16.3152 16.668C15.9247 17.0585 15.9247 17.6917 16.3152 18.0822C16.7058 18.4728 17.3389 18.4728 17.7294 18.0822L22.395 13.4166C23.1761 12.6356 23.1761 11.3692 22.395 10.5882L17.7266 5.91978C17.3361 5.52926 16.7029 5.52926 16.3124 5.91978C15.9219 6.31031 15.9219 6.94347 16.3124 7.334L19.9784 11L1.99997 11C1.44769 11 0.999973 11.4477 0.999973 12C0.999973 12.5523 1.44769 13 1.99997 13L19.9832 13L16.3152 16.668Z\" fill=\"currentColor\"\/>\n<\/svg>    <\/span>\n  <\/a>              <\/p>\n                      <\/li>\n                  <li class=\"flex flex-col gap-4\">\n                        <span class=\"eyebrow\" >\n    04\n  <\/span>            <div data-repeater=\"false\" class=\"partial-copy flex flex-col flex-1 text-left space-y-min\">\n  <div class=\"copy--headline break-words space-y-min\">\n                  <h3 class=\"subhead subhead-2 mb-0\" class=\"mb-0\">\n    Encuentra un tribunal de extranjer\u00eda y accede a las vistas por Internet\n  <\/h3>      <\/div>\n  <div class=\"copy--body space-y-min\">\n                  <div class=\"partial-copy--lead-copy\">\n                  <div class=\"partial-copy--copy body-2\"><p>  Localiza los tribunales de inmigraci\u00f3n de todo el pa\u00eds y accede a los enlaces para las vistas por Internet.<\/p>\n<\/div>\n              <\/div>\n      <\/div>\n<\/div>                          <p class=\"sticky--copy-cta\">\n                <a class=\"button-link button-icon\" href=\"https:\/\/www.justice.gov\/eoir\/find-immigration-court-and-access-internet-based-hearings\" target=\"_blank\" href=\"https:\/\/www.justice.gov\/eoir\/find-immigration-court-and-access-internet-based-hearings\" target=\"_blank\">\n      <span class=\"text\">\n    Encuentra tribunales y audiencias\n          <\/span>\n        <span class=\"img\">\n      <svg width=\"24\" height=\"24\" viewBox=\"0 0 24 24\" fill=\"none\" aria-label=\"right\"\n  xmlns=\"http:\/\/www.w3.org\/2000\/svg\">\n  <path d=\"M16.3152 16.668C15.9247 17.0585 15.9247 17.6917 16.3152 18.0822C16.7058 18.4728 17.3389 18.4728 17.7294 18.0822L22.395 13.4166C23.1761 12.6356 23.1761 11.3692 22.395 10.5882L17.7266 5.91978C17.3361 5.52926 16.7029 5.52926 16.3124 5.91978C15.9219 6.31031 15.9219 6.94347 16.3124 7.334L19.9784 11L1.99997 11C1.44769 11 0.999973 11.4477 0.999973 12C0.999973 12.5523 1.44769 13 1.99997 13L19.9832 13L16.3152 16.668Z\" fill=\"currentColor\"\/>\n<\/svg>    <\/span>\n  <\/a>              <\/p>\n                      <\/li>\n                  <li class=\"flex flex-col gap-4\">\n                        <span class=\"eyebrow\" >\n    05\n  <\/span>            <div data-repeater=\"false\" class=\"partial-copy flex flex-col flex-1 text-left space-y-min\">\n  <div class=\"copy--headline break-words space-y-min\">\n                  <h3 class=\"subhead subhead-2 mb-0\" class=\"mb-0\">\n    Base de datos de recursos EOIR\n  <\/h3>      <\/div>\n  <div class=\"copy--body space-y-min\">\n                  <div class=\"partial-copy--lead-copy\">\n                  <div class=\"partial-copy--copy body-2\"><p>Inf\u00f3rmate sobre la ley de inmigraci\u00f3n, los procedimientos del EOIR y mucho m\u00e1s con el propio directorio de recursos del EOIR.<\/p>\n<\/div>\n              <\/div>\n      <\/div>\n<\/div>                          <p class=\"sticky--copy-cta\">\n                <a class=\"button-link button-icon\" href=\"https:\/\/icor.eoir.justice.gov\/en\/resources\/\" target=\"_blank\" href=\"https:\/\/icor.eoir.justice.gov\/en\/resources\/\" target=\"_blank\">\n      <span class=\"text\">\n    Ver el directorio de recursos del EOIR\n          <\/span>\n        <span class=\"img\">\n      <svg width=\"24\" height=\"24\" viewBox=\"0 0 24 24\" fill=\"none\" aria-label=\"right\"\n  xmlns=\"http:\/\/www.w3.org\/2000\/svg\">\n  <path d=\"M16.3152 16.668C15.9247 17.0585 15.9247 17.6917 16.3152 18.0822C16.7058 18.4728 17.3389 18.4728 17.7294 18.0822L22.395 13.4166C23.1761 12.6356 23.1761 11.3692 22.395 10.5882L17.7266 5.91978C17.3361 5.52926 16.7029 5.52926 16.3124 5.91978C15.9219 6.31031 15.9219 6.94347 16.3124 7.334L19.9784 11L1.99997 11C1.44769 11 0.999973 11.4477 0.999973 12C0.999973 12.5523 1.44769 13 1.99997 13L19.9832 13L16.3152 16.668Z\" fill=\"currentColor\"\/>\n<\/svg>    <\/span>\n  <\/a>              <\/p>\n                      <\/li>\n                  <li class=\"flex flex-col gap-4\">\n                        <span class=\"eyebrow\" >\n    06\n  <\/span>            <div data-repeater=\"false\" class=\"partial-copy flex flex-col flex-1 text-left space-y-min\">\n  <div class=\"copy--headline break-words space-y-min\">\n                  <h3 class=\"subhead subhead-2 mb-0\" class=\"mb-0\">\n    Manual de pol\u00edtica de la EOIR\n  <\/h3>      <\/div>\n  <div class=\"copy--body space-y-min\">\n                  <div class=\"partial-copy--lead-copy\">\n                  <div class=\"partial-copy--copy body-2\"><p>Busca en el manual de normas del EOIR para obtener respuestas a preguntas concretas sobre la ley y el procedimiento.<\/p>\n<\/div>\n              <\/div>\n      <\/div>\n<\/div>                          <p class=\"sticky--copy-cta\">\n                <a class=\"button-link button-icon\" href=\"https:\/\/www.justice.gov\/eoir\/eoir-policy-manual\/\" target=\"_blank\" href=\"https:\/\/www.justice.gov\/eoir\/eoir-policy-manual\/\" target=\"_blank\">\n      <span class=\"text\">\n    Ver manual de normas\n          <\/span>\n        <span class=\"img\">\n      <svg width=\"24\" height=\"24\" viewBox=\"0 0 24 24\" fill=\"none\" aria-label=\"right\"\n  xmlns=\"http:\/\/www.w3.org\/2000\/svg\">\n  <path d=\"M16.3152 16.668C15.9247 17.0585 15.9247 17.6917 16.3152 18.0822C16.7058 18.4728 17.3389 18.4728 17.7294 18.0822L22.395 13.4166C23.1761 12.6356 23.1761 11.3692 22.395 10.5882L17.7266 5.91978C17.3361 5.52926 16.7029 5.52926 16.3124 5.91978C15.9219 6.31031 15.9219 6.94347 16.3124 7.334L19.9784 11L1.99997 11C1.44769 11 0.999973 11.4477 0.999973 12C0.999973 12.5523 1.44769 13 1.99997 13L19.9832 13L16.3152 16.668Z\" fill=\"currentColor\"\/>\n<\/svg>    <\/span>\n  <\/a>              <\/p>\n                      <\/li>\n                  <li class=\"flex flex-col gap-4\">\n                        <span class=\"eyebrow\" >\n    07\n  <\/span>            <div data-repeater=\"false\" class=\"partial-copy flex flex-col flex-1 text-left space-y-min\">\n  <div class=\"copy--headline break-words space-y-min\">\n                  <h3 class=\"subhead subhead-2 mb-0\" class=\"mb-0\">\n    Gu\u00eda Pro Bono de la CILA: Trabajar con ni\u00f1os y j\u00f3venes en casos de inmigraci\u00f3n\n  <\/h3>      <\/div>\n  <div class=\"copy--body space-y-min\">\n                  <div class=\"partial-copy--lead-copy\">\n                  <div class=\"partial-copy--copy body-2\"><p>Apoyar mejor a los ni\u00f1os y j\u00f3venes inmigrantes aplicando las recomendaciones de la Academia de Derecho de Inmigraci\u00f3n Infantil (CILA) de la Asociaci\u00f3n Americana de Abogados.  <\/p>\n<\/div>\n              <\/div>\n      <\/div>\n<\/div>                          <p class=\"sticky--copy-cta\">\n                <a class=\"button-link button-icon\" href=\"https:\/\/cilacademy.org\/wp-content\/uploads\/2023\/10\/2023.10-CILA-Pro-Bono-Guide-2023.pdf%20\" target=\"_blank\" href=\"https:\/\/cilacademy.org\/wp-content\/uploads\/2023\/10\/2023.10-CILA-Pro-Bono-Guide-2023.pdf%20\" target=\"_blank\">\n      <span class=\"text\">\n    Ver la gu\u00eda del CILA\n          <\/span>\n        <span class=\"img\">\n      <svg width=\"24\" height=\"24\" viewBox=\"0 0 24 24\" fill=\"none\" aria-label=\"right\"\n  xmlns=\"http:\/\/www.w3.org\/2000\/svg\">\n  <path d=\"M16.3152 16.668C15.9247 17.0585 15.9247 17.6917 16.3152 18.0822C16.7058 18.4728 17.3389 18.4728 17.7294 18.0822L22.395 13.4166C23.1761 12.6356 23.1761 11.3692 22.395 10.5882L17.7266 5.91978C17.3361 5.52926 16.7029 5.52926 16.3124 5.91978C15.9219 6.31031 15.9219 6.94347 16.3124 7.334L19.9784 11L1.99997 11C1.44769 11 0.999973 11.4477 0.999973 12C0.999973 12.5523 1.44769 13 1.99997 13L19.9832 13L16.3152 16.668Z\" fill=\"currentColor\"\/>\n<\/svg>    <\/span>\n  <\/a>              <\/p>\n                      <\/li>\n                  <li class=\"flex flex-col gap-4\">\n                        <span class=\"eyebrow\" >\n    08\n  <\/span>            <div data-repeater=\"false\" class=\"partial-copy flex flex-col flex-1 text-left space-y-min\">\n  <div class=\"copy--headline break-words space-y-min\">\n                  <h3 class=\"subhead subhead-2 mb-0\" class=\"mb-0\">\n    Memor\u00e1ndum del Director del EOIR: &#8220;Fomentar y facilitar los servicios jur\u00eddicos pro bono&#8221;\n  <\/h3>      <\/div>\n  <div class=\"copy--body space-y-min\">\n                  <div class=\"partial-copy--lead-copy\">\n                  <div class=\"partial-copy--copy body-2\"><p>Utiliza este memor\u00e1ndum como apoyo cuando solicites flexibilidad y adaptaciones al tribunal durante los procedimientos de inmigraci\u00f3n.<\/p>\n<\/div>\n              <\/div>\n      <\/div>\n<\/div>                          <p class=\"sticky--copy-cta\">\n                <a class=\"button-link button-icon\" href=\"https:\/\/www.justice.gov\/eoir\/book\/file\/1446651\/download?emci=e786f769-b652-ec11-9820-a085fc31ac93=ea000000-0000-0000-0000-000000000001=\" target=\"_blank\" href=\"https:\/\/www.justice.gov\/eoir\/book\/file\/1446651\/download?emci=e786f769-b652-ec11-9820-a085fc31ac93=ea000000-0000-0000-0000-000000000001=\" target=\"_blank\">\n      <span class=\"text\">\n    V\u00e9ase el memor\u00e1ndum del director del EOIR\n          <\/span>\n        <span class=\"img\">\n      <svg width=\"24\" height=\"24\" viewBox=\"0 0 24 24\" fill=\"none\" aria-label=\"right\"\n  xmlns=\"http:\/\/www.w3.org\/2000\/svg\">\n  <path d=\"M16.3152 16.668C15.9247 17.0585 15.9247 17.6917 16.3152 18.0822C16.7058 18.4728 17.3389 18.4728 17.7294 18.0822L22.395 13.4166C23.1761 12.6356 23.1761 11.3692 22.395 10.5882L17.7266 5.91978C17.3361 5.52926 16.7029 5.52926 16.3124 5.91978C15.9219 6.31031 15.9219 6.94347 16.3124 7.334L19.9784 11L1.99997 11C1.44769 11 0.999973 11.4477 0.999973 12C0.999973 12.5523 1.44769 13 1.99997 13L19.9832 13L16.3152 16.668Z\" fill=\"currentColor\"\/>\n<\/svg>    <\/span>\n  <\/a>              <\/p>\n                      <\/li>\n              <\/ul>\n          <\/div>\n<\/section>\n","protected":false},"excerpt":{"rendered":"","protected":false},"author":10,"featured_media":0,"parent":3373,"menu_order":0,"comment_status":"closed","ping_status":"closed","template":"","meta":{"_acf_changed":false,"inline_featured_image":false,"footnotes":""},"class_list":["post-3730","page","type-page","status-publish","hentry","bg-white -mt-px py-full"],"acf":[],"_links":{"self":[{"href":"https:\/\/amicacenter.org\/es\/wp-json\/wp\/v2\/pages\/3730","targetHints":{"allow":["GET"]}}],"collection":[{"href":"https:\/\/amicacenter.org\/es\/wp-json\/wp\/v2\/pages"}],"about":[{"href":"https:\/\/amicacenter.org\/es\/wp-json\/wp\/v2\/types\/page"}],"author":[{"embeddable":true,"href":"https:\/\/amicacenter.org\/es\/wp-json\/wp\/v2\/users\/10"}],"replies":[{"embeddable":true,"href":"https:\/\/amicacenter.org\/es\/wp-json\/wp\/v2\/comments?post=3730"}],"version-history":[{"count":3,"href":"https:\/\/amicacenter.org\/es\/wp-json\/wp\/v2\/pages\/3730\/revisions"}],"predecessor-version":[{"id":4536,"href":"https:\/\/amicacenter.org\/es\/wp-json\/wp\/v2\/pages\/3730\/revisions\/4536"}],"up":[{"embeddable":true,"href":"https:\/\/amicacenter.org\/es\/wp-json\/wp\/v2\/pages\/3373"}],"wp:attachment":[{"href":"https:\/\/amicacenter.org\/es\/wp-json\/wp\/v2\/media?parent=3730"}],"curies":[{"name":"wp","href":"https:\/\/api.w.org\/{rel}","templated":true}]}}