{"id":3738,"date":"2024-05-02T23:31:23","date_gmt":"2024-05-03T03:31:23","guid":{"rendered":"https:\/\/amicacenter.org\/recursos-juridicos\/herramientas-y-guias\/resultados-foia\/"},"modified":"2024-06-24T17:12:29","modified_gmt":"2024-06-24T21:12:29","slug":"resultados-foia","status":"publish","type":"page","link":"https:\/\/amicacenter.org\/es\/recursos-juridicos\/herramientas-y-guias\/resultados-foia\/","title":{"rendered":"Resultados FOIA"},"content":{"rendered":"<section data-block=\"true\" class=\"section--hero section--hero-megatext bg-verdant pt-full pb-max\"\n  id=\"resultados-de-la-ley-de-libertad-de-informacion\"\n  aria-label=\"Resultados de la Ley de Libertad de Informaci\u00f3n\" \n  >\n      <div class=\"fluid-container\">\n      <div data-repeater=\"false\" class=\"partial-copy flex flex-col flex-1 text-megatext space-y-half\">\n  <div class=\"copy--headline break-words space-y-half\">\n              <h1 class=\"display display-super mb-0\" class=\"mb-0\">\n    Resultados de la Ley de Libertad de Informaci\u00f3n\n  <\/h1>          <\/div>\n  <div class=\"copy--body space-y-min\">\n          <p class=\"subhead subhead-2 mb-0\" class=\"mb-0\">\n    Encuentra recursos selectos adquiridos a trav\u00e9s de solicitudes de la Ley de Libertad de Informaci\u00f3n.\n  <\/p>              <\/div>\n<\/div>\n        <\/div>\n  <\/section>\n<aside>\n<div class=\"partial--folder-tab z-higher-content relative !max-w-none color-white border-white no-border -mt-[var(--tab-height)] !pt-0 !pl-0\" aria-hidden=\"true\">\n  <svg class=\"hidden text-inherit lg:flex -mb-px\" width=\"187\" height=\"25\" viewBox=\"0 0 187 25\" fill=\"none\" xmlns=\"http:\/\/www.w3.org\/2000\/svg\">\n    <path d=\"M174.305 0H0V24.211H186.312L182.003 6.07219C181.158 2.51308 177.972 0 174.305 0Z\" fill=\"currentColor\"\/>\n  <\/svg>\n\n  <svg class=\"hidden text-inherit md:flex lg:hidden -mb-px\" width=\"139\" height=\"21\" viewBox=\"0 0 139 21\" fill=\"none\" xmlns=\"http:\/\/www.w3.org\/2000\/svg\">\n    <path d=\"M126.305 0H0V20.211H138.312L134.003 6.07219C133.158 2.51308 129.972 0 126.305 0Z\" fill=\"currentColor\"\/>\n  <\/svg>\n\n  <svg class=\"flex text-inherit md:hidden -mb-px\" width=\"80\" height=\"15\" viewBox=\"0 0 80 15\" fill=\"none\" xmlns=\"http:\/\/www.w3.org\/2000\/svg\">\n    <path d=\"M75.7219 4.00863C74.8769 1.60689 72.6081 0 70.062 0H0V14.211H79.3115L75.7219 4.00863Z\" fill=\"currentColor\"\/>\n  <\/svg>\n<\/div>\n<\/aside>\n\n<section class=\"section--color-card-repeater bg-white has-tab\"\n  id=\"\"\n  aria-label=\"\"\n>\n      <div class=\"fluid-container grid-12 col-span-full row-span-full z-content partials--one-column\">\n  <div class=\"col-narrow\">\n    <div data-repeater=\"false\" class=\"partial-copy flex flex-col flex-1 mb-half text-center space-y-inner\">\n  <div class=\"copy--body space-y-min\">\n          <p class=\"subhead subhead-2 mb-0\" class=\"mb-0\">\n    La transparencia gubernamental es crucial para nuestra capacidad de apoyar a las personas en riesgo de detenci\u00f3n y deportaci\u00f3n.\n  <\/p>                  <div class=\"partial-copy--lead-copy\">\n                  <div class=\"partial-copy--copy body-1\"><p>He aqu\u00ed los \u00faltimos documentos federales que hemos obtenido para contribuir al avance de nuestro trabajo.<\/p>\n<\/div>\n              <\/div>\n      <\/div>\n<\/div>  <\/div>\n<\/div>    <div class=\"fluid-container\">\n    <ul class=\"grid list-none ml-0 pt-half gap-narrow grid-12 lg:grid-cols-none lg:auto-cols-fr lg:grid-flow-col\">\n                      <li class=\"col-span-full md:col-span-6 lg:col-auto\">\n          <div class=\"component--card\" >\n\n      <a href=\"https:\/\/www.dropbox.com\/scl\/fo\/ctth99a6gwi90xd5wu1e2\/ALCGjkFRDuZfrHijk3pQykE?rlkey=i829hc2ahhmr21y86sprbwafq=xx6ap52h=0%20%20%20\" target=\"_blank\" aria-label=\"\"\n      class=\"card group card-solid\"\n    >\n            <div data-repeater=\"true\" class=\"partial-copy flex flex-col flex-1 text-stretch space-y-inner is-repeater in-card component--card-copy z-content p-half \">\n  <div class=\"copy--body space-y-min\">\n          <h3 class=\"subhead subhead-2 mb-0\" class=\"mb-0\">\n    EOIR crim-imm charts\n  <\/h3>                  <div class=\"partial-copy--lead-copy\">\n                  <div class=\"partial-copy--copy body-2\"><p>Echa un vistazo a los gr\u00e1ficos que utilizan los tribunales de inmigraci\u00f3n para evaluar las consecuencias para la inmigraci\u00f3n de los delitos penales estatales. \u00daltima solicitud el 14 de octubre de 2022.<\/p>\n<\/div>\n              <\/div>\n      <\/div>\n  <p class=\"partial-copy--cta\">\n    <span class=\"button\" href=\"https:\/\/www.dropbox.com\/scl\/fo\/ctth99a6gwi90xd5wu1e2\/ALCGjkFRDuZfrHijk3pQykE?rlkey=i829hc2ahhmr21y86sprbwafq=xx6ap52h=0%20%20%20\" target=\"\" href=\"https:\/\/www.dropbox.com\/scl\/fo\/ctth99a6gwi90xd5wu1e2\/ALCGjkFRDuZfrHijk3pQykE?rlkey=i829hc2ahhmr21y86sprbwafq=xx6ap52h=0%20%20%20\" target=\"\">\n    Ver tablas crim-imm\n  <\/span>  <\/p>\n<\/div>\n\n      <\/a>\n  <\/div>        <\/li>\n                      <li class=\"col-span-full md:col-span-6 lg:col-auto\">\n          <div class=\"component--card\" >\n\n      <a href=\"https:\/\/www.dropbox.com\/scl\/fo\/s89dafz099ldg1860tbv6\/ADYTKc6uGU-UM0eKx2u3J5w?rlkey=zsfixbpdis2b4w0ue24jl3iaj=2dusraug=0\" target=\"_blank\" aria-label=\"\"\n      class=\"card group card-solid\"\n    >\n            <div data-repeater=\"true\" class=\"partial-copy flex flex-col flex-1 text-stretch space-y-inner is-repeater in-card component--card-copy z-content p-half \">\n  <div class=\"copy--body space-y-min\">\n          <h3 class=\"subhead subhead-2 mb-0\" class=\"mb-0\">\n    Recopilaciones de jurisprudencia del circuito EOIR\n  <\/h3>                  <div class=\"partial-copy--lead-copy\">\n                  <div class=\"partial-copy--copy body-2\"><p>Revisa los mismos res\u00famenes de casos que consultan los tribunales de inmigraci\u00f3n para analizar la jurisprudencia por circuitos. \u00daltima solicitud el 19 de abril de 2022.<\/p>\n<\/div>\n              <\/div>\n      <\/div>\n  <p class=\"partial-copy--cta\">\n    <span class=\"button\" href=\"https:\/\/www.dropbox.com\/scl\/fo\/s89dafz099ldg1860tbv6\/ADYTKc6uGU-UM0eKx2u3J5w?rlkey=zsfixbpdis2b4w0ue24jl3iaj=2dusraug=0\" target=\"\" href=\"https:\/\/www.dropbox.com\/scl\/fo\/s89dafz099ldg1860tbv6\/ADYTKc6uGU-UM0eKx2u3J5w?rlkey=zsfixbpdis2b4w0ue24jl3iaj=2dusraug=0\" target=\"\">\n    Ver recopilaciones EOIR\n  <\/span>  <\/p>\n<\/div>\n\n      <\/a>\n  <\/div>        <\/li>\n                      <li class=\"col-span-full md:col-span-6 lg:col-auto\">\n          <div class=\"component--card\" >\n\n      <a href=\"https:\/\/www.dropbox.com\/scl\/fi\/40jns9mljkxq40vo4y61o\/Responsive-Docs-2023-53010.pdf?rlkey=vrvdwjhyht0w66phnosae4w3k=1=5j1sz0hx=0\" target=\"_blank\" aria-label=\"\"\n      class=\"card group card-solid\"\n    >\n            <div data-repeater=\"true\" class=\"partial-copy flex flex-col flex-1 text-stretch space-y-inner is-repeater in-card component--card-copy z-content p-half \">\n  <div class=\"copy--body space-y-min\">\n          <h3 class=\"subhead subhead-2 mb-0\" class=\"mb-0\">\n    EOIR DAR y procedimientos de transcripci\u00f3n\n  <\/h3>                  <div class=\"partial-copy--lead-copy\">\n                  <div class=\"partial-copy--copy body-2\"><p>Pr\u00e1cticas internas de la EOIR para facilitar el acceso a los registros de los tribunales de inmigraci\u00f3n. \u00daltima solicitud el 9 de mayo de 2023.<\/p>\n<\/div>\n              <\/div>\n      <\/div>\n  <p class=\"partial-copy--cta\">\n    <span class=\"button\" href=\"https:\/\/www.dropbox.com\/scl\/fi\/40jns9mljkxq40vo4y61o\/Responsive-Docs-2023-53010.pdf?rlkey=vrvdwjhyht0w66phnosae4w3k=1=5j1sz0hx=0\" target=\"\" href=\"https:\/\/www.dropbox.com\/scl\/fi\/40jns9mljkxq40vo4y61o\/Responsive-Docs-2023-53010.pdf?rlkey=vrvdwjhyht0w66phnosae4w3k=1=5j1sz0hx=0\" target=\"\">\n    Ver procedimientos EOIR\n  <\/span>  <\/p>\n<\/div>\n\n      <\/a>\n  <\/div>        <\/li>\n          <\/ul>\n  <\/div>\n<\/section>\n<section class=\"section--one-column bg-white text-center\" \n  id=\"remitir-un-caso\"\n  aria-label=\"Remitir un caso\"\n>\n  <div class=\"fluid-container grid-12 col-span-full row-span-full z-content partials--one-column\">\n  <div class=\"col-narrow\">\n    <div data-repeater=\"false\" class=\"partial-copy flex flex-col flex-1 text-center space-y-inner\">\n  <div class=\"copy--headline break-words space-y-inner\">\n              <h2 class=\"display display-2 mb-0\" class=\"mb-0\">\n    Remitir un caso\n  <\/h2>          <\/div>\n  <div class=\"copy--body space-y-min\">\n          <p class=\"subhead subhead-2 mb-0\" class=\"mb-0\">\n    \u00bfQuieres que aceptemos un caso en nombre de tu cliente?\n  <\/p>                  <div class=\"partial-copy--lead-copy\">\n                  <div class=\"partial-copy--copy body-1\"><p>Utiliza este formulario para remitir una petici\u00f3n de revisi\u00f3n de recurso de la BIA o un caso de habeas corpus al Laboratorio. El Laboratorio se centra en los Circuitos Tercero, Cuarto y Und\u00e9cimo y m\u00e1s all\u00e1. Ten en cuenta que nos centramos en cuestiones que afectan a las personas en riesgo de detenci\u00f3n y deportaci\u00f3n. S\u00f3lo podemos aceptar un n\u00famero limitado de casos, y no aceptamos remisiones para casos de los tribunales de inmigraci\u00f3n o asuntos del Servicio de Ciudadan\u00eda e Inmigraci\u00f3n de Estados Unidos.<\/p>\n<\/div>\n              <\/div>\n      <\/div>\n  <p class=\"partial-copy--cta\">\n    <a class=\"button\" href=\"https:\/\/docs.google.com\/document\/d\/1ZQUTS571VBC0h-baRGgyrTMrv9G6xfFggHVbrbPZAhk\/edit\" target=\"_blank\" href=\"https:\/\/docs.google.com\/document\/d\/1ZQUTS571VBC0h-baRGgyrTMrv9G6xfFggHVbrbPZAhk\/edit\" target=\"_blank\">\n    Haz una derivaci\u00f3n\n  <\/a>  <\/p>\n<\/div>  <\/div>\n<\/div><\/section>\n","protected":false},"excerpt":{"rendered":"","protected":false},"author":10,"featured_media":0,"parent":3373,"menu_order":0,"comment_status":"closed","ping_status":"closed","template":"","meta":{"_acf_changed":false,"inline_featured_image":false,"footnotes":""},"class_list":["post-3738","page","type-page","status-publish","hentry","bg-white -mt-px py-full"],"acf":[],"_links":{"self":[{"href":"https:\/\/amicacenter.org\/es\/wp-json\/wp\/v2\/pages\/3738","targetHints":{"allow":["GET"]}}],"collection":[{"href":"https:\/\/amicacenter.org\/es\/wp-json\/wp\/v2\/pages"}],"about":[{"href":"https:\/\/amicacenter.org\/es\/wp-json\/wp\/v2\/types\/page"}],"author":[{"embeddable":true,"href":"https:\/\/amicacenter.org\/es\/wp-json\/wp\/v2\/users\/10"}],"replies":[{"embeddable":true,"href":"https:\/\/amicacenter.org\/es\/wp-json\/wp\/v2\/comments?post=3738"}],"version-history":[{"count":1,"href":"https:\/\/amicacenter.org\/es\/wp-json\/wp\/v2\/pages\/3738\/revisions"}],"predecessor-version":[{"id":3740,"href":"https:\/\/amicacenter.org\/es\/wp-json\/wp\/v2\/pages\/3738\/revisions\/3740"}],"up":[{"embeddable":true,"href":"https:\/\/amicacenter.org\/es\/wp-json\/wp\/v2\/pages\/3373"}],"wp:attachment":[{"href":"https:\/\/amicacenter.org\/es\/wp-json\/wp\/v2\/media?parent=3738"}],"curies":[{"name":"wp","href":"https:\/\/api.w.org\/{rel}","templated":true}]}}