{"id":3742,"date":"2024-05-02T23:31:43","date_gmt":"2024-05-03T03:31:43","guid":{"rendered":"https:\/\/amicacenter.org\/recursos-juridicos\/herramientas-y-guias\/cuadros-y-recopilaciones-de-jurisprudencia\/"},"modified":"2024-06-24T17:12:29","modified_gmt":"2024-06-24T21:12:29","slug":"cuadros-y-recopilaciones-de-jurisprudencia","status":"publish","type":"page","link":"https:\/\/amicacenter.org\/es\/recursos-juridicos\/herramientas-y-guias\/cuadros-y-recopilaciones-de-jurisprudencia\/","title":{"rendered":"Cuadros y recopilaciones de jurisprudencia"},"content":{"rendered":"<section data-block=\"true\" class=\"section--hero section--hero-megatext bg-bedrock pt-full pb-max\"\n  id=\"cuadros-y-recopilaciones-de-jurisprudencia\"\n  aria-label=\"Cuadros y recopilaciones de jurisprudencia\" \n  >\n      <div class=\"fluid-container\">\n      <div data-repeater=\"false\" class=\"partial-copy flex flex-col flex-1 text-megatext space-y-half\">\n  <div class=\"copy--headline break-words space-y-half\">\n              <h1 class=\"display display-super mb-0\" class=\"mb-0\">\n    Cuadros y recopilaciones de jurisprudencia\n  <\/h1>          <\/div>\n  <div class=\"copy--body space-y-min\">\n          <p class=\"subhead subhead-2 mb-0\" class=\"mb-0\">\n    Encuentra tablas comparativas de tribunales de circuito de derecho de extranjer\u00eda para varios tribunales de circuito, incluidos los Circuitos Tercero, Cuarto, Sexto y Und\u00e9cimo.\n  <\/p>                  <div class=\"partial-copy--lead-copy\">\n                  <div class=\"partial-copy--copy body-1\"><p>Descargo de responsabilidad: Estos gr\u00e1ficos no sustituyen a la investigaci\u00f3n propia de un abogado. Estos gr\u00e1ficos se actualizaron por \u00faltima vez el 15 de enero de 2024 o alrededor de esa fecha. Nos esforzamos por actualizarlos trimestralmente. La fecha de actualizaci\u00f3n no refleja una actualizaci\u00f3n de cada uno de los estatutos de una secci\u00f3n; s\u00f3lo representa las ediciones m\u00e1s recientes. Amica Center no garantiza la exactitud de estos gr\u00e1ficos.  <\/p>\n<\/div>\n              <\/div>\n      <\/div>\n<\/div>\n        <\/div>\n  <\/section>\n<section class=\"section section--sticky-50 grid-half bg-white\"\n  id=\"recursos-generales\"\n  aria-label=\"Recursos generales\" \n>\n\n  <div class=\"!justify-start items-start bg-var-background stick-50--copy lg:sticky lg:top-0 h-auto grid-rows-none\">\n          <div class=\"sticky--copy\">\n  <div data-repeater=\"false\" class=\"partial-copy flex flex-col flex-1 text-left space-y-inner\">\n  <div class=\"copy--headline break-words space-y-inner\">\n              <h2 class=\"display display-2 mb-0\" class=\"mb-0\">\n    Recursos generales\n  <\/h2>          <\/div>\n<\/div><\/div>      <\/div>\n  <div class=\"items-start bg-var-background-light stick-50--items h-full\">\n          <ul class=\"sticky--list list-none ml-0 flex flex-col gap-full\">\n                  <li class=\"flex flex-col gap-4\">\n                                    <div data-repeater=\"false\" class=\"partial-copy flex flex-col flex-1 text-left space-y-min\">\n  <div class=\"copy--headline break-words space-y-min\">\n                  <h3 class=\"subhead subhead-2 mb-0\" class=\"mb-0\">\n    Credibilidad y corroboraci\u00f3n\n  <\/h3>      <\/div>\n  <div class=\"copy--body space-y-min\">\n                  <div class=\"partial-copy--lead-copy\">\n                  <div class=\"partial-copy--copy body-2\"><p>Compara la jurisprudencia de los Circuitos Tercero, Cuarto, Sexto y Und\u00e9cimo sobre la credibilidad y la corroboraci\u00f3n en los casos de desagravio por miedo.  <\/p>\n<\/div>\n              <\/div>\n      <\/div>\n<\/div>                          <p class=\"sticky--copy-cta\">\n                <a class=\"button-link button-icon\" href=\"https:\/\/www.caircoalition.org\/sites\/default\/files\/Credibility%20%26%20Corroboration%20Circuit%20Law%20Comparison%20Chart%20Updated%2011.6.2023.xlsx\" target=\"\" href=\"https:\/\/www.caircoalition.org\/sites\/default\/files\/Credibility%20%26%20Corroboration%20Circuit%20Law%20Comparison%20Chart%20Updated%2011.6.2023.xlsx\" target=\"\">\n      <span class=\"text\">\n    Descargar cuadro de credibilidad y corroboraci\u00f3n\n          <\/span>\n        <span class=\"img\">\n      <svg width=\"24\" height=\"24\" viewBox=\"0 0 24 24\" fill=\"none\" aria-label=\"right\"\n  xmlns=\"http:\/\/www.w3.org\/2000\/svg\">\n  <path d=\"M16.3152 16.668C15.9247 17.0585 15.9247 17.6917 16.3152 18.0822C16.7058 18.4728 17.3389 18.4728 17.7294 18.0822L22.395 13.4166C23.1761 12.6356 23.1761 11.3692 22.395 10.5882L17.7266 5.91978C17.3361 5.52926 16.7029 5.52926 16.3124 5.91978C15.9219 6.31031 15.9219 6.94347 16.3124 7.334L19.9784 11L1.99997 11C1.44769 11 0.999973 11.4477 0.999973 12C0.999973 12.5523 1.44769 13 1.99997 13L19.9832 13L16.3152 16.668Z\" fill=\"currentColor\"\/>\n<\/svg>    <\/span>\n  <\/a>              <\/p>\n                      <\/li>\n                  <li class=\"flex flex-col gap-4\">\n                                    <div data-repeater=\"false\" class=\"partial-copy flex flex-col flex-1 text-left space-y-min\">\n  <div class=\"copy--headline break-words space-y-min\">\n                  <h3 class=\"subhead subhead-2 mb-0\" class=\"mb-0\">\n    Barreras jurisdiccionales en casos de inmigraci\u00f3n Cuadro\n  <\/h3>      <\/div>\n  <div class=\"copy--body space-y-min\">\n                  <div class=\"partial-copy--lead-copy\">\n                  <div class=\"partial-copy--copy body-2\"><p>Revisar los obst\u00e1culos jurisdiccionales que impiden a los tribunales de apelaci\u00f3n revisar las demandas en materia de inmigraci\u00f3n.  <\/p>\n<\/div>\n              <\/div>\n      <\/div>\n<\/div>                          <p class=\"sticky--copy-cta\">\n                <a class=\"button-link button-icon\" href=\"https:\/\/www.caircoalition.org\/sites\/default\/files\/Immigration%20Jurisdictional%20Bars%20Chart.xlsx\" target=\"\" href=\"https:\/\/www.caircoalition.org\/sites\/default\/files\/Immigration%20Jurisdictional%20Bars%20Chart.xlsx\" target=\"\">\n      <span class=\"text\">\n    Descargar gr\u00e1fico de barras jurisdiccional\n          <\/span>\n        <span class=\"img\">\n      <svg width=\"24\" height=\"24\" viewBox=\"0 0 24 24\" fill=\"none\" aria-label=\"right\"\n  xmlns=\"http:\/\/www.w3.org\/2000\/svg\">\n  <path d=\"M16.3152 16.668C15.9247 17.0585 15.9247 17.6917 16.3152 18.0822C16.7058 18.4728 17.3389 18.4728 17.7294 18.0822L22.395 13.4166C23.1761 12.6356 23.1761 11.3692 22.395 10.5882L17.7266 5.91978C17.3361 5.52926 16.7029 5.52926 16.3124 5.91978C15.9219 6.31031 15.9219 6.94347 16.3124 7.334L19.9784 11L1.99997 11C1.44769 11 0.999973 11.4477 0.999973 12C0.999973 12.5523 1.44769 13 1.99997 13L19.9832 13L16.3152 16.668Z\" fill=\"currentColor\"\/>\n<\/svg>    <\/span>\n  <\/a>              <\/p>\n                      <\/li>\n                  <li class=\"flex flex-col gap-4\">\n                                    <div data-repeater=\"false\" class=\"partial-copy flex flex-col flex-1 text-left space-y-min\">\n  <div class=\"copy--headline break-words space-y-min\">\n                  <h3 class=\"subhead subhead-2 mb-0\" class=\"mb-0\">\n    Hoja de seguimiento del Grupo Social Particular (GSP)\n  <\/h3>      <\/div>\n  <div class=\"copy--body space-y-min\">\n                  <div class=\"partial-copy--lead-copy\">\n                  <div class=\"partial-copy--copy body-2\"><p>Conoce los \u00faltimos PSG que se est\u00e1n presentando en los distintos circuitos y c\u00f3mo han fallado los tribunales.<\/p>\n<\/div>\n              <\/div>\n      <\/div>\n<\/div>                          <p class=\"sticky--copy-cta\">\n                <a class=\"button-link button-icon\" href=\"https:\/\/docs.google.com\/spreadsheets\/d\/18Mbp83vh0JHGVzfkcvW3wrML1MbpM0B-\/edit?usp=sharing=108030076581561997519=true=true\" target=\"_blank\" href=\"https:\/\/docs.google.com\/spreadsheets\/d\/18Mbp83vh0JHGVzfkcvW3wrML1MbpM0B-\/edit?usp=sharing=108030076581561997519=true=true\" target=\"_blank\">\n      <span class=\"text\">\n    Ver gr\u00e1fico PSG\n          <\/span>\n        <span class=\"img\">\n      <svg width=\"24\" height=\"24\" viewBox=\"0 0 24 24\" fill=\"none\" aria-label=\"right\"\n  xmlns=\"http:\/\/www.w3.org\/2000\/svg\">\n  <path d=\"M16.3152 16.668C15.9247 17.0585 15.9247 17.6917 16.3152 18.0822C16.7058 18.4728 17.3389 18.4728 17.7294 18.0822L22.395 13.4166C23.1761 12.6356 23.1761 11.3692 22.395 10.5882L17.7266 5.91978C17.3361 5.52926 16.7029 5.52926 16.3124 5.91978C15.9219 6.31031 15.9219 6.94347 16.3124 7.334L19.9784 11L1.99997 11C1.44769 11 0.999973 11.4477 0.999973 12C0.999973 12.5523 1.44769 13 1.99997 13L19.9832 13L16.3152 16.668Z\" fill=\"currentColor\"\/>\n<\/svg>    <\/span>\n  <\/a>              <\/p>\n                      <\/li>\n                  <li class=\"flex flex-col gap-4\">\n                                    <div data-repeater=\"false\" class=\"partial-copy flex flex-col flex-1 text-left space-y-min\">\n  <div class=\"copy--headline break-words space-y-min\">\n                  <h3 class=\"subhead subhead-2 mb-0\" class=\"mb-0\">\n    Recopilaci\u00f3n de habeas\n  <\/h3>      <\/div>\n  <div class=\"copy--body space-y-min\">\n                  <div class=\"partial-copy--lead-copy\">\n                  <div class=\"partial-copy--copy body-2\"><p>Descubre c\u00f3mo se han pronunciado los tribunales sobre las peticiones de h\u00e1beas impugnando diversas formas de detenci\u00f3n prolongada de inmigrantes en todo el pa\u00eds.<\/p>\n<\/div>\n              <\/div>\n      <\/div>\n<\/div>                          <p class=\"sticky--copy-cta\">\n                <a class=\"button-link button-icon\" href=\"https:\/\/www.dropbox.com\/scl\/fi\/vvpqsbuf45u5ncoqht4uy\/OUTDATED-Immigration-Habeas-Law-Index-November-2023.pdf?rlkey=anowy7swt7kb5vs232by29rfs=1=myavkii8=0\" target=\"_blank\" href=\"https:\/\/www.dropbox.com\/scl\/fi\/vvpqsbuf45u5ncoqht4uy\/OUTDATED-Immigration-Habeas-Law-Index-November-2023.pdf?rlkey=anowy7swt7kb5vs232by29rfs=1=myavkii8=0\" target=\"_blank\">\n      <span class=\"text\">\n    Ver recopilaci\u00f3n de habeas\n          <\/span>\n        <span class=\"img\">\n      <svg width=\"24\" height=\"24\" viewBox=\"0 0 24 24\" fill=\"none\" aria-label=\"right\"\n  xmlns=\"http:\/\/www.w3.org\/2000\/svg\">\n  <path d=\"M16.3152 16.668C15.9247 17.0585 15.9247 17.6917 16.3152 18.0822C16.7058 18.4728 17.3389 18.4728 17.7294 18.0822L22.395 13.4166C23.1761 12.6356 23.1761 11.3692 22.395 10.5882L17.7266 5.91978C17.3361 5.52926 16.7029 5.52926 16.3124 5.91978C15.9219 6.31031 15.9219 6.94347 16.3124 7.334L19.9784 11L1.99997 11C1.44769 11 0.999973 11.4477 0.999973 12C0.999973 12.5523 1.44769 13 1.99997 13L19.9832 13L16.3152 16.668Z\" fill=\"currentColor\"\/>\n<\/svg>    <\/span>\n  <\/a>              <\/p>\n                      <\/li>\n              <\/ul>\n          <\/div>\n<\/section>\n","protected":false},"excerpt":{"rendered":"","protected":false},"author":10,"featured_media":0,"parent":3373,"menu_order":0,"comment_status":"closed","ping_status":"closed","template":"","meta":{"_acf_changed":false,"inline_featured_image":false,"footnotes":""},"class_list":["post-3742","page","type-page","status-publish","hentry","bg-white -mt-px py-full"],"acf":[],"_links":{"self":[{"href":"https:\/\/amicacenter.org\/es\/wp-json\/wp\/v2\/pages\/3742","targetHints":{"allow":["GET"]}}],"collection":[{"href":"https:\/\/amicacenter.org\/es\/wp-json\/wp\/v2\/pages"}],"about":[{"href":"https:\/\/amicacenter.org\/es\/wp-json\/wp\/v2\/types\/page"}],"author":[{"embeddable":true,"href":"https:\/\/amicacenter.org\/es\/wp-json\/wp\/v2\/users\/10"}],"replies":[{"embeddable":true,"href":"https:\/\/amicacenter.org\/es\/wp-json\/wp\/v2\/comments?post=3742"}],"version-history":[{"count":1,"href":"https:\/\/amicacenter.org\/es\/wp-json\/wp\/v2\/pages\/3742\/revisions"}],"predecessor-version":[{"id":3745,"href":"https:\/\/amicacenter.org\/es\/wp-json\/wp\/v2\/pages\/3742\/revisions\/3745"}],"up":[{"embeddable":true,"href":"https:\/\/amicacenter.org\/es\/wp-json\/wp\/v2\/pages\/3373"}],"wp:attachment":[{"href":"https:\/\/amicacenter.org\/es\/wp-json\/wp\/v2\/media?parent=3742"}],"curies":[{"name":"wp","href":"https:\/\/api.w.org\/{rel}","templated":true}]}}