{"id":3747,"date":"2024-05-02T23:33:31","date_gmt":"2024-05-03T03:33:31","guid":{"rendered":"https:\/\/amicacenter.org\/recursos-juridicos\/herramientas-y-guias\/recursos-crimm-imm\/"},"modified":"2024-06-24T17:12:29","modified_gmt":"2024-06-24T21:12:29","slug":"recursos-crimm-imm","status":"publish","type":"page","link":"https:\/\/amicacenter.org\/es\/recursos-juridicos\/herramientas-y-guias\/recursos-crimm-imm\/","title":{"rendered":"Recursos Crimm-imm"},"content":{"rendered":"<section data-block=\"true\" class=\"section--hero section--hero-megatext bg-golden pt-full pb-max\"\n  id=\"recursos-penal-inmigracion\"\n  aria-label=\"Recursos penal-inmigraci\u00f3n\" \n  >\n      <div class=\"fluid-container\">\n      <div data-repeater=\"false\" class=\"partial-copy flex flex-col flex-1 text-megatext space-y-half\">\n  <div class=\"copy--headline break-words space-y-half\">\n              <h1 class=\"display display-super mb-0\" class=\"mb-0\">\n    Recursos penal-inmigraci\u00f3n\n  <\/h1>          <\/div>\n  <div class=\"copy--body space-y-min\">\n          <p class=\"subhead subhead-2 mb-0\" class=\"mb-0\">\n    Encuentra tablas informativas, cartillas y solicita consultas sobre casos.\n  <\/p>                  <div class=\"partial-copy--lead-copy\">\n                  <div class=\"partial-copy--copy body-1\"><p>Estamos aqu\u00ed para ayudar a los abogados penalistas de Virginia a cumplir sus obligaciones constitucionales y \u00e9ticas seg\u00fan Padilla v. Kentucky y Zemene v. Clarke, y a los abogados de inmigraci\u00f3n que representan a no ciudadanos que se enfrentan a la detenci\u00f3n y deportaci\u00f3n como resultado de la interacci\u00f3n con el sistema penal.<\/p>\n<\/div>\n              <\/div>\n      <\/div>\n<\/div>\n        <\/div>\n  <\/section>\n<aside>\n<div class=\"partial--folder-tab z-higher-content relative !max-w-none color-white border-white no-border -mt-[var(--tab-height)] !pt-0 !pl-0\" aria-hidden=\"true\">\n  <svg class=\"hidden text-inherit lg:flex -mb-px\" width=\"187\" height=\"25\" viewBox=\"0 0 187 25\" fill=\"none\" xmlns=\"http:\/\/www.w3.org\/2000\/svg\">\n    <path d=\"M174.305 0H0V24.211H186.312L182.003 6.07219C181.158 2.51308 177.972 0 174.305 0Z\" fill=\"currentColor\"\/>\n  <\/svg>\n\n  <svg class=\"hidden text-inherit md:flex lg:hidden -mb-px\" width=\"139\" height=\"21\" viewBox=\"0 0 139 21\" fill=\"none\" xmlns=\"http:\/\/www.w3.org\/2000\/svg\">\n    <path d=\"M126.305 0H0V20.211H138.312L134.003 6.07219C133.158 2.51308 129.972 0 126.305 0Z\" fill=\"currentColor\"\/>\n  <\/svg>\n\n  <svg class=\"flex text-inherit md:hidden -mb-px\" width=\"80\" height=\"15\" viewBox=\"0 0 80 15\" fill=\"none\" xmlns=\"http:\/\/www.w3.org\/2000\/svg\">\n    <path d=\"M75.7219 4.00863C74.8769 1.60689 72.6081 0 70.062 0H0V14.211H79.3115L75.7219 4.00863Z\" fill=\"currentColor\"\/>\n  <\/svg>\n<\/div>\n<\/aside>\n\n<section class=\"section section--sticky-50 grid-half bg-white has-tab\"\n  id=\"recursos-generales\"\n  aria-label=\"Recursos generales\" \n>\n\n  <div class=\"!justify-start items-start bg-var-background stick-50--copy lg:sticky lg:top-0 h-auto grid-rows-none\">\n          <div class=\"sticky--copy\">\n  <div data-repeater=\"false\" class=\"partial-copy flex flex-col flex-1 text-left space-y-inner\">\n  <div class=\"copy--headline break-words space-y-inner\">\n              <h2 class=\"display display-2 mb-0\" class=\"mb-0\">\n    Recursos generales\n  <\/h2>          <\/div>\n<\/div><\/div>      <\/div>\n  <div class=\"items-start bg-var-background-light stick-50--items h-full\">\n          <ul class=\"sticky--list list-none ml-0 flex flex-col gap-full\">\n                  <li class=\"flex flex-col gap-4\">\n                                    <div data-repeater=\"false\" class=\"partial-copy flex flex-col flex-1 text-left space-y-min\">\n  <div class=\"copy--headline break-words space-y-min\">\n                  <h3 class=\"subhead subhead-2 mb-0\" class=\"mb-0\">\n    Todos los motivos penales de deportaci\u00f3n e inadmisibilidad\n  <\/h3>      <\/div>\n  <div class=\"copy--body space-y-min\">\n                  <div class=\"partial-copy--lead-copy\">\n                  <div class=\"partial-copy--copy body-2\"><p>Este resumen de dos p\u00e1ginas enumera todas las categor\u00edas legales de consecuencias para la inmigraci\u00f3n de determinados tipos de delitos penales, incluyendo qu\u00e9 delitos provocan la expulsi\u00f3n y la detenci\u00f3n obligatoria. \u00daltima actualizaci\u00f3n: 28 de marzo de 2017.<\/p>\n<\/div>\n              <\/div>\n      <\/div>\n<\/div>                          <p class=\"sticky--copy-cta\">\n                <a class=\"button-link button-icon\" href=\"https:\/\/amicacenter.org\/app\/uploads\/2024\/05\/Inadmissibility-Deportability-Grounds-Chart.pdf\" target=\"_blank\" href=\"https:\/\/amicacenter.org\/app\/uploads\/2024\/05\/Inadmissibility-Deportability-Grounds-Chart.pdf\" target=\"_blank\">\n      <span class=\"text\">\n    Ver Cuadro de motivos de inadmisibilidad y deportabilidad\n          <\/span>\n        <span class=\"img\">\n      <svg width=\"24\" height=\"24\" viewBox=\"0 0 24 24\" fill=\"none\" aria-label=\"right\"\n  xmlns=\"http:\/\/www.w3.org\/2000\/svg\">\n  <path d=\"M16.3152 16.668C15.9247 17.0585 15.9247 17.6917 16.3152 18.0822C16.7058 18.4728 17.3389 18.4728 17.7294 18.0822L22.395 13.4166C23.1761 12.6356 23.1761 11.3692 22.395 10.5882L17.7266 5.91978C17.3361 5.52926 16.7029 5.52926 16.3124 5.91978C15.9219 6.31031 15.9219 6.94347 16.3124 7.334L19.9784 11L1.99997 11C1.44769 11 0.999973 11.4477 0.999973 12C0.999973 12.5523 1.44769 13 1.99997 13L19.9832 13L16.3152 16.668Z\" fill=\"currentColor\"\/>\n<\/svg>    <\/span>\n  <\/a>              <\/p>\n                      <\/li>\n                  <li class=\"flex flex-col gap-4\">\n                                    <div data-repeater=\"false\" class=\"partial-copy flex flex-col flex-1 text-left space-y-min\">\n  <div class=\"copy--headline break-words space-y-min\">\n                  <h3 class=\"subhead subhead-2 mb-0\" class=\"mb-0\">\n    Probabilidad realista\n  <\/h3>      <\/div>\n  <div class=\"copy--body space-y-min\">\n                  <div class=\"partial-copy--lead-copy\">\n                  <div class=\"partial-copy--copy body-2\"><p>Compara la jurisprudencia de los Circuitos Tercero, Cuarto, Sexto y Und\u00e9cimo sobre la prueba de la probabilidad realista.<\/p>\n<\/div>\n              <\/div>\n      <\/div>\n<\/div>                          <p class=\"sticky--copy-cta\">\n                <a class=\"button-link button-icon\" href=\"https:\/\/www.caircoalition.org\/sites\/default\/files\/Realistic%20Probability%20Circuit%20Law%20Comparison%20Chart_LAST%20UPDATED%2011.9.23.xlsx\" target=\"\" href=\"https:\/\/www.caircoalition.org\/sites\/default\/files\/Realistic%20Probability%20Circuit%20Law%20Comparison%20Chart_LAST%20UPDATED%2011.9.23.xlsx\" target=\"\">\n      <span class=\"text\">\n    Descargar Gr\u00e1fico de Probabilidad Realista\n          <\/span>\n        <span class=\"img\">\n      <svg width=\"24\" height=\"24\" viewBox=\"0 0 24 24\" fill=\"none\" aria-label=\"right\"\n  xmlns=\"http:\/\/www.w3.org\/2000\/svg\">\n  <path d=\"M16.3152 16.668C15.9247 17.0585 15.9247 17.6917 16.3152 18.0822C16.7058 18.4728 17.3389 18.4728 17.7294 18.0822L22.395 13.4166C23.1761 12.6356 23.1761 11.3692 22.395 10.5882L17.7266 5.91978C17.3361 5.52926 16.7029 5.52926 16.3124 5.91978C15.9219 6.31031 15.9219 6.94347 16.3124 7.334L19.9784 11L1.99997 11C1.44769 11 0.999973 11.4477 0.999973 12C0.999973 12.5523 1.44769 13 1.99997 13L19.9832 13L16.3152 16.668Z\" fill=\"currentColor\"\/>\n<\/svg>    <\/span>\n  <\/a>              <\/p>\n                      <\/li>\n                  <li class=\"flex flex-col gap-4\">\n                                    <div data-repeater=\"false\" class=\"partial-copy flex flex-col flex-1 text-left space-y-min\">\n  <div class=\"copy--headline break-words space-y-min\">\n                  <h3 class=\"subhead subhead-2 mb-0\" class=\"mb-0\">\n    Tabla de delitos de Virginia\n  <\/h3>      <\/div>\n  <div class=\"copy--body space-y-min\">\n                  <div class=\"partial-copy--lead-copy\">\n                  <div class=\"partial-copy--copy body-2\"><p>Echa un vistazo a nuestro gr\u00e1fico &#8220;en vivo&#8221; que analiza las consecuencias para la inmigraci\u00f3n de los delitos penales cometidos en Virginia.<\/p>\n<\/div>\n              <\/div>\n      <\/div>\n<\/div>                          <p class=\"sticky--copy-cta\">\n                <a class=\"button-link button-icon\" href=\"https:\/\/amicacenter.org\/legal-resources\/tools-guides\/crimm-imm-resources\/va-crimes-chart\/\" target=\"\" href=\"https:\/\/amicacenter.org\/legal-resources\/tools-guides\/crimm-imm-resources\/va-crimes-chart\/\" target=\"\">\n      <span class=\"text\">\n    Ver la tabla de delitos de VA\n          <\/span>\n        <span class=\"img\">\n      <svg width=\"24\" height=\"24\" viewBox=\"0 0 24 24\" fill=\"none\" aria-label=\"right\"\n  xmlns=\"http:\/\/www.w3.org\/2000\/svg\">\n  <path d=\"M16.3152 16.668C15.9247 17.0585 15.9247 17.6917 16.3152 18.0822C16.7058 18.4728 17.3389 18.4728 17.7294 18.0822L22.395 13.4166C23.1761 12.6356 23.1761 11.3692 22.395 10.5882L17.7266 5.91978C17.3361 5.52926 16.7029 5.52926 16.3124 5.91978C15.9219 6.31031 15.9219 6.94347 16.3124 7.334L19.9784 11L1.99997 11C1.44769 11 0.999973 11.4477 0.999973 12C0.999973 12.5523 1.44769 13 1.99997 13L19.9832 13L16.3152 16.668Z\" fill=\"currentColor\"\/>\n<\/svg>    <\/span>\n  <\/a>              <\/p>\n                      <\/li>\n                  <li class=\"flex flex-col gap-4\">\n                                    <div data-repeater=\"false\" class=\"partial-copy flex flex-col flex-1 text-left space-y-min\">\n  <div class=\"copy--headline break-words space-y-min\">\n                  <h3 class=\"subhead subhead-2 mb-0\" class=\"mb-0\">\n    Gu\u00eda del Cuadro de Delitos de VA\n  <\/h3>      <\/div>\n  <div class=\"copy--body space-y-min\">\n                  <div class=\"partial-copy--lead-copy\">\n                  <div class=\"partial-copy--copy body-2\"><p>Combina nuestra tabla de delitos de Virginia con esta gu\u00eda de referencia de una p\u00e1gina que describe los principales motivos federales de expulsi\u00f3n desencadenados por disposiciones penales de Virginia.<\/p>\n<\/div>\n              <\/div>\n      <\/div>\n<\/div>                          <p class=\"sticky--copy-cta\">\n                <a class=\"button-link button-icon\" href=\"https:\/\/amicacenter.org\/app\/uploads\/2024\/05\/Amica-Center-VJP-Hot-Sheet.pdf\" target=\"_blank\" href=\"https:\/\/amicacenter.org\/app\/uploads\/2024\/05\/Amica-Center-VJP-Hot-Sheet.pdf\" target=\"_blank\">\n      <span class=\"text\">\n    Ver la gu\u00eda de la Tabla de Delitos de VA\n          <\/span>\n        <span class=\"img\">\n      <svg width=\"24\" height=\"24\" viewBox=\"0 0 24 24\" fill=\"none\" aria-label=\"right\"\n  xmlns=\"http:\/\/www.w3.org\/2000\/svg\">\n  <path d=\"M16.3152 16.668C15.9247 17.0585 15.9247 17.6917 16.3152 18.0822C16.7058 18.4728 17.3389 18.4728 17.7294 18.0822L22.395 13.4166C23.1761 12.6356 23.1761 11.3692 22.395 10.5882L17.7266 5.91978C17.3361 5.52926 16.7029 5.52926 16.3124 5.91978C15.9219 6.31031 15.9219 6.94347 16.3124 7.334L19.9784 11L1.99997 11C1.44769 11 0.999973 11.4477 0.999973 12C0.999973 12.5523 1.44769 13 1.99997 13L19.9832 13L16.3152 16.668Z\" fill=\"currentColor\"\/>\n<\/svg>    <\/span>\n  <\/a>              <\/p>\n                      <\/li>\n                  <li class=\"flex flex-col gap-4\">\n                                    <div data-repeater=\"false\" class=\"partial-copy flex flex-col flex-1 text-left space-y-min\">\n  <div class=\"copy--headline break-words space-y-min\">\n                  <h3 class=\"subhead subhead-2 mb-0\" class=\"mb-0\">\n    El Enfoque Categorial en pocas palabras\n  <\/h3>      <\/div>\n  <div class=\"copy--body space-y-min\">\n                  <div class=\"partial-copy--lead-copy\">\n                  <div class=\"partial-copy--copy body-2\"><p>Utiliza nuestra gu\u00eda para comprender mejor el m\u00e9todo de an\u00e1lisis utilizado para determinar si una condena penal desencadena un determinado motivo penal federal de expulsi\u00f3n.<\/p>\n<\/div>\n              <\/div>\n      <\/div>\n<\/div>                          <p class=\"sticky--copy-cta\">\n                <a class=\"button-link button-icon\" href=\"https:\/\/amicacenter.org\/app\/uploads\/2024\/05\/The-Categorical-Approach-in-a-Nutshell.pdf\" target=\"_blank\" href=\"https:\/\/amicacenter.org\/app\/uploads\/2024\/05\/The-Categorical-Approach-in-a-Nutshell.pdf\" target=\"_blank\">\n      <span class=\"text\">\n    Ver gu\u00eda de enfoque categorial\n          <\/span>\n        <span class=\"img\">\n      <svg width=\"24\" height=\"24\" viewBox=\"0 0 24 24\" fill=\"none\" aria-label=\"right\"\n  xmlns=\"http:\/\/www.w3.org\/2000\/svg\">\n  <path d=\"M16.3152 16.668C15.9247 17.0585 15.9247 17.6917 16.3152 18.0822C16.7058 18.4728 17.3389 18.4728 17.7294 18.0822L22.395 13.4166C23.1761 12.6356 23.1761 11.3692 22.395 10.5882L17.7266 5.91978C17.3361 5.52926 16.7029 5.52926 16.3124 5.91978C15.9219 6.31031 15.9219 6.94347 16.3124 7.334L19.9784 11L1.99997 11C1.44769 11 0.999973 11.4477 0.999973 12C0.999973 12.5523 1.44769 13 1.99997 13L19.9832 13L16.3152 16.668Z\" fill=\"currentColor\"\/>\n<\/svg>    <\/span>\n  <\/a>              <\/p>\n                      <\/li>\n                  <li class=\"flex flex-col gap-4\">\n                                    <div data-repeater=\"false\" class=\"partial-copy flex flex-col flex-1 text-left space-y-min\">\n  <div class=\"copy--headline break-words space-y-min\">\n                  <h3 class=\"subhead subhead-2 mb-0\" class=\"mb-0\">\n    Cartilla sobre delitos de vileza moral\n  <\/h3>      <\/div>\n  <div class=\"copy--body space-y-min\">\n                  <div class=\"partial-copy--lead-copy\">\n                  <div class=\"partial-copy--copy body-2\"><p>Comprender mejor lo que constituye un delito que implique vileza moral en casos de inmigraci\u00f3n, sus consecuencias y la mejor forma de abordarlos ante un tribunal. \u00daltima actualizaci\u00f3n: 19 de enero de 2016.<\/p>\n<\/div>\n              <\/div>\n      <\/div>\n<\/div>                          <p class=\"sticky--copy-cta\">\n                <a class=\"button-link button-icon\" href=\"https:\/\/amicacenter.org\/app\/uploads\/2024\/05\/CIMT-Primer.pdf\" target=\"_blank\" href=\"https:\/\/amicacenter.org\/app\/uploads\/2024\/05\/CIMT-Primer.pdf\" target=\"_blank\">\n      <span class=\"text\">\n    Ver cartilla CIMT\n          <\/span>\n        <span class=\"img\">\n      <svg width=\"24\" height=\"24\" viewBox=\"0 0 24 24\" fill=\"none\" aria-label=\"right\"\n  xmlns=\"http:\/\/www.w3.org\/2000\/svg\">\n  <path d=\"M16.3152 16.668C15.9247 17.0585 15.9247 17.6917 16.3152 18.0822C16.7058 18.4728 17.3389 18.4728 17.7294 18.0822L22.395 13.4166C23.1761 12.6356 23.1761 11.3692 22.395 10.5882L17.7266 5.91978C17.3361 5.52926 16.7029 5.52926 16.3124 5.91978C15.9219 6.31031 15.9219 6.94347 16.3124 7.334L19.9784 11L1.99997 11C1.44769 11 0.999973 11.4477 0.999973 12C0.999973 12.5523 1.44769 13 1.99997 13L19.9832 13L16.3152 16.668Z\" fill=\"currentColor\"\/>\n<\/svg>    <\/span>\n  <\/a>              <\/p>\n                      <\/li>\n                  <li class=\"flex flex-col gap-4\">\n                                    <div data-repeater=\"false\" class=\"partial-copy flex flex-col flex-1 text-left space-y-min\">\n  <div class=\"copy--headline break-words space-y-min\">\n                  <h3 class=\"subhead subhead-2 mb-0\" class=\"mb-0\">\n    Primer delito con agravantes\n  <\/h3>      <\/div>\n  <div class=\"copy--body space-y-min\">\n                  <div class=\"partial-copy--lead-copy\">\n                  <div class=\"partial-copy--copy body-2\"><p>Entender mejor lo que constituye un delito con agravantes en casos de inmigraci\u00f3n, sus consecuencias y la mejor forma de abordarlos. \u00daltima actualizaci\u00f3n: 6 de noviembre de 2015.<\/p>\n<\/div>\n              <\/div>\n      <\/div>\n<\/div>                          <p class=\"sticky--copy-cta\">\n                <a class=\"button-link button-icon\" href=\"https:\/\/amicacenter.org\/app\/uploads\/2024\/05\/Aggravated-Felony-Primer.pdf\" target=\"_blank\" href=\"https:\/\/amicacenter.org\/app\/uploads\/2024\/05\/Aggravated-Felony-Primer.pdf\" target=\"_blank\">\n      <span class=\"text\">\n    Ver imprimaci\u00f3n delito agravado\n          <\/span>\n        <span class=\"img\">\n      <svg width=\"24\" height=\"24\" viewBox=\"0 0 24 24\" fill=\"none\" aria-label=\"right\"\n  xmlns=\"http:\/\/www.w3.org\/2000\/svg\">\n  <path d=\"M16.3152 16.668C15.9247 17.0585 15.9247 17.6917 16.3152 18.0822C16.7058 18.4728 17.3389 18.4728 17.7294 18.0822L22.395 13.4166C23.1761 12.6356 23.1761 11.3692 22.395 10.5882L17.7266 5.91978C17.3361 5.52926 16.7029 5.52926 16.3124 5.91978C15.9219 6.31031 15.9219 6.94347 16.3124 7.334L19.9784 11L1.99997 11C1.44769 11 0.999973 11.4477 0.999973 12C0.999973 12.5523 1.44769 13 1.99997 13L19.9832 13L16.3152 16.668Z\" fill=\"currentColor\"\/>\n<\/svg>    <\/span>\n  <\/a>              <\/p>\n                      <\/li>\n                  <li class=\"flex flex-col gap-4\">\n                                    <div data-repeater=\"false\" class=\"partial-copy flex flex-col flex-1 text-left space-y-min\">\n  <div class=\"copy--headline break-words space-y-min\">\n                  <h3 class=\"subhead subhead-2 mb-0\" class=\"mb-0\">\n    Cartilla de condena\n  <\/h3>      <\/div>\n  <div class=\"copy--body space-y-min\">\n                  <div class=\"partial-copy--lead-copy\">\n                  <div class=\"partial-copy--copy body-2\"><p>Entender mejor lo que constituye una condena seg\u00fan la ley de inmigraci\u00f3n, sus consecuencias y la mejor forma de abordarlas. \u00daltima actualizaci\u00f3n: 28 de agosto de 2015.<\/p>\n<\/div>\n              <\/div>\n      <\/div>\n<\/div>                          <p class=\"sticky--copy-cta\">\n                <a class=\"button-link button-icon\" href=\"https:\/\/amicacenter.org\/app\/uploads\/2024\/05\/Conviction-Primer.pdf\" target=\"_blank\" href=\"https:\/\/amicacenter.org\/app\/uploads\/2024\/05\/Conviction-Primer.pdf\" target=\"_blank\">\n      <span class=\"text\">\n    Ver cartilla de condenas\n          <\/span>\n        <span class=\"img\">\n      <svg width=\"24\" height=\"24\" viewBox=\"0 0 24 24\" fill=\"none\" aria-label=\"right\"\n  xmlns=\"http:\/\/www.w3.org\/2000\/svg\">\n  <path d=\"M16.3152 16.668C15.9247 17.0585 15.9247 17.6917 16.3152 18.0822C16.7058 18.4728 17.3389 18.4728 17.7294 18.0822L22.395 13.4166C23.1761 12.6356 23.1761 11.3692 22.395 10.5882L17.7266 5.91978C17.3361 5.52926 16.7029 5.52926 16.3124 5.91978C15.9219 6.31031 15.9219 6.94347 16.3124 7.334L19.9784 11L1.99997 11C1.44769 11 0.999973 11.4477 0.999973 12C0.999973 12.5523 1.44769 13 1.99997 13L19.9832 13L16.3152 16.668Z\" fill=\"currentColor\"\/>\n<\/svg>    <\/span>\n  <\/a>              <\/p>\n                      <\/li>\n                  <li class=\"flex flex-col gap-4\">\n                                    <div data-repeater=\"false\" class=\"partial-copy flex flex-col flex-1 text-left space-y-min\">\n  <div class=\"copy--headline break-words space-y-min\">\n                  <h3 class=\"subhead subhead-2 mb-0\" class=\"mb-0\">\n    Consultas de casos\n  <\/h3>      <\/div>\n  <div class=\"copy--body space-y-min\">\n                  <div class=\"partial-copy--lead-copy\">\n                  <div class=\"partial-copy--copy body-2\"><p>Ofrecemos consultas gratuitas de casos para abogados de oficio de defensa penal e inmigraci\u00f3n (y de pago para abogados particulares).<\/p>\n<\/div>\n              <\/div>\n      <\/div>\n<\/div>                          <p class=\"sticky--copy-cta\">\n                <a class=\"button-link button-icon\" href=\"https:\/\/amicacenter.org\/legal-resources\/tools-guides\/crimm-imm-resources\/case-consultations\/\" target=\"\" href=\"https:\/\/amicacenter.org\/legal-resources\/tools-guides\/crimm-imm-resources\/case-consultations\/\" target=\"\">\n      <span class=\"text\">\n    Solicitar una consulta\n          <\/span>\n        <span class=\"img\">\n      <svg width=\"24\" height=\"24\" viewBox=\"0 0 24 24\" fill=\"none\" aria-label=\"right\"\n  xmlns=\"http:\/\/www.w3.org\/2000\/svg\">\n  <path d=\"M16.3152 16.668C15.9247 17.0585 15.9247 17.6917 16.3152 18.0822C16.7058 18.4728 17.3389 18.4728 17.7294 18.0822L22.395 13.4166C23.1761 12.6356 23.1761 11.3692 22.395 10.5882L17.7266 5.91978C17.3361 5.52926 16.7029 5.52926 16.3124 5.91978C15.9219 6.31031 15.9219 6.94347 16.3124 7.334L19.9784 11L1.99997 11C1.44769 11 0.999973 11.4477 0.999973 12C0.999973 12.5523 1.44769 13 1.99997 13L19.9832 13L16.3152 16.668Z\" fill=\"currentColor\"\/>\n<\/svg>    <\/span>\n  <\/a>              <\/p>\n                      <\/li>\n              <\/ul>\n          <\/div>\n<\/section>\n<section class=\"section--cta-full text-center min-h-screen bg-golden\"\n  id=\"buscas-algo\"\n  aria-label=\"\u00bfBuscas algo?\"\n>\n  <div class=\"fluid-container\">\n    <div class=\"py-max px-[2rem] md:p-max !rounded-block card\"\n      >\n      <div data-repeater=\"false\" class=\"partial-copy flex flex-col flex-1 text-center space-y-inner\">\n  <div class=\"copy--headline break-words space-y-inner\">\n              <h2 class=\"display display-1 mb-0\" class=\"mb-0\">\n    \u00bfBuscas algo?\n  <\/h2>          <\/div>\n  <div class=\"copy--body space-y-min\">\n          <p class=\"subhead subhead-2 mb-0\" class=\"mb-0\">\n    Siempre estamos trabajando para mejorar nuestros recursos.\n  <\/p>                  <div class=\"partial-copy--lead-copy\">\n                  <div class=\"partial-copy--copy body-1\"><p>Si tienes preguntas sobre nuestros recursos o deseas informaci\u00f3n adicional, ponte en contacto con el Laboratorio de Impacto de la Inmigraci\u00f3n en <a href=\"mailto:lab@amicacenter.org\">lab@amicacenter.org.<\/a><\/p>\n<\/div>\n              <\/div>\n      <\/div>\n  <p class=\"partial-copy--cta\">\n    <a class=\"button\" href=\"mailto:lab@amicacenter.org\" target=\"\" href=\"mailto:lab@amicacenter.org\" target=\"\">\n    Mensaje El Laboratorio\n  <\/a>  <\/p>\n<\/div>    <\/div>\n  <\/div>\n<\/section>\n","protected":false},"excerpt":{"rendered":"","protected":false},"author":10,"featured_media":0,"parent":3373,"menu_order":0,"comment_status":"closed","ping_status":"closed","template":"","meta":{"_acf_changed":false,"inline_featured_image":false,"footnotes":""},"class_list":["post-3747","page","type-page","status-publish","hentry","bg-white -mt-px py-full"],"acf":[],"_links":{"self":[{"href":"https:\/\/amicacenter.org\/es\/wp-json\/wp\/v2\/pages\/3747","targetHints":{"allow":["GET"]}}],"collection":[{"href":"https:\/\/amicacenter.org\/es\/wp-json\/wp\/v2\/pages"}],"about":[{"href":"https:\/\/amicacenter.org\/es\/wp-json\/wp\/v2\/types\/page"}],"author":[{"embeddable":true,"href":"https:\/\/amicacenter.org\/es\/wp-json\/wp\/v2\/users\/10"}],"replies":[{"embeddable":true,"href":"https:\/\/amicacenter.org\/es\/wp-json\/wp\/v2\/comments?post=3747"}],"version-history":[{"count":1,"href":"https:\/\/amicacenter.org\/es\/wp-json\/wp\/v2\/pages\/3747\/revisions"}],"predecessor-version":[{"id":3751,"href":"https:\/\/amicacenter.org\/es\/wp-json\/wp\/v2\/pages\/3747\/revisions\/3751"}],"up":[{"embeddable":true,"href":"https:\/\/amicacenter.org\/es\/wp-json\/wp\/v2\/pages\/3373"}],"wp:attachment":[{"href":"https:\/\/amicacenter.org\/es\/wp-json\/wp\/v2\/media?parent=3747"}],"curies":[{"name":"wp","href":"https:\/\/api.w.org\/{rel}","templated":true}]}}