{"id":3748,"date":"2024-05-20T23:58:50","date_gmt":"2024-05-21T03:58:50","guid":{"rendered":"https:\/\/amicacenter.org\/volverse-antirracista\/"},"modified":"2024-06-24T17:12:29","modified_gmt":"2024-06-24T21:12:29","slug":"volverse-antirracista","status":"publish","type":"page","link":"https:\/\/amicacenter.org\/es\/volverse-antirracista\/","title":{"rendered":"Volverse antirracista"},"content":{"rendered":"<section data-block=\"true\" class=\"section--hero section--hero-megatext bg-white pt-full pb-max\"\n  id=\"convertirse-en-una-organizacion-antirracista\"\n  aria-label=\"Convertirse en una organizaci\u00f3n antirracista\" \n  >\n      <div class=\"fluid-container\">\n      <div data-repeater=\"false\" class=\"partial-copy flex flex-col flex-1 text-megatext space-y-half\">\n  <div class=\"copy--headline break-words space-y-half\">\n              <h1 class=\"display display-super mb-0\" class=\"mb-0\">\n    Convertirse en una organizaci\u00f3n antirracista\n  <\/h1>          <\/div>\n  <div class=\"copy--body space-y-min\">\n          <p class=\"subhead subhead-2 mb-0\" class=\"mb-0\">\n    La riqueza y el poder de Estados Unidos se construyeron sobre tierras robadas, a partir de mano de obra esclavizada y bajo la mentira racista de que los blancos eran superiores a los negros, los ind\u00edgenas y la gente de color.\n  <\/p>                  <div class=\"partial-copy--lead-copy\">\n                  <div class=\"partial-copy--copy body-1\"><p>Este racismo sist\u00e9mico de los or\u00edgenes de nuestro pa\u00eds sigue perpetuando la desigualdad en todas las facetas de la vida de este pa\u00eds en la actualidad. Ser una organizaci\u00f3n antirracista significa trabajar activamente para desmantelar instituciones y sistemas injustos, incluido el sistema de detenci\u00f3n y deportaci\u00f3n de inmigrantes.<\/p>\n<\/div>\n              <\/div>\n      <\/div>\n<\/div>\n        <\/div>\n  <\/section>\n<section class=\"section--two-column grid-half bg-bedrock\"\n  aria-label=\"Fieles a nuestra misi\u00f3n\" \n  id=\"fieles-a-nuestra-mision\"\n>\n  <div class=\"mobile-first\">\n          <div class=\"self-center\"><div data-repeater=\"false\" class=\"partial-copy flex flex-col flex-1 text-left space-y-inner\">\n  <div class=\"copy--headline break-words space-y-inner\">\n              <h2 class=\"display display-2 mb-0\" class=\"mb-0\">\n    Fieles a nuestra misi\u00f3n\n  <\/h2>          <\/div>\n  <div class=\"copy--body space-y-min\">\n          <p class=\"subhead subhead-2 mb-0\" class=\"mb-0\">\n    Siempre presionaremos para conseguir un cambio sist\u00e9mico real.\n  <\/p>                  <div class=\"partial-copy--lead-copy\">\n                  <div class=\"partial-copy--copy body-1\"><p>Mientras trabajamos por un mundo m\u00e1s acogedor y por garantizar una justicia equitativa para todos los inmigrantes adultos y ni\u00f1os en riesgo de detenci\u00f3n y deportaci\u00f3n, seguimos dedicados a apoyar a las personas atrapadas en el sistema fundamentalmente injusto que existe actualmente.<\/p>\n<\/div>\n              <\/div>\n      <\/div>\n<\/div><\/div>\n      <\/div>\n  <div class=\"\">\n                  <div class=\"h-full\">\n          <figure>\n    <img loading=\"lazy\" decoding=\"async\" width=\"800\" height=\"800\" src=\"https:\/\/amicacenter.org\/app\/uploads\/2024\/06\/Anti-Racist_TrueToOurMission.webp\" class=\"w-full rounded-image aspect-square\" alt=\"\" srcset=\"https:\/\/amicacenter.org\/app\/uploads\/2024\/06\/Anti-Racist_TrueToOurMission.webp 800w, https:\/\/amicacenter.org\/app\/uploads\/2024\/06\/Anti-Racist_TrueToOurMission-600x600.webp 600w, https:\/\/amicacenter.org\/app\/uploads\/2024\/06\/Anti-Racist_TrueToOurMission-200x200.webp 200w, https:\/\/amicacenter.org\/app\/uploads\/2024\/06\/Anti-Racist_TrueToOurMission-768x768.webp 768w\" sizes=\"auto, (max-width: 800px) 100vw, 800px\" \/>  <\/figure>        <\/div>\n            <\/div><\/section>\n<section class=\"section--list-repeater bg-white\"\n  id=\"nuestra-postura\"\n  aria-label=\"Nuestra postura\"\n>\n  <div data-repeater=\"false\" class=\"partial-copy flex flex-col flex-1 mb-full text-left space-y-inner fluid-container\">\n  <div class=\"copy--headline break-words space-y-inner\">\n              <h2 class=\"display display-1 mb-0\" class=\"mb-0\">\n    Nuestra postura\n  <\/h2>          <\/div>\n  <div class=\"copy--body space-y-min\">\n          <p class=\"subhead subhead-2 mb-0\" class=\"mb-0\">\n    El antirracismo no es s\u00f3lo externo.\n  <\/p>                  <div class=\"partial-copy--lead-copy\">\n                  <div class=\"partial-copy--copy body-1\"><p>Estamos igualmente comprometidos con la creaci\u00f3n de una cultura interna que promueva la diversidad, la equidad y la inclusi\u00f3n en toda la organizaci\u00f3n. Es decir:<\/p>\n<\/div>\n              <\/div>\n      <\/div>\n<\/div>  <div class=\"fluid-container\">\n    <ul class=\"list-repeater--list flex flex-col gap-full list-none ml-0\">\n                      <li class=\"grid lg:grid-12 gap-y-inner gap-x-full\">\n          <div class=\"foldertab z-higher-content relative h-min col-span-full lg:col-span-3 border-b-[6px]\n                      text-var-text border-var-text\n          \">\n            <svg class=\"hidden text-inherit lg:flex -mb-px\" width=\"58\" height=\"14\" viewBox=\"0 0 58 14\" fill=\"none\" xmlns=\"http:\/\/www.w3.org\/2000\/svg\">\n              <path d=\"M54.3855 3.96646C53.5281 1.58654 51.2702 0 48.7406 0H0V14H58L54.3855 3.96646Z\" fill=\"currentColor\"\/>\n            <\/svg>\n\n            <svg class=\"hidden text-inherit md:flex lg:hidden -mb-px\" width=\"80\" height=\"14\" viewBox=\"0 0 80 14\"  fill=\"none\" xmlns=\"http:\/\/www.w3.org\/2000\/svg\">\n              <path d=\"M76.3855 3.96646C75.5281 1.58654 73.2702 0 70.7406 0H0V14H80L76.3855 3.96646Z\" fill=\"currentColor\"\/>\n            <\/svg>\n\n            <svg class=\"flex text-inherit md:hidden -mb-px\" width=\"88\" height=\"16\" viewBox=\"0 0 88 16\" fill=\"none\" xmlns=\"http:\/\/www.w3.org\/2000\/svg\">\n              <path d=\"M78.334 0H0V16H88L84.5314 4.01284C83.8509 1.66078 81.2861 0 78.334 0Z\" fill=\"currentColor\"\/>\n            <\/svg>\n          <\/div>\n\n          <div data-repeater=\"false\" class=\"partial-copy flex flex-col flex-1 text-left space-y-inner col-span-full lg:col-span-9\">\n  <div class=\"copy--headline break-words space-y-inner\">\n              <p class=\"display display-3 mb-0\" class=\"mb-0\">\n    Contrataci\u00f3n\n  <\/p>          <\/div>\n  <div class=\"copy--body space-y-min\">\n                  <div class=\"partial-copy--lead-copy\">\n                  <div class=\"partial-copy--copy body-1\"><p>Dar prioridad a la exploraci\u00f3n y creaci\u00f3n de mecanismos, como las pr\u00e1cticas remuneradas, que permitan la contrataci\u00f3n de personas de todos los or\u00edgenes, etnias, experiencias y circunstancias econ\u00f3micas, reconociendo que una plantilla diversa es esencial para prestar servicios de calidad.<\/p>\n<\/div>\n              <\/div>\n      <\/div>\n<\/div>        <\/li>\n                      <li class=\"grid lg:grid-12 gap-y-inner gap-x-full\">\n          <div class=\"foldertab z-higher-content relative h-min col-span-full lg:col-span-3 border-b-[6px]\n                      text-var-text border-var-text\n          \">\n            <svg class=\"hidden text-inherit lg:flex -mb-px\" width=\"58\" height=\"14\" viewBox=\"0 0 58 14\" fill=\"none\" xmlns=\"http:\/\/www.w3.org\/2000\/svg\">\n              <path d=\"M54.3855 3.96646C53.5281 1.58654 51.2702 0 48.7406 0H0V14H58L54.3855 3.96646Z\" fill=\"currentColor\"\/>\n            <\/svg>\n\n            <svg class=\"hidden text-inherit md:flex lg:hidden -mb-px\" width=\"80\" height=\"14\" viewBox=\"0 0 80 14\"  fill=\"none\" xmlns=\"http:\/\/www.w3.org\/2000\/svg\">\n              <path d=\"M76.3855 3.96646C75.5281 1.58654 73.2702 0 70.7406 0H0V14H80L76.3855 3.96646Z\" fill=\"currentColor\"\/>\n            <\/svg>\n\n            <svg class=\"flex text-inherit md:hidden -mb-px\" width=\"88\" height=\"16\" viewBox=\"0 0 88 16\" fill=\"none\" xmlns=\"http:\/\/www.w3.org\/2000\/svg\">\n              <path d=\"M78.334 0H0V16H88L84.5314 4.01284C83.8509 1.66078 81.2861 0 78.334 0Z\" fill=\"currentColor\"\/>\n            <\/svg>\n          <\/div>\n\n          <div data-repeater=\"false\" class=\"partial-copy flex flex-col flex-1 text-left space-y-inner col-span-full lg:col-span-9\">\n  <div class=\"copy--headline break-words space-y-inner\">\n              <p class=\"display display-3 mb-0\" class=\"mb-0\">\n    Pertenecer\n  <\/p>          <\/div>\n  <div class=\"copy--body space-y-min\">\n                  <div class=\"partial-copy--lead-copy\">\n                  <div class=\"partial-copy--copy body-1\"><p>Crear un entorno en el que todo el personal sienta que pertenece a \u00e9l y tenga un acceso equitativo a los recursos, la formaci\u00f3n y las oportunidades. Reconocemos que contratar a una plantilla diversa es s\u00f3lo el primer paso para garantizar una cultura interna equitativa e integradora de una diversidad de personas.<\/p>\n<\/div>\n              <\/div>\n      <\/div>\n<\/div>        <\/li>\n                      <li class=\"grid lg:grid-12 gap-y-inner gap-x-full\">\n          <div class=\"foldertab z-higher-content relative h-min col-span-full lg:col-span-3 border-b-[6px]\n                      text-var-text border-var-text\n          \">\n            <svg class=\"hidden text-inherit lg:flex -mb-px\" width=\"58\" height=\"14\" viewBox=\"0 0 58 14\" fill=\"none\" xmlns=\"http:\/\/www.w3.org\/2000\/svg\">\n              <path d=\"M54.3855 3.96646C53.5281 1.58654 51.2702 0 48.7406 0H0V14H58L54.3855 3.96646Z\" fill=\"currentColor\"\/>\n            <\/svg>\n\n            <svg class=\"hidden text-inherit md:flex lg:hidden -mb-px\" width=\"80\" height=\"14\" viewBox=\"0 0 80 14\"  fill=\"none\" xmlns=\"http:\/\/www.w3.org\/2000\/svg\">\n              <path d=\"M76.3855 3.96646C75.5281 1.58654 73.2702 0 70.7406 0H0V14H80L76.3855 3.96646Z\" fill=\"currentColor\"\/>\n            <\/svg>\n\n            <svg class=\"flex text-inherit md:hidden -mb-px\" width=\"88\" height=\"16\" viewBox=\"0 0 88 16\" fill=\"none\" xmlns=\"http:\/\/www.w3.org\/2000\/svg\">\n              <path d=\"M78.334 0H0V16H88L84.5314 4.01284C83.8509 1.66078 81.2861 0 78.334 0Z\" fill=\"currentColor\"\/>\n            <\/svg>\n          <\/div>\n\n          <div data-repeater=\"false\" class=\"partial-copy flex flex-col flex-1 text-left space-y-inner col-span-full lg:col-span-9\">\n  <div class=\"copy--headline break-words space-y-inner\">\n              <p class=\"display display-3 mb-0\" class=\"mb-0\">\n    Conexi\u00f3n\n  <\/p>          <\/div>\n  <div class=\"copy--body space-y-min\">\n                  <div class=\"partial-copy--lead-copy\">\n                  <div class=\"partial-copy--copy body-1\"><p>Crear oportunidades para que el personal aprenda de los dem\u00e1s mediante di\u00e1logos comunitarios, grupos de afinidad y otras herramientas.<\/p>\n<\/div>\n              <\/div>\n      <\/div>\n<\/div>        <\/li>\n                      <li class=\"grid lg:grid-12 gap-y-inner gap-x-full\">\n          <div class=\"foldertab z-higher-content relative h-min col-span-full lg:col-span-3 border-b-[6px]\n                      text-var-text border-var-text\n          \">\n            <svg class=\"hidden text-inherit lg:flex -mb-px\" width=\"58\" height=\"14\" viewBox=\"0 0 58 14\" fill=\"none\" xmlns=\"http:\/\/www.w3.org\/2000\/svg\">\n              <path d=\"M54.3855 3.96646C53.5281 1.58654 51.2702 0 48.7406 0H0V14H58L54.3855 3.96646Z\" fill=\"currentColor\"\/>\n            <\/svg>\n\n            <svg class=\"hidden text-inherit md:flex lg:hidden -mb-px\" width=\"80\" height=\"14\" viewBox=\"0 0 80 14\"  fill=\"none\" xmlns=\"http:\/\/www.w3.org\/2000\/svg\">\n              <path d=\"M76.3855 3.96646C75.5281 1.58654 73.2702 0 70.7406 0H0V14H80L76.3855 3.96646Z\" fill=\"currentColor\"\/>\n            <\/svg>\n\n            <svg class=\"flex text-inherit md:hidden -mb-px\" width=\"88\" height=\"16\" viewBox=\"0 0 88 16\" fill=\"none\" xmlns=\"http:\/\/www.w3.org\/2000\/svg\">\n              <path d=\"M78.334 0H0V16H88L84.5314 4.01284C83.8509 1.66078 81.2861 0 78.334 0Z\" fill=\"currentColor\"\/>\n            <\/svg>\n          <\/div>\n\n          <div data-repeater=\"false\" class=\"partial-copy flex flex-col flex-1 text-left space-y-inner col-span-full lg:col-span-9\">\n  <div class=\"copy--headline break-words space-y-inner\">\n              <p class=\"display display-3 mb-0\" class=\"mb-0\">\n    Amplificaci\u00f3n\n  <\/p>          <\/div>\n  <div class=\"copy--body space-y-min\">\n                  <div class=\"partial-copy--lead-copy\">\n                  <div class=\"partial-copy--copy body-1\"><p>Centrar las voces de los miembros de la comunidad afectados en todos nuestros esfuerzos de comunicaci\u00f3n y defensa.<\/p>\n<\/div>\n              <\/div>\n      <\/div>\n<\/div>        <\/li>\n          <\/ul>\n  <\/div>\n<\/section>\n<section class=\"section section--sticky-50 grid-half bg-golden\"\n  id=\"nuestros-objetivos-antirracistas-y-de-equidad\"\n  aria-label=\"Nuestros objetivos antirracistas y de equidad\" \n>\n\n  <div class=\"!justify-start items-start bg-var-background stick-50--copy lg:sticky lg:top-0 h-auto grid-rows-none\">\n          <div class=\"sticky--copy\">\n  <div data-repeater=\"false\" class=\"partial-copy flex flex-col flex-1 text-left space-y-inner\">\n  <div class=\"copy--headline break-words space-y-inner\">\n              <h2 class=\"display display-2 mb-0\" class=\"mb-0\">\n    Nuestros objetivos antirracistas y de equidad\n  <\/h2>          <\/div>\n  <div class=\"copy--body space-y-min\">\n          <p class=\"subhead subhead-2 mb-0\" class=\"mb-0\">\n    Un plan compartido creado por y para el equipo del Centro Amica.\n  <\/p>                  <div class=\"partial-copy--lead-copy\">\n                  <div class=\"partial-copy--copy body-1\"><p>El comit\u00e9 de Diversidad, Equidad, Inclusi\u00f3n y Pertenencia (DEIB) de Amica Center incluye personal de cada uno de nuestros programas que se dedica a construir y mantener la equidad, la diversidad y la inclusi\u00f3n en la organizaci\u00f3n. Trabajando en colaboraci\u00f3n con nuestro equipo directivo, hemos establecido los siguientes objetivos.<\/p>\n<\/div>\n              <\/div>\n      <\/div>\n<\/div><\/div>      <\/div>\n  <div class=\"items-start bg-var-background-light stick-50--items h-full\">\n          <ul class=\"sticky--list list-none ml-0 flex flex-col gap-full\">\n                  <li class=\"flex flex-col gap-4\">\n                                    <div data-repeater=\"false\" class=\"partial-copy flex flex-col flex-1 text-left space-y-min\">\n  <div class=\"copy--headline break-words space-y-min\">\n                  <h3 class=\"subhead subhead-2 mb-0\" class=\"mb-0\">\n    Crea una declaraci\u00f3n de equidad organizativa.\n  <\/h3>      <\/div>\n  <div class=\"copy--body space-y-min\">\n                  <div class=\"partial-copy--lead-copy\">\n                  <div class=\"partial-copy--copy body-2\"><p>Prop\u00f3sito: Tener una definici\u00f3n compartida de antirracismo para poder trabajar hacia nuestros objetivos con un lenguaje compartido.<\/p>\n<\/div>\n              <\/div>\n      <\/div>\n<\/div>                      <\/li>\n                  <li class=\"flex flex-col gap-4\">\n                                    <div data-repeater=\"false\" class=\"partial-copy flex flex-col flex-1 text-left space-y-min\">\n  <div class=\"copy--headline break-words space-y-min\">\n                  <h3 class=\"subhead subhead-2 mb-0\" class=\"mb-0\">\n    Crear un espacio intencionado para el di\u00e1logo comunitario, incluidos los grupos de afinidad integrados en nuestra estructura organizativa.\n  <\/h3>      <\/div>\n  <div class=\"copy--body space-y-min\">\n                  <div class=\"partial-copy--lead-copy\">\n                  <div class=\"partial-copy--copy body-2\"><p>Prop\u00f3sito: Comprender mejor las intersecciones entre raza, poder y privilegio, y avanzar en la lucha contra el racismo a medida que avanzamos.<\/p>\n<p>Prop\u00f3sito: Apoyar y elevar las voces de quienes han sido hist\u00f3ricamente excluidos, minorizados y\/o infrarrepresentados dentro de la organizaci\u00f3n y la sociedad. Simult\u00e1neamente, facilitar el crecimiento antirracista de los aliados blancos en la organizaci\u00f3n.<\/p>\n<\/div>\n              <\/div>\n      <\/div>\n<\/div>                      <\/li>\n                  <li class=\"flex flex-col gap-4\">\n                                    <div data-repeater=\"false\" class=\"partial-copy flex flex-col flex-1 text-left space-y-min\">\n  <div class=\"copy--headline break-words space-y-min\">\n                  <h3 class=\"subhead subhead-2 mb-0\" class=\"mb-0\">\n    Apoya la aplicaci\u00f3n de pr\u00e1cticas de contrataci\u00f3n y promoci\u00f3n m\u00e1s equitativas en coordinaci\u00f3n con el equipo de Personas y Operaciones.\n  <\/h3>      <\/div>\n  <div class=\"copy--body space-y-min\">\n                  <div class=\"partial-copy--lead-copy\">\n                  <div class=\"partial-copy--copy body-2\"><p>Finalidad: Contratar y retener activamente a personal diverso, en reconocimiento de que el personal diverso es esencial para prestar servicios jur\u00eddicos y sociales s\u00f3lidos y culturalmente competentes.<\/p>\n<\/div>\n              <\/div>\n      <\/div>\n<\/div>                      <\/li>\n              <\/ul>\n          <\/div>\n<\/section>\n<section class=\"section--cta-full text-center min-h-screen bg-verdant\"\n  id=\"nuestro-compromiso-permanente\"\n  aria-label=\"Nuestro compromiso permanente\"\n>\n  <div class=\"fluid-container\">\n    <div class=\"py-max px-[2rem] md:p-max !rounded-block card\"\n      >\n      <div data-repeater=\"false\" class=\"partial-copy flex flex-col flex-1 text-center space-y-inner\">\n  <div class=\"copy--headline break-words space-y-inner\">\n              <h2 class=\"display display-1 mb-0\" class=\"mb-0\">\n    Nuestro compromiso permanente\n  <\/h2>          <\/div>\n  <div class=\"copy--body space-y-min\">\n          <p class=\"subhead subhead-2 mb-0\" class=\"mb-0\">\n    Siempre habr\u00e1 algo m\u00e1s que podamos hacer.\n  <\/p>                  <div class=\"partial-copy--lead-copy\">\n                  <div class=\"partial-copy--copy body-1\"><p>Convertirse en una organizaci\u00f3n antirracista es un proceso en continua evoluci\u00f3n. Cada a\u00f1o evaluaremos nuestros progresos y fijaremos nuevos objetivos, manteniendo lo que funciona y cambiando lo que no.<\/p>\n<p>Pase lo que pase: nos defenderemos unos a otros.<\/p>\n<\/div>\n              <\/div>\n      <\/div>\n<\/div>    <\/div>\n  <\/div>\n<\/section>\n","protected":false},"excerpt":{"rendered":"","protected":false},"author":10,"featured_media":0,"parent":0,"menu_order":0,"comment_status":"closed","ping_status":"closed","template":"","meta":{"_acf_changed":false,"inline_featured_image":false,"footnotes":""},"class_list":["post-3748","page","type-page","status-publish","hentry","bg-white -mt-px py-full"],"acf":[],"_links":{"self":[{"href":"https:\/\/amicacenter.org\/es\/wp-json\/wp\/v2\/pages\/3748","targetHints":{"allow":["GET"]}}],"collection":[{"href":"https:\/\/amicacenter.org\/es\/wp-json\/wp\/v2\/pages"}],"about":[{"href":"https:\/\/amicacenter.org\/es\/wp-json\/wp\/v2\/types\/page"}],"author":[{"embeddable":true,"href":"https:\/\/amicacenter.org\/es\/wp-json\/wp\/v2\/users\/10"}],"replies":[{"embeddable":true,"href":"https:\/\/amicacenter.org\/es\/wp-json\/wp\/v2\/comments?post=3748"}],"version-history":[{"count":1,"href":"https:\/\/amicacenter.org\/es\/wp-json\/wp\/v2\/pages\/3748\/revisions"}],"predecessor-version":[{"id":3750,"href":"https:\/\/amicacenter.org\/es\/wp-json\/wp\/v2\/pages\/3748\/revisions\/3750"}],"wp:attachment":[{"href":"https:\/\/amicacenter.org\/es\/wp-json\/wp\/v2\/media?parent=3748"}],"curies":[{"name":"wp","href":"https:\/\/api.w.org\/{rel}","templated":true}]}}