{"id":3780,"date":"2024-05-22T13:24:41","date_gmt":"2024-05-22T17:24:41","guid":{"rendered":"https:\/\/amicacenter.org\/condiciones-generales\/"},"modified":"2024-06-24T17:33:32","modified_gmt":"2024-06-24T21:33:32","slug":"condiciones-generales","status":"publish","type":"page","link":"https:\/\/amicacenter.org\/es\/condiciones-generales\/","title":{"rendered":"Condiciones generales"},"content":{"rendered":"\n<h2 class=\"wp-block-heading\" class=\"wp-block-heading\" id=\"terminos-y-condiciones\"><strong>T\u00e9rminos y condiciones<\/strong><\/h2>\n\n<p>\u00a1Bienvenido al Centro Amica para los Derechos de los Inmigrantes!<\/p>\n\n<p>Estos t\u00e9rminos y condiciones describen las normas y reglamentos de uso del sitio web del Centro Amica para los Derechos de los Inmigrantes, ubicado en http:\/\/amicacenter.org\/.<\/p>\n\n<p>Al acceder a este sitio web asumimos que aceptas estos t\u00e9rminos y condiciones. No sigas utilizando el Centro Amica para los Derechos de los Inmigrantes si no est\u00e1s de acuerdo en aceptar todos los t\u00e9rminos y condiciones establecidos en esta p\u00e1gina.<\/p>\n\n<p>La siguiente terminolog\u00eda se aplica a estos T\u00e9rminos y Condiciones, Declaraci\u00f3n de Privacidad y Aviso de Exenci\u00f3n de Responsabilidad y a todos los Acuerdos: &#8220;Cliente&#8221;, &#8220;T\u00fa&#8221; y &#8220;Tu&#8221; se refieren a ti, la persona que se registra en este sitio web y cumple los t\u00e9rminos y condiciones de la Empresa. &#8220;La Empresa&#8221;, &#8220;Nosotros&#8221;, &#8220;Nuestro&#8221; y &#8220;Nos&#8221;, se refiere a nuestra Empresa. &#8220;Parte&#8221;, &#8220;Partes&#8221; o &#8220;Nosotros&#8221;, se refiere tanto al Cliente como a nosotros mismos. Todos los t\u00e9rminos se refieren a la oferta, aceptaci\u00f3n y contraprestaci\u00f3n de pago necesaria para llevar a cabo el proceso de nuestra asistencia al Cliente de la forma m\u00e1s adecuada con el fin expreso de satisfacer las necesidades del Cliente en relaci\u00f3n con la prestaci\u00f3n de los servicios indicados de la Empresa, de acuerdo con y sujeto a la legislaci\u00f3n vigente de los Pa\u00edses Bajos. Cualquier uso de la terminolog\u00eda anterior u otras palabras en singular, plural, may\u00fasculas y\/o \u00e9l\/ella o ellos, se consideran intercambiables y, por tanto, referidos a lo mismo. Nuestros T\u00e9rminos y Condiciones se crearon con la ayuda del <a href=\"https:\/\/www.privacypolicyonline.com\/terms-conditions-generator\/\">Generador de T\u00e9rminos y Condiciones<\/a>.<\/p>\n\n<h3 class=\"wp-block-heading\" class=\"wp-block-heading\" id=\"cookies\"><strong>Cookies<\/strong><\/h3>\n\n<p>Utilizamos cookies. Al acceder al Centro Amica para los Derechos de los Inmigrantes, aceptas el uso de cookies de acuerdo con la Pol\u00edtica de Privacidad del Centro Amica para los Derechos de los Inmigrantes.<\/p>\n\n<p>La mayor\u00eda de los sitios web interactivos utilizan cookies para permitirnos recuperar los datos del usuario en cada visita. Nuestro sitio web utiliza cookies para permitir la funcionalidad de determinadas \u00e1reas y facilitar as\u00ed la visita a nuestro sitio web. Algunos de nuestros socios afiliados\/publicitarios tambi\u00e9n pueden utilizar cookies.<\/p>\n\n<h3 class=\"wp-block-heading\" class=\"wp-block-heading\" id=\"licencia\"><strong>Licencia<\/strong><\/h3>\n\n<p>A menos que se indique lo contrario, el Centro Amica para los Derechos de los Inmigrantes y\/o sus licenciantes poseen los derechos de propiedad intelectual de todo el material del Centro Amica para los Derechos de los Inmigrantes. Todos los derechos de propiedad intelectual est\u00e1n reservados. Puedes acceder a esto desde el Centro Amica para los Derechos de los Inmigrantes para tu uso personal sujeto a las restricciones establecidas en estos t\u00e9rminos y condiciones.<\/p>\n\n<p>No debes hacerlo:<\/p>\n<div class=\"wp-block-list\">\n<ul class=\"wp-block-list\">\n<li>Volver a publicar material del Centro Amica para los Derechos de los Inmigrantes<\/li>\n\n\n\n<li>Vender, alquilar o sublicenciar material del Centro Amica para los Derechos de los Inmigrantes<\/li>\n\n\n\n<li>Reproducir, duplicar o copiar material del Centro Amica para los Derechos de los Inmigrantes<\/li>\n\n\n\n<li>Redistribuir contenido del Centro Amica para los Derechos de los Inmigrantes<\/li>\n<\/ul>\n<\/div>\n<p>El presente Acuerdo comenzar\u00e1 en la fecha del mismo.<\/p>\n\n<p>Algunas partes de este sitio web ofrecen a los usuarios la oportunidad de publicar e intercambiar opiniones e informaci\u00f3n en determinadas \u00e1reas del sitio web. El Centro Amica para los Derechos de los Inmigrantes no filtra, edita, publica ni revisa los Comentarios antes de su presencia en el sitio web. Los comentarios no reflejan los puntos de vista y opiniones de Amica Center for Immigrant Rights, sus agentes y\/o afiliados. Los comentarios reflejan los puntos de vista y opiniones de la persona que los publica. En la medida en que lo permitan las leyes aplicables, el Centro Amica para los Derechos de los Inmigrantes no ser\u00e1 responsable de los Comentarios ni de ninguna responsabilidad, da\u00f1os o gastos causados y\/o sufridos como resultado de cualquier uso y\/o publicaci\u00f3n y\/o aparici\u00f3n de los Comentarios en este sitio web.<\/p>\n\n<p>El Centro Amica para los Derechos de los Inmigrantes se reserva el derecho a supervisar todos los Comentarios y a eliminar cualquier Comentario que pueda considerarse inapropiado, ofensivo o que suponga un incumplimiento de estos T\u00e9rminos y Condiciones.<\/p>\n\n<p>Garantizas y declaras que<\/p>\n<div class=\"wp-block-list\">\n<ul class=\"wp-block-list\">\n<li>Tienes derecho a publicar los Comentarios en nuestro sitio web y dispones de todas las licencias y consentimientos necesarios para hacerlo;<\/li>\n\n\n\n<li>Los Comentarios no invaden ning\u00fan derecho de propiedad intelectual, incluyendo, sin limitaci\u00f3n, derechos de autor, patentes o marcas registradas de terceros;<\/li>\n\n\n\n<li>Los Comentarios no contienen ning\u00fan material difamatorio, calumnioso, ofensivo, indecente o ilegal que suponga una invasi\u00f3n de la intimidad<\/li>\n\n\n\n<li>Los Comentarios no se utilizar\u00e1n para solicitar o promocionar negocios o costumbres ni para presentar actividades comerciales o il\u00edcitas.<\/li>\n<\/ul>\n<\/div>\n<p>Por la presente concedes a Amica Center for Immigrant Rights una licencia no exclusiva para utilizar, reproducir, editar y autorizar a otros a utilizar, reproducir y editar cualquiera de tus Comentarios en todas y cada una de las formas, formatos o medios.<\/p>\n\n<h3 class=\"wp-block-heading\" class=\"wp-block-heading\" id=\"hipervinculos-a-nuestro-contenido\"><strong>Hiperv\u00ednculos a nuestro contenido<\/strong><\/h3>\n\n<p>Las siguientes organizaciones pueden enlazar con nuestro Sitio Web sin aprobaci\u00f3n previa por escrito:<\/p>\n<div class=\"wp-block-list\">\n<ul class=\"wp-block-list\">\n<li>Agencias gubernamentales;<\/li>\n\n\n\n<li>Motores de b\u00fasqueda;<\/li>\n\n\n\n<li>Organizaciones de noticias;<\/li>\n\n\n\n<li>Los distribuidores de directorios en l\u00ednea pueden enlazar con nuestro Sitio Web del mismo modo que hiperenlazan con los Sitios Web de otras empresas incluidas en la lista; y<\/li>\n\n\n\n<li>Empresas Acreditadas en todo el sistema, excepto organizaciones sin \u00e1nimo de lucro solicitantes, centros comerciales ben\u00e9ficos y grupos de recaudaci\u00f3n de fondos ben\u00e9ficos, que no pueden establecer hiperv\u00ednculos con nuestro Sitio Web.<\/li>\n<\/ul>\n<\/div>\n<p>Estas organizaciones pueden enlazar a nuestra p\u00e1gina de inicio, a publicaciones o a otra informaci\u00f3n del Sitio Web siempre que el enlace: (a) no sea en modo alguno enga\u00f1osa; (b) no implique falsamente el patrocinio, respaldo o aprobaci\u00f3n de la parte enlazante y sus productos y\/o servicios; y (c) encaja en el contexto del sitio de la parte enlazante.<\/p>\n\n<p>Podemos considerar y aprobar otras solicitudes de enlace de los siguientes tipos de organizaciones:<\/p>\n<div class=\"wp-block-list\">\n<ul class=\"wp-block-list\">\n<li>fuentes de informaci\u00f3n de consumidores y\/o empresas com\u00fanmente conocidas;<\/li>\n\n\n\n<li>sitios de la comunidad punto.com;<\/li>\n\n\n\n<li>asociaciones u otros grupos que representen a organizaciones ben\u00e9ficas;<\/li>\n\n\n\n<li>distribuidores de directorios online;<\/li>\n\n\n\n<li>portales de internet;<\/li>\n\n\n\n<li>empresas de contabilidad, abogac\u00eda y consultor\u00eda<\/li>\n\n\n\n<li>instituciones educativas y asociaciones profesionales.<\/li>\n<\/ul>\n<\/div>\n<p>Aprobaremos las solicitudes de enlace de estas organizaciones si as\u00ed lo decidimos: (a) el enlace no nos har\u00eda quedar mal con nosotros mismos o con nuestras empresas acreditadas; (b) la organizaci\u00f3n no tiene ning\u00fan registro negativo con nosotros; (c) el beneficio para nosotros de la visibilidad del hiperv\u00ednculo compensa la ausencia de Amica Center for Immigrant Rights; y (d) el enlace se encuentra en el contexto de la informaci\u00f3n general sobre recursos.<\/p>\n\n<p>Estas organizaciones pueden enlazar con nuestra p\u00e1gina de inicio siempre que el enlace: (a) no sea en modo alguno enga\u00f1osa; (b) no implique falsamente el patrocinio, respaldo o aprobaci\u00f3n de la parte enlazante y sus productos o servicios; y (c) encaja en el contexto del sitio de la parte enlazante.<\/p>\n\n<p>Si eres una de las organizaciones enumeradas en el apartado 2 anterior y est\u00e1s interesado en enlazar con nuestro sitio web, debes informarnos enviando un correo electr\u00f3nico a Amica Center for Immigrant Rights. Por favor, incluye tu nombre, el nombre de tu organizaci\u00f3n, informaci\u00f3n de contacto, as\u00ed como la URL de tu sitio, una lista de las URL desde las que pretendes enlazar a nuestro sitio Web y una lista de las URL de nuestro sitio a las que te gustar\u00eda enlazar. Espera 2-3 semanas a recibir una respuesta.<\/p>\n\n<p>Las organizaciones autorizadas pueden establecer hiperenlaces con nuestro Sitio Web de la siguiente manera:<\/p>\n<div class=\"wp-block-list\">\n<ul class=\"wp-block-list\">\n<li>Mediante el uso de nuestro nombre corporativo; o<\/li>\n\n\n\n<li>Mediante el uso del localizador uniforme de recursos al que se enlaza; o<\/li>\n\n\n\n<li>Mediante el uso de cualquier otra descripci\u00f3n de nuestro Sitio Web enlazado que tenga sentido dentro del contexto y el formato del contenido del sitio de la parte enlazadora.<\/li>\n<\/ul>\n<\/div>\n<p>No se permitir\u00e1 el uso del logotipo u otras ilustraciones del Centro Amica para los Derechos de los Inmigrantes para enlazar sin un acuerdo de licencia de marca registrada.<\/p>\n\n<h3 class=\"wp-block-heading\" class=\"wp-block-heading\" id=\"iframes\"><strong>iFrames<\/strong><\/h3>\n\n<p>Sin aprobaci\u00f3n previa y permiso por escrito, no puedes crear marcos alrededor de nuestras P\u00e1ginas Web que alteren en modo alguno la presentaci\u00f3n visual o la apariencia de nuestro Sitio Web.<\/p>\n\n<h3 class=\"wp-block-heading\" class=\"wp-block-heading\" id=\"responsabilidad-por-contenidos\"><strong>Responsabilidad por contenidos<\/strong><\/h3>\n\n<p>No seremos responsables de ning\u00fan contenido que aparezca en tu Sitio Web. Aceptas protegernos y defendernos de todas las reclamaciones que se produzcan en tu Sitio Web. No deben aparecer enlaces en ning\u00fan Sitio Web que puedan interpretarse como difamatorios, obscenos o delictivos, o que infrinjan, violen de otro modo o propugnen la infracci\u00f3n u otra violaci\u00f3n de los derechos de terceros.<\/p>\n\n<h3 class=\"wp-block-heading\" class=\"wp-block-heading\" id=\"reserva-de-derechos\"><strong>Reserva de derechos<\/strong><\/h3>\n\n<p>Nos reservamos el derecho a solicitar que elimines todos los enlaces o cualquier enlace concreto a nuestro Sitio Web. Apruebas eliminar inmediatamente todos los enlaces a nuestro Sitio Web cuando se te solicite. Tambi\u00e9n nos reservamos el derecho a modificar estas condiciones y su pol\u00edtica de enlaces en cualquier momento. Al enlazar continuamente con nuestro Sitio Web, aceptas estar obligado a cumplir y seguir estos t\u00e9rminos y condiciones de enlace.<\/p>\n\n<h3 class=\"wp-block-heading\" class=\"wp-block-heading\" id=\"eliminacion-de-enlaces-de-nuestro-sitio-web\"><strong>Eliminaci\u00f3n de enlaces de nuestro sitio web<\/strong><\/h3>\n\n<p>Si encuentras alg\u00fan enlace en nuestro Sitio Web que te resulte ofensivo por cualquier motivo, puedes ponerte en contacto con nosotros e informarnos en cualquier momento. Tendremos en cuenta las solicitudes de eliminaci\u00f3n de enlaces, pero no estamos obligados a ello ni a responderte directamente.<\/p>\n\n<p>No aseguramos que la informaci\u00f3n de este sitio web sea correcta, no garantizamos que est\u00e9 completa ni que sea exacta; tampoco prometemos que el sitio web siga estando disponible ni que el material del sitio web se mantenga actualizado.<\/p>\n\n<h3 class=\"wp-block-heading\" class=\"wp-block-heading\" id=\"descargo-de-responsabilidad\"><strong>Descargo de responsabilidad<\/strong><\/h3>\n\n<p>En la medida m\u00e1xima permitida por la legislaci\u00f3n aplicable, excluimos todas las declaraciones, garant\u00edas y condiciones relativas a nuestro sitio web y al uso del mismo. Nada de lo contenido en esta cl\u00e1usula de exenci\u00f3n de responsabilidad<\/p>\n<div class=\"wp-block-list\">\n<ul class=\"wp-block-list\">\n<li>limitar o excluir nuestra o tu responsabilidad por muerte o lesiones personales;<\/li>\n\n\n\n<li>limitar o excluir nuestra responsabilidad o la tuya por fraude o tergiversaci\u00f3n fraudulenta;<\/li>\n\n\n\n<li>limitar cualquiera de nuestras responsabilidades o las tuyas de cualquier forma que no est\u00e9 permitida por la legislaci\u00f3n aplicable; o<\/li>\n\n\n\n<li>excluir cualquiera de nuestras responsabilidades o de las tuyas que no puedan excluirse en virtud de la legislaci\u00f3n aplicable.<\/li>\n<\/ul>\n<\/div>\n<p>Las limitaciones y prohibiciones de responsabilidad establecidas en esta Secci\u00f3n y en otras partes de esta cl\u00e1usula de exenci\u00f3n de responsabilidad: (a) est\u00e9n sujetos al p\u00e1rrafo anterior; y (b) regir\u00e1n todas las responsabilidades derivadas de la exenci\u00f3n de responsabilidad, incluidas las responsabilidades contractuales, extracontractuales y por incumplimiento de obligaciones legales.<\/p>\n\n<p>Mientras el sitio web y la informaci\u00f3n y los servicios del sitio web se proporcionen de forma gratuita, no seremos responsables de ninguna p\u00e9rdida o da\u00f1o de cualquier naturaleza.<\/p>\n","protected":false},"excerpt":{"rendered":"<p>T\u00e9rminos y condiciones \u00a1Bienvenido al Centro Amica para los Derechos de los Inmigrantes! Estos t\u00e9rminos y condiciones describen las normas y reglamentos de uso del sitio web del Centro Amica para los Derechos de los Inmigrantes, ubicado en http:\/\/amicacenter.org\/. Al acceder a este sitio web asumimos que aceptas estos t\u00e9rminos y condiciones. No sigas utilizando &hellip; <a href=\"https:\/\/amicacenter.org\/es\/condiciones-generales\/\">Continued<\/a><\/p>\n","protected":false},"author":10,"featured_media":0,"parent":0,"menu_order":0,"comment_status":"closed","ping_status":"open","template":"","meta":{"_acf_changed":false,"inline_featured_image":false,"footnotes":""},"class_list":["post-3780","page","type-page","status-publish","hentry","bg-white -mt-px py-full"],"acf":[],"_links":{"self":[{"href":"https:\/\/amicacenter.org\/es\/wp-json\/wp\/v2\/pages\/3780","targetHints":{"allow":["GET"]}}],"collection":[{"href":"https:\/\/amicacenter.org\/es\/wp-json\/wp\/v2\/pages"}],"about":[{"href":"https:\/\/amicacenter.org\/es\/wp-json\/wp\/v2\/types\/page"}],"author":[{"embeddable":true,"href":"https:\/\/amicacenter.org\/es\/wp-json\/wp\/v2\/users\/10"}],"replies":[{"embeddable":true,"href":"https:\/\/amicacenter.org\/es\/wp-json\/wp\/v2\/comments?post=3780"}],"version-history":[{"count":1,"href":"https:\/\/amicacenter.org\/es\/wp-json\/wp\/v2\/pages\/3780\/revisions"}],"predecessor-version":[{"id":3781,"href":"https:\/\/amicacenter.org\/es\/wp-json\/wp\/v2\/pages\/3780\/revisions\/3781"}],"wp:attachment":[{"href":"https:\/\/amicacenter.org\/es\/wp-json\/wp\/v2\/media?parent=3780"}],"curies":[{"name":"wp","href":"https:\/\/api.w.org\/{rel}","templated":true}]}}