{"id":3782,"date":"2024-05-22T14:24:31","date_gmt":"2024-05-22T18:24:31","guid":{"rendered":"https:\/\/amicacenter.org\/politica-de-privacidad\/"},"modified":"2024-07-03T14:20:08","modified_gmt":"2024-07-03T18:20:08","slug":"politica-de-privacidad","status":"publish","type":"page","link":"https:\/\/amicacenter.org\/es\/politica-de-privacidad\/","title":{"rendered":"Pol\u00edtica de privacidad"},"content":{"rendered":"<section data-block=\"true\" class=\"section--hero section--hero-megatext bg-white pt-full pb-max\"\n  id=\"politica-de-privacidad\"\n  aria-label=\"Pol\u00edtica de privacidad\" \n  >\n      <div class=\"fluid-container\">\n      <div data-repeater=\"false\" class=\"partial-copy flex flex-col flex-1 text-megatext space-y-half pb-full\">\n  <div class=\"copy--headline break-words space-y-half\">\n              <h1 class=\"display display-super mb-0\" class=\"mb-0\">\n    Pol\u00edtica de privacidad\n  <\/h1>          <\/div>\n  <div class=\"copy--body space-y-min\">\n          <p class=\"subhead subhead-2 mb-0\" class=\"mb-0\">\n    Obt\u00e9n m\u00e1s informaci\u00f3n sobre nuestro proceso de recogida de datos y sobre c\u00f3mo protegemos tu informaci\u00f3n personal.\n  <\/p>              <\/div>\n<\/div>\n          <aside>\n<div class=\"partial--folder-tab z-higher-content relative !max-w-none color-dark border-dark border-b-[6px] md:border-b-8 lg:border-b-[10px]\" aria-hidden=\"true\">\n  <svg class=\"hidden text-inherit lg:flex -mb-px\" width=\"187\" height=\"25\" viewBox=\"0 0 187 25\" fill=\"none\" xmlns=\"http:\/\/www.w3.org\/2000\/svg\">\n    <path d=\"M174.305 0H0V24.211H186.312L182.003 6.07219C181.158 2.51308 177.972 0 174.305 0Z\" fill=\"currentColor\"\/>\n  <\/svg>\n\n  <svg class=\"hidden text-inherit md:flex lg:hidden -mb-px\" width=\"139\" height=\"21\" viewBox=\"0 0 139 21\" fill=\"none\" xmlns=\"http:\/\/www.w3.org\/2000\/svg\">\n    <path d=\"M126.305 0H0V20.211H138.312L134.003 6.07219C133.158 2.51308 129.972 0 126.305 0Z\" fill=\"currentColor\"\/>\n  <\/svg>\n\n  <svg class=\"flex text-inherit md:hidden -mb-px\" width=\"80\" height=\"15\" viewBox=\"0 0 80 15\" fill=\"none\" xmlns=\"http:\/\/www.w3.org\/2000\/svg\">\n    <path d=\"M75.7219 4.00863C74.8769 1.60689 72.6081 0 70.062 0H0V14.211H79.3115L75.7219 4.00863Z\" fill=\"currentColor\"\/>\n  <\/svg>\n<\/div>\n<\/aside>\n        <\/div>\n  <\/section>\n<section class=\"section--one-column bg-white text-left\" \n  id=\"valoramos-tu-privacidad\"\n  aria-label=\"Valoramos tu privacidad\"\n>\n  <div class=\"fluid-container grid-12 col-span-full row-span-full z-content partials--one-column\">\n  <div class=\"col-narrow\">\n    <div data-repeater=\"false\" class=\"partial-copy flex flex-col flex-1 text-left space-y-inner\">\n  <div class=\"copy--headline break-words space-y-inner\">\n          <p class=\"eyebrow mb-0\" class=\"mb-0\">\n    \u00daltima actualizaci\u00f3n el 31 de mayo de 2024\n  <\/p>              <h2 class=\"display display-2 mb-0\" class=\"mb-0\">\n    Valoramos tu privacidad\n  <\/h2>          <\/div>\n  <div class=\"copy--body space-y-min\">\n          <p class=\"subhead subhead-2 mb-0\" class=\"mb-0\">\n    El Centro Amica para los Derechos de los Inmigrantes valora tu privacidad y mantener la seguridad de la informaci\u00f3n proporcionada por los simpatizantes es una prioridad.\n  <\/p>                  <div class=\"partial-copy--lead-copy\">\n                  <div class=\"partial-copy--copy body-1\"><p>No vendemos, alquilamos ni intercambiamos tu informaci\u00f3n de contacto (nombre, correo electr\u00f3nico, direcci\u00f3n o n\u00famero de tel\u00e9fono) con terceras organizaciones. Podemos utilizar tu informaci\u00f3n para cumplir con la ley o en la creencia de buena fe de que dicha acci\u00f3n es necesaria para cumplir con los requisitos de la ley o cumplir con un proceso legal que se nos haya notificado.<\/p>\n<p>Informaci\u00f3n recogida autom\u00e1ticamente: Recogemos informaci\u00f3n seleccionada autom\u00e1ticamente cuando visitas nuestro sitio web, como hacen tambi\u00e9n todos los dem\u00e1s sitios web. Se trata de informaci\u00f3n no identificable personalmente, y s\u00f3lo la utilizamos con fines administrativos internos.<\/p>\n<p>Donaciones en l\u00ednea: Para procesar las donaciones online se requiere informaci\u00f3n personal identificable. Puedes optar por hacer tu donativo &#8220;an\u00f3nimo&#8221; en el formulario de donativos en l\u00ednea. Amica Center puede utilizar plataformas de terceros para determinadas campa\u00f1as de recaudaci\u00f3n de fondos. La informaci\u00f3n recopilada en plataformas de terceros puede utilizarse para apoyar nuestros esfuerzos de promoci\u00f3n y recaudaci\u00f3n de fondos.<\/p>\n<p>Redes sociales: Cada red social mantiene sus propias pr\u00e1cticas de privacidad. Inf\u00f3rmate sobre las pr\u00e1cticas de privacidad de cada red social en la que participes. Amica Center puede utilizar la informaci\u00f3n personal recopilada por estas plataformas de medios sociales para crear campa\u00f1as online dirigidas a promocionar nuestros programas, eventos y con fines de recaudaci\u00f3n de fondos.<\/p>\n<p>Cookies y GIF transparentes: Las cookies y los GIF transparentes son tecnolog\u00edas que permiten a los sitios web rastrear cierta informaci\u00f3n de uso y recordar a los usuarios cuando vuelven a un sitio web.<\/p>\n<p>Boletines por correo electr\u00f3nico y otras listas de correo electr\u00f3nico: Si deseas recibir algunos o todos nuestros boletines, puedes facilitarnos tu direcci\u00f3n de correo electr\u00f3nico. Podemos enviarte informaci\u00f3n sobre Amica Center, nuestros socios y terceros de vez en cuando. La informaci\u00f3n recopilada puede utilizarse para apoyar nuestros esfuerzos de defensa y recaudaci\u00f3n de fondos.<\/p>\n<p>Enlaces: El sitio web de Amica Center puede contener enlaces a sitios web externos. No somos responsables de la pol\u00edtica de privacidad ni del contenido de los sitios externos. Ten cuidado al salir del sitio web de Amica Center. Animamos a los usuarios a revisar la pol\u00edtica de privacidad de otros sitios web, incluidos aquellos que recopilan informaci\u00f3n personal identificable.<\/p>\n<p>Listas de correo y llamadas: A veces podemos utilizar informaci\u00f3n personal identificable que nos hayas proporcionado voluntariamente, para ayudar a apoyar nuestros esfuerzos de defensa y recaudaci\u00f3n de fondos.<\/p>\n<p>Servicios interactivos: Cualquier comunicaci\u00f3n que env\u00edes o publiques en el listserv de Amica Center, nuestras redes sociales u otras funciones interactivas puede ser vista por otros participantes o usuarios del servicio. Por lo tanto, debes entender que no tienes ninguna expectativa de privacidad o confidencialidad en el contenido que env\u00edes a dichas funciones interactivas, tanto si contiene informaci\u00f3n personal identificable sobre ti.<\/p>\n<p>Listserv del Centro Amica: El listserv del Centro Amica proporciona un foro para compartir informaci\u00f3n, establecer contactos y elaborar estrategias para encontrar soluciones a problemas comunes. Entre los miembros del Listserv figuran proveedores de servicios de inmigraci\u00f3n sin \u00e1nimo de lucro, organizaciones de defensa de los inmigrantes y miembros del colegio de abogados privado especializado en inmigraci\u00f3n. Como miembro del listserv, tendr\u00e1s acceso a estos inestimables recursos.<\/p>\n<p>Tienes acceso y control sobre tu informaci\u00f3n. Puedes ponerte en contacto con Amica Center directamente en development@caircoalition.org o enviando una carta a &#8220;Amica Center, Attn: Privacy Policy, 1025 Connecticut Avenue NW, Suite 701, Washington, D.C. 20036&#8221; para solicitar lo siguiente:<\/p>\n<p>&#8211; ser eliminado de futuras listas de correo<br \/>\n&#8211; darte de baja de nuestras listas de distribuci\u00f3n de correo electr\u00f3nico (tambi\u00e9n puedes hacerlo utilizando el enlace &#8220;darse de baja&#8221; incluido en todos los correos electr\u00f3nicos de Amica Center)<br \/>\n&#8211; que se excluyan de los conjuntos de datos utilizados para crear campa\u00f1as promocionales online espec\u00edficas<br \/>\n&#8211; figurar como &#8220;An\u00f3nimo&#8221; en cualquier lista p\u00fablica de donantes<br \/>\n&#8211; revisar qu\u00e9 datos tenemos sobre ti, si los hay<br \/>\n&#8211; modificar\/corregir los datos que tenemos sobre ti<br \/>\n&#8211; expresar tu preocupaci\u00f3n por el uso que hacemos de tus datos<\/p>\n<\/div>\n              <\/div>\n      <\/div>\n<\/div>  <\/div>\n<\/div><\/section>\n<section class=\"section--one-column bg-bedrock text-center\" \n  id=\"\"\n  aria-label=\"\"\n>\n  <div class=\"fluid-container grid-12 col-span-full row-span-full z-content partials--one-column\">\n  <div class=\"col-narrow\">\n    <div data-repeater=\"false\" class=\"partial-copy flex flex-col flex-1 text-center space-y-inner\">\n  <div class=\"copy--body space-y-min\">\n          <p class=\"subhead subhead-2 mb-0\" class=\"mb-0\">\n    Amica Center puede actualizar su pol\u00edtica de privacidad de vez en cuando. Todas las actualizaciones se publicar\u00e1n en esta p\u00e1gina. La \u00faltima actualizaci\u00f3n se indicar\u00e1 en la parte superior de esta p\u00e1gina.\n  <\/p>                  <div class=\"partial-copy--lead-copy\">\n                  <div class=\"partial-copy--copy body-1\"><p>Si tienes m\u00e1s preguntas sobre nuestra pol\u00edtica de privacidad o deseas ayuda, puedes ponerte en contacto con nosotros en development@amicacenter.org o en el (202) 899-3987.<\/p>\n<\/div>\n              <\/div>\n      <\/div>\n<\/div>  <\/div>\n<\/div><\/section>\n","protected":false},"excerpt":{"rendered":"","protected":false},"author":10,"featured_media":0,"parent":0,"menu_order":0,"comment_status":"closed","ping_status":"closed","template":"","meta":{"_acf_changed":false,"inline_featured_image":false,"footnotes":""},"class_list":["post-3782","page","type-page","status-publish","hentry","bg-white -mt-px py-full"],"acf":[],"_links":{"self":[{"href":"https:\/\/amicacenter.org\/es\/wp-json\/wp\/v2\/pages\/3782","targetHints":{"allow":["GET"]}}],"collection":[{"href":"https:\/\/amicacenter.org\/es\/wp-json\/wp\/v2\/pages"}],"about":[{"href":"https:\/\/amicacenter.org\/es\/wp-json\/wp\/v2\/types\/page"}],"author":[{"embeddable":true,"href":"https:\/\/amicacenter.org\/es\/wp-json\/wp\/v2\/users\/10"}],"replies":[{"embeddable":true,"href":"https:\/\/amicacenter.org\/es\/wp-json\/wp\/v2\/comments?post=3782"}],"version-history":[{"count":3,"href":"https:\/\/amicacenter.org\/es\/wp-json\/wp\/v2\/pages\/3782\/revisions"}],"predecessor-version":[{"id":4313,"href":"https:\/\/amicacenter.org\/es\/wp-json\/wp\/v2\/pages\/3782\/revisions\/4313"}],"wp:attachment":[{"href":"https:\/\/amicacenter.org\/es\/wp-json\/wp\/v2\/media?parent=3782"}],"curies":[{"name":"wp","href":"https:\/\/api.w.org\/{rel}","templated":true}]}}