{"id":3784,"date":"2023-08-29T15:42:33","date_gmt":"2023-08-29T19:42:33","guid":{"rendered":"https:\/\/amicacenter.org\/condiciones-generales-2\/"},"modified":"2024-06-24T17:35:03","modified_gmt":"2024-06-24T21:35:03","slug":"condiciones-generales-2","status":"publish","type":"page","link":"https:\/\/amicacenter.org\/es\/condiciones-generales-2\/","title":{"rendered":"Condiciones generales"},"content":{"rendered":"<section data-block=\"true\" class=\"section--hero section--hero-megatext bg-golden pt-full pb-max\"\n  id=\"condiciones-generales\"\n  aria-label=\"Condiciones generales\" \n  >\n      <div class=\"fluid-container\">\n      <div data-repeater=\"false\" class=\"partial-copy flex flex-col flex-1 text-megatext space-y-half\">\n  <div class=\"copy--headline break-words space-y-half\">\n              <h1 class=\"display display-super mb-0\" class=\"mb-0\">\n    Condiciones generales\n  <\/h1>          <\/div>\n<\/div>\n        <\/div>\n  <\/section>\n<section class=\"section--one-column bg-golden text-left\" \n  id=\"bienvenido-al-centro-amica-para-los-derechos-de-los-inmigrantes\"\n  aria-label=\"\u00a1Bienvenido al Centro Amica para los Derechos de los Inmigrantes!\"\n>\n  <div class=\"fluid-container grid-12 col-span-full row-span-full z-content partials--one-column\">\n  <div class=\"col-narrow\">\n    <div data-repeater=\"false\" class=\"partial-copy flex flex-col flex-1 text-left space-y-inner\">\n  <div class=\"copy--headline break-words space-y-inner\">\n              <h2 class=\"display display-2 mb-0\" class=\"mb-0\">\n    \u00a1Bienvenido al Centro Amica para los Derechos de los Inmigrantes!\n  <\/h2>          <\/div>\n  <div class=\"copy--body space-y-min\">\n                  <div class=\"partial-copy--lead-copy\">\n                  <div class=\"partial-copy--copy body-1\"><p><span style=\"font-weight: 400;\">Estos t\u00e9rminos y condiciones describen las normas y reglamentos de uso del sitio web del Centro Amica para los Derechos de los Inmigrantes, ubicado en <\/span><a href=\"http:\/\/amicacenter.org\/\"><br \/>\n  <span style=\"font-weight: 400;\">http:\/\/amicacenter.org\/<\/span><br \/>\n<\/a><span style=\"font-weight: 400;\">.<\/span><\/p>\n<p><span style=\"font-weight: 400;\">Al acceder a este sitio web, aceptas estas condiciones. No sigas utilizando este sitio si no est\u00e1s de acuerdo en aceptar todos los t\u00e9rminos y condiciones establecidos en esta p\u00e1gina.<\/span><\/p>\n<p><span style=\"font-weight: 400;\">No asumimos ninguna responsabilidad por la exactitud o actualidad de la informaci\u00f3n legal o de otro tipo proporcionada en nuestro sitio web. Cada usuario debe hacer esfuerzos razonables para confirmar la exactitud y actualidad de cualquier informaci\u00f3n de nuestro sitio web que pretenda utilizar para cualquier fin.  <\/span><\/p>\n<p><span style=\"font-weight: 400;\">La siguiente terminolog\u00eda se aplica a estos T\u00e9rminos y Condiciones, Declaraci\u00f3n de Privacidad y Aviso de Exenci\u00f3n de Responsabilidad y a todos los Acuerdos: &#8220;Cliente&#8221;, &#8220;T\u00fa&#8221; y &#8220;Tu&#8221; se refieren a ti, la persona que se registra en este sitio web y cumple los t\u00e9rminos y condiciones de la Empresa. &#8220;La Empresa&#8221;, &#8220;Nosotros&#8221;, &#8220;Nuestro&#8221; y &#8220;Nos&#8221;, se refiere a nuestra Empresa. &#8220;Parte&#8221;, &#8220;Partes&#8221; o &#8220;Nosotros&#8221;, se refiere tanto al Cliente como a nosotros mismos. Todos los t\u00e9rminos se refieren a la oferta, aceptaci\u00f3n y contraprestaci\u00f3n de pago necesaria para llevar a cabo el proceso de nuestra asistencia al Cliente de la forma m\u00e1s adecuada con el fin expreso de satisfacer las necesidades del Cliente en relaci\u00f3n con la prestaci\u00f3n de los servicios indicados de la Empresa, de acuerdo con y sujeto a la legislaci\u00f3n vigente de los Pa\u00edses Bajos. Cualquier uso de la terminolog\u00eda anterior u otras palabras en singular, plural, may\u00fasculas y\/o \u00e9l\/ella o ellos, se consideran intercambiables y, por tanto, referidos a lo mismo. <\/span><\/p>\n<h3 id=\"\"><\/h3>\n<h3 id=\"cookies\"><b>Cookies<\/b><\/h3>\n<p><span style=\"font-weight: 400;\">Utilizamos cookies. Al acceder al sitio web del Centro Amica para los Derechos de los Inmigrantes, aceptas el uso de cookies de acuerdo con la Pol\u00edtica de Privacidad del Centro Amica para los Derechos de los Inmigrantes.<\/span><\/p>\n<p><span style=\"font-weight: 400;\">La mayor\u00eda de los sitios web interactivos utilizan cookies para permitirnos recuperar los datos del usuario en cada visita. Nuestro sitio web utiliza cookies para permitir la funcionalidad de determinadas \u00e1reas y facilitar as\u00ed la visita a nuestro sitio web. Algunos de nuestros socios afiliados\/publicitarios tambi\u00e9n pueden utilizar cookies.<\/span><\/p>\n<h3 id=\"\"><\/h3>\n<h3 id=\"licencia\"><b>Licencia<\/b><\/h3>\n<p><span style=\"font-weight: 400;\">A menos que se indique lo contrario, el Centro Amica para los Derechos de los Inmigrantes y\/o sus licenciantes poseen los derechos de propiedad intelectual de todo el material de nuestro sitio web. Todos los derechos de propiedad intelectual est\u00e1n reservados. Puedes acceder a esto desde el Centro Amica para los Derechos de los Inmigrantes para tu uso personal sujeto a las restricciones establecidas en estos t\u00e9rminos y condiciones.<\/span><\/p>\n<p><span style=\"font-weight: 400;\">No debes, sin el consentimiento por escrito del Centro Amica para los Derechos de los Inmigrantes:<\/span><\/p>\n<ul>\n<li style=\"font-weight: 400;\" aria-level=\"1\"><span style=\"font-weight: 400;\">Volver a publicar material del Centro Amica para los Derechos de los Inmigrantes<\/span><\/li>\n<li style=\"font-weight: 400;\" aria-level=\"1\"><span style=\"font-weight: 400;\">Vender, alquilar o sublicenciar material del Centro Amica para los Derechos de los Inmigrantes<\/span><\/li>\n<li style=\"font-weight: 400;\" aria-level=\"1\"><span style=\"font-weight: 400;\">Reproducir, duplicar o copiar material del Centro Amica para los Derechos de los Inmigrantes<\/span><\/li>\n<li style=\"font-weight: 400;\" aria-level=\"1\"><span style=\"font-weight: 400;\">Redistribuir contenido del Centro Amica para los Derechos de los Inmigrantes<\/span><\/li>\n<\/ul>\n<p><span style=\"font-weight: 400;\">El presente Acuerdo comenzar\u00e1 en la fecha del mismo.<\/span><\/p>\n<p><b>Hiperv\u00ednculos a nuestro contenido<\/b><\/p>\n<p><span style=\"font-weight: 400;\">Las siguientes organizaciones pueden enlazar con nuestro Sitio Web sin aprobaci\u00f3n previa por escrito:<\/span><\/p>\n<ul>\n<li style=\"font-weight: 400;\" aria-level=\"1\"><span style=\"font-weight: 400;\">Motores de b\u00fasqueda;<\/span><\/li>\n<li style=\"font-weight: 400;\" aria-level=\"1\"><span style=\"font-weight: 400;\">Organizaciones de noticias;<\/span><\/li>\n<li style=\"font-weight: 400;\" aria-level=\"1\"><span style=\"font-weight: 400;\">Los distribuidores de directorios en l\u00ednea pueden enlazar con nuestro Sitio Web del mismo modo que hiperenlazan con los Sitios Web de otras empresas incluidas en la lista; y<\/span><\/li>\n<li style=\"font-weight: 400;\" aria-level=\"1\"><span style=\"font-weight: 400;\">Empresas Acreditadas en todo el sistema, excepto organizaciones sin \u00e1nimo de lucro solicitantes, centros comerciales ben\u00e9ficos y grupos de recaudaci\u00f3n de fondos ben\u00e9ficos, que no pueden establecer hiperv\u00ednculos con nuestro Sitio Web.<\/span><\/li>\n<\/ul>\n<p><span style=\"font-weight: 400;\">Estas organizaciones pueden enlazar a nuestra p\u00e1gina de inicio, a publicaciones o a otra informaci\u00f3n del Sitio Web siempre que el enlace: (a) no sea en modo alguno enga\u00f1osa; (b) no implique falsamente el patrocinio, respaldo o aprobaci\u00f3n de la parte enlazante y sus productos y\/o servicios; y (c) incluye citas apropiadas al Centro Amica para los Derechos de los Inmigrantes.  <\/span><\/p>\n<p><span style=\"font-weight: 400;\">Podemos considerar y aprobar, a nuestra entera discreci\u00f3n, otras solicitudes de enlace de los siguientes tipos de organizaciones:<\/span><\/p>\n<ul>\n<li style=\"font-weight: 400;\" aria-level=\"1\"><span style=\"font-weight: 400;\">fuentes de informaci\u00f3n de consumidores y\/o empresas com\u00fanmente conocidas;<\/span><\/li>\n<li style=\"font-weight: 400;\" aria-level=\"1\"><span style=\"font-weight: 400;\">sitios de la comunidad punto.com;<\/span><\/li>\n<li style=\"font-weight: 400;\" aria-level=\"1\"><span style=\"font-weight: 400;\">asociaciones u otros grupos que representen a organizaciones ben\u00e9ficas;<\/span><\/li>\n<li style=\"font-weight: 400;\" aria-level=\"1\"><span style=\"font-weight: 400;\">distribuidores de directorios online;<\/span><\/li>\n<li style=\"font-weight: 400;\" aria-level=\"1\"><span style=\"font-weight: 400;\">portales de internet;<\/span><\/li>\n<li style=\"font-weight: 400;\" aria-level=\"1\"><span style=\"font-weight: 400;\">empresas de contabilidad, abogac\u00eda y consultor\u00eda<\/span><\/li>\n<li style=\"font-weight: 400;\" aria-level=\"1\"><span style=\"font-weight: 400;\">instituciones educativas y asociaciones profesionales.<\/span><\/li>\n<\/ul>\n<p><span style=\"font-weight: 400;\">Si eres una de las organizaciones enumeradas en el apartado 2 anterior y est\u00e1s interesado en enlazar con nuestro sitio web, debes informarnos enviando un correo electr\u00f3nico a <\/span><a href=\"mailto:development@amicacenter.org\"><br \/>\n  <span style=\"font-weight: 400;\">development@amicacenter.org<\/span><br \/>\n<\/a><span style=\"font-weight: 400;\">. Por favor, incluye tu nombre, el nombre de tu organizaci\u00f3n, informaci\u00f3n de contacto, as\u00ed como la URL de tu sitio, una lista de las URL desde las que pretendes enlazar a nuestro sitio Web y una lista de las URL de nuestro sitio a las que te gustar\u00eda enlazar. Espera 2-3 semanas a recibir una respuesta.<\/span><\/p>\n<p><span style=\"font-weight: 400;\">Las organizaciones autorizadas pueden establecer hiperenlaces con nuestro Sitio Web de la siguiente manera:<\/span><\/p>\n<ul>\n<li style=\"font-weight: 400;\" aria-level=\"1\"><span style=\"font-weight: 400;\">Mediante el uso de nuestro nombre corporativo; o<\/span><\/li>\n<li style=\"font-weight: 400;\" aria-level=\"1\"><span style=\"font-weight: 400;\">Mediante el uso del localizador uniforme de recursos al que se enlaza; o<\/span><\/li>\n<li style=\"font-weight: 400;\" aria-level=\"1\"><span style=\"font-weight: 400;\">Mediante el uso de cualquier otra descripci\u00f3n de nuestro Sitio Web enlazado que tenga sentido dentro del contexto y el formato del contenido del sitio de la parte enlazadora.<\/span><\/li>\n<\/ul>\n<p><span style=\"font-weight: 400;\">No se permitir\u00e1 el uso del logotipo u otras ilustraciones del Centro Amica para los Derechos de los Inmigrantes para enlazar sin un acuerdo de licencia de marca registrada u otro permiso por escrito del Centro Amica para los Derechos de los Inmigrantes.<\/span><\/p>\n<h3 id=\"iframes\"><b>iFrames<\/b><\/h3>\n<p><span style=\"font-weight: 400;\">Sin aprobaci\u00f3n previa y permiso por escrito, no puedes crear marcos alrededor de nuestras P\u00e1ginas Web que alteren en modo alguno la presentaci\u00f3n visual o la apariencia de nuestro Sitio Web.<\/span><\/p>\n<h3 id=\"responsabilidad-por-contenidos\"><b>Responsabilidad por contenidos<\/b><\/h3>\n<p><span style=\"font-weight: 400;\">No seremos responsables de ning\u00fan contenido que aparezca en tu Sitio Web. Te comprometes a protegernos y defendernos de todas las reclamaciones que surjan en tu Sitio Web. No deben aparecer enlaces en ning\u00fan Sitio Web que puedan interpretarse como difamatorios, obscenos o delictivos, o que infrinjan, violen de otro modo o propugnen la infracci\u00f3n u otra violaci\u00f3n de los derechos de terceros.<\/span><\/p>\n<h3 id=\"reserva-de-derechos\"><b>Reserva de derechos<\/b><\/h3>\n<p><span style=\"font-weight: 400;\">Nos reservamos el derecho a solicitar que elimines todos los enlaces o cualquier enlace concreto a nuestro Sitio Web. Apruebas eliminar inmediatamente todos los enlaces a nuestro Sitio Web cuando se te solicite. Tambi\u00e9n nos reservamos el derecho a modificar estas condiciones y su pol\u00edtica de enlaces en cualquier momento. Al enlazar continuamente con nuestro Sitio Web, aceptas estar obligado a cumplir y seguir estos t\u00e9rminos y condiciones de enlace.<\/span><\/p>\n<h3 id=\"eliminacion-de-enlaces-de-nuestro-sitio-web\"><b>Eliminaci\u00f3n de enlaces de nuestro sitio web<\/b><\/h3>\n<p><span style=\"font-weight: 400;\">Si encuentras alg\u00fan enlace en nuestro Sitio Web que te resulte ofensivo por cualquier motivo, puedes ponerte en contacto con nosotros e informarnos en cualquier momento. Tendremos en cuenta las solicitudes de eliminaci\u00f3n de enlaces, pero no estamos obligados a ello ni a responderte directamente.<\/span><\/p>\n<p><span style=\"font-weight: 400;\">No aseguramos que la informaci\u00f3n de este sitio web sea correcta, no garantizamos que est\u00e9 completa ni que sea exacta; tampoco prometemos que el sitio web siga estando disponible ni que el material del sitio web se mantenga actualizado.<\/span><\/p>\n<p><b>Descargo de responsabilidad<\/b><\/p>\n<p><span style=\"font-weight: 400;\">En la medida m\u00e1xima permitida por la legislaci\u00f3n aplicable, excluimos todas las declaraciones, garant\u00edas y condiciones relativas a nuestro sitio web y al uso del mismo. Nada de lo contenido en esta cl\u00e1usula de exenci\u00f3n de responsabilidad<\/span><\/p>\n<ul>\n<li style=\"font-weight: 400;\" aria-level=\"1\"><span style=\"font-weight: 400;\">limitar o excluir nuestra o tu responsabilidad por muerte o lesiones personales;<\/span><\/li>\n<li style=\"font-weight: 400;\" aria-level=\"1\"><span style=\"font-weight: 400;\">limitar o excluir nuestra responsabilidad o la tuya por fraude o tergiversaci\u00f3n fraudulenta;<\/span><\/li>\n<li style=\"font-weight: 400;\" aria-level=\"1\"><span style=\"font-weight: 400;\">limitar cualquiera de nuestras responsabilidades o las tuyas de cualquier forma que no est\u00e9 permitida por la legislaci\u00f3n aplicable; o<\/span><\/li>\n<li style=\"font-weight: 400;\" aria-level=\"1\"><span style=\"font-weight: 400;\">excluir cualquiera de nuestras responsabilidades o de las tuyas que no puedan excluirse en virtud de la legislaci\u00f3n aplicable.<\/span><\/li>\n<\/ul>\n<p><span style=\"font-weight: 400;\">Las limitaciones y prohibiciones de responsabilidad establecidas en esta Secci\u00f3n y en otras partes de esta cl\u00e1usula de exenci\u00f3n de responsabilidad: (a) est\u00e9n sujetos al p\u00e1rrafo anterior; y (b) regir\u00e1n todas las responsabilidades derivadas de la exenci\u00f3n de responsabilidad, incluidas las responsabilidades contractuales, extracontractuales y por incumplimiento de obligaciones legales.<\/span><\/p>\n<p><span style=\"font-weight: 400;\">Mientras el sitio web y la informaci\u00f3n y los servicios del sitio web se proporcionen de forma gratuita, no seremos responsables de ninguna p\u00e9rdida o da\u00f1o de cualquier naturaleza.<\/span><\/p>\n<\/div>\n              <\/div>\n      <\/div>\n<\/div>  <\/div>\n<\/div><\/section>\n","protected":false},"excerpt":{"rendered":"","protected":false},"author":10,"featured_media":0,"parent":0,"menu_order":0,"comment_status":"closed","ping_status":"closed","template":"","meta":{"_acf_changed":false,"inline_featured_image":false,"footnotes":""},"class_list":["post-3784","page","type-page","status-publish","hentry","bg-white -mt-px py-full"],"acf":[],"_links":{"self":[{"href":"https:\/\/amicacenter.org\/es\/wp-json\/wp\/v2\/pages\/3784","targetHints":{"allow":["GET"]}}],"collection":[{"href":"https:\/\/amicacenter.org\/es\/wp-json\/wp\/v2\/pages"}],"about":[{"href":"https:\/\/amicacenter.org\/es\/wp-json\/wp\/v2\/types\/page"}],"author":[{"embeddable":true,"href":"https:\/\/amicacenter.org\/es\/wp-json\/wp\/v2\/users\/10"}],"replies":[{"embeddable":true,"href":"https:\/\/amicacenter.org\/es\/wp-json\/wp\/v2\/comments?post=3784"}],"version-history":[{"count":1,"href":"https:\/\/amicacenter.org\/es\/wp-json\/wp\/v2\/pages\/3784\/revisions"}],"predecessor-version":[{"id":3785,"href":"https:\/\/amicacenter.org\/es\/wp-json\/wp\/v2\/pages\/3784\/revisions\/3785"}],"wp:attachment":[{"href":"https:\/\/amicacenter.org\/es\/wp-json\/wp\/v2\/media?parent=3784"}],"curies":[{"name":"wp","href":"https:\/\/api.w.org\/{rel}","templated":true}]}}