{"id":3891,"date":"2024-05-22T13:08:22","date_gmt":"2024-05-22T17:08:22","guid":{"rendered":"https:\/\/amicacenter.org\/done\/"},"modified":"2026-01-29T18:28:30","modified_gmt":"2026-01-29T23:28:30","slug":"done","status":"publish","type":"page","link":"https:\/\/amicacenter.org\/es\/done\/","title":{"rendered":"Donar"},"content":{"rendered":"<section class=\"section--form grid-half md:min-h-screen bg-image\" \n      style=\"--background-image: url('https:\/\/amicacenter.org\/app\/uploads\/2024\/06\/Donate_HeroForm.webp;')\"\n    data-background=\"https:\/\/amicacenter.org\/app\/uploads\/2024\/06\/Donate_HeroForm.webp\"\n    id=\"donar\"\n  aria-label=\"Donar\" \n>\n  <div class=\"form--copy\">\n    <div class=\"self-center\">\n      <div data-repeater=\"false\" class=\"partial-copy flex flex-col flex-1 text-left space-y-inner\">\n  <div class=\"copy--headline break-words space-y-inner\">\n              <p class=\"display display-1 mb-0\" class=\"mb-0\">\n    Donar\n  <\/p>          <\/div>\n  <div class=\"copy--body space-y-min\">\n          <p class=\"subhead subhead-2 mb-0\" class=\"mb-0\">\n    Contribuye a que todos los inmigrantes que enfrentan la detenci\u00f3n o la deportaci\u00f3n en la regi\u00f3n capital tengan a alguien de su lado.\n  <\/p>                  <div class=\"partial-copy--lead-copy\">\n                  <div class=\"partial-copy--copy body-1\"><p>Done ahora para ayudar a sacar a las personas de la detenci\u00f3n, alimentar a las familias, vincular a los ni\u00f1os con servicios sociales y mucho m\u00e1s.<\/p>\n<p>Si puede, considere una donaci\u00f3n recurrente para darnos la estabilidad de planificar con anticipaci\u00f3n, escalar nuestro trabajo y lograr a\u00fan m\u00e1s.<\/p>\n<\/div>\n              <\/div>\n      <\/div>\n<\/div>    <\/div>\n  <\/div>\n  <div class=\"form--form\">\n    <div class=\"self-center !h-auto p-half xxl:p-full card\">\n              <script type='text\/javascript' src='https:\/\/static.everyaction.com\/ea-actiontag\/at.js' crossorigin='anonymous'><\/script>\n\n        <div class=\"ngp-form\"\r\n     data-form-url=\"https:\/\/secure.everyaction.com\/v1\/Forms\/7qDAegFuP0yo1j33MdD6Ew2\"\r\n             data-custom-css='https:\/\/nvlupin.blob.core.windows.net\/designs\/CustomStylesheet_57807ebc5c89524e8c8de0f0e9efedfc6251b2c8abc2a5acb8f02adb10976de7.css'\r\n     data-fastaction-endpoint=\"https:\/\/fastaction.ngpvan.com\"\r\n     data-inline-errors=\"true\"\r\n     data-fastaction-nologin=\"true\"\r\n          data-mobile-autofocus=\"false\">\r\n<\/div>\n                <\/div>\n  <\/div>\n<\/section>\n\n\n<section class=\"section--form grid-half md:min-h-screen bg-bedrock\" \n    id=\"fondos-designados-por-el-donante\"\n  aria-label=\"Fondos designados por el donante\" \n>\n  <div class=\"form--copy\">\n    <div class=\"self-center\">\n      <div data-repeater=\"false\" class=\"partial-copy flex flex-col flex-1 text-left space-y-inner\">\n  <div class=\"copy--headline break-words space-y-inner\">\n              <p class=\"display display-1 mb-0\" class=\"mb-0\">\n    Fondos designados por el donante\n  <\/p>          <\/div>\n  <div class=\"copy--body space-y-min\">\n          <p class=\"subhead subhead-2 mb-0\" class=\"mb-0\">\n    Aceptamos subvenciones a trav\u00e9s de fondos designados por donantes (donor advised funds, DAF).\n  <\/p>                  <div class=\"partial-copy--lead-copy\">\n                  <div class=\"partial-copy--copy body-1\"><p>Puede recomendar un aporte \u00fanico o recurrente a trav\u00e9s de su DAF.<\/p>\n<p>Si su patrocinador es Fidelity, Schwab o BNY Mellon, use el formulario de la derecha para recomendar un aporte \u00fanico o recurrente. De lo contrario, comun\u00edquese con el administrador del fondo para hacer una recomendaci\u00f3n.<\/p>\n<\/div>\n              <\/div>\n      <\/div>\n<\/div>    <\/div>\n  <\/div>\n  <div class=\"form--form\">\n    <div class=\"self-center !h-auto p-half xxl:p-full card\">\n              <script type='text\/javascript' src='https:\/\/static.everyaction.com\/ea-actiontag\/at.js' crossorigin='anonymous'><\/script>\n\n                      <div class=\"daf-container\">\n          <script type=\"text\/javascript\">_dafdirect_settings=\"522141497_2111_8c5b6d6b-7dc3-4f85-b5bb-b2dcf5d89404\"<\/script>\n          <script type=\"text\/javascript\" src=\"https:\/\/www.dafdirect.org\/ddirect\/dafdirect4.js\"><\/script>\n        <\/div>\n                <\/div>\n  <\/div>\n<\/section>\n","protected":false},"excerpt":{"rendered":"","protected":false},"author":10,"featured_media":0,"parent":0,"menu_order":0,"comment_status":"closed","ping_status":"closed","template":"","meta":{"_acf_changed":false,"inline_featured_image":false,"footnotes":""},"class_list":["post-3891","page","type-page","status-publish","hentry","bg-white -mt-px py-full"],"acf":[],"_links":{"self":[{"href":"https:\/\/amicacenter.org\/es\/wp-json\/wp\/v2\/pages\/3891","targetHints":{"allow":["GET"]}}],"collection":[{"href":"https:\/\/amicacenter.org\/es\/wp-json\/wp\/v2\/pages"}],"about":[{"href":"https:\/\/amicacenter.org\/es\/wp-json\/wp\/v2\/types\/page"}],"author":[{"embeddable":true,"href":"https:\/\/amicacenter.org\/es\/wp-json\/wp\/v2\/users\/10"}],"replies":[{"embeddable":true,"href":"https:\/\/amicacenter.org\/es\/wp-json\/wp\/v2\/comments?post=3891"}],"version-history":[{"count":12,"href":"https:\/\/amicacenter.org\/es\/wp-json\/wp\/v2\/pages\/3891\/revisions"}],"predecessor-version":[{"id":6811,"href":"https:\/\/amicacenter.org\/es\/wp-json\/wp\/v2\/pages\/3891\/revisions\/6811"}],"wp:attachment":[{"href":"https:\/\/amicacenter.org\/es\/wp-json\/wp\/v2\/media?parent=3891"}],"curies":[{"name":"wp","href":"https:\/\/api.w.org\/{rel}","templated":true}]}}