{"id":5408,"date":"2024-10-31T21:00:33","date_gmt":"2024-11-01T01:00:33","guid":{"rendered":"https:\/\/amicacenter.org\/recursos-juridicos\/herramientas-y-guias\/recursos-pro-bono\/casos-pro-bono-disponibles\/caso-disponible-javi\/"},"modified":"2024-12-20T11:24:01","modified_gmt":"2024-12-20T16:24:01","slug":"caso-disponible-javi","status":"publish","type":"page","link":"https:\/\/amicacenter.org\/es\/recursos-juridicos\/herramientas-y-guias\/recursos-pro-bono\/casos-pro-bono-disponibles\/caso-disponible-javi\/","title":{"rendered":"Caso disponible: Javi"},"content":{"rendered":"<section class=\"section--one-column bg-white text-left\" \n  id=\"un-joven-de-el-salvador-que-lleva-16-meses-detenido-necesita-ayuda-para-volver-a-solicitar-y-defender-su-tarjeta-verde\"\n  aria-label=\"Un joven de El Salvador que lleva 16 meses detenido necesita ayuda para volver a solicitar y defender su tarjeta verde\"\n>\n  <div class=\"fluid-container grid-12 col-span-full row-span-full z-content partials--one-column\">\n  <div class=\"col-narrow\">\n    <div data-repeater=\"false\" class=\"partial-copy flex flex-col flex-1 text-left space-y-inner\">\n  <div class=\"copy--headline break-words space-y-inner\">\n              <h2 class=\"display display-2 mb-0\" class=\"mb-0\">\n    Un joven de El Salvador que lleva 16 meses detenido necesita ayuda para volver a solicitar y defender su tarjeta verde\n  <\/h2>          <\/div>\n  <div class=\"copy--body space-y-min\">\n          <p class=\"subhead subhead-2 mb-0\" class=\"mb-0\">\n    *Javi &#8211; El Salvador\n  <\/p>                  <div class=\"partial-copy--lead-copy\">\n                  <div class=\"partial-copy--copy body-1\"><p>Nuestro Laboratorio de Impacto sobre la Inmigraci\u00f3n ha estado trabajando recientemente con &#8220;Javi&#8221;, un joven de El Salvador que lleg\u00f3 a EE.UU. como ni\u00f1o no acompa\u00f1ado cuando ten\u00eda 8 a\u00f1os. &#8220;Javi&#8221; tiene ahora 19 a\u00f1os y est\u00e1 detenido en Farmville, Virginia. Est\u00e1 en proceso de expulsi\u00f3n, pero tambi\u00e9n tiene una solicitud I-485 pendiente en el USCIS que le permitir\u00eda ajustar su estatus y convertirse en residente legal permanente (titular de la tarjeta verde).  <strong>Creemos que USCIS denegar\u00e1 pronto esa solicitud, por lo que estamos buscando un equipo pro bono para volver a presentar su solicitud I-485 ante esa agencia.<\/strong><\/p>\n<p>Entre los antecedentes de la trayectoria de inmigraci\u00f3n de Javi figura que solicit\u00f3 con \u00e9xito la aprobaci\u00f3n de Inmigrante Juvenil Especial (SIJ) cuando a\u00fan era muy peque\u00f1o. USCIS aprob\u00f3 su solicitud I-360 SIJ all\u00e1 por 2017, lo que hizo que Javi cumpliera los requisitos para ajustar su estatus y obtener su tarjeta verde hace a\u00f1os. Por desgracia, Javi no lo hab\u00eda hecho hasta hace poco. La solicitud I-485 y el ajuste son los pasos finales que un inmigrante especial juvenil debe completar para convertirse en titular de la tarjeta verde y obtener el estatus de inmigrante permanente.<\/p>\n<p>En 2020, cuando Javi a\u00fan era menor de edad (unos 15 a\u00f1os), fue detenido en Nueva York tras un incidente en el que un adulto se ofreci\u00f3 a pagarle a \u00e9l y a un amigo suyo por mantener relaciones sexuales. Cuando el adulto no pag\u00f3, Javi y su amigo le agredieron y le robaron. No est\u00e1 claro por qu\u00e9 no se acus\u00f3 tambi\u00e9n al adulto. Javi recibi\u00f3 una sentencia de delincuente juvenil por robo en segundo grado con libertad condicional supervisada. M\u00e1s tarde, se traslad\u00f3 a Virginia y la oficina de libertad condicional de Virginia asumi\u00f3 la jurisdicci\u00f3n. En junio de 2023, el ICE detuvo a Javi alegando que la oficina de libertad condicional cre\u00eda que estaba implicado en una banda. Javi ha estado detenido desde entonces.<\/p>\n<\/p>\n<p>La madre de Javi contrat\u00f3 a un abogado privado con sede en Nueva York que present\u00f3 una solicitud I-485 para Javi ante el USCIS. El pasado agosto, el USCIS entrevist\u00f3 a Javi sobre esa solicitud. Cuando el interrogatorio vir\u00f3 hacia el contenido de un informe de sentencia sellado de la condena de Nueva York antes mencionada, el abogado detuvo la entrevista.<\/p>\n<p>Debido a la duraci\u00f3n y las circunstancias de la detenci\u00f3n de Javi, nuestro laboratorio trabaj\u00f3 con \u00e9l para solicitar una medida de h\u00e1beas corpus, y el tribunal de distrito orden\u00f3 una audiencia de fianza. En la vista sobre la fianza celebrada en septiembre, el DHS present\u00f3 argumentos basados en el mismo informe sobre la sentencia que se discuti\u00f3 durante la vista ante el USCIS. El juez de inmigraci\u00f3n deneg\u00f3 la fianza al d\u00eda siguiente y hemos apelado esa decisi\u00f3n. La apelaci\u00f3n de la fianza est\u00e1 pendiente en la Junta de Apelaciones de Inmigraci\u00f3n.<\/p>\n<p>Pocos d\u00edas despu\u00e9s de que el juez denegara la libertad bajo fianza, el USCIS emiti\u00f3 una Notificaci\u00f3n de Intenci\u00f3n de Denegaci\u00f3n (NOID, por sus siglas en ingl\u00e9s), en la que afirmaba que, aunque Javi reun\u00eda los requisitos para la adaptaci\u00f3n y no estaba impedido por su condena por delincuencia juvenil, los hechos del informe de la sentencia, combinados con los v\u00ednculos pasados con las bandas, sus primeras luchas en el tratamiento residencial y la denegaci\u00f3n de la fianza por parte del juez de inmigraci\u00f3n eran suficientes para deneg\u00e1rsela a discreci\u00f3n. El abogado particular de Javi respondi\u00f3 a la NOID el 30 de octubre.<\/p>\n<p>Esperamos que el USCIS emita pronto su denegaci\u00f3n de la solicitud 485 de Javi.  <strong>Cuando eso ocurra, Javi necesitar\u00e1 un equipo pro bono para volver a presentar su solicitud, pues ya no puede permitirse pagar a un abogado en Nueva York. Tenemos previsto seguir buscando la puesta en libertad de Javi y asesoraremos al equipo pro bono durante la nueva solicitud del I-485.<\/strong><\/p>\n<p>En alg\u00fan momento, Javi tambi\u00e9n puede necesitar representaci\u00f3n pro bono en sus procedimientos de inmigraci\u00f3n, que actualmente permanecen cerrados administrativamente. Tambi\u00e9n puede optar a un visado U bas\u00e1ndose en el hecho de que un adulto mantuvo relaciones sexuales con \u00e9l cuando ten\u00eda unos 15 a\u00f1os.  <u>Actualmente, pedimos a un equipo pro bono que se comprometa \u00fanicamente a la nueva presentaci\u00f3n de la solicitud I-485 para ajustar el estatus.<\/u><\/p>\n<p>Todos los asuntos del Centro Amica asignados a un equipo pro bono est\u00e1n s\u00f3lidamente tutelados por un abogado del Centro Amica. Nuestro programa de tutor\u00eda incluye una reuni\u00f3n inicial para debatir el alcance y el proceso del asunto, suministro de muestras, orientaci\u00f3n sobre la ley, revisi\u00f3n de borradores de expedientes, ayuda con el contacto con el cliente y orientaci\u00f3n sobre la preparaci\u00f3n de entrevistas y vistas.<\/p>\n<ul>\n<li>Calendario: Volver a presentar el I-485 en USCIS de forma expeditiva<\/li>\n<li>Ubicaci\u00f3n: Farmville, Virginia (detenido)<\/li>\n<li>Idioma: Espa\u00f1ol: se necesitar\u00e1 un miembro del equipo que hable espa\u00f1ol con fluidez o un int\u00e9rprete\/traductor.<\/li>\n<\/ul>\n<h4 id=\"pongase-en-contacto-con-nuestra-abogada-directora-de-coordinacion-pro-bono-jennifer-grishkin-en-jenniferamicacenter-org-si-esta-interesado-en-llevar-este-caso\">P\u00f3ngase en contacto con nuestra abogada directora de coordinaci\u00f3n pro bono, Jennifer Grishkin, en jennifer@amicacenter.org <a href=\"mailto:jennifer@amicacenter.org?subject=Request%20Javi's%20case\"> si<\/a> est\u00e1 interesado en llevar este caso.<\/h4>\n<p>*Se utilizan seud\u00f3nimos para proteger la intimidad.<\/p>\n<\/div>\n              <\/div>\n      <\/div>\n  <p class=\"partial-copy--cta\">\n    <a class=\"button\" href=\"mailto:jennifer@amicacenter.org?subject=Request%20Javi&#039;s%20caso\" target=\"\" href=\"mailto:jennifer@amicacenter.org?subject=Request%20Javi&#039;s%20caso\" target=\"\">\n    Solicitar el caso de Javi\n  <\/a>  <\/p>\n<\/div>  <\/div>\n<\/div><\/section>\n","protected":false},"excerpt":{"rendered":"","protected":false},"author":10,"featured_media":0,"parent":3675,"menu_order":0,"comment_status":"closed","ping_status":"closed","template":"","meta":{"_acf_changed":false,"inline_featured_image":false,"footnotes":""},"class_list":["post-5408","page","type-page","status-publish","hentry","bg-white -mt-px py-full"],"acf":[],"_links":{"self":[{"href":"https:\/\/amicacenter.org\/es\/wp-json\/wp\/v2\/pages\/5408","targetHints":{"allow":["GET"]}}],"collection":[{"href":"https:\/\/amicacenter.org\/es\/wp-json\/wp\/v2\/pages"}],"about":[{"href":"https:\/\/amicacenter.org\/es\/wp-json\/wp\/v2\/types\/page"}],"author":[{"embeddable":true,"href":"https:\/\/amicacenter.org\/es\/wp-json\/wp\/v2\/users\/10"}],"replies":[{"embeddable":true,"href":"https:\/\/amicacenter.org\/es\/wp-json\/wp\/v2\/comments?post=5408"}],"version-history":[{"count":1,"href":"https:\/\/amicacenter.org\/es\/wp-json\/wp\/v2\/pages\/5408\/revisions"}],"predecessor-version":[{"id":5409,"href":"https:\/\/amicacenter.org\/es\/wp-json\/wp\/v2\/pages\/5408\/revisions\/5409"}],"up":[{"embeddable":true,"href":"https:\/\/amicacenter.org\/es\/wp-json\/wp\/v2\/pages\/3675"}],"wp:attachment":[{"href":"https:\/\/amicacenter.org\/es\/wp-json\/wp\/v2\/media?parent=5408"}],"curies":[{"name":"wp","href":"https:\/\/api.w.org\/{rel}","templated":true}]}}