{"id":5410,"date":"2024-10-31T09:54:12","date_gmt":"2024-10-31T13:54:12","guid":{"rendered":"https:\/\/amicacenter.org\/recursos-juridicos\/herramientas-y-guias\/recursos-pro-bono\/casos-pro-bono-disponibles\/caso-disponible-biniam\/"},"modified":"2025-02-13T12:27:28","modified_gmt":"2025-02-13T17:27:28","slug":"caso-disponible-biniam","status":"publish","type":"page","link":"https:\/\/amicacenter.org\/es\/recursos-juridicos\/herramientas-y-guias\/recursos-pro-bono\/casos-pro-bono-disponibles\/caso-disponible-biniam\/","title":{"rendered":"Caso disponible: Biniam"},"content":{"rendered":"<section class=\"section--one-column bg-white text-left\" \n  id=\"un-hombre-etiope-que-se-identifica-como-bisexual-y-no-binario-y-es-tambien-miembro-de-grupos-etnicos-perseguidos-teme-ser-torturado\"\n  aria-label=\"Un hombre et\u00edope que se identifica como bisexual y no binario y es tambi\u00e9n miembro de grupos \u00e9tnicos perseguidos teme ser torturado\"\n>\n  <div class=\"fluid-container grid-12 col-span-full row-span-full z-content partials--one-column\">\n  <div class=\"col-narrow\">\n    <div data-repeater=\"false\" class=\"partial-copy flex flex-col flex-1 text-left space-y-inner\">\n  <div class=\"copy--headline break-words space-y-inner\">\n              <h2 class=\"display display-2 mb-0\" class=\"mb-0\">\n    Un hombre et\u00edope que se identifica como bisexual y no binario y es tambi\u00e9n miembro de grupos \u00e9tnicos perseguidos teme ser torturado\n  <\/h2>          <\/div>\n  <div class=\"copy--body space-y-min\">\n          <p class=\"subhead subhead-2 mb-0\" class=\"mb-0\">\n    *Biniam &#8211; Etiop\u00eda\n  <\/p>                  <div class=\"partial-copy--lead-copy\">\n                  <div class=\"partial-copy--copy body-1\"><p>Biniam* es un joven de Etiop\u00eda. Se identifica como bisexual y no binario. La ley et\u00edope penaliza los &#8220;actos homosexuales o indecentes&#8221; y el sentimiento anti-LGBTQ es com\u00fan. En Etiop\u00eda, ten\u00eda un novio cuya familia se enter\u00f3 de la relaci\u00f3n. Biniam fue llevado a la comisar\u00eda donde fue torturado, maltratado y agredido durante veinte d\u00edas. Tambi\u00e9n sufri\u00f3 abusos y agresiones por parte de la familia de su novio. En Estados Unidos, Biniam tiene un hijo peque\u00f1o con una compa\u00f1era.<\/p>\n<p>Biniam lucha con su salud mental y a\u00fan sufre traumas causados por los malos tratos antes mencionados, as\u00ed como por los abusos sexuales graves y prolongados que sufri\u00f3 de ni\u00f1o por parte de un pariente. Tambi\u00e9n luch\u00f3 contra el abuso de drogas en el pasado. Aunque tiene algunas condenas penales que podr\u00edan impedirle recibir asilo, la m\u00e1s grave de ellas por una conspiraci\u00f3n relacionada con las drogas, <strong>Biniam puede acogerse a la protecci\u00f3n contra la deportaci\u00f3n en virtud de la Convenci\u00f3n contra la Tortura y necesita un equipo pro bono que le represente en su vista de deportaci\u00f3n.<\/strong><\/p>\n<ul>\n<li>Ubicaci\u00f3n: Condado de Caroline, VA (detenido) &#8211; el centro permite visitas en persona y utiliza el sistema de visitas virtuales del abogado.<\/li>\n<li>Calendario: la pr\u00f3xima audiencia del calendario (programaci\u00f3n) es el 15 de enero en Annandale, VA<\/li>\n<li>Idioma: Am\u00e1rico e ingl\u00e9s. El personal del Centro Amica se ha comunicado con Biniam en ingl\u00e9s.<\/li>\n<\/ul>\n<h4 id=\"pongase-en-contacto-con-nuestra-abogada-directora-de-coordinacion-pro-bono-jennifer-grishkin-en-jenniferamicacenter-org-si-esta-interesado-en-llevar-este-caso\">P\u00f3ngase en contacto con nuestra abogada directora de coordinaci\u00f3n pro bono, Jennifer Grishkin, en jennifer@amicacenter.org <a href=\"mailto:jennifer@amicacenter.org?subject=Request%20Biniam's%20case\"> si<\/a> est\u00e1 interesado en llevar este caso.<\/h4>\n<p>*Se utilizan seud\u00f3nimos para proteger la intimidad.<\/p>\n<\/div>\n              <\/div>\n      <\/div>\n  <p class=\"partial-copy--cta\">\n    <a class=\"button\" href=\"mailto:jennifer@amicacenter.org?subject=Request%20Biniam&#039;s%20caso\" target=\"\" href=\"mailto:jennifer@amicacenter.org?subject=Request%20Biniam&#039;s%20caso\" target=\"\">\n    Solicitar el caso de Biniam\n  <\/a>  <\/p>\n<\/div>  <\/div>\n<\/div><\/section>\n","protected":false},"excerpt":{"rendered":"","protected":false},"author":10,"featured_media":0,"parent":3675,"menu_order":0,"comment_status":"closed","ping_status":"closed","template":"","meta":{"_acf_changed":false,"inline_featured_image":false,"footnotes":""},"class_list":["post-5410","page","type-page","status-publish","hentry","bg-white -mt-px py-full"],"acf":[],"_links":{"self":[{"href":"https:\/\/amicacenter.org\/es\/wp-json\/wp\/v2\/pages\/5410","targetHints":{"allow":["GET"]}}],"collection":[{"href":"https:\/\/amicacenter.org\/es\/wp-json\/wp\/v2\/pages"}],"about":[{"href":"https:\/\/amicacenter.org\/es\/wp-json\/wp\/v2\/types\/page"}],"author":[{"embeddable":true,"href":"https:\/\/amicacenter.org\/es\/wp-json\/wp\/v2\/users\/10"}],"replies":[{"embeddable":true,"href":"https:\/\/amicacenter.org\/es\/wp-json\/wp\/v2\/comments?post=5410"}],"version-history":[{"count":1,"href":"https:\/\/amicacenter.org\/es\/wp-json\/wp\/v2\/pages\/5410\/revisions"}],"predecessor-version":[{"id":5411,"href":"https:\/\/amicacenter.org\/es\/wp-json\/wp\/v2\/pages\/5410\/revisions\/5411"}],"up":[{"embeddable":true,"href":"https:\/\/amicacenter.org\/es\/wp-json\/wp\/v2\/pages\/3675"}],"wp:attachment":[{"href":"https:\/\/amicacenter.org\/es\/wp-json\/wp\/v2\/media?parent=5410"}],"curies":[{"name":"wp","href":"https:\/\/api.w.org\/{rel}","templated":true}]}}